{"id":6330,"date":"2026-03-17T11:03:04","date_gmt":"2026-03-17T10:03:04","guid":{"rendered":"https:\/\/www.blakors.no\/ferier\/?page_id=6330"},"modified":"2026-04-08T08:46:41","modified_gmt":"2026-04-08T06:46:41","slug":"dagstur-til-as-tusenfryd-fornoyelsespark","status":"publish","type":"page","link":"https:\/\/www.blakors.no\/ferier\/dagstur-til-as-tusenfryd-fornoyelsespark\/","title":{"rendered":"Dagstur i \u00c5s: Tusenfryd forn\u00f8yelsespark"},"content":{"rendered":"<div class=\"custom-block-banner alignwide has-background has-lila-light-background-color contenthalf\"><div class=\"banner-image\" style=\"background-image:url(https:\/\/www.blakors.no\/content\/uploads\/sites\/10\/2026\/03\/55062708082_a912696290_o-1024x768.jpg)\"><\/div><div class=\"banner-inner\"><div><h1 id=\"dagstur-i-as-tusenfryd-fornoyelsespark\"  class=\"title small \" >Dagstur i \u00c5s: Tusenfryd forn\u00f8yelsespark<\/h1><p>Vi skal p\u00e5 dagstur til Tusenfryd forn\u00f8yelsespark l\u00f8rdag 25. april.<\/p><\/div><\/div><\/div>\n\n\n<h3 id=\"soknadsfrist-utgatt\"  class=\"wp-block-heading has-text-align-center\" ><strong>S\u00f8knadsfrist: utg\u00e5tt<\/strong><\/h3>\n\n\n\n<p><strong>L\u00f8rdag 25. april vil flere barnefamilier f\u00e5 muligheten til \u00e5 tilbringe en dag i Tusenfryd i \u00c5s kommune.  <\/strong><\/p>\n\n\n\n<p class=\"has-text-align-left\">&laquo;Oppdag attraksjonene p\u00e5 Norges st\u00f8rste forn\u00f8yelsespark TusenFryd, spredt rundt i parken og med forskjellige intensitetsniv\u00e5er. Spennende og trygge opplevelser b\u00e5de for store og sm\u00e5.&raquo;<\/p>\n\n\n\n<div class=\"wp-block-group is-content-justification-center is-nowrap is-layout-flex wp-container-core-group-is-layout-94bc23d7 wp-block-group-is-layout-flex\"><ul class=\"t2-link-list has-1-items has-auto-columns wp-block-t2-link-list\">\n\t<li class=\"has-background has-lila-light-background-color t2-link-list-item wp-block-t2-link-list-item\">\n\t\t<a href=\"https:\/\/www.tusenfryd.no\/\" class=\"t2-link-list-item__link t2-link-list__icon--right\" target=\"_blank\" rel=\"noopener\">\n\t\t\t<span class=\"t2-link-list-item__icon\"><span class=\"t2-link-list-item__icon-box\"><\/span><svg xmlns=\"http:\/\/www.w3.org\/2000\/svg\" viewBox=\"0 0 24 24\" height=\"24\" width=\"24\" class=\"t2-icon t2-icon-arrowforward\" aria-hidden=\"true\" focusable=\"false\"><path d=\"M11.3 19.3c-.2-.2-.3-.4-.3-.7 0-.3.1-.5.3-.7l4.9-4.9H5c-.3 0-.5-.1-.7-.3-.2-.2-.3-.4-.3-.7s.1-.5.3-.7c.2-.2.4-.3.7-.3h11.2l-4.9-4.9c-.2-.2-.3-.4-.3-.7 0-.3.1-.5.3-.7.2-.2.4-.3.7-.3s.5.1.7.3l6.6 6.6c.1.1.2.2.2.3 0 .1.1.3.1.4 0 .1 0 .3-.1.4 0 .1-.1.2-.2.3l-6.6 6.6c-.2.2-.4.3-.7.3s-.5-.1-.7-.3z\" fill=\"currentColor\" \/><\/svg><\/span>\t\t\t<div class=\"t2-link-list-item__content\">\n\n\t\t\t\t\n\t\t\t\t<span id=\"link-list-item-text\" class=\"t2-link-list-item__text\">\n\t\t\t\t\tTusenfryd forn\u00f8yelsespark\t\t\t\t<\/span>\n\t\t\t\t<span id=\"link-list-item-description\" class=\"t2-link-list-item__description\">Trykk her for \u00e5 lese mer<\/span>\t\t\t<\/div>\n\t\t<\/a>\n\t<\/li>\n\t\n<\/ul><\/div>\n\n\n\n<p><strong>\u00c5pningstidene til Tusenfryd: 10:30-18:00<\/strong><\/p>\n\n\n\n<p>Dere vil bli tatt godt i mot av noen fra Bl\u00e5 Kors ferier n\u00e5r dere kommer til Tusenfryd. <\/p>\n\n\n\n<p>Dagen ellers tilbringes sammen som familie, og <strong>alle foreldre har ansvar for sine egne barn.<\/strong><\/p>\n\n\n\n<p>Rundt lunsjtider samles de som \u00f8nsker for \u00e5 spise medbrakt niste. Alle vil f\u00e5 en gratis is.<\/p>\n\n\n\n<figure class=\"wp-block-gallery has-nested-images columns-default is-cropped wp-block-gallery-1 is-layout-flex wp-block-gallery-is-layout-flex\">\n<figure class=\"wp-block-image size-large\"><img loading=\"lazy\" decoding=\"async\" width=\"1024\" height=\"683\" data-id=\"6430\" src=\"https:\/\/www.blakors.no\/content\/uploads\/sites\/10\/2026\/03\/54281462710_6347681f37_o-1024x683.jpg\" alt=\"\" class=\"wp-image-6430\" srcset=\"https:\/\/www.blakors.no\/content\/uploads\/sites\/10\/2026\/03\/54281462710_6347681f37_o-1024x683.jpg 1024w, https:\/\/www.blakors.no\/content\/uploads\/sites\/10\/2026\/03\/54281462710_6347681f37_o-300x200.jpg 300w, https:\/\/www.blakors.no\/content\/uploads\/sites\/10\/2026\/03\/54281462710_6347681f37_o-768x512.jpg 768w, https:\/\/www.blakors.no\/content\/uploads\/sites\/10\/2026\/03\/54281462710_6347681f37_o-1536x1024.jpg 1536w, https:\/\/www.blakors.no\/content\/uploads\/sites\/10\/2026\/03\/54281462710_6347681f37_o-2048x1366.jpg 2048w\" sizes=\"auto, (max-width: 1024px) 100vw, 1024px\" \/><\/figure>\n\n\n\n<figure class=\"wp-block-image size-large\"><img loading=\"lazy\" decoding=\"async\" width=\"1024\" height=\"683\" data-id=\"6424\" src=\"https:\/\/www.blakors.no\/content\/uploads\/sites\/10\/2026\/03\/52240385599_37420d78b1_o-1024x683.jpg\" alt=\"\" class=\"wp-image-6424\" srcset=\"https:\/\/www.blakors.no\/content\/uploads\/sites\/10\/2026\/03\/52240385599_37420d78b1_o-1024x683.jpg 1024w, https:\/\/www.blakors.no\/content\/uploads\/sites\/10\/2026\/03\/52240385599_37420d78b1_o-300x200.jpg 300w, https:\/\/www.blakors.no\/content\/uploads\/sites\/10\/2026\/03\/52240385599_37420d78b1_o-768x512.jpg 768w, https:\/\/www.blakors.no\/content\/uploads\/sites\/10\/2026\/03\/52240385599_37420d78b1_o-1536x1024.jpg 1536w, https:\/\/www.blakors.no\/content\/uploads\/sites\/10\/2026\/03\/52240385599_37420d78b1_o-2048x1366.jpg 2048w\" sizes=\"auto, (max-width: 1024px) 100vw, 1024px\" \/><\/figure>\n\n\n\n<figure class=\"wp-block-image size-large\"><img loading=\"lazy\" decoding=\"async\" width=\"1024\" height=\"683\" data-id=\"6429\" src=\"https:\/\/www.blakors.no\/content\/uploads\/sites\/10\/2026\/03\/54281002201_4994bdebe7_o-1024x683.jpg\" alt=\"\" class=\"wp-image-6429\" srcset=\"https:\/\/www.blakors.no\/content\/uploads\/sites\/10\/2026\/03\/54281002201_4994bdebe7_o-1024x683.jpg 1024w, https:\/\/www.blakors.no\/content\/uploads\/sites\/10\/2026\/03\/54281002201_4994bdebe7_o-300x200.jpg 300w, https:\/\/www.blakors.no\/content\/uploads\/sites\/10\/2026\/03\/54281002201_4994bdebe7_o-768x512.jpg 768w, https:\/\/www.blakors.no\/content\/uploads\/sites\/10\/2026\/03\/54281002201_4994bdebe7_o-1536x1024.jpg 1536w, https:\/\/www.blakors.no\/content\/uploads\/sites\/10\/2026\/03\/54281002201_4994bdebe7_o-2048x1366.jpg 2048w\" sizes=\"auto, (max-width: 1024px) 100vw, 1024px\" \/><\/figure>\n<\/figure>\n\n\n\n<h2 id=\"soknadsfrist-utgatt\"  class=\"wp-block-heading has-text-align-center\" >S\u00f8knadsfrist: utg\u00e5tt<\/h2>\n\n\n\n<p class=\"has-text-align-center\"><\/p>\n\n\n\n<h2 class=\"wp-block-heading has-text-align-center\" id=\"h-inkludert\"><strong>Dette lurer du kanskje p\u00e5<\/strong><\/h2>\n\n\n\n<div class=\"wp-block-group is-layout-grid wp-container-core-group-is-layout-bacfd918 wp-block-group-is-layout-grid\">\n<div class=\"custom-block-factbox has-background has-lila-light-background-color\">\n\t<p><strong>Pris<\/strong><\/p>\n<ul>\n<li>Dagspass i Tusenfryd og is er gratis<\/li>\n<li>Mat og transport til og fra Tusenfryd m\u00e5 hver familie ordne og betale for selv<\/li>\n<\/ul>\n<\/div>\n\n\n\n<div class=\"custom-block-factbox has-background has-pink-light-background-color\">\n\t<p><strong>Forsikring<\/strong><\/p>\n<p>Alle deltakere dekkes av Bl\u00e5 Kors egen gruppeforsikring. Deltakere b\u00f8r ogs\u00e5 ha sin egen reiseforsikring.<\/p>\n<\/div>\n\n\n\n<div class=\"custom-block-factbox has-background has-green-light-background-color wp-container-content-86016f9f\">\n\t<p><strong>Inkludert i dagsturen<\/strong><\/p>\n<ul>\n<li>Inngang til Tusenfryd<\/li>\n<li>Gratis is<\/li>\n<\/ul>\n<\/div>\n<\/div>\n\n\n\n<h3 id=\"tusenfryd-fornoyelsespark-finner-du-her\"  class=\"wp-block-heading has-text-align-center\" ><strong>Tusenfryd forn\u00f8yelsespark finner du her<\/strong><\/h3>\n\n\n\n<p><strong>Adresse:<\/strong> Fryds Vei 25, 1407 Vinterbro<\/p>\n\n\n\n<div class=\"wp-block-group is-content-justification-right is-layout-constrained wp-container-core-group-is-layout-07b51d56 wp-block-group-is-layout-constrained\">\n<iframe src=\"https:\/\/www.google.com\/maps\/embed?pb=!1m18!1m12!1m3!1d2010.0725256841026!2d10.776602077835546!3d59.748239777418036!2m3!1f0!2f0!3f0!3m2!1i1024!2i768!4f13.1!3m3!1m2!1s0x464142b84e3fd0a1%3A0x931e709b29705bbf!2sTusenfryd!5e0!3m2!1sno!2sno!4v1772095807311!5m2!1sno!2sno\" width=\"600\" height=\"450\" style=\"border:0;\" allowfullscreen=\"\" loading=\"lazy\" referrerpolicy=\"no-referrer-when-downgrade\"><\/iframe>\n<\/div>\n\n\n\n\t\t<div class=\"wp-block-blakors-expanding-fact-box is-style-default wp-block-blakors-expanding-fact-box is-style-default wp-block-blakors-expanding-fact-box has-background has-blue-light-background-color\">\n\t\t\t<h3 id=\"hvem-far-vaere-med-bla-kors-ferier\"  class=\"blakors-fact-box__title\" >Hvem f\u00e5r v\u00e6re med Bl\u00e5 Kors ferier<\/h3>\n\t\t\t<div class=\"blakors-fact-box__content\">\n\t\t\t\t\n\n<p class=\"has-text-align-left has-blue-light-background-color has-background\">Alle som fyller ut s\u00f8knadsskjemaet og som er i m\u00e5lgruppen for tiltaket (dvs. har utfordringer relatert til psykisk helse, rus eller \u00f8konomi) er kvalifiserte til \u00e5 v\u00e6re med p\u00e5 ferie med Bl\u00e5 Kors ferier. Det er ikke behov for anbefaling fra Nav, barnevernstjeneste, eller lignende. Det er heller ikke krav til at barna m\u00e5 v\u00e6re i barneskolealder. Det er ikke tillatt \u00e5 ha med kj\u00e6ledyr p\u00e5 organiserte ferier med Bl\u00e5 Kors ferier.<\/p>\n\n\n\n<p>Bl\u00e5 Kors ferier opplever enorm p\u00e5gang og har ikke mulighet til \u00e5 gi et ferietilbud til alle som s\u00f8ker. Vi venter til etter s\u00f8knadsfrist med \u00e5 tildele feriene og \u00f8nsker at de som ikke tidligere har f\u00e5tt et tilbud, enten med oss, eller andre akt\u00f8rer skal f\u00e5 en mulighet f\u00f8rst. Derfor sp\u00f8r vi alltid om familien har v\u00e6rt med p\u00e5 en annen ferie, f\u00f8r vi gir mulighet til \u00e5 v\u00e6re med p\u00e5 ferie med Bl\u00e5 Kors ferier. <\/p>\n\n\n\n<p>Det er mange som opplever \u00e5 f\u00e5 gjentatte avslag p\u00e5 s\u00f8knadene sine. Dette er dessverre helt normalt, og betyr ikke at s\u00f8knaden ikke er godkjent. Det betyr kun at det ikke var plass til din familien p\u00e5 denne ferien, og vi kan ikke annet enn beklage. Vi anbefaler \u00e5 fortsette med \u00e5 s\u00f8ke, s\u00e5 vil det forh\u00e5pentligvis bli deres tur ogs\u00e5 til slutt.<\/p>\n\n\n\n<p>I henhold til Personvernregelverket oppbevarer vi ikke opplysninger om s\u00f8kere lenger enn n\u00f8dvendig.<\/p>\n\n\n\t\t\t<\/div>\n\t\t\t<div class=\"blakors-fact-box__toggle\">\n\t\t\t\t<button class=\"blakors-fact-box__button\"><svg xmlns=\"http:\/\/www.w3.org\/2000\/svg\" viewBox=\"0 0 17.367 17.367\"><path d=\"M0-8.684v-2.133H13.2L7.16-16.91l1.523-1.523L17.367-9.75,8.684-1.066,7.109-2.59,13.2-8.684Z\" transform=\"translate(0 18.434)\" \/><\/svg><\/button>\n\t\t\t<\/div>\n\t\t<\/div>\n\n\n\n\n<h2 class=\"wp-block-heading has-text-align-center\" id=\"h-personvern\"><strong>Personvern<\/strong><\/h2>\n\n\n\n<p>Ved \u00e5 sende inn en s\u00f8knad til Bl\u00e5 Kors ferier, samtykker jeg i at Bl\u00e5 Kors ferier behandler mine opplysninger i tr\u00e5d med det som st\u00e5r i personvernerkl\u00e6ringen og gjeldende regelverk.<\/p>\n\n\n\n<div class=\"wp-block-buttons is-content-justification-center is-layout-flex wp-block-buttons-is-layout-flex\">\n<div class=\"wp-block-button is-style-primary\"><a class=\"wp-block-button__link\" href=\"https:\/\/www.blakors.no\/ferier\/personvernerklaering-ferier\/\">Personvernerkl\u00e6ring<\/a><\/div>\n<\/div>\n\n\n\n<p>Ved \u00e5 krysse av p\u00e5 hvilken m\u00e5lgruppe jeg definerer meg og min familie, s\u00e5 samtykker jeg i \u00e5 dele disse opplysningene med Bl\u00e5 Kors ferier. Ved \u00e5 oppgi mine allergier, samtykker jeg til at Bl\u00e5 Kors ferier behandler helseopplysninger om meg. Form\u00e5let med \u00e5 oppgi allergier, er at Bl\u00e5 Kors ferier kan legge til rette for \u00e5 servere trygge og helsebringende m\u00e5ltider og vurdere en passende ferie tilpasset mine behov. Alle personopplysninger blir behandlet trygt, og deles kun med utvalgte personer som trenger opplysningene for \u00e5 legge til rette for ferietilbudet. Informasjonen Bl\u00e5 Kors ferier samler inn, slettes n\u00e5r vi ikke lenger har bruk for de, eller n\u00e5r du trekker ditt samtykke for behandling av personopplysninger.<\/p>\n\n\n\n<div class=\"wp-block-buttons is-horizontal is-content-justification-center is-layout-flex wp-container-core-buttons-is-layout-499968f5 wp-block-buttons-is-layout-flex\">\n<div class=\"wp-block-button is-style-primary\"><a class=\"wp-block-button__link wp-element-button\" href=\"https:\/\/www.blakors.no\/ferier\/dagstur-til-as-tusenfryd-fornoyelsespark\/\">Tilbake til toppen<\/a><\/div>\n<\/div>\n\n\n\n<h2 class=\"wp-block-heading has-text-align-center\"><\/h2>\n\n\n\n<p><\/p>\n","protected":false},"excerpt":{"rendered":"<p>S\u00f8knadsfrist: utg\u00e5tt L\u00f8rdag 25. april vil flere barnefamilier f\u00e5 muligheten til \u00e5 tilbringe en dag i Tusenfryd i \u00c5s kommune. &laquo;Oppdag attraksjonene p\u00e5 Norges st\u00f8rste forn\u00f8yelsespark TusenFryd, spredt rundt i parken og med forskjellige intensitetsniv\u00e5er. Spennende og trygge opplevelser b\u00e5de for store og sm\u00e5.&raquo; \u00c5pningstidene til Tusenfryd: 10:30-18:00 Dere vil bli tatt godt i mot [&hellip;]<\/p>\n","protected":false},"author":146,"featured_media":6431,"parent":0,"menu_order":0,"comment_status":"closed","ping_status":"closed","template":"","meta":{"_acf_changed":false,"_relevanssi_hide_post":"","_relevanssi_hide_content":"","_relevanssi_pin_for_all":"","_relevanssi_pin_keywords":"","_relevanssi_unpin_keywords":"","_relevanssi_related_keywords":"","_relevanssi_related_include_ids":"","_relevanssi_related_exclude_ids":"","_relevanssi_related_no_append":"","_relevanssi_related_not_related":"","_relevanssi_related_posts":"1","_relevanssi_noindex_reason":"","_custom_cards_description":"Organisert dagstur med andre familier l\u00f8rdag 25. april. S\u00f8knadsfrist: 6. april.","footnotes":""},"class_list":["post-6330","page","type-page","status-publish","has-post-thumbnail","hentry"],"acf":[],"_links":{"self":[{"href":"https:\/\/www.blakors.no\/ferier\/wp-json\/wp\/v2\/pages\/6330","targetHints":{"allow":["GET"]}}],"collection":[{"href":"https:\/\/www.blakors.no\/ferier\/wp-json\/wp\/v2\/pages"}],"about":[{"href":"https:\/\/www.blakors.no\/ferier\/wp-json\/wp\/v2\/types\/page"}],"author":[{"embeddable":true,"href":"https:\/\/www.blakors.no\/ferier\/wp-json\/wp\/v2\/users\/146"}],"replies":[{"embeddable":true,"href":"https:\/\/www.blakors.no\/ferier\/wp-json\/wp\/v2\/comments?post=6330"}],"version-history":[{"count":5,"href":"https:\/\/www.blakors.no\/ferier\/wp-json\/wp\/v2\/pages\/6330\/revisions"}],"predecessor-version":[{"id":6468,"href":"https:\/\/www.blakors.no\/ferier\/wp-json\/wp\/v2\/pages\/6330\/revisions\/6468"}],"wp:featuredmedia":[{"embeddable":true,"href":"https:\/\/www.blakors.no\/ferier\/wp-json\/wp\/v2\/media\/6431"}],"wp:attachment":[{"href":"https:\/\/www.blakors.no\/ferier\/wp-json\/wp\/v2\/media?parent=6330"}],"curies":[{"name":"wp","href":"https:\/\/api.w.org\/{rel}","templated":true}]}}