{"id":794,"date":"2020-11-17T10:28:31","date_gmt":"2020-11-17T09:28:31","guid":{"rendered":"https:\/\/www.blakors.no\/ferier\/?page_id=794"},"modified":"2026-04-01T07:33:57","modified_gmt":"2026-04-01T05:33:57","slug":"vinterferie-pa-rondeheim","status":"publish","type":"page","link":"https:\/\/www.blakors.no\/ferier\/vinterferie-pa-rondeheim\/","title":{"rendered":"Vinterferie p\u00e5 Rondeheim"},"content":{"rendered":"<div class=\"custom-block-banner alignwide contenthalf\"><div class=\"banner-image\" style=\"background-image:url(https:\/\/www.blakors.no\/content\/uploads\/sites\/10\/2020\/11\/Rondeheim-i-vinteridyll-1024x768.jpg)\"><\/div><div class=\"banner-inner\"><div><h1 id=\"vinterferie-pa-rondeheim-avlyst-pga-covid-19\"  class=\"title small \" >Vinterferie p\u00e5 Rondeheim &#8211; AVLYST pga. Covid-19<\/h1><p>Uke 8 (22. &#8211; 26. februar) og uke 9 (1. &#8211; 5. mars) blir det vinterferier for hele familien p\u00e5 tradisjonsrike Rondeheim. Rondeheim ligger p\u00e5 H\u00f8vringen ved foten til nasjonalparken Rondane. S\u00f8knadsfristen har n\u00e5 g\u00e5tt ut. AVLYST pga Covid-19. Foto: Rondeheim<\/p><\/div><\/div><\/div>\n\n\n<h2 class=\"wp-block-heading\" id=\"h-avlyst-pga-covid-19\">AVLYST pga Covid-19<\/h2>\n\n\n\n<h4 class=\"wp-block-heading\" id=\"h-vi-har-dessverre-avlyst-vinterferiene-i-uke-8-og-9-p-rondeheim-p-grunn-av-dagens-koronasituasjon-og-de-overordnede-smittevernhensyn-vi-velger-vise-ekstra-aktsomhet-og-f-lger-regjeringens-anbefaling-om-unng-un-dvendige-innenlandsreiser-vi-beklager-dette\">Vi har dessverre <strong>avlyst <\/strong>vinterferiene i uke 8 og 9 p\u00e5 Rondeheim p\u00e5 grunn av dagens koronasituasjon og de overordnede smittevernhensyn. Vi velger \u00e5 vise ekstra aktsomhet og f\u00f8lger regjeringens anbefaling om \u00e5 unng\u00e5 un\u00f8dvendige innenlandsreiser. Vi beklager dette. <\/h4>\n\n\n\n<p><\/p>\n\n\n\n<h2 class=\"wp-block-heading\" id=\"h-opprinnelig-tekst\">Opprinnelig tekst<\/h2>\n\n\n\n<p><strong>Bl\u00e5 Kors ferier inviterer til vinterferie p\u00e5 fjellbygda H\u00f8vringen i Gudbrandsdalen. Vi bor p\u00e5 Rondeheim som ligger vakkert til p\u00e5 950 m.o.h., og her blir det en tradisjonsrik vinterferie med mange flotte aktiviteter for hele familien.<\/strong><\/p>\n\n\n\n<figure class=\"wp-block-image alignright size-thumbnail is-style-rounded\"><img loading=\"lazy\" decoding=\"async\" width=\"150\" height=\"150\" src=\"https:\/\/www.blakors.no\/content\/uploads\/sites\/10\/2020\/11\/Geiter-p\u00e5-tunet-150x150.jpeg\" alt=\"Tre geiter g\u00e5r fritt p\u00e5 tunet p\u00e5 Rondeheim.\" class=\"wp-image-885\" srcset=\"https:\/\/www.blakors.no\/content\/uploads\/sites\/10\/2020\/11\/Geiter-p\u00e5-tunet-150x150.jpeg 150w, https:\/\/www.blakors.no\/content\/uploads\/sites\/10\/2020\/11\/Geiter-p\u00e5-tunet-300x300.jpeg 300w\" sizes=\"auto, (max-width: 150px) 100vw, 150px\" \/><\/figure>\n\n\n\n<p>Vi g\u00e5r p\u00e5 langrennski og truger, lager sn\u00f8hule, aker i bakken, steller i fj\u00f8set, koser oss rundt b\u00e5let og kj\u00f8rer hundeslede. Alt av ski og utstyr dekker vi, s\u00e5 her er <strong>alt klart for en aktiv og hyggelig vinterferie i nydelige omgivelser.<\/strong><\/p>\n\n\n\n\t\t<div class=\"wp-block-lib-accentuated-link\">\n\t\t\t<a class=\"lib-link__link\" href=\"https:\/\/www.rondeheim.no\/aktiv-fjellferie-vinter\" target=\"\" rel=\"noopener\">\n\t\t\t\t\n\t\t\t\t<div class=\"lib-link__text-content\">\n\t\t\t\t\t<span class=\"lib-link__tagline\">\n\t\t\t\t\t\tLes mer\n\t\t\t\t\t<\/span>\n\n\t\t\t\t\t<h3 class=\"lib-link__title\">\n\t\t\t\t\t\tF\u00e5 mer innblikk av Rondeheim\n\t\t\t\t\t<\/h3>\n\n\t\t\t\t\t\n\t\t\t<span class=\"lib-link__link-source\">\n\t\t\t\twww.rondeheim.no\n\t\t\t\t<svg xmlns=\"http:\/\/www.w3.org\/2000\/svg\" viewBox=\"0 0 24 24\" height=\"24\" width=\"24\" class=\"t2-icon t2-icon-linkexternal\" aria-hidden=\"true\" focusable=\"false\"><path d=\"M5 21c-.5 0-1-.2-1.4-.6S3 19.6 3 19V5c0-.6.2-1 .6-1.4S4.5 3 5 3h6c.3 0 .5.1.7.3.2.2.3.4.3.7 0 .3-.1.5-.3.7-.2.2-.4.3-.7.3H5v14h14v-6c0-.3.1-.5.3-.7.2-.2.4-.3.7-.3s.5.1.7.3c.2.2.3.4.3.7v6c0 .6-.2 1-.6 1.4s-.8.6-1.4.6H5zm4-6c-.2-.2-.3-.4-.3-.7s.1-.5.3-.7L17.6 5H15c-.3 0-.5-.1-.7-.3-.2-.2-.3-.4-.3-.7 0-.3.1-.5.3-.7.2-.2.4-.3.7-.3h5c.3 0 .5.1.7.3.2.2.3.4.3.7v5c0 .3-.1.5-.3.7-.2.2-.4.3-.7.3s-.5-.1-.7-.3c-.2-.2-.3-.4-.3-.7V6.4L10.4 15c-.2.2-.4.3-.7.3s-.5-.1-.7-.3z\" fill=\"currentColor\" \/><\/svg>\n\t\t\t<\/span>\n\t\t\t\t<\/div>\n\t\t\t<\/a>\n\t\t<\/div>\n\n\n<figure class=\"wp-block-image alignright size-thumbnail is-style-rounded\"><img loading=\"lazy\" decoding=\"async\" width=\"150\" height=\"150\" src=\"https:\/\/www.blakors.no\/content\/uploads\/sites\/10\/2020\/12\/Solide-og-gode-soverom-150x150.jpg\" alt=\"Et soverom p\u00e5 Rondeheim med k\u00f8yeseng\" class=\"wp-image-1177\" srcset=\"https:\/\/www.blakors.no\/content\/uploads\/sites\/10\/2020\/12\/Solide-og-gode-soverom-150x150.jpg 150w, https:\/\/www.blakors.no\/content\/uploads\/sites\/10\/2020\/12\/Solide-og-gode-soverom-300x300.jpg 300w\" sizes=\"auto, (max-width: 150px) 100vw, 150px\" \/><\/figure>\n\n\n\n<p><strong>Hver familie f\u00e5r egne rom p\u00e5 internat med k\u00f8yesenger.<\/strong> I de tilfellene hvor det er sm\u00e5 barn i familien, kan vi ordne reiseseng. Dere disponerer eget bad med dusj, enten p\u00e5 rommet, eller i gangen. Det er dermed lagt opp til gode hygienetiltak med tanke p\u00e5 Covid-19 p\u00e5 denne ferien. Sengene har puter og dyner. <strong>Alt av senget\u00f8y og h\u00e5ndkl\u00e6r er inkludert i ferien.<\/strong><\/p>\n\n\n\n<p>M\u00e5ltidene er felles, og serveres i henhold til smittevernreglene, i eget felleslokale.<\/p>\n\n\n\n<p>Det er lagt opp til at vi skal v\u00e6re mye ute, s\u00e5 det er viktig at dere pakker med varmt og godt t\u00f8y til b\u00e5de store og sm\u00e5.<\/p>\n\n\n\n<h2 class=\"wp-block-heading\" id=\"h-organisert-ferie\">Organisert ferie<\/h2>\n\n\n\n<p><strong>Ferien p\u00e5 Rondeheim er en organisert ferie, hvor vi reiser sammen en gjeng p\u00e5 cirka 35 personer.<\/strong> Vi legger opp til felles aktivitet og felles m\u00e5ltider. Dette er en ferie som passer for dere som \u00f8nsker samv\u00e6r og moro med andre, og som ogs\u00e5 vil v\u00e6re aktive p\u00e5 ski og i sn\u00f8en rundt p\u00e5 tunet.<br><br>Med p\u00e5 turen vil det v\u00e6re <strong>ferieledere og tidgivere (frivillige) som ordner praktiske gj\u00f8rem\u00e5l<\/strong>, og som er tilgjengelige for gjestene v\u00e5re. Vi har ogs\u00e5 med oss instrukt\u00f8rer p\u00e5 aktiviteten v\u00e5re. Alle foreldre har ansvar for sine barn. <\/p>\n\n\n\n<p>Ellers koser vi oss p\u00e5 Rondeheim med alt som finnes der. <strong>Ferien gir mulighet for ro og avslapping, g\u00f8yale aktiviteter p\u00e5 dagtid, og hyggelig sosialt samv\u00e6r med spilling og lek p\u00e5 kveldstid.<\/strong> Vi legger til rette for at barn og unge skal f\u00e5 opplevelser sammen med sine foresatte, og p\u00e5 den m\u00e5ten skape gode minner sammen.<\/p>\n\n\n\n<p>Dere velger selv om dere vil kj\u00f8re egen bil, eller om dere vil bli hentet p\u00e5 Otta Stasjon. Dette velger du i s\u00f8knadsskjemaet. Der velger du ogs\u00e5 om dere har vinterferie i uke 8, eller 9.<\/p>\n\n\n\n<p><strong>Velkommen!<\/strong><\/p>\n\n\n\n<h2 class=\"wp-block-heading\" id=\"h-s-knadsfrist-31-januar-2021-utg-tt\">S\u00f8knadsfrist: 31. januar 2021 (utg\u00e5tt)<\/h2>\n\n\n\n\t\t<div class=\"wp-block-lib-accentuated-link\">\n\t\t\t<a class=\"lib-link__link\" href=\"https:\/\/www.blakors.no\/ferier\/vinterferie-pa-gautestad\/\" target=\"\" rel=\"\">\n\t\t\t\t\n\t\t\t\t<div class=\"lib-link__text-content\">\n\t\t\t\t\t<span class=\"lib-link__tagline\">\n\t\t\t\t\t\tDu kan ogs\u00e5 s\u00f8ke:\n\t\t\t\t\t<\/span>\n\n\t\t\t\t\t<h3 class=\"lib-link__title\">\n\t\t\t\t\t\tVinterferie p\u00e5 Gautestad\n\t\t\t\t\t<\/h3>\n\n\t\t\t\t\t\n\t\t\t\t<\/div>\n\t\t\t<\/a>\n\t\t<\/div>\n\n\n<h2 class=\"wp-block-heading\" id=\"h-inkludert\">Inkludert<\/h2>\n\n\n\n<ul class=\"wp-block-list\">\n<li>Alle aktiviteter<\/li>\n\n\n\n<li>Leie av skiutstyr<\/li>\n\n\n\n<li>M\u00e5ltider (Frokost, nistelunsj, middag og kveldskos)<\/li>\n\n\n\n<li>Overnatting p\u00e5 Rondeheim i fire netter<\/li>\n\n\n\n<li>Senget\u00f8y og h\u00e5ndkle<\/li>\n<\/ul>\n\n\n\n<h2 class=\"wp-block-heading\" id=\"h-forsikring\">Forsikring<\/h2>\n\n\n\n<p>Alle deltakere dekkes av Bl\u00e5 Kors egen gruppeforsikring. Deltakere b\u00f8r ogs\u00e5 ha sin egen reiseforsikring.&nbsp;<\/p>\n\n\n\n<h2 class=\"wp-block-heading\" id=\"h-pris\">Pris<\/h2>\n\n\n\n<p>Ferien er gratis,\u202fmen transport til og fra Rondeheim p\u00e5 H\u00f8vringen dekkes selv. For gjester som kommer med buss\/tog, ordnes og dekkes det med felles transport fra Otta stasjon. \u202f&nbsp;<\/p>\n\n\n\n<p>Om familien er knyttet opp til NAV, barnevernstjenesten med flere, vil det v\u00e6re mulig \u00e5 s\u00f8ke om dekning av reisekostnader til og fra Rondeheim via disse.&nbsp;<\/p>\n\n\n\n<div style=\"text-align:center;\"><iframe loading=\"lazy\" src=\"https:\/\/www.google.com\/maps\/embed?pb=!1m18!1m12!1m3!1d1386702.9943589463!2d6.262786942883735!3d61.31429935624785!2m3!1f0!2f0!3f0!3m2!1i1024!2i768!4f13.1!3m3!1m2!1s0x4614d302068b1cfd%3A0xf825d5f38470d737!2sThe%20Norwegian%20Mountain%20School%20Rondeheim!5e0!3m2!1sen!2sno!4v1611132346751!5m2!1sen!2sno\" width=\"600\" height=\"450\" frameborder=\"0\" style=\"border:0;\" allowfullscreen=\"\" aria-hidden=\"false\" tabindex=\"0\"><\/iframe><\/div>\n\n\n\n<h2 class=\"wp-block-heading\" id=\"h-smittervern\">Smittervern<\/h2>\n\n\n\n<div class=\"custom-block-factbox\">\n\t<p>Det er enda \u00abannerledestider\u00bb i Norge, men vi i Bl\u00e5 Kors ferier er glade for at vi likevel kan gjennomf\u00f8re noen av v\u00e5re turer og aktiviteter. Alt blir vurdert fortl\u00f8pende og i henhold til nasjonale f\u00f8ringer og retningslinjer med tanke p\u00e5 smittevern. For oss er det utrolig viktig at det er trygt \u00e5 reise p\u00e5 ferie i regi av Bl\u00e5 Kors ferier.<\/p>\n<p><!-- \/wp:paragraph --> <!-- wp:paragraph --><\/p>\n<p>Det kan bli endringer i oppsatt program med kort varsel dersom behov, og det kan ogs\u00e5 dessverre bli avlysning. Vi gj\u00f8r derimot fortsatt alt vi kan for \u00e5 gi s\u00e5 mange som mulig et godt tilbud hos oss.<\/p>\n<p><!-- \/wp:paragraph --><\/p>\n<\/div>\n\n\n\n<h2 class=\"wp-block-heading\" id=\"h-personvern\">Personvern<\/h2>\n\n\n\n<p>Ved \u00e5 sende inn en s\u00f8knad til Bl\u00e5 Kors ferier, samtykker jeg i at Bl\u00e5 Kors ferier behandler mine opplysninger i tr\u00e5d med det som st\u00e5r i personvernerkl\u00e6ringen og gjeldende regelverk.<\/p>\n\n\n\n<div class=\"wp-block-buttons is-horizontal is-content-justification-center is-layout-flex wp-container-core-buttons-is-layout-499968f5 wp-block-buttons-is-layout-flex\">\n<div class=\"wp-block-button is-style-primary\"><a class=\"wp-block-button__link wp-element-button\" href=\"https:\/\/www.blakors.no\/ferier\/personvernerklaering-ferier\/\">Personvernerkl\u00e6ring<\/a><\/div>\n<\/div>\n\n\n\n<p>Ved \u00e5 krysse av p\u00e5 hvilken m\u00e5lgruppe jeg definerer meg og min familie, s\u00e5 samtykker jeg i \u00e5 dele disse opplysningene med Bl\u00e5 Kors ferier. Ved \u00e5 oppgi mine allergier, samtykker jeg til at Bl\u00e5 Kors ferier behandler helseopplysninger om meg. Form\u00e5let med \u00e5 oppgi allergier, er at Bl\u00e5 Kors ferier kan legge til rette for \u00e5 servere trygge og helsebringende m\u00e5ltider og vurdere en passende ferie tilpasset mine behov. Alle personopplysninger blir behandlet trygt, og deles kun med utvalgte personer som trenger opplysningene for \u00e5 legge til rette for ferietilbudet. Informasjonen Bl\u00e5 Kors ferier samler inn, slettes n\u00e5r vi ikke lenger har bruk for de, eller n\u00e5r du trekker ditt samtykke for behandling av personopplysninger.<\/p>\n\n\n\n<div class=\"wp-block-buttons is-horizontal is-content-justification-center is-layout-flex wp-container-core-buttons-is-layout-499968f5 wp-block-buttons-is-layout-flex\">\n<div class=\"wp-block-button is-style-primary\"><a class=\"wp-block-button__link wp-element-button\" href=\"https:\/\/www.blakors.no\/ferier\/vinterferie-pa-rondeheim\/#masthead\">Tilbake til toppen<\/a><\/div>\n<\/div>\n\n\n\n\n<div class=\"social-block\"><h4 id=\"folg-oss-pa-facebook\"  >F\u00f8lg oss p\u00e5 Facebook<\/h4><div class=\"social-grid\"><a href=\"https:\/\/www.facebook.com\/blakorsferier\" target=\"_blank\" rel=\"noopener\"><img decoding=\"async\" loading=\"lazy\" src=\"https:\/\/www.blakors.no\/content\/themes\/blakors\/assets\/icons\/footer-facebook.svg\" alt=\"Facebook\"><\/a><\/div><\/div>","protected":false},"excerpt":{"rendered":"<p>AVLYST pga Covid-19 Vi har dessverre avlyst vinterferiene i uke 8 og 9 p\u00e5 Rondeheim p\u00e5 grunn av dagens koronasituasjon og de overordnede smittevernhensyn. Vi velger \u00e5 vise ekstra aktsomhet og f\u00f8lger regjeringens anbefaling om \u00e5 unng\u00e5 un\u00f8dvendige innenlandsreiser. Vi beklager dette. Opprinnelig tekst Bl\u00e5 Kors ferier inviterer til vinterferie p\u00e5 fjellbygda H\u00f8vringen i Gudbrandsdalen. [&hellip;]<\/p>\n","protected":false},"author":36,"featured_media":895,"parent":0,"menu_order":0,"comment_status":"closed","ping_status":"closed","template":"","meta":{"_acf_changed":false,"_relevanssi_hide_post":"","_relevanssi_hide_content":"","_relevanssi_pin_for_all":"on","_relevanssi_pin_keywords":"Vinterferie p\u00e5 Rondeheim, rondeheim","_relevanssi_unpin_keywords":"","_relevanssi_related_keywords":"","_relevanssi_related_include_ids":"","_relevanssi_related_exclude_ids":"","_relevanssi_related_no_append":"","_relevanssi_related_not_related":"","_relevanssi_related_posts":"1","_relevanssi_noindex_reason":"","_custom_cards_description":"","footnotes":""},"class_list":["post-794","page","type-page","status-publish","has-post-thumbnail","hentry"],"acf":[],"_links":{"self":[{"href":"https:\/\/www.blakors.no\/ferier\/wp-json\/wp\/v2\/pages\/794","targetHints":{"allow":["GET"]}}],"collection":[{"href":"https:\/\/www.blakors.no\/ferier\/wp-json\/wp\/v2\/pages"}],"about":[{"href":"https:\/\/www.blakors.no\/ferier\/wp-json\/wp\/v2\/types\/page"}],"author":[{"embeddable":true,"href":"https:\/\/www.blakors.no\/ferier\/wp-json\/wp\/v2\/users\/36"}],"replies":[{"embeddable":true,"href":"https:\/\/www.blakors.no\/ferier\/wp-json\/wp\/v2\/comments?post=794"}],"version-history":[{"count":5,"href":"https:\/\/www.blakors.no\/ferier\/wp-json\/wp\/v2\/pages\/794\/revisions"}],"predecessor-version":[{"id":6466,"href":"https:\/\/www.blakors.no\/ferier\/wp-json\/wp\/v2\/pages\/794\/revisions\/6466"}],"wp:featuredmedia":[{"embeddable":true,"href":"https:\/\/www.blakors.no\/ferier\/wp-json\/wp\/v2\/media\/895"}],"wp:attachment":[{"href":"https:\/\/www.blakors.no\/ferier\/wp-json\/wp\/v2\/media?parent=794"}],"curies":[{"name":"wp","href":"https:\/\/api.w.org\/{rel}","templated":true}]}}