{"id":83,"date":"2020-03-11T14:48:15","date_gmt":"2020-03-11T13:48:15","guid":{"rendered":"https:\/\/www.blakors.no\/ferier\/?page_id=83"},"modified":"2026-01-16T12:09:40","modified_gmt":"2026-01-16T11:09:40","slug":"personvernerklaering-ferier","status":"publish","type":"page","link":"https:\/\/www.blakors.no\/ferier\/personvernerklaering-ferier\/","title":{"rendered":"Personvernerkl\u00e6ring Ferier"},"content":{"rendered":"\n<p>Denne personvernerkl\u00e6ringen gj\u00f8r rede for Bl\u00e5 Kors\u2019 h\u00e5ndtering av personopplysninger som samles inn til Bl\u00e5 Kors ferier for \u00e5 ut\u00f8ve v\u00e5re tjenester. Virksomhetsleder i Bl\u00e5 Kors ferier er ansvarlig for behandlingen av personopplysninger vedr\u00f8rende s\u00f8kere, givere, deltakere, samarbeidspartnere og tidgivere. Henvendelser for innsyn, retting eller sletting av personopplysninger kan gj\u00f8res til <a href=\"mailto:ferier@blakorskrs.no\" data-type=\"mailto\" data-id=\"mailto:ferier@blakorskrs.no\">ferier@blakorskrs.no<\/a>.<\/p>\n\n\n\n<h2 id=\"behandling-av-personopplysninger-for-sokere-givere-og-tidgivere\"  class=\"wp-block-heading\" >Behandling av personopplysninger for&nbsp;s\u00f8kere, givere og&nbsp;tidgivere&nbsp;<\/h2>\n\n\n\n<h4 id=\"sokere\"  class=\"wp-block-heading\" ><strong>S\u00f8kere&nbsp;<\/strong><\/h4>\n\n\n\n<p><strong>Behandling av personopplysninger p\u00e5 blakors.no\/ferier<\/strong><\/p>\n\n\n\n<p>Via v\u00e5r nettside har du mulighet til \u00e5 s\u00f8ke p\u00e5 ferier og dagsturer. I tilknytning til dette samler vi informasjon som navn og kontaktopplysninger. Disse personopplysningene blir ikke brukt til andre form\u00e5l enn \u00e5 administrere s\u00f8knadsprosessen. Bl\u00e5 Kors behandler alle opplysninger om v\u00e5re s\u00f8kere \u2013 navn, adresse, telefonnummer, e-postadresse, m\u00e5lgruppe og eventuelle allergier \u2013 strengt konfidensielt. Opplysningene brukes til \u00e5 kunne ta en samlet vurdering av deltakere til v\u00e5re ferier, og for \u00e5 kunne tilpasse ferien for hvert enkelt behov. Behandlingen skjer i henhold til Personopplysningslovens \u00a7 8.<\/p>\n\n\n\n<p>Vi utleverer ikke personopplysninger til andre med mindre det er n\u00f8dvendig i forbindelse med reservasjon av ferietilbud\/aktiviteter. Kun helt n\u00f8dvendige opplysninger blir eventuelt delt med v\u00e5re samarbeidspartnere. S\u00f8knaden du har sendt inn og ellers un\u00f8dvendige opplysninger vil bli slettet n\u00e5r oppbevaring ikke lenger er n\u00f8dvendig ut fra form\u00e5let med oppbevaringen, ogs\u00e5 hos feriestedet du har deltatt.<\/p>\n\n\n\n<h4 id=\"givere\"  class=\"wp-block-heading\" ><strong>Givere&nbsp;<\/strong><\/h4>\n\n\n\n<p>Bl\u00e5 Kors ferier behandler alle opplysninger om v\u00e5re givere \u2013 som navn, adresse, telefonnummer og bidrag som er gitt \u2013 strengt konfidensielt. Opplysningene brukes til \u00e5 oppfylle avtaler med deg som giver, til \u00e5 oppfylle organisasjonens rettslige forpliktelser i forhold til skattelov og regnskapslov og til \u00e5 drive informasjon og innsamling av midler for Bl\u00e5 Kors ferier. Behandlingen skjer i henhold til Personopplysningslovens \u00a7 8.<\/p>\n\n\n\n<p>Vi oppdaterer jevnlig v\u00e5re adresser mot offentlig tilgjengelige kilder. Bl\u00e5 Kors oppfyller de til enhver tid gjeldende regler for oppdatering av reservasjoner mot Reservasjonsregisteret i Br\u00f8nn\u00f8ysund. Vi utleverer ikke personopplysninger til andre, med unntak av (frivillig) innrapportering av skattefradrag. Un\u00f8dvendige opplysninger vil bli slettet n\u00e5r oppbevaring ikke lenger er n\u00f8dvendig ut fra form\u00e5let med oppbevaringen.<\/p>\n\n\n\n<h4 id=\"tidgivere\"  class=\"wp-block-heading\" ><strong>Tidgivere&nbsp;<\/strong><\/h4>\n\n\n\n<p>Frivillige kan melde sin interesse som Tidgiver p\u00e5 blakors.no. Personopplysninger som oppgis er navn, f\u00f8dselsdato, kj\u00f8nn, adresse, mobil og epost. I tillegg oppgis stedstilh\u00f8righet og eventuelt interessefelt.&nbsp;Opplysningene brukes for \u00e5 opprette kontakt med virksomhetene\/enhetene det er et \u00f8nske om \u00e5 v\u00e6re frivillig hos, og ellers til \u00e5 ivareta relasjonen Tidgiver har med Bl\u00e5 Kors. Om en frivillig \u00f8nsker \u00e5 v\u00e6re tidgiver i Bl\u00e5 Kors ferier, sendes s\u00f8knaden til virksomhetsansvarlig i Bl\u00e5 Kors Kristiansand. I aktiviteter hvor politiattest er n\u00f8dvendig, innhentes dette av Tidgiveransvarlig i virksomheten. Attesten oppbevares ikke av Bl\u00e5 Kors, men dato for fremvist attest lagres p\u00e5 tidgivers side i databasen. Kontaktopplysningene som oppgis benytter vi til \u00e5 gi relevant informasjon om Bl\u00e5 Kors sine generelle aktiviteter, dersom det er samtykket til dette.<\/p>\n\n\n\n<p>Tidgiver i Bl\u00e5 Kors benytter CRM-systemet Mobilise. N\u00e5r du registrerer deg med \u00f8nske om \u00e5 bli Tidgiver, ber vi om samtykke for oppbevaring av personopplysninger i CRM-systemet Mobilise. Form\u00e5let med oppbevaringen er for \u00e5 oppfylle avtalen, samt tilrettelegging for kommunikasjon. Godkjent Tidgiver har tilgang p\u00e5 MinSide, der samtykker og kontaktinfo kan endres av Tidgiver fortl\u00f8pende.\u00a0 Bl\u00e5 Kors har databehandleravtaler med Mobilise som regulerer informasjon Mobilise har tilgang til, og hvordan opplysningene skal behandles. Vi har og iverksatt ulike systemtekniske, organisatoriske og fysiske sikkerhetstiltak for \u00e5 beskytte dine personopplysninger. Kontakt oss n\u00e5r som helst p\u00e5 <a href=\"mailto:ferier@blakorskrs.no\" data-type=\"mailto\" data-id=\"mailto:ferier@blakorskrs.no\">ferier@blakorskrs.no<\/a> om du \u00f8nsker \u00e5 trekke tilbake ditt samtykke som giver eller tidgiver, om du \u00f8nsker \u00e5 endre noe i din kontaktform med oss eller bli anonymisert\/slettet. \u202f<\/p>\n\n\n\n<h2 id=\"personvernombud\"  class=\"wp-block-heading\" ><strong>Personvernombud<\/strong><\/h2>\n\n\n\n<p>Bl\u00e5 Kors har utnevnt et personvernombud som bist\u00e5r med veiledning slik at personopplysninger blir behandlet p\u00e5 en god m\u00e5te og i tr\u00e5d med regelverket. Har du noen sp\u00f8rsm\u00e5l eller innsigelser til virksomhetens behandling av personopplysninger, send en e-post til personvernombudet <a href=\"mailto:personvern@blakorskrs.no\" data-type=\"mailto\" data-id=\"mailto:personvern@blakorskrs.no\">personvern@blakorskrs.no<\/a>.<\/p>\n\n\n\n<h2 id=\"hvordan-vi-gjor-bruk-av-informasjon-gjennom-ditt-besok-pa-blakors-no\"  class=\"wp-block-heading\" ><strong>Hvordan vi gj\u00f8r bruk av informasjon gjennom ditt bes\u00f8k p\u00e5 blakors.no<\/strong><\/h2>\n\n\n\n<h4 id=\"bruk-av-informasjonskapsler-cookies\"  class=\"wp-block-heading\" ><strong>Bruk av informasjonskapsler (cookies)<\/strong><\/h4>\n\n\n\n<p>Vi bruker cookies for \u00e5 gi deg en god brukeropplevelse. Cookies er sm\u00e5 tekstfiler som blir lagret av nettleseren p\u00e5 din digitale enhet (PC, mobil og lignende). Cookies fra v\u00e5r nettside kan ikke kobles til deg som individ, kan ikke spre skadelige programmer eller skade din digitale enhet p\u00e5 noen m\u00e5te.<\/p>\n\n\n\n<h4 id=\"statistikk\"  class=\"wp-block-heading\" ><strong>Statistikk<\/strong><\/h4>\n\n\n\n<p>Cookies gir oss mulighet til \u00e5 hente ut statistikk om hvor mange som bes\u00f8ker ulike sider, hvor lenge bes\u00f8kene varer, hvilke nettsteder brukerne kommer fra og hvilke nettlesere som benyttes.\u202f<a href=\"https:\/\/developers.google.com\/analytics\/devguides\/collection\/analyticsjs\/cookie-usage?hl=no-NO\" target=\"_blank\" aria-label=\"undefined (\u00e5pnes i ny fane)\" rel=\"noreferrer noopener nofollow\">Vi bruker Google Analytics<\/a>.<\/p>\n\n\n\n<h4 id=\"hendelsesbasert-maling\"  class=\"wp-block-heading\" ><strong>Hendelsesbasert m\u00e5ling<\/strong><\/h4>\n\n\n\n<p>Blakors.no benytter hendelsesbasert m\u00e5ling, der vi m\u00e5ler hendelser som skjer p\u00e5 enkelte sider, som klikk, varighet av lesing, nedlastinger og skjemainnsendinger. Dette gj\u00f8res for \u00e5 optimalisere tjenester, tilbud og kundeopplevelse.\u202f<\/p>\n\n\n\n<h4 id=\"anonymisering\"  class=\"wp-block-heading\" ><strong>Anonymisering<\/strong><\/h4>\n\n\n\n<p>Blakors.no\u202fbenytter ogs\u00e5 anonymisering av IP-adresse gjennom funksjonen, anonymizeIP, som er i henhold til Datatilsynets regler for bruk av webstatistiske verkt\u00f8y i Norge.<\/p>\n\n\n\n<h4 id=\"facebook-piksel\"  class=\"wp-block-heading\" ><strong>Facebook-piksel<\/strong><\/h4>\n\n\n\n<p>Facebook er en viktig kanal b\u00e5de for \u00e5 skaffe nye givere, tidgivere og medlemmer. Vi benytter derfor Facebook-pikselen som hjelper oss med \u00e5 m\u00e5lrette annonser basert p\u00e5 hvilke handlinger som er gjort p\u00e5 blakors.no. Pikselen er ogs\u00e5 viktig for \u00e5 m\u00e5le effekten av det vi gj\u00f8r, slik at vi kan bli mere relevante i v\u00e5re annonser.<\/p>\n\n\n\n<p><a href=\"https:\/\/www.facebook.com\/business\/help\/742478679120153?id=1205376682832142\" target=\"_blank\" aria-label=\"undefined (\u00e5pnes i ny fane)\" rel=\"noreferrer noopener nofollow\">Her finner du Facebooks egen beskrivelse av pikselen.<\/a><\/p>\n\n\n\n<h4 id=\"google-adwords\"  class=\"wp-block-heading\" ><strong>Google Adwords<\/strong><\/h4>\n\n\n\n<p>Vi benytter Google Adwords for \u00e5 gi v\u00e5re mulige givere, medlemmer og Tidgivere relevant markedsf\u00f8ring. Cookies fra disse verkt\u00f8yene blir ogs\u00e5 brukt til \u00e5 m\u00e5le effekten av v\u00e5re digitale annonser. Det blir ikke registrert personlige opplysninger i disse cookiene og dataene er anonymisert.\u202f<a aria-label=\"undefined (\u00e5pnes i ny fane)\" href=\"https:\/\/policies.google.com\/technologies\/ads?hl=no\" target=\"_blank\" rel=\"noreferrer noopener nofollow\">Her kan du lese mer p\u00e5 Googles egne sider<\/a>.<\/p>\n\n\n\n<h4 id=\"generelle-cookie-innstillinger-i-din-nettleser\"  class=\"wp-block-heading\" ><strong>Generelle cookie-innstillinger i din nettleser<\/strong><\/h4>\n\n\n\n<p>Du bestemmer selv om du vil tillate lagring av cookies. Fra menyen i din nettleser kan du kontrollere hvilke typer cookies som blir lagret p\u00e5 din PC.<\/p>\n\n\n\n<p>Du kan ogs\u00e5 slette informasjonskapsler fra menyen i nettleseren din. De opprettes igjen neste gang du er inne p\u00e5 v\u00e5rt, eller andres nettsted, med mindre du har endret innstillingene dine til ikke \u00e5 tillate dette.\u202f\u202f<a href=\"https:\/\/nettvett.no\/slik-administrer-du-informasjonskapsler\/\" target=\"_blank\" aria-label=\"undefined (\u00e5pnes i ny fane)\" rel=\"noreferrer noopener nofollow\">Les mer p\u00e5 nettvett.no<\/a><\/p>\n\n\n\n<h2 id=\"informasjon-om-de-registrertes-rettigheter\"  class=\"wp-block-heading\" ><strong>Informasjon om de registrertes rettigheter&nbsp;<\/strong><\/h2>\n\n\n\n<ul class=\"wp-block-list\">\n<li>Du har rett til innsyn, retting, sletting, og begrensning av dine personopplysninger. Informasjon vil kun bli utlevert etter en skriftlig henvendelse til oss, for \u00e5 sikre at informasjon ikke utleveres til uvedkommende. <\/li>\n\n\n\n<li>I tillegg kan du be om dataportabilitet (at personopplysningene dine overf\u00f8res til deg eller en annen virksomhet).\u00a0<\/li>\n\n\n\n<li>Personopplysninger vi eventuelt ikke har grunnlag for \u00e5 behandle, skal slettes. Du kan kreve at dette blir gjort om vi ikke har s\u00f8rget for det p\u00e5 eget initiativ.\u00a0<\/li>\n\n\n\n<li>Du kan motsette deg v\u00e5r bruk av dine opplysninger. Du kan ogs\u00e5 motsette deg \u00e5 v\u00e6re at et dataprogram tar avgj\u00f8relser p\u00e5 dine vegne, uten at et menneske er involvert. avgj\u00f8relser av rettslig karakter.\u00a0<\/li>\n<\/ul>\n\n\n\n<h4 id=\"du-kan-lese-mer-om-dine-rettigheter-pa-datatilsynet-no\"  class=\"wp-block-heading\" >Du kan lese mer om dine rettigheter p\u00e5 datatilsynet.no.<\/h4>\n\n\n\n<p>Vi lagrer dine personopplysninger i de ovennevnte databasene s\u00e5 lenge det er n\u00f8dvendig for det form\u00e5l personopplysningene ble samlet inn for. Dette betyr for eksempel at personopplysninger vi behandler med grunnlag i ditt samtykke, slettes hvis du trekker tilbake dette samtykket. Personopplysninger vi behandler for \u00e5 oppfylle en avtale med deg slettes n\u00e5r avtalen er oppfylt og alle plikter som f\u00f8lger av avtaleforholdet er oppfylt. Normalt etter tre \u00e5r uten ytterligere aktivitet eller samtykke.<\/p>\n\n\n\n<h2 class=\"wp-block-heading\" id=\"10-kontaktinfo-ved-innsyn-retting-sletting-og-klage\"><strong>Kontaktinfo ved innsyn, retting, sletting og klage&nbsp;<\/strong>&nbsp;<\/h2>\n\n\n\n<p>Henvendelser om innsyn, retting eller sletting av personopplysninger knyttet til Bl\u00e5 Kors ferier, kan gj\u00f8res til <a href=\"mailto:ferier@blakorskrs.no\" data-type=\"mailto\" data-id=\"mailto:ferier@blakorskrs.no\">ferier@blakorskrs.no<\/a>.<\/p>\n\n\n\n<p>Henvend deg ogs\u00e5 til <a href=\"mailto:ferier@blakorskrs.no\" data-type=\"mailto\" data-id=\"mailto:ferier@blakorskrs.no\">ferier@blakorskrs.no<\/a> om du mener at Bl\u00e5 Kors sin behandling av personopplysninger ikke stemmer med informasjonen vi har gitt i denne personvernserkl\u00e6ringen, eller dersom du mener vi bryter med regler for behandling av personopplysninger. Vi har krav p\u00e5 oss til \u00e5 besvare din foresp\u00f8rsel innen 30 dager. Ved krav om innsyn vil du f\u00e5 dine personopplysninger utlevert i henhold til personopplysningsloven.<\/p>\n\n\n\n<p>Du har ogs\u00e5 anledning til \u00e5 klage til Datatilsynet. Mer informasjon om fremgang og kontaktinformasjon finner du p\u00e5 <a href=\"http:\/\/www.datatilsynet.no\" target=\"_blank\" rel=\"noopener\">www.datatilsynet.no<\/a>.<\/p>\n\n\n\n<p>Kontakt oss p\u00e5 tlf 452 71 079 eller p\u00e5 <a href=\"mailto:ferier@blakorskrs.no\" data-type=\"mailto\" data-id=\"mailto:ferier@blakorskrs.no\">ferier@blakorskrs.no<\/a> for \u00e5 rette feil i navn og adresse, for \u00e5 endre type eller antall henvendelser, for \u00e5 trekke tilbake en s\u00f8knad \u2013 eller for \u00e5 be om \u00e5 bli anonymisert\/slettet.<\/p>\n","protected":false},"excerpt":{"rendered":"<p>Denne personvernerkl\u00e6ringen gj\u00f8r rede for Bl\u00e5 Kors\u2019 h\u00e5ndtering av personopplysninger som samles inn til Bl\u00e5 Kors ferier for \u00e5 ut\u00f8ve v\u00e5re tjenester. Virksomhetsleder i Bl\u00e5 Kors ferier er ansvarlig for behandlingen av personopplysninger vedr\u00f8rende s\u00f8kere, givere, deltakere, samarbeidspartnere og tidgivere. Henvendelser for innsyn, retting eller sletting av personopplysninger kan gj\u00f8res til ferier@blakorskrs.no. Behandling av personopplysninger [&hellip;]<\/p>\n","protected":false},"author":23,"featured_media":0,"parent":0,"menu_order":0,"comment_status":"closed","ping_status":"closed","template":"","meta":{"_acf_changed":false,"_relevanssi_hide_post":"","_relevanssi_hide_content":"","_relevanssi_pin_for_all":"","_relevanssi_pin_keywords":"","_relevanssi_unpin_keywords":"","_relevanssi_related_keywords":"","_relevanssi_related_include_ids":"","_relevanssi_related_exclude_ids":"","_relevanssi_related_no_append":"","_relevanssi_related_not_related":"","_relevanssi_related_posts":"1","_relevanssi_noindex_reason":"","_custom_cards_description":"","footnotes":""},"class_list":["post-83","page","type-page","status-publish","hentry"],"acf":[],"_links":{"self":[{"href":"https:\/\/www.blakors.no\/ferier\/wp-json\/wp\/v2\/pages\/83","targetHints":{"allow":["GET"]}}],"collection":[{"href":"https:\/\/www.blakors.no\/ferier\/wp-json\/wp\/v2\/pages"}],"about":[{"href":"https:\/\/www.blakors.no\/ferier\/wp-json\/wp\/v2\/types\/page"}],"author":[{"embeddable":true,"href":"https:\/\/www.blakors.no\/ferier\/wp-json\/wp\/v2\/users\/23"}],"replies":[{"embeddable":true,"href":"https:\/\/www.blakors.no\/ferier\/wp-json\/wp\/v2\/comments?post=83"}],"version-history":[{"count":5,"href":"https:\/\/www.blakors.no\/ferier\/wp-json\/wp\/v2\/pages\/83\/revisions"}],"predecessor-version":[{"id":6009,"href":"https:\/\/www.blakors.no\/ferier\/wp-json\/wp\/v2\/pages\/83\/revisions\/6009"}],"wp:attachment":[{"href":"https:\/\/www.blakors.no\/ferier\/wp-json\/wp\/v2\/media?parent=83"}],"curies":[{"name":"wp","href":"https:\/\/api.w.org\/{rel}","templated":true}]}}