{"id":916,"date":"2020-11-17T10:45:39","date_gmt":"2020-11-17T09:45:39","guid":{"rendered":"https:\/\/www.blakors.no\/ferier\/?page_id=916"},"modified":"2023-08-08T12:30:34","modified_gmt":"2023-08-08T10:30:34","slug":"familiehelg-pa-scandic-kristiansand-bystranda","status":"publish","type":"page","link":"https:\/\/www.blakors.no\/ferier\/familiehelg-pa-scandic-kristiansand-bystranda\/","title":{"rendered":"Familiehelg p\u00e5 Scandic Kristiansand Bystranda"},"content":{"rendered":"<div class=\"custom-block-banner alignwide contenthalf\"><div class=\"banner-image\" style=\"background-image:url(https:\/\/www.blakors.no\/content\/uploads\/sites\/10\/2020\/11\/Scandic-Kristiansand-Bystranda-basseng-1024x577.jpg)\"><\/div><div class=\"banner-inner\"><div><h1 id=\"familiehelg-i-kristiansand-pa-scandic-bystranda-og-aquarama\"  class=\"title small \" >Familiehelg i Kristiansand p\u00e5 Scandic Bystranda og Aquarama<\/h1><p>Dato: fredag 18. november &#8211; s\u00f8ndag 20. november. S\u00f8knadsfrist er utg\u00e5tt (16.10.22)\r\n<\/p><\/div><\/div><\/div>\n\n\n<div class=\"wp-block-image is-style-rounded\"><figure class=\"alignright size-thumbnail is-resized\"><img loading=\"lazy\" decoding=\"async\" src=\"https:\/\/www.blakors.no\/content\/uploads\/sites\/10\/2020\/11\/Scandic-Kristiansand-Bystranda-fasade-inngang-150x150.jpg\" alt=\"Inngangen til Scandic bystranda\" class=\"wp-image-940\" width=\"180\" height=\"180\" srcset=\"https:\/\/www.blakors.no\/content\/uploads\/sites\/10\/2020\/11\/Scandic-Kristiansand-Bystranda-fasade-inngang-150x150.jpg 150w, https:\/\/www.blakors.no\/content\/uploads\/sites\/10\/2020\/11\/Scandic-Kristiansand-Bystranda-fasade-inngang-300x300.jpg 300w\" sizes=\"auto, (max-width: 180px) 100vw, 180px\" \/><figcaption>Foto: Scandic Bystranda<\/figcaption><\/figure><\/div>\n\n\n\n<h2 id=\"familiehelg-i-kristiansand\"  class=\"wp-block-heading\" >Familiehelg i Kristiansand <\/h2>\n\n\n\n<p><strong>Bl\u00e5 Kors ferier inviterer til en hyggelig familiehelg p\u00e5 <a aria-label=\"undefined (\u00e5pnes i ny fane)\" href=\"https:\/\/www.scandichotels.com\/hotels\/norway\/kristiansand\/scandic-kristiansand-bystranda\/gallery\" target=\"_blank\" rel=\"noreferrer noopener\">Scandic Kristiansand Bystranda<\/a> med bading i\u00a0<a aria-label=\"undefined (\u00e5pnes i ny fane)\" href=\"https:\/\/www.aquarama.no\/badeland\/\" target=\"_blank\" rel=\"noreferrer noopener\">Aquarama<\/a> og kos p\u00e5 hotellet fra fredag 18. november til s\u00f8ndag 20. november. S\u00f8knadsfristen for denne helgen var 16. oktober, 2022.<\/strong><\/p>\n\n\n\n<p>Scandic Kristiansand Bystranda ligger midt i&nbsp;Kristiansand&nbsp;sentrum med kort vei til togstasjon, butikker, natur og kulturopplevelser. I sentrum er det en stor lekeplass hvor barna kan boltre seg.&nbsp;<\/p>\n\n\n\n<p class=\"has-text-align-left\">Scandic Kristiansand Bystranda tilbyr familierom med plass til 4 personer.&nbsp;Vi tilpasser hotellrommene noe i forhold til st\u00f8rrelsen p\u00e5 familien, og familier p\u00e5 flere enn fire personer, m\u00e5 benytte to rom.<\/p>\n\n\n\n<h2 class=\"wp-block-heading\" id=\"h-organisert-ferie\">Organisert ferie<\/h2>\n\n\n\n<div class=\"wp-block-image is-style-rounded\"><figure class=\"alignright size-thumbnail is-resized\"><img loading=\"lazy\" decoding=\"async\" src=\"https:\/\/www.blakors.no\/content\/uploads\/sites\/10\/2020\/11\/Scandic-Kristiansand-Bystranda-lobby-150x150.jpg\" alt=\"Et hotellrom p\u00e5 Scandic med pult og dobbelseng\" class=\"wp-image-942\" width=\"180\" height=\"180\" srcset=\"https:\/\/www.blakors.no\/content\/uploads\/sites\/10\/2020\/11\/Scandic-Kristiansand-Bystranda-lobby-150x150.jpg 150w, https:\/\/www.blakors.no\/content\/uploads\/sites\/10\/2020\/11\/Scandic-Kristiansand-Bystranda-lobby-300x300.jpg 300w\" sizes=\"auto, (max-width: 180px) 100vw, 180px\" \/><figcaption>Foto: Scandic Bystranda<\/figcaption><\/figure><\/div>\n\n\n\n<p><strong>Denne familiehelgen i Kristiansand er en organisert ferie, hvor vi reiser sammen en gjeng p\u00e5 ca. 50 personer.<\/strong> Vi legger opp til felles aktivitet og felles m\u00e5ltider. Dette er en familiehelg for dere som \u00f8nsker sosialt samv\u00e6r og moro med andre. Men helgen gir ogs\u00e5 mulighet for \u00e5 gj\u00f8re ting sammen som familie. <\/p>\n\n\n\n<p>Helgen inkluderer opphold p\u00e5 hotellet, alle m\u00e5ltider og inngang til Aquarama p\u00e5 l\u00f8rdag. I tillegg vil vi legge opp til litt felles aktiviteter og kveldssamlinger p\u00e5 hotellet.<\/p>\n\n\n\n<p>Med p\u00e5 ferien vil det v\u00e6re ferieledere og Tidgivere (frivillige) som ordner praktiske gj\u00f8rem\u00e5l, og som er tilgjengelige for gjestene v\u00e5re. Foreldre har under hele oppholdet ansvar for sine egne barn. <strong>Ved bes\u00f8k til Aquarama m\u00e5 det alltid v\u00e6re en forelder til stede n\u00e5r barna bader.<\/strong><\/p>\n\n\n\n<div class=\"wp-block-image is-style-rounded\"><figure class=\"alignright size-thumbnail is-resized\"><img loading=\"lazy\" decoding=\"async\" src=\"https:\/\/www.blakors.no\/content\/uploads\/sites\/10\/2020\/11\/Scandic-Kristiansand-Bystranda-restaurant-150x150.jpg\" alt=\"Restauranten i Scandic Bystranda\" class=\"wp-image-941\" width=\"180\" height=\"180\" srcset=\"https:\/\/www.blakors.no\/content\/uploads\/sites\/10\/2020\/11\/Scandic-Kristiansand-Bystranda-restaurant-150x150.jpg 150w, https:\/\/www.blakors.no\/content\/uploads\/sites\/10\/2020\/11\/Scandic-Kristiansand-Bystranda-restaurant-300x300.jpg 300w\" sizes=\"auto, (max-width: 180px) 100vw, 180px\" \/><figcaption>Foto: Scandic Bystranda<\/figcaption><\/figure><\/div>\n\n\n\n<p><strong>Ferien gir muligheter for ro og avslapning<\/strong>, g\u00f8yale aktiviteter p\u00e5 dagtid, og gjerne hyggelig sosialt samv\u00e6r p\u00e5 kveldstid. Vi legger til rette for at barn og unge skal f\u00e5 opplevelser sammen med sine foresatte, og p\u00e5 den m\u00e5ten skape gode minner sammen.&nbsp;<\/p>\n\n\n\n<p>Velkommen!<\/p>\n\n\n\n<p><strong>S\u00f8knadsfrist er utg\u00e5tt. Denne var 16. oktober, 2022.<\/strong><br>(Foto i banner: Aquarama) <\/p>\n\n\n\n\t\t<div class=\"wp-block-blakors-expanding-fact-box\">\n\t\t\t<h3 id=\"hvem-far-vaere-med-bla-kors-ferier\"  class=\"blakors-fact-box__title\" >Hvem f\u00e5r v\u00e6re med Bl\u00e5 Kors ferier<\/h3>\n\t\t\t<div class=\"blakors-fact-box__content\">\n\t\t\t\t\n<p>Alle som fyller ut s\u00f8knadsskjemaet og som er i m\u00e5lgruppen for tiltaket (dvs. har utfordringer relatert til psykisk helse, rus eller \u00f8konomi) er kvalifiserte til \u00e5 v\u00e6re med p\u00e5 ferie med Bl\u00e5 Kors ferier. Det er ikke behov for anbefaling fra Nav, barnevernstjeneste, eller lignende. Det er heller ikke krav til at barna m\u00e5 v\u00e6re i barneskolealder.<\/p>\n\n\n\n<p>Bl\u00e5 Kors ferier opplever enorm p\u00e5gang og har ikke mulighet til \u00e5 gi et ferietilbud til alle som s\u00f8ker. Vi \u00f8nsker at de som ikke tidligere har f\u00e5tt et tilbud, enten med oss, eller andre akt\u00f8rer skal f\u00e5 en mulighet f\u00f8rst. Derfor sp\u00f8r vi alltid om familien har v\u00e6rt med p\u00e5 en annen ferie, f\u00f8r vi gir mulighet til \u00e5 v\u00e6re med p\u00e5 ferie med Bl\u00e5 Kors ferier.<\/p>\n\n\n\n<p>Det er mange som opplever \u00e5 f\u00e5 gjentatte avslag p\u00e5 s\u00f8knadene sine. Dette er dessverre helt normalt, og betyr ikke at s\u00f8knaden ikke er godkjent. Det betyr kun at det ikke var plass til din familien p\u00e5 denne ferien, og vi kan ikke annet enn beklage. Vi anbefaler \u00e5 fortsette med \u00e5 s\u00f8ke, s\u00e5 vil det forh\u00e5pentligvis bli deres tur ogs\u00e5 til slutt.<\/p>\n\n\t\t\t<\/div>\n\t\t\t<div class=\"blakors-fact-box__toggle\">\n\t\t\t\t<button class=\"blakors-fact-box__button\"><svg xmlns=\"http:\/\/www.w3.org\/2000\/svg\" viewBox=\"0 0 17.367 17.367\"><path d=\"M0-8.684v-2.133H13.2L7.16-16.91l1.523-1.523L17.367-9.75,8.684-1.066,7.109-2.59,13.2-8.684Z\" transform=\"translate(0 18.434)\" \/><\/svg><\/button>\n\t\t\t<\/div>\n\t\t<\/div>\n\n\n<h2 class=\"wp-block-heading\" id=\"h-inkludert\"><strong>Inkludert:<\/strong>&nbsp;<\/h2>\n\n\n\n<ul class=\"wp-block-list\"><li>Overnattingen p\u00e5 hotellet<\/li><li>Frokost, l\u00f8rdag og s\u00f8ndag<\/li><li>Lunsj, l\u00f8rdag<\/li><li>Middag, fredag og l\u00f8rdag<\/li><li>Inngang&nbsp;til Aquarama&nbsp;l\u00f8rdag<\/li><\/ul>\n\n\n\n<h2 class=\"wp-block-heading\" id=\"h-forsikring\"><strong>Forsikring<\/strong><strong>:<\/strong>&nbsp;<\/h2>\n\n\n\n<p>Alle deltakere dekkes av Bl\u00e5 Kors egen gruppeforsikring. Deltakere b\u00f8r ogs\u00e5 ha sin egen reiseforsikring.<\/p>\n\n\n\n<h2 class=\"wp-block-heading\" id=\"h-pris\"><strong>Pris:<\/strong>&nbsp;<\/h2>\n\n\n\n<p><strong>Ferien er gratis. Men reiseutgifter til og fra Kristiansand m\u00e5 hver familie dekke selv.<\/strong>&nbsp;Om familien er knyttet opp til NAV, barnevernstjenesten med flere, vil det v\u00e6re mulig \u00e5 s\u00f8ke om dekning av reisekostnader til og fra&nbsp;Kristiansand&nbsp;via disse.&nbsp;For gjester som kommer med buss\/tog, kan man enkelt g\u00e5 fra rutebilstasjonen\/togstasjonen og til Scandic Bystranda.<\/p>\n\n\n\n<div style=\"text-align:center;\"><iframe src=\"https:\/\/www.google.com\/maps\/embed?pb=!1m14!1m8!1m3!1d533655.2243618795!2d6.92582128908938!3d58.50140844594857!3m2!1i1024!2i768!4f13.1!3m3!1m2!1s0x0%3A0x42ed997238b71373!2sScandic%20Kristiansand%20Bystranda!5e0!3m2!1sen!2sno!4v1663230907526!5m2!1sen!2sno\" width=\"600\" height=\"450\" style=\"border:0;\" allowfullscreen=\"\" loading=\"lazy\" referrerpolicy=\"no-referrer-when-downgrade\"><\/iframe><\/div>\n\n\n\n\n\n<h2 class=\"wp-block-heading\" id=\"h-personvern\">Personvern<\/h2>\n\n\n\n<p>Ved \u00e5 sende inn en s\u00f8knad til Bl\u00e5 Kors ferier, samtykker jeg i at Bl\u00e5 Kors ferier behandler mine opplysninger i tr\u00e5d med det som st\u00e5r i personvernerkl\u00e6ringen og gjeldende regelverk. <\/p>\n\n\n\n<div class=\"wp-block-button aligncenter is-style-primary\"><a class=\"wp-block-button__link\" href=\"https:\/\/www.blakors.no\/ferier\/personvernerklaering-ferier\/\">Personvernerkl\u00e6ring<\/a><\/div>\n\n\n\n<p>Ved \u00e5 krysse av p\u00e5 hvilken m\u00e5lgruppe jeg definerer meg og min familie, s\u00e5 samtykker jeg i \u00e5 dele disse opplysningene med Bl\u00e5 Kors ferier. Ved \u00e5 oppgi mine allergier, samtykker jeg til at Bl\u00e5 Kors ferier behandler helseopplysninger om meg. Form\u00e5let med \u00e5 oppgi allergier, er at Bl\u00e5 Kors ferier kan legge til rette for \u00e5 servere trygge og helsebringende m\u00e5ltider og vurdere en passende ferie tilpasset mine behov. Alle personopplysninger blir behandlet trygt, og deles kun med utvalgte personer som trenger opplysningene for \u00e5 legge til rette for ferietilbudet. Informasjonen Bl\u00e5 Kors ferier samler inn, slettes n\u00e5r vi ikke lenger har bruk for de, eller n\u00e5r du trekker ditt samtykke for behandling av personopplysninger.<\/p>\n\n\n\n<div class=\"wp-block-buttons is-content-justification-center is-layout-flex wp-block-buttons-is-layout-flex\">\n<div class=\"wp-block-button is-style-primary\"><a class=\"wp-block-button__link\" href=\"https:\/\/www.blakors.no\/ferier\/familiehelg-pa-scandic-kristiansand-bystranda\/\">Tilbake til toppen<\/a><\/div>\n<\/div>\n","protected":false},"excerpt":{"rendered":"<p>Familiehelg i Kristiansand Bl\u00e5 Kors ferier inviterer til en hyggelig familiehelg p\u00e5 Scandic Kristiansand Bystranda med bading i\u00a0Aquarama og kos p\u00e5 hotellet fra fredag 18. november til s\u00f8ndag 20. november. S\u00f8knadsfristen for denne helgen var 16. oktober, 2022. Scandic Kristiansand Bystranda ligger midt i&nbsp;Kristiansand&nbsp;sentrum med kort vei til togstasjon, butikker, natur og kulturopplevelser. I sentrum [&hellip;]<\/p>\n","protected":false},"author":36,"featured_media":939,"parent":0,"menu_order":0,"comment_status":"closed","ping_status":"closed","template":"","meta":{"_acf_changed":false,"_relevanssi_hide_post":"","_relevanssi_hide_content":"","_relevanssi_pin_for_all":"","_relevanssi_pin_keywords":"","_relevanssi_unpin_keywords":"","_relevanssi_related_keywords":"","_relevanssi_related_include_ids":"","_relevanssi_related_exclude_ids":"","_relevanssi_related_no_append":"","_relevanssi_related_not_related":"","_relevanssi_related_posts":"1","_relevanssi_noindex_reason":"","_custom_cards_description":"","footnotes":""},"class_list":["post-916","page","type-page","status-publish","has-post-thumbnail","hentry"],"acf":[],"_links":{"self":[{"href":"https:\/\/www.blakors.no\/ferier\/wp-json\/wp\/v2\/pages\/916","targetHints":{"allow":["GET"]}}],"collection":[{"href":"https:\/\/www.blakors.no\/ferier\/wp-json\/wp\/v2\/pages"}],"about":[{"href":"https:\/\/www.blakors.no\/ferier\/wp-json\/wp\/v2\/types\/page"}],"author":[{"embeddable":true,"href":"https:\/\/www.blakors.no\/ferier\/wp-json\/wp\/v2\/users\/36"}],"replies":[{"embeddable":true,"href":"https:\/\/www.blakors.no\/ferier\/wp-json\/wp\/v2\/comments?post=916"}],"version-history":[{"count":5,"href":"https:\/\/www.blakors.no\/ferier\/wp-json\/wp\/v2\/pages\/916\/revisions"}],"predecessor-version":[{"id":3965,"href":"https:\/\/www.blakors.no\/ferier\/wp-json\/wp\/v2\/pages\/916\/revisions\/3965"}],"wp:featuredmedia":[{"embeddable":true,"href":"https:\/\/www.blakors.no\/ferier\/wp-json\/wp\/v2\/media\/939"}],"wp:attachment":[{"href":"https:\/\/www.blakors.no\/ferier\/wp-json\/wp\/v2\/media?parent=916"}],"curies":[{"name":"wp","href":"https:\/\/api.w.org\/{rel}","templated":true}]}}