{"id":23,"date":"2023-04-05T10:11:02","date_gmt":"2023-04-05T08:11:02","guid":{"rendered":"https:\/\/www.blakors.no\/gatenaert\/?page_id=23"},"modified":"2025-08-06T14:47:15","modified_gmt":"2025-08-06T12:47:15","slug":"horten","status":"publish","type":"page","link":"https:\/\/www.blakors.no\/gatenaert\/horten\/","title":{"rendered":"Bl\u00e5 Kors gaten\u00e6rt Horten"},"content":{"rendered":"\n\t<div style=\"--t2-hero-dim:0;\" class=\"t2-hero t2-hero-content-position-center-left t2-hero-has-dim-0 alignfull wp-block-t2-hero has-background has-blue-light-background-color\">\n\t\t\n\t\t<div class=\"t2-hero__header\"><div class=\"t2-hero__header__content\">\n\n<h1 id=\"bla-kors-gatenaert-horten\"  class=\"wp-block-heading\" >Bl\u00e5 Kors gaten\u00e6rt Horten<\/h1>\n\n\n\n<p>Bl\u00e5 Kors gaten\u00e6rt \u00abhuset\u00bb i Horten hjelper mennesker i aktiv rus ut av ensomhet og utenforskap til felleskap og mening. Vi tilbyr et v\u00e6rested og en sosial m\u00f8teplass med matservering, matutdeling og en rekke forskjellige aktiviteter.<\/p>\n\n<\/div><\/div>\n\t<\/div>\n\n\n<div class=\"wp-block-rank-math-toc-block\" id=\"rank-math-toc\"><p class=\"title-wrapper\"><button id=\"hopp-til\" class=\"blakors-table-of-contents-toggle\" aria-expanded=\"true\">\n\t\t\t<strong>Hopp til<\/strong>\n\t\t\t<svg xmlns=\"http:\/\/www.w3.org\/2000\/svg\" viewBox=\"0 0 24 24\" height=\"24\" width=\"24\" class=\"t2-icon t2-icon-chevrondown\" aria-hidden=\"true\" focusable=\"false\"><path d=\"M12 14.9c-.1 0-.3 0-.4-.1-.1 0-.2-.1-.3-.2L6.7 10c-.2-.1-.3-.4-.3-.6 0-.3.1-.5.3-.7.2-.2.4-.3.7-.3s.5.1.7.3l3.9 3.9 3.9-3.9c.2-.2.4-.3.7-.3.3 0 .5.1.7.3.2.2.3.4.3.7s-.1.5-.3.7l-4.6 4.6c-.1.1-.2.2-.3.2H12z\" fill=\"currentColor\" \/><\/svg>\n\t\t<\/button><\/p><nav><ul><li class=\"\"><a href=\"#bla-kors-gatenaert-horten-tilbyr\">Bl\u00e5 Kors gaten\u00e6rt Horten tilbyr<\/a><\/li><li class=\"\"><a href=\"#p\">Praktisk informasjon<\/a><\/li><li class=\"\"><a href=\"#her-finner-du-oss\">Her finner du oss<\/a><\/li><li class=\"\"><a href=\"#d\">Disse m\u00f8ter du hos Bl\u00e5 Kors gaten\u00e6rt Horten<\/a><\/li><\/ul><\/nav><\/div>\n\n\n\n<figure class=\"wp-block-image alignwide size-full\"><img loading=\"lazy\" decoding=\"async\" width=\"3840\" height=\"2646\" src=\"https:\/\/www.blakors.no\/content\/uploads\/sites\/38\/2024\/01\/Y1A2534-1-scaled.jpg\" alt=\"Trivelig stemning i kafeen,\" class=\"wp-image-1467\" srcset=\"https:\/\/www.blakors.no\/content\/uploads\/sites\/38\/2024\/01\/Y1A2534-1-scaled.jpg 3840w, https:\/\/www.blakors.no\/content\/uploads\/sites\/38\/2024\/01\/Y1A2534-1-300x207.jpg 300w, https:\/\/www.blakors.no\/content\/uploads\/sites\/38\/2024\/01\/Y1A2534-1-1024x705.jpg 1024w, https:\/\/www.blakors.no\/content\/uploads\/sites\/38\/2024\/01\/Y1A2534-1-768x529.jpg 768w, https:\/\/www.blakors.no\/content\/uploads\/sites\/38\/2024\/01\/Y1A2534-1-1536x1058.jpg 1536w, https:\/\/www.blakors.no\/content\/uploads\/sites\/38\/2024\/01\/Y1A2534-1-2048x1411.jpg 2048w\" sizes=\"auto, (max-width: 3840px) 100vw, 3840px\" \/><\/figure>\n\n\n\n<h2 class=\"wp-block-heading\" id=\"bla-kors-gatenaert-horten-tilbyr\">Bl\u00e5 Kors gaten\u00e6rt Horten tilbyr<\/h2>\n\n\n\n<p>V\u00e5re gjester som kommer til Bl\u00e5 Kors gaten\u00e6rt Horten serverer vi b\u00e5de frokost og middag, fire dager i uken. I tillegg f\u00e5r gjestene tilbud om samtaler, veiledning, og \u00f8konomisk og juridisk r\u00e5dgivning.<\/p>\n\n\n\n<p>Bl\u00e5 Kors gaten\u00e6rt Horten jobber med mennesker med store utfordringer i livet. I v\u00e5rt arbeid legger vi vekt p\u00e5 hvert menneskes verdi, og at det finnes h\u00e5p for alle.<\/p>\n\n\n\n<h3 class=\"wp-block-heading\" id=\"h-mat-og-drikke\"><strong>Mat og drikke<\/strong><\/h3>\n\n\n\n<p>Til daglig har vi \u00e5pen gaten\u00e6r kafe mandager, onsdager, torsdager og fredager mellom kl. 9.30 og 14.30. Da serveres frokost og middag. Bes\u00f8kstallet er gjerne mellom 25 og 45 daglig. Det servers mellom 40 og 70 m\u00e5ltider hver dag.<\/p>\n\n\n\n<p>En viktig del av kafedriften foruten maten som serveres, er det sosiale fellesskapet. I en nylig utf\u00f8rt gjesteunders\u00f8kelse, svarer faktisk flest at det sosiale betyr like mye som maten.<\/p>\n\n\n\n<p>For oss er det viktig at maten er av god kvalitet og at det serveres sunne og gode m\u00e5ltider. For folk som sliter b\u00e5de med rus, psykiatri og d\u00e5rlig r\u00e5d, blir dessverre ikke mat prioritert s\u00e6rlig h\u00f8yt. Derfor er v\u00e5rt bidrag til nettopp det s\u00e5 viktig.<\/p>\n\n\n\n<p>N\u00e5r du kommer til Bl\u00e5 Kors Horten, blir du m\u00f8tt av et hyggelig personale som tar deg imot og gir deg god mat.<\/p>\n\n\n\n<p>Maten vi serverer henter vi i butikker rundt i kommunen v\u00e5r. Vi lever stort sett p\u00e5 mat som er ferd med \u00e5 g\u00e5 ut p\u00e5 dato eller har gjort det. Men ingen har noen gang rapportert at de har blitt d\u00e5rlige av maten vi serverer.<\/p>\n\n\n\n<p>Maten tilberedes av v\u00e5re tidgivere som klarer \u00e5 lage \u00abgull av gr\u00e5stein\u00bb. Gjestene er godt forn\u00f8yd med det som blir servert, noe som vises i at antallet gjester er i stadig vekst.<\/p>\n\n\n\n<p>Du er alltid velkommen til Bl\u00e5 Kors Horten. Det er et lavterskeltilbud og vi spr\u00f8 hverken etter sosial status, \u00f8konomi eller andre forhold. S\u00e5 velkommen til Bl\u00e5 Kors Horten.<\/p>\n\n\n\n<h3 id=\"matkasser\"  class=\"wp-block-heading\" >Matkasser<\/h3>\n\n\n\n<p>Siden pandemien br\u00f8t ut har vi hver 14. dag levert ut mat til familier som sliter. Den maten henter vi p\u00e5 Matsentralen i Larvik. Ogs\u00e5 dette er et lavterskeltilbud. Vi s\u00e5 at behovet var til stede, men det var pandemien og den situasjonen den satte mange familier i, som gav oss det sparket vi trengte for \u00e5 komme i gang. Den f\u00f8rste tiden var det rundt 30 familier som kom. N\u00e5, p\u00e5 slutten av 2023, er det ikke uvanlig at det kommer 100 familier. S\u00e5 behovet for denne tjenesten er helt klart til stede.<\/p>\n\n\n\n<p>Vi har en egen stab av tidgivere som tar seg av denne delen av virksomheten. Men som ved de daglige m\u00e5ltidene, s\u00e5 vet vi aldri hva vi har \u00e5 dele ut. Det er helt avhengig av hva vi f\u00e5r fra Matsentralen. Av og til m\u00e5 vi ogs\u00e5 handle inn noe for at det skal bli noe i posene. Og dessverre hender det at folk m\u00e5 g\u00e5 tomhendte bort. Men vi fors\u00f8ker s\u00e5 godt vi kan og gi folk som sliter litt oppmuntring og et godt bidrag til et trangt matbudsjett<\/p>\n\n\n\n<h3 id=\"boligsosialt-arbeid\"  class=\"wp-block-heading\" >Boligsosialt arbeid<\/h3>\n\n\n\n<p>Det er en kjent sak at mange av v\u00e5re gjester ikke er spesielt gode p\u00e5 det \u00e5 bo. Derfor tilbyr vi via v\u00e5r milj\u00f8arbeider \u00e5 stille opp for \u00e5 hjelpe til \u00e5 f\u00e5 orden og struktur p\u00e5 stedet man bor. Dette har blitt en viktig bit i milj\u00f8arbeiderens daglige virke. Dette er en relativt ny del av v\u00e5r virksomhet, men vi har allerede sett at n\u00e5r vi hjelper en, er det fler som \u00f8nsker den samme hjelpen. Det er positivt.<\/p>\n\n\n\n<h3 id=\"sosionom-tjenester\"  class=\"wp-block-heading\" >Sosionom tjenester<\/h3>\n\n\n\n<p>For tiden har vi ingen ansatte som sosionom. Men det betyr ikke at vi ikke&nbsp; utf\u00f8rer sosionom tjenester. Mange av v\u00e5re faste gjester sliter med kontakt med det offentlige, men den nye digitale hverdagen og andre praktiske til i sine liv. For \u00e5 avhjelpe dette er b\u00e5de milj\u00f8arbeider og daglig leder p\u00e5 plass for \u00e5 hjelpe. Det kan v\u00e6re vanskelig n\u00e5r det meste av kontakt med bank eller offentlige tjenester krever digitale ferdigheter og bank-id. Men dette hjelper vi med.<\/p>\n\n\n\n<h3 id=\"nav\"  class=\"wp-block-heading\" >NAV<\/h3>\n\n\n\n<p>Nytt hos oss i \u00e5r er at NAV har kommet til oss. Terskelen for \u00e5 bes\u00f8ke NAV er h\u00f8y hos v\u00e5re gjester. Vi har derfor fors\u00f8kt \u00e5 f\u00e5 NAV til \u00e5 komme til&nbsp; oss. N\u00e5 er de hos oss en gang pr. m\u00e5ned. Det har fungert veldig bra. Allerede f\u00f8rste gangen de var her, var det flere som benyttet seg av bes\u00f8ket. Det er to faste ansatte i NAV som er her. De har tilpasset seg p\u00e5 en veldig bra m\u00e5te og vi setter stor pris p\u00e5 at de har signalisert at de fortsetter ogs\u00e5 etter nytt\u00e5r 2024.<\/p>\n\n\n\n<h3 id=\"aktiviteter\"  class=\"wp-block-heading\" >Aktiviteter<\/h3>\n\n\n\n<p>En viktig bit i v\u00e5r virksomhet er \u00e5 skape ulike aktiviteter for v\u00e5re gjester. Det arrangeres turer til ulike m\u00e5l som pipeline i Holmenkollen, aketurer, hytteturer og turer i skog og mark. Vi er heldige i Horten som har anledning til \u00e5 l\u00e5ne bussen til Frivillighuset. Den har vist seg \u00e5 v\u00e6re et viktig verkt\u00f8y for oss n\u00e5r vi skal p\u00e5 tur rundt i landet v\u00e5rt.<\/p>\n\n\n\n<h3 class=\"wp-block-heading\" id=\"bli-frivillig-som-tidgiver\"><strong>Bli frivillig som Tidgiver<\/strong><\/h3>\n\n\n\n<p>Frivillige i Bl\u00e5 Kors kalles Tidgiver. Som Tidgiver tar du med deg din livserfaring i m\u00f8te med folk som har en litt annen bagasje enn deg selv. Du bringer nye perspektiver inn, og f\u00e5r med deg nye ut, som helt sikkert vil gj\u00f8re at ogs\u00e5 du vokser som menneske.<\/p>\n\n\n\n<p>Ved Bl\u00e5 Kors Horten kan du bidra, uten \u00e5 gj\u00f8re noe annet enn du pleier.&nbsp;Ta del i aktiviteter,&nbsp;ta del i et m\u00e5ltid \u2013 eller&nbsp;ta del i en god prat over en kaffekopp. Behovene er forskjellige.&nbsp;Det som kan virke ubetydelig og hverdagslig kan v\u00e6re sv\u00e6rt viktig for andre.<\/p>\n\n\n\n<div class=\"custom-block-cta no-icon\">\n\t<div class=\"text-button-container\"><div class=\"text\">Ha du lyst til \u00e5 bli Tidgiver? Les mer eller kontakt oss direkte p\u00e5 telefon. <\/div><div class=\"wp-block-button is-style-primary\"><a class=\"wp-block-button__link\" href=\"https:\/\/www.blakors.no\/tidgiver\/\" target=\"\">Bli en Tidgiver<\/a><\/div><\/div><\/div>\n\n\n\n<h2 class=\"wp-block-heading\" id=\"p\">Praktisk informasjon<\/h2>\n\n\n\n<div class=\"wp-block-group has-pink-light-background-color has-background is-layout-constrained wp-block-group-is-layout-constrained\">\n<h3 class=\"wp-block-heading\" id=\"\u00bbh-apningstider\u00bb\">\u00c5pningstider<\/h3>\n\n\n\n<p>Mandag, onsdag, torsdag og fredag: 09.30 \u2013 14.30<\/p>\n\n\n\n<ul class=\"wp-block-social-links is-layout-flex wp-block-social-links-is-layout-flex\"><li class=\"wp-social-link wp-social-link-facebook  wp-block-social-link\"><a href=\"https:\/\/www.facebook.com\/Bla-Kors-Horten\" class=\"wp-block-social-link-anchor\" target=\"_blank\" rel=\"noopener\"><svg width=\"24\" height=\"24\" viewBox=\"0 0 24 24\" version=\"1.1\" xmlns=\"http:\/\/www.w3.org\/2000\/svg\" aria-hidden=\"true\" focusable=\"false\"><path d=\"M12 2C6.5 2 2 6.5 2 12c0 5 3.7 9.1 8.4 9.9v-7H7.9V12h2.5V9.8c0-2.5 1.5-3.9 3.8-3.9 1.1 0 2.2.2 2.2.2v2.5h-1.3c-1.2 0-1.6.8-1.6 1.6V12h2.8l-.4 2.9h-2.3v7C18.3 21.1 22 17 22 12c0-5.5-4.5-10-10-10z\"><\/path><\/svg><span class=\"wp-block-social-link-label screen-reader-text\">Facebook<\/span><\/a><\/li><\/ul>\n<\/div>\n\n\n<div class=\"t2-accordion wp-block-t2-accordion\" data-allow-multiple=\"1\" role=\"list\"><div class=\"t2-accordion-item wp-block-t2-accordion-item\" role=\"listitem\">\n\t\t\t<h2 class=\"t2-accordion-title\">\n\t\t\t\t<button type=\"button\" class=\"t2-accordion-trigger\" id=\"telefonnummer\" aria-controls=\"accordion-panel\" aria-expanded=\"false\">\n\t\t\t\t\tTelefonnummer\n\t\t\t\t\t<span class=\"t2-accordion-icon is-closed-icon\"><svg xmlns=\"http:\/\/www.w3.org\/2000\/svg\" viewBox=\"0 0 24 24\" height=\"24\" width=\"24\" class=\"t2-icon t2-icon-chevrondown\" aria-hidden=\"true\" focusable=\"false\"><path d=\"M12 14.9c-.1 0-.3 0-.4-.1-.1 0-.2-.1-.3-.2L6.7 10c-.2-.1-.3-.4-.3-.6 0-.3.1-.5.3-.7.2-.2.4-.3.7-.3s.5.1.7.3l3.9 3.9 3.9-3.9c.2-.2.4-.3.7-.3.3 0 .5.1.7.3.2.2.3.4.3.7s-.1.5-.3.7l-4.6 4.6c-.1.1-.2.2-.3.2H12z\" fill=\"currentColor\" \/><\/svg><\/span>\n\t\t\t\t\t<span class=\"t2-accordion-icon is-open-icon\"><svg xmlns=\"http:\/\/www.w3.org\/2000\/svg\" viewBox=\"0 0 24 24\" height=\"24\" width=\"24\" class=\"t2-icon t2-icon-chevronup\" aria-hidden=\"true\" focusable=\"false\"><path d=\"M6.7 14.7c-.2-.2-.3-.4-.3-.7s.1-.5.3-.7l4.6-4.6c.1-.1.2-.2.3-.2.1 0 .2-.1.4-.1.1 0 .3 0 .4.1.1 0 .2.1.3.2l4.6 4.6c.2.2.3.4.3.7s-.1.5-.3.7c-.2.2-.4.3-.7.3s-.5-.1-.7-.3L12 10.8l-3.9 3.9c-.2.2-.4.3-.7.3s-.5-.1-.7-.3z\" fill=\"currentColor\" \/><\/svg><\/span>\n\t\t\t\t<\/button>\n\t\t\t<\/h2>\n\t\t\t<div class=\"t2-accordion-item__inner-container is-layout-flow\" id=\"accordion-panel\" aria-labelledby=\"telefonnummer\" role=\"region\" hidden>\n\t\t\t\t\n\t\t\t\t<p>902 82 360<\/p>\n\n\t\t\t\n\t\t\t<\/div>\n\t\t<\/div><div class=\"t2-accordion-item wp-block-t2-accordion-item\" role=\"listitem\">\n\t\t\t<h2 class=\"t2-accordion-title\">\n\t\t\t\t<button type=\"button\" class=\"t2-accordion-trigger\" id=\"hvor-finner-du-bl\u00e5-kors-gaten\u00e6rt-horten?\" aria-controls=\"accordion-panel-1\" aria-expanded=\"false\">\n\t\t\t\t\tHvor finner du Bl\u00e5 Kors gaten\u00e6rt Horten?\n\t\t\t\t\t<span class=\"t2-accordion-icon is-closed-icon\"><svg xmlns=\"http:\/\/www.w3.org\/2000\/svg\" viewBox=\"0 0 24 24\" height=\"24\" width=\"24\" class=\"t2-icon t2-icon-chevrondown\" aria-hidden=\"true\" focusable=\"false\"><path d=\"M12 14.9c-.1 0-.3 0-.4-.1-.1 0-.2-.1-.3-.2L6.7 10c-.2-.1-.3-.4-.3-.6 0-.3.1-.5.3-.7.2-.2.4-.3.7-.3s.5.1.7.3l3.9 3.9 3.9-3.9c.2-.2.4-.3.7-.3.3 0 .5.1.7.3.2.2.3.4.3.7s-.1.5-.3.7l-4.6 4.6c-.1.1-.2.2-.3.2H12z\" fill=\"currentColor\" \/><\/svg><\/span>\n\t\t\t\t\t<span class=\"t2-accordion-icon is-open-icon\"><svg xmlns=\"http:\/\/www.w3.org\/2000\/svg\" viewBox=\"0 0 24 24\" height=\"24\" width=\"24\" class=\"t2-icon t2-icon-chevronup\" aria-hidden=\"true\" focusable=\"false\"><path d=\"M6.7 14.7c-.2-.2-.3-.4-.3-.7s.1-.5.3-.7l4.6-4.6c.1-.1.2-.2.3-.2.1 0 .2-.1.4-.1.1 0 .3 0 .4.1.1 0 .2.1.3.2l4.6 4.6c.2.2.3.4.3.7s-.1.5-.3.7c-.2.2-.4.3-.7.3s-.5-.1-.7-.3L12 10.8l-3.9 3.9c-.2.2-.4.3-.7.3s-.5-.1-.7-.3z\" fill=\"currentColor\" \/><\/svg><\/span>\n\t\t\t\t<\/button>\n\t\t\t<\/h2>\n\t\t\t<div class=\"t2-accordion-item__inner-container is-layout-flow\" id=\"accordion-panel-1\" aria-labelledby=\"hvor-finner-du-bl\u00e5-kors-gaten\u00e6rt-horten?\" role=\"region\" hidden>\n\t\t\t\t\n\t\t\t\t<p>Bl\u00e5 Kors gaten\u00e6rt Horten finner du i Geelmuydens gate 8, 3182 Horten<\/p>\n\n\t\t\t\n\t\t\t<\/div>\n\t\t<\/div><\/div>\n\n\n<div class=\"wp-block-group is-layout-constrained wp-block-group-is-layout-constrained\">\n<h2 class=\"wp-block-heading\" id=\"her-finner-du-oss\">Her finner du oss<\/h2>\n\n\n\n<iframe src=\"https:\/\/www.google.com\/maps\/embed?pb=!1m18!1m12!1m3!1d2030.2680913068982!2d10.474255912391426!3d59.41192280430141!2m3!1f0!2f0!3f0!3m2!1i1024!2i768!4f13.1!3m3!1m2!1s0x4646b4b71c675c77%3A0xb4f9ec9b62dbb515!2sBl%C3%A5%20Kors%20Horten!5e0!3m2!1sno!2sno!4v1680681955509!5m2!1sno!2sno\" width=\"100%\" height=\"100%\" style=\"border:0;\" allowfullscreen=\"\" loading=\"lazy\" referrerpolicy=\"no-referrer-when-downgrade\"><\/iframe>\n<\/div>\n\n\n\n<h2 class=\"wp-block-heading\" id=\"d\">Disse m\u00f8ter du hos Bl\u00e5 Kors gaten\u00e6rt Horten<\/h2>\n\n\n<div class=\"t2-featured-content-layout alignwide alignwide wp-block-blakors-multisite-query-loop wp-block-t2-featured-content-layout\" role=\"list\">\n\t\t\t\t<div class=\"t2-featured-single-post t2-featured-content-layout-col-6 t2-featured-content is-post-type-person t2-featured-content-layout-col-6 wp-block-t2-featured-single-post\"><figure style=\"--t2-focal-point: 50% 50%;\" class=\"t2-post-featured-image has-image-ratio-1-1 wp-block-t2-post-featured-image\"><img loading=\"lazy\" decoding=\"async\" width=\"929\" height=\"1405\" src=\"https:\/\/www.blakors.no\/content\/uploads\/sites\/38\/2023\/08\/Bjorn.jpg\" class=\"attachment-post-thumbnail size-post-thumbnail wp-post-image\" alt=\"\" srcset=\"https:\/\/www.blakors.no\/content\/uploads\/sites\/38\/2023\/08\/Bjorn.jpg 929w, https:\/\/www.blakors.no\/content\/uploads\/sites\/38\/2023\/08\/Bjorn-198x300.jpg 198w, https:\/\/www.blakors.no\/content\/uploads\/sites\/38\/2023\/08\/Bjorn-677x1024.jpg 677w, https:\/\/www.blakors.no\/content\/uploads\/sites\/38\/2023\/08\/Bjorn-768x1162.jpg 768w\" sizes=\"auto, (min-width: 782px) 768px, 100vw\" \/><\/figure>\n\n<div class=\"wp-block-group alignfull is-layout-flow wp-block-group-is-layout-flow\">\n\t<div class=\"t2-post-dynamic-part is-source-filter filter-person_card_meta post-meta wp-block-t2-post-dynamic-part\"><div class=\"title\"><h2 id=\"bjorn-lindvig\"  class=\"t2-post-title wp-block-t2-post-title\" >Bj\u00f8rn Lindvig<\/h2><p class=\"position\">Daglig leder<\/p><\/div><div class=\"contact-info\"><p class=\"phone\"><a href=\"tel:+4740404284\">40 40 42 84<\/a><\/p><p class=\"email\"><a href=\"mailto:bjorn.lindvig@blakors.no\">bjorn.lindvig@blakors.no<\/a><\/p><\/div><\/div>\n<\/div>\n\n<\/div>\n\t\t\t\t\n\t\t\t<\/div>\n\n\n\t\t<div class=\"wp-block-blakors-expanding-fact-box\">\n\t\t\t<h3 id=\"tilbud-pa-huset\"  class=\"blakors-fact-box__title\" >Tilbud p\u00e5 \u00abhuset\u00bb<\/h3>\n\t\t\t<div class=\"blakors-fact-box__content\">\n\t\t\t\t\n\n<p>Vi fors\u00f8ker \u00e5 lage et godt milj\u00f8 b\u00e5de for v\u00e5re gjester og for v\u00e5re tidgivere. Mange av v\u00e5re gjester sliter med det moderne samfunnet hvor mye foreg\u00e5r p\u00e5 nett. <\/p>\n\n\n\n<p>De f\u00e5r hjelp av enten erfaringskonsulent eller daglig leder med de utfordringer den digitale hverdagen byr p\u00e5. <\/p>\n\n\n\n<p>Det \u00e5 bes\u00f8ke offentlige instanser som f.eks. NAV, kan for mange by p\u00e5 uoverstigelige hinder. Det er derfor en stor glede for oss at NAV n\u00e5 kommer til oss. NAV f\u00e5r n\u00e5 faste m\u00f8tetider p\u00e5 huset hvor v\u00e5re gjester kan treffe saksbehandler som, i mange tilfeller, kan l\u00f8se deres saker der og da, eller hjelpe dem til \u00e5 finne l\u00f8sninger. M\u00e5let er \u00e5 yte best mulig hjelp og \u00e5 ufarliggj\u00f8re NAV: <\/p>\n\n\n\n<p>Ellers foreg\u00e5r det mange nyttige samtaler mellom v\u00e5re gjester og v\u00e5re tidgivere hver eneste dag. <\/p>\n\n\n\t\t\t<\/div>\n\t\t\t<div class=\"blakors-fact-box__toggle\">\n\t\t\t\t<button class=\"blakors-fact-box__button\"><svg xmlns=\"http:\/\/www.w3.org\/2000\/svg\" viewBox=\"0 0 17.367 17.367\"><path d=\"M0-8.684v-2.133H13.2L7.16-16.91l1.523-1.523L17.367-9.75,8.684-1.066,7.109-2.59,13.2-8.684Z\" transform=\"translate(0 18.434)\" \/><\/svg><\/button>\n\t\t\t<\/div>\n\t\t<\/div>\n\n\n<div class=\"custom-block-factbox is-style-violet\">\n\t<h4 style=\"text-align: center\">Vil du st\u00f8tte<br \/>\nBl\u00e5 Kors gaten\u00e6rt Horten?<br \/>\nVIPPS til 541878<\/h4>\n<\/div>\n\n\n\n<p><\/p>\n","protected":false},"excerpt":{"rendered":"<p>Bl\u00e5 Kors gaten\u00e6rt Horten tilbyr V\u00e5re gjester som kommer til Bl\u00e5 Kors gaten\u00e6rt Horten serverer vi b\u00e5de frokost og middag, fire dager i uken. I tillegg f\u00e5r gjestene tilbud om samtaler, veiledning, og \u00f8konomisk og juridisk r\u00e5dgivning. Bl\u00e5 Kors gaten\u00e6rt Horten jobber med mennesker med store utfordringer i livet. I v\u00e5rt arbeid legger vi vekt [&hellip;]<\/p>\n","protected":false},"author":86,"featured_media":1467,"parent":0,"menu_order":0,"comment_status":"closed","ping_status":"closed","template":"","meta":{"_acf_changed":false,"_relevanssi_hide_post":"","_relevanssi_hide_content":"","_relevanssi_pin_for_all":"","_relevanssi_pin_keywords":"","_relevanssi_unpin_keywords":"","_relevanssi_related_keywords":"","_relevanssi_related_include_ids":"","_relevanssi_related_exclude_ids":"","_relevanssi_related_no_append":"","_relevanssi_related_not_related":"","_relevanssi_related_posts":"195","_relevanssi_noindex_reason":"","_custom_cards_description":"","footnotes":""},"class_list":["post-23","page","type-page","status-publish","has-post-thumbnail","hentry"],"acf":[],"_links":{"self":[{"href":"https:\/\/www.blakors.no\/gatenaert\/wp-json\/wp\/v2\/pages\/23","targetHints":{"allow":["GET"]}}],"collection":[{"href":"https:\/\/www.blakors.no\/gatenaert\/wp-json\/wp\/v2\/pages"}],"about":[{"href":"https:\/\/www.blakors.no\/gatenaert\/wp-json\/wp\/v2\/types\/page"}],"author":[{"embeddable":true,"href":"https:\/\/www.blakors.no\/gatenaert\/wp-json\/wp\/v2\/users\/86"}],"replies":[{"embeddable":true,"href":"https:\/\/www.blakors.no\/gatenaert\/wp-json\/wp\/v2\/comments?post=23"}],"version-history":[{"count":5,"href":"https:\/\/www.blakors.no\/gatenaert\/wp-json\/wp\/v2\/pages\/23\/revisions"}],"predecessor-version":[{"id":2665,"href":"https:\/\/www.blakors.no\/gatenaert\/wp-json\/wp\/v2\/pages\/23\/revisions\/2665"}],"wp:featuredmedia":[{"embeddable":true,"href":"https:\/\/www.blakors.no\/gatenaert\/wp-json\/wp\/v2\/media\/1467"}],"wp:attachment":[{"href":"https:\/\/www.blakors.no\/gatenaert\/wp-json\/wp\/v2\/media?parent=23"}],"curies":[{"name":"wp","href":"https:\/\/api.w.org\/{rel}","templated":true}]}}