{"id":28,"date":"2023-04-05T10:22:29","date_gmt":"2023-04-05T08:22:29","guid":{"rendered":"https:\/\/www.blakors.no\/gatenaert\/?page_id=28"},"modified":"2025-08-06T14:56:02","modified_gmt":"2025-08-06T12:56:02","slug":"kampen","status":"publish","type":"page","link":"https:\/\/www.blakors.no\/gatenaert\/kampen\/","title":{"rendered":"Bl\u00e5 Kors gaten\u00e6rt Gj\u00f8vik"},"content":{"rendered":"\n\t<div style=\"--t2-hero-dim:0;\" class=\"t2-hero t2-hero-content-position-center-left t2-hero-has-dim-0 alignfull wp-block-t2-hero has-background has-blue-light-background-color\">\n\t\t\n\t\t<div class=\"t2-hero__header\"><div class=\"t2-hero__header__content\">\n\n<h1 class=\"wp-block-heading\" id=\"bla-kors-gatenaert-gjovik\">Bl\u00e5 Kors gaten\u00e6rt Gj\u00f8vik<\/h1>\n\n\n\n<p>Hos Bl\u00e5 Kors gaten\u00e6rt Gj\u00f8vik er alle velkomne som trenger litt ekstra st\u00f8tte, eller bare vil stikke innom. Ikke bare de som har \u2013 eller har hatt \u2013 et rusproblem. Middag til en billig penge, kaffe og ei br\u00f8dskive, eller en prat rundt bordet er for mange et lyspunkt i en t\u00f8ff hverdag.<\/p>\n\n<\/div><\/div>\n\t<\/div>\n\n\n<div class=\"wp-block-rank-math-toc-block\" id=\"rank-math-toc\"><p class=\"title-wrapper\"><button id=\"hopp-til\" class=\"blakors-table-of-contents-toggle\" aria-expanded=\"true\">\n\t\t\t<strong>Hopp til<\/strong>\n\t\t\t<svg xmlns=\"http:\/\/www.w3.org\/2000\/svg\" viewBox=\"0 0 24 24\" height=\"24\" width=\"24\" class=\"t2-icon t2-icon-chevrondown\" aria-hidden=\"true\" focusable=\"false\"><path d=\"M12 14.9c-.1 0-.3 0-.4-.1-.1 0-.2-.1-.3-.2L6.7 10c-.2-.1-.3-.4-.3-.6 0-.3.1-.5.3-.7.2-.2.4-.3.7-.3s.5.1.7.3l3.9 3.9 3.9-3.9c.2-.2.4-.3.7-.3.3 0 .5.1.7.3.2.2.3.4.3.7s-.1.5-.3.7l-4.6 4.6c-.1.1-.2.2-.3.2H12z\" fill=\"currentColor\" \/><\/svg>\n\t\t<\/button><\/p><nav><ul><li class=\"\"><a href=\"#bla-kors-gatenaert-gjovik-tilbyr\">Bl\u00e5 Kors gaten\u00e6rt Gj\u00f8vik tilbyr<\/a><\/li><li class=\"\"><a href=\"#praktisk-informasjon\">Praktisk informasjon<\/a><\/li><li class=\"\"><a href=\"#k\">Kontakt oss<\/a><\/li><li class=\"\"><a href=\"#her-finner-du-oss\">Her finner du oss<\/a><\/li><\/ul><\/nav><\/div>\n\n\n\n<h2 class=\"wp-block-heading\" id=\"bla-kors-gatenaert-gjovik-tilbyr\">Bl\u00e5 Kors gaten\u00e6rt Gj\u00f8vik tilbyr<\/h2>\n\n\n\n<p>V\u00e5rt tilbud er til for rusavhengige i Gj\u00f8vik og omegn. Vi \u00f8nsker \u00e5 v\u00e6re til hjelp i den livssituasjonen du er i her og n\u00e5, enten det er bolig, \u00f8konomi, rusavhengighet, ensomhet, eller at du trenger mat!<\/p>\n\n\n\n<figure class=\"wp-block-image size-full\"><img loading=\"lazy\" decoding=\"async\" width=\"3840\" height=\"2561\" src=\"https:\/\/www.blakors.no\/content\/uploads\/sites\/38\/2024\/02\/Y1A6757-scaled.jpg\" alt=\"En gjest holder en kaffekopp.\" class=\"wp-image-1473\" srcset=\"https:\/\/www.blakors.no\/content\/uploads\/sites\/38\/2024\/02\/Y1A6757-scaled.jpg 3840w, https:\/\/www.blakors.no\/content\/uploads\/sites\/38\/2024\/02\/Y1A6757-300x200.jpg 300w, https:\/\/www.blakors.no\/content\/uploads\/sites\/38\/2024\/02\/Y1A6757-1024x683.jpg 1024w, https:\/\/www.blakors.no\/content\/uploads\/sites\/38\/2024\/02\/Y1A6757-768x512.jpg 768w, https:\/\/www.blakors.no\/content\/uploads\/sites\/38\/2024\/02\/Y1A6757-1536x1025.jpg 1536w, https:\/\/www.blakors.no\/content\/uploads\/sites\/38\/2024\/02\/Y1A6757-2048x1366.jpg 2048w\" sizes=\"auto, (max-width: 3840px) 100vw, 3840px\" \/><\/figure>\n\n\n\n<h3 class=\"wp-block-heading\" id=\"h-mat-og-drikke\"><strong>Mat og drikke<\/strong><\/h3>\n\n\n\n<p>Vi tilbyr frokostm\u00e5ltid og varm middag hver dag i \u00e5pningstiden, og kaffe\/saft, som oftest med noe bakst til. Den som \u00f8nsker det kan f\u00e5 med seg en matpose hjem der hver enkelt kan velge fra det vi har av matvarer til utdeling.<\/p>\n\n\n\n<h3 class=\"wp-block-heading\" id=\"h-sosialt-felleskap\"><strong>Sosialt felleskap<\/strong><\/h3>\n\n\n\n<p>Hos oss kan du treffe andre som er i liknende situasjon som deg, eller ta en prat over en kopp kaffe med en av v\u00e5re trivelige medarbeidere. Men vi skal ikke tvinge deg til \u00e5 v\u00e6re sosial. Av og til er det godt \u00e5 bare v\u00e6re for seg selv, og det synes vi ogs\u00e5 skal v\u00e6re lov.<\/p>\n\n\n\n<h3 class=\"wp-block-heading\" id=\"h-aktiviteter\"><strong>Aktiviteter<\/strong><\/h3>\n\n\n\n<p>Noen ganger kan det v\u00e6re fint \u00e5 la tankene fly. Derfor tilbyr vi ulike gratis aktiviteter du kan v\u00e6re med p\u00e5. Dette kan v\u00e6re alt fra samtalegruppe, brettspill og kreativt arbeid til quiz, kino og mye mer.<\/p>\n\n\n\n<h3 class=\"wp-block-heading\" id=\"h-sosionomtjeneste\"><strong>Sosionomtjeneste<\/strong><\/h3>\n\n\n\n<p>Er du motivert til \u00e5 endre p\u00e5 din livssituasjon? Eller trenger du bare noen \u00e5 snakke med? V\u00e5re sosionomer er trivelige mennesker som har god kjennskap til hjelpeapparatet. De vil gjerne bidra og lytte til deg.<\/p>\n\n\n\n<h2 class=\"wp-block-heading\" id=\"praktisk-informasjon\">Praktisk informasjon<\/h2>\n\n\n\n<div class=\"wp-block-group has-pink-light-background-color has-background is-layout-constrained wp-block-group-is-layout-constrained\">\n<h3 class=\"wp-block-heading\" id=\"h-apningstider\"><strong>\u00c5pningstider<\/strong><\/h3>\n\n\n\n<h4 class=\"wp-block-heading\" id=\"mandag-til-fredag\">Mandag til fredag<\/h4>\n\n\n\n<p>12.00 &#8211; 15.00<\/p>\n\n\n<div class=\"social-block\"><div class=\"social-grid\"><a href=\"https:\/\/www.facebook.com\/profile.php?id=100064903351911\" target=\"_blank\" rel=\"noopener\"><img decoding=\"async\" loading=\"lazy\" src=\"https:\/\/www.blakors.no\/content\/themes\/blakors\/assets\/icons\/footer-facebook.svg\" alt=\"Facebook\"><\/a><\/div><\/div><\/div>\n\n\n<div class=\"t2-accordion wp-block-t2-accordion\" data-allow-multiple=\"1\" role=\"list\"><div class=\"t2-accordion-item wp-block-t2-accordion-item\" role=\"listitem\">\n\t\t\t<h2 class=\"t2-accordion-title\">\n\t\t\t\t<button type=\"button\" class=\"t2-accordion-trigger\" id=\"hvem-er-vi-til-for?\" aria-controls=\"accordion-panel\" aria-expanded=\"false\">\n\t\t\t\t\tHvem er vi til for?\n\t\t\t\t\t<span class=\"t2-accordion-icon is-closed-icon\"><svg xmlns=\"http:\/\/www.w3.org\/2000\/svg\" viewBox=\"0 0 24 24\" height=\"24\" width=\"24\" class=\"t2-icon t2-icon-chevrondown\" aria-hidden=\"true\" focusable=\"false\"><path d=\"M12 14.9c-.1 0-.3 0-.4-.1-.1 0-.2-.1-.3-.2L6.7 10c-.2-.1-.3-.4-.3-.6 0-.3.1-.5.3-.7.2-.2.4-.3.7-.3s.5.1.7.3l3.9 3.9 3.9-3.9c.2-.2.4-.3.7-.3.3 0 .5.1.7.3.2.2.3.4.3.7s-.1.5-.3.7l-4.6 4.6c-.1.1-.2.2-.3.2H12z\" fill=\"currentColor\" \/><\/svg><\/span>\n\t\t\t\t\t<span class=\"t2-accordion-icon is-open-icon\"><svg xmlns=\"http:\/\/www.w3.org\/2000\/svg\" viewBox=\"0 0 24 24\" height=\"24\" width=\"24\" class=\"t2-icon t2-icon-chevronup\" aria-hidden=\"true\" focusable=\"false\"><path d=\"M6.7 14.7c-.2-.2-.3-.4-.3-.7s.1-.5.3-.7l4.6-4.6c.1-.1.2-.2.3-.2.1 0 .2-.1.4-.1.1 0 .3 0 .4.1.1 0 .2.1.3.2l4.6 4.6c.2.2.3.4.3.7s-.1.5-.3.7c-.2.2-.4.3-.7.3s-.5-.1-.7-.3L12 10.8l-3.9 3.9c-.2.2-.4.3-.7.3s-.5-.1-.7-.3z\" fill=\"currentColor\" \/><\/svg><\/span>\n\t\t\t\t<\/button>\n\t\t\t<\/h2>\n\t\t\t<div class=\"t2-accordion-item__inner-container is-layout-flow\" id=\"accordion-panel\" aria-labelledby=\"hvem-er-vi-til-for?\" role=\"region\" hidden>\n\t\t\t\t\n\t\t\t\t<p>Bl\u00e5 Kors gaten\u00e6rt Gj\u00f8vik tilbud er for rusavhengige og bostedsl\u00f8se.<\/p>\n\n\t\t\t\n\t\t\t<\/div>\n\t\t<\/div><div class=\"t2-accordion-item wp-block-t2-accordion-item\" role=\"listitem\">\n\t\t\t<h2 class=\"t2-accordion-title\">\n\t\t\t\t<button type=\"button\" class=\"t2-accordion-trigger\" id=\"hvor-finner-du-oss?\" aria-controls=\"accordion-panel-1\" aria-expanded=\"false\">\n\t\t\t\t\tHvor finner du oss?\n\t\t\t\t\t<span class=\"t2-accordion-icon is-closed-icon\"><svg xmlns=\"http:\/\/www.w3.org\/2000\/svg\" viewBox=\"0 0 24 24\" height=\"24\" width=\"24\" class=\"t2-icon t2-icon-chevrondown\" aria-hidden=\"true\" focusable=\"false\"><path d=\"M12 14.9c-.1 0-.3 0-.4-.1-.1 0-.2-.1-.3-.2L6.7 10c-.2-.1-.3-.4-.3-.6 0-.3.1-.5.3-.7.2-.2.4-.3.7-.3s.5.1.7.3l3.9 3.9 3.9-3.9c.2-.2.4-.3.7-.3.3 0 .5.1.7.3.2.2.3.4.3.7s-.1.5-.3.7l-4.6 4.6c-.1.1-.2.2-.3.2H12z\" fill=\"currentColor\" \/><\/svg><\/span>\n\t\t\t\t\t<span class=\"t2-accordion-icon is-open-icon\"><svg xmlns=\"http:\/\/www.w3.org\/2000\/svg\" viewBox=\"0 0 24 24\" height=\"24\" width=\"24\" class=\"t2-icon t2-icon-chevronup\" aria-hidden=\"true\" focusable=\"false\"><path d=\"M6.7 14.7c-.2-.2-.3-.4-.3-.7s.1-.5.3-.7l4.6-4.6c.1-.1.2-.2.3-.2.1 0 .2-.1.4-.1.1 0 .3 0 .4.1.1 0 .2.1.3.2l4.6 4.6c.2.2.3.4.3.7s-.1.5-.3.7c-.2.2-.4.3-.7.3s-.5-.1-.7-.3L12 10.8l-3.9 3.9c-.2.2-.4.3-.7.3s-.5-.1-.7-.3z\" fill=\"currentColor\" \/><\/svg><\/span>\n\t\t\t\t<\/button>\n\t\t\t<\/h2>\n\t\t\t<div class=\"t2-accordion-item__inner-container is-layout-flow\" id=\"accordion-panel-1\" aria-labelledby=\"hvor-finner-du-oss?\" role=\"region\" hidden>\n\t\t\t\t\n\t\t\t\t<p>Bl\u00e5 Kors gaten\u00e6rt Gj\u00f8vik finner du i \u00d8vre Torvgate 8, 2815 Gj\u00f8vik<\/p>\n\n\t\t\t\n\t\t\t<\/div>\n\t\t<\/div><div class=\"t2-accordion-item wp-block-t2-accordion-item\" role=\"listitem\">\n\t\t\t<h2 class=\"t2-accordion-title\">\n\t\t\t\t<button type=\"button\" class=\"t2-accordion-trigger\" id=\"bli-tidgiver-hos-oss\" aria-controls=\"accordion-panel-2\" aria-expanded=\"false\">\n\t\t\t\t\tBli Tidgiver hos oss\n\t\t\t\t\t<span class=\"t2-accordion-icon is-closed-icon\"><svg xmlns=\"http:\/\/www.w3.org\/2000\/svg\" viewBox=\"0 0 24 24\" height=\"24\" width=\"24\" class=\"t2-icon t2-icon-chevrondown\" aria-hidden=\"true\" focusable=\"false\"><path d=\"M12 14.9c-.1 0-.3 0-.4-.1-.1 0-.2-.1-.3-.2L6.7 10c-.2-.1-.3-.4-.3-.6 0-.3.1-.5.3-.7.2-.2.4-.3.7-.3s.5.1.7.3l3.9 3.9 3.9-3.9c.2-.2.4-.3.7-.3.3 0 .5.1.7.3.2.2.3.4.3.7s-.1.5-.3.7l-4.6 4.6c-.1.1-.2.2-.3.2H12z\" fill=\"currentColor\" \/><\/svg><\/span>\n\t\t\t\t\t<span class=\"t2-accordion-icon is-open-icon\"><svg xmlns=\"http:\/\/www.w3.org\/2000\/svg\" viewBox=\"0 0 24 24\" height=\"24\" width=\"24\" class=\"t2-icon t2-icon-chevronup\" aria-hidden=\"true\" focusable=\"false\"><path d=\"M6.7 14.7c-.2-.2-.3-.4-.3-.7s.1-.5.3-.7l4.6-4.6c.1-.1.2-.2.3-.2.1 0 .2-.1.4-.1.1 0 .3 0 .4.1.1 0 .2.1.3.2l4.6 4.6c.2.2.3.4.3.7s-.1.5-.3.7c-.2.2-.4.3-.7.3s-.5-.1-.7-.3L12 10.8l-3.9 3.9c-.2.2-.4.3-.7.3s-.5-.1-.7-.3z\" fill=\"currentColor\" \/><\/svg><\/span>\n\t\t\t\t<\/button>\n\t\t\t<\/h2>\n\t\t\t<div class=\"t2-accordion-item__inner-container is-layout-flow\" id=\"accordion-panel-2\" aria-labelledby=\"bli-tidgiver-hos-oss\" role=\"region\" hidden>\n\t\t\t\t\n\t\t\t\t<p>Frivillig innsats er helt n\u00f8dvendig for at vi kan levere et godt tilbud til m\u00e5lgruppen. Vi har alltid behov for nye frivillige, eller tidgivere som vi kaller det. Om du kunne tenke deg \u00e5 bli tidgiver hos oss, kan du kontakte virksomhetsleder Anders Hveen. Han n\u00e5s p\u00e5 epost: anders.hveem@blakors.no eller mobil: 94 89 94 02 .<\/p>\n\n\t\t\t\n\t\t\t<\/div>\n\t\t<\/div><div class=\"t2-accordion-item wp-block-t2-accordion-item\" role=\"listitem\">\n\t\t\t<h2 class=\"t2-accordion-title\">\n\t\t\t\t<button type=\"button\" class=\"t2-accordion-trigger\" id=\"historien-v\u00e5r\" aria-controls=\"accordion-panel-3\" aria-expanded=\"false\">\n\t\t\t\t\tHistorien v\u00e5r\n\t\t\t\t\t<span class=\"t2-accordion-icon is-closed-icon\"><svg xmlns=\"http:\/\/www.w3.org\/2000\/svg\" viewBox=\"0 0 24 24\" height=\"24\" width=\"24\" class=\"t2-icon t2-icon-chevrondown\" aria-hidden=\"true\" focusable=\"false\"><path d=\"M12 14.9c-.1 0-.3 0-.4-.1-.1 0-.2-.1-.3-.2L6.7 10c-.2-.1-.3-.4-.3-.6 0-.3.1-.5.3-.7.2-.2.4-.3.7-.3s.5.1.7.3l3.9 3.9 3.9-3.9c.2-.2.4-.3.7-.3.3 0 .5.1.7.3.2.2.3.4.3.7s-.1.5-.3.7l-4.6 4.6c-.1.1-.2.2-.3.2H12z\" fill=\"currentColor\" \/><\/svg><\/span>\n\t\t\t\t\t<span class=\"t2-accordion-icon is-open-icon\"><svg xmlns=\"http:\/\/www.w3.org\/2000\/svg\" viewBox=\"0 0 24 24\" height=\"24\" width=\"24\" class=\"t2-icon t2-icon-chevronup\" aria-hidden=\"true\" focusable=\"false\"><path d=\"M6.7 14.7c-.2-.2-.3-.4-.3-.7s.1-.5.3-.7l4.6-4.6c.1-.1.2-.2.3-.2.1 0 .2-.1.4-.1.1 0 .3 0 .4.1.1 0 .2.1.3.2l4.6 4.6c.2.2.3.4.3.7s-.1.5-.3.7c-.2.2-.4.3-.7.3s-.5-.1-.7-.3L12 10.8l-3.9 3.9c-.2.2-.4.3-.7.3s-.5-.1-.7-.3z\" fill=\"currentColor\" \/><\/svg><\/span>\n\t\t\t\t<\/button>\n\t\t\t<\/h2>\n\t\t\t<div class=\"t2-accordion-item__inner-container is-layout-flow\" id=\"accordion-panel-3\" aria-labelledby=\"historien-v\u00e5r\" role=\"region\" hidden>\n\t\t\t\t\n\t\t\t\t<div id=\"m_toolbarLayer\" class=\"layer\">Foreningen Bl\u00e5 Kors Gj\u00f8vik hadde jevnlige m\u00f8ter i deler av lokalene som i dag er Bl\u00e5 Kors gaten\u00e6rt. Der foregikk det sang, andakt og bevertning. I bakg\u00e5rden var det alltid samlet en gruppe mennesker som hadde denne bakg\u00e5rden som et tilholdssted. Dette var rusavhengige, som hadde etablert et slags fristed, litt skjermet fra omverden men samtidig midt i sentrum.<\/div>\n<div><\/div>\n<div id=\"m_textViewLayer\" class=\"layer\">\n<div id=\"m_content\">\n<div id=\"pc1\">\n<div id=\"p1\">\n<div>Bl\u00e5 Kors-gruppa og gruppa i bakg\u00e5rden begynte \u00e5 snakke litt med hverandre, og de som i dag er v\u00e5re\u00a0gjester ble tilbudt kaffe, vaffel og litt annet.<\/div>\n<div>Det ble til at gjestene ble invitert inn og det var dermed \u00e5pnet en liten kafe en dag i uka. Etter kort tid n\u00e5r det ble mer tydelig at gjestene hadde stort behov for b\u00e5de mat og omsorg, \u00e5pnet Bl\u00e5 Kors foreningen opp for gjestene en ukedag til, denne dagen serverte de suppe. Dermed ble \u00absuppetirsdag\u00bb et fast innslag.<\/div>\n<div><\/div>\n<div>Et samarbeid med kommunen ble opprettet, og Bl\u00e5 Kors fikk disponere hele byg\u00e5rden, pusse opp, og\u00a0f\u00e5 driftsmidler til \u00e5 kunne ha \u00e5pent hver dag.<\/div>\n<div>S\u00e5 fra 2004 var Kaf\u00e8 Kampen en realitet, og f\u00f8rste l\u00f8nnede stilling ble opprettet. Det var en 20%\u00a0stilling som leder av arbeidet.<\/div>\n<div>Kort tid etter ble dette utvidet med en 30% stilling til, for \u00e5 ha ha ansvar for og administrere alt som\u00a0hadde med mat \u00e5 gj\u00f8re.<\/div>\n<div>Bl\u00e5 Kors ble n\u00e5 ogs\u00e5 en distribut\u00f8r av gatemagasinet ER lik.<\/div>\n<div>Deler av lokalene ble leid tilbake av kommunen, og det ble etablert feltsykepleier ansatt i Gj\u00f8vik\u00a0kommune, samlokalisert med Bl\u00e5 Kors sitt lavterskeltilbud.<\/div>\n<div><\/div>\n<div>Frem til 2016 var tilbudet fullfinansiert av Gj\u00f8vik kommune. S\u00e5 en vinterdag i 2016 dukket det opp en\u00a0stortingsrepresentant helt uventet i kafeen, og fortalte at vi var n\u00e5 plassert i statsbudsjett med et fast\u00a0tilskudd p\u00e5 kr 600.000,- og disse sto til fri disposisjon. Dette var nesten ikke til \u00e5 tro!<\/div>\n<div><\/div>\n<div>Daglig leders stilling \u00f8kte fra 50-100%, og det ble ansatt milj\u00f8arbeider i 50% stilling. Et tilbud om\u00a0aktiviteter og hjelpetiltak i forbindelse med hjemkj\u00f8ring av vaskemaskin, utskiftning av seng eller\u00a0komfyr, var allerede godt i gang, men kunne n\u00e5 settes mer i system.<\/div>\n<div><\/div>\n<div>Fra 2018 fikk Bl\u00e5 Kors gaten\u00e6rt Gj\u00f8vik v\u00e6re med i en felles s\u00f8knad til Helsedirektoratet. Dette f\u00f8rte til\u00a0en tildeling fra Bl\u00e5 Kors Norge divisjon \u00abBarn omsorg og frivillighet\u00bb som gjorde at vi kunne ansette\u00a0sosionom i 50% stilling, for s\u00e5 \u00e5 \u00f8ke den til en 100% stilling.<\/div>\n<div>Mat og omsorg, aktiviteter, utdeling av kl\u00e6r, mulighet for dusj og vask av kl\u00e6r samt en h\u00e5rklipp,\u00a0boligsosialt arbeid, sosionomtjeneste, salg av bladet er lik, samlokalisering med feltsykepleier,\u00a0samarbeid med Gatejuristen slik at de har saksmottak i lokalene, og tett samarbeid med kommunens\u00a0rus- og psykiatritjeneste, er tilbudet slik det er i dag.<\/div>\n<div><\/div>\n<div>Store deler av mat som serveres og deles ut er varer som butikker og matvareprodusenter setter av til\u00a0oss, slik at vi kan komme p\u00e5 faste dager hver uke \u00e5 hente det inn.<\/div>\n<\/div>\n<\/div>\n<\/div>\n<\/div>\n\n\t\t\t\n\t\t\t<\/div>\n\t\t<\/div><\/div>\n\n\n<h2 class=\"wp-block-heading\" id=\"k\">Kontakt oss<\/h2>\n\n\n<div class=\"no-image wp-block-blakors-person-cards\">\n\t\t\t\n<div class=\"t2-featured-single-post compact-card-template t2-featured-content is-post-type-person compact-card-template wp-block-t2-featured-single-post\"><figure class=\"t2-post-featured-image has-image-ratio-1-1 wp-block-t2-post-featured-image\"><img decoding=\"async\" sizes=\"(min-width: 782px) 768px, 100vw\" class=\"fallback\" loading=\"lazy\" src=\"https:\/\/www.blakors.no\/content\/themes\/blakors\/assets\/icons\/t2-post-featured-image.svg\"><\/figure>\n\n<div class=\"wp-block-group alignfull is-layout-flow wp-block-group-is-layout-flow\">\n\t<div class=\"t2-post-dynamic-part is-source-filter filter-person_card_meta post-meta wp-block-t2-post-dynamic-part\"><div class=\"title\"><h2 id=\"bla-kors-gatenaert-gjovik\"  class=\"t2-post-title wp-block-t2-post-title\" >Bl\u00e5 Kors gaten\u00e6rt Gj\u00f8vik<\/h2><\/div><div class=\"contact-info\"><p class=\"phone\"><a href=\"tel:+4761170480\">61170480<\/a><\/p><\/div><\/div>\n<\/div>\n\n<\/div>\n\n\t\t<\/div>\n\n\n<h3 class=\"wp-block-heading\" id=\"d\">Disse m\u00f8ter du hos Bl\u00e5 Kors gaten\u00e6rt Gj\u00f8vik<\/h3>\n\n\n<div class=\"t2-featured-content-layout alignwide alignwide wp-block-blakors-multisite-query-loop wp-block-t2-featured-content-layout\" role=\"list\">\n\t\t\t\t<div class=\"t2-featured-single-post t2-featured-content-layout-col-12 hide-featured-image t2-featured-content is-post-type-person t2-featured-content-layout-col-12 hide-featured-image wp-block-t2-featured-single-post\"><figure class=\"t2-post-featured-image has-image-ratio-1-1 wp-block-t2-post-featured-image\"><img decoding=\"async\" sizes=\"(min-width: 782px) 768px, 100vw\" class=\"fallback\" loading=\"lazy\" src=\"https:\/\/www.blakors.no\/content\/themes\/blakors\/assets\/icons\/t2-post-featured-image.svg\"><\/figure>\n\n<div class=\"wp-block-group alignfull is-layout-flow wp-block-group-is-layout-flow\">\n\t<div class=\"t2-post-dynamic-part is-source-filter filter-person_card_meta post-meta wp-block-t2-post-dynamic-part\"><div class=\"title\"><h2 id=\"anders-hveem\"  class=\"t2-post-title wp-block-t2-post-title\" >Anders Hveem<\/h2><p class=\"position\">Daglig leder<\/p><\/div><div class=\"contact-info\"><p class=\"phone\"><a href=\"tel:+4794899402\">94899402<\/a><\/p><p class=\"email\"><a href=\"mailto:Anders.Hveem@blakors.no\">Anders.Hveem@blakors.no<\/a><\/p><\/div><\/div>\n<\/div>\n\n<\/div>\n\t\t\t\t\n\t\t\t<\/div>\n\n\n<div class=\"wp-block-group is-layout-constrained wp-block-group-is-layout-constrained\">\n<h2 class=\"wp-block-heading\" id=\"her-finner-du-oss\">Her finner du oss<\/h2>\n\n\n\n<div class=\"wp-block-group is-layout-constrained wp-block-group-is-layout-constrained\">\n<iframe src=\"https:\/\/www.google.com\/maps\/embed?pb=!1m18!1m12!1m3!1d1946.8153866055338!2d10.683527512484368!3d60.794340992801985!2m3!1f0!2f0!3f0!3m2!1i1024!2i768!4f13.1!3m3!1m2!1s0x4641dbc13f76e70b%3A0xea591ded22914761!2sKaf%C3%A9%20Kampen!5e0!3m2!1sno!2sno!4v1680682656742!5m2!1sno!2sno\" width=\"100%\" height=\"100%\" style=\"border:0;\" allowfullscreen=\"\" loading=\"lazy\" referrerpolicy=\"no-referrer-when-downgrade\"><\/iframe>\n<\/div>\n<\/div>\n","protected":false},"excerpt":{"rendered":"<p>Bl\u00e5 Kors gaten\u00e6rt Gj\u00f8vik tilbyr V\u00e5rt tilbud er til for rusavhengige i Gj\u00f8vik og omegn. Vi \u00f8nsker \u00e5 v\u00e6re til hjelp i den livssituasjonen du er i her og n\u00e5, enten det er bolig, \u00f8konomi, rusavhengighet, ensomhet, eller at du trenger mat! Mat og drikke Vi tilbyr frokostm\u00e5ltid og varm middag hver dag i \u00e5pningstiden, [&hellip;]<\/p>\n","protected":false},"author":86,"featured_media":1473,"parent":0,"menu_order":0,"comment_status":"closed","ping_status":"closed","template":"","meta":{"_acf_changed":false,"_relevanssi_hide_post":"","_relevanssi_hide_content":"","_relevanssi_pin_for_all":"","_relevanssi_pin_keywords":"","_relevanssi_unpin_keywords":"","_relevanssi_related_keywords":"","_relevanssi_related_include_ids":"","_relevanssi_related_exclude_ids":"","_relevanssi_related_no_append":"","_relevanssi_related_not_related":"","_relevanssi_related_posts":"195","_relevanssi_noindex_reason":"","_custom_cards_description":"","footnotes":""},"class_list":["post-28","page","type-page","status-publish","has-post-thumbnail","hentry"],"acf":[],"_links":{"self":[{"href":"https:\/\/www.blakors.no\/gatenaert\/wp-json\/wp\/v2\/pages\/28","targetHints":{"allow":["GET"]}}],"collection":[{"href":"https:\/\/www.blakors.no\/gatenaert\/wp-json\/wp\/v2\/pages"}],"about":[{"href":"https:\/\/www.blakors.no\/gatenaert\/wp-json\/wp\/v2\/types\/page"}],"author":[{"embeddable":true,"href":"https:\/\/www.blakors.no\/gatenaert\/wp-json\/wp\/v2\/users\/86"}],"replies":[{"embeddable":true,"href":"https:\/\/www.blakors.no\/gatenaert\/wp-json\/wp\/v2\/comments?post=28"}],"version-history":[{"count":5,"href":"https:\/\/www.blakors.no\/gatenaert\/wp-json\/wp\/v2\/pages\/28\/revisions"}],"predecessor-version":[{"id":2041,"href":"https:\/\/www.blakors.no\/gatenaert\/wp-json\/wp\/v2\/pages\/28\/revisions\/2041"}],"wp:featuredmedia":[{"embeddable":true,"href":"https:\/\/www.blakors.no\/gatenaert\/wp-json\/wp\/v2\/media\/1473"}],"wp:attachment":[{"href":"https:\/\/www.blakors.no\/gatenaert\/wp-json\/wp\/v2\/media?parent=28"}],"curies":[{"name":"wp","href":"https:\/\/api.w.org\/{rel}","templated":true}]}}