{"id":63,"date":"2023-04-05T10:56:09","date_gmt":"2023-04-05T08:56:09","guid":{"rendered":"https:\/\/www.blakors.no\/gatenaert\/?page_id=63"},"modified":"2025-10-29T10:39:16","modified_gmt":"2025-10-29T09:39:16","slug":"kristiansand","status":"publish","type":"page","link":"https:\/\/www.blakors.no\/gatenaert\/kristiansand\/","title":{"rendered":"Bl\u00e5 Kors gaten\u00e6rt Kristiansand"},"content":{"rendered":"\n<div class=\"wp-block-media-text alignwide is-stacked-on-mobile is-image-fill-element has-lila-light-background-color has-background\"><figure class=\"wp-block-media-text__media\"><img decoding=\"async\" srcset=\"https:\/\/v.imgi.no\/blakors-2446-e621dff89cad92cc178d76095d3ae5b2-150x84\/2025_10_gatenaert-apning.webp 150w, https:\/\/v.imgi.no\/blakors-2446-e621dff89cad92cc178d76095d3ae5b2-300x169\/2025_10_gatenaert-apning.webp 300w, https:\/\/v.imgi.no\/blakors-2446-e621dff89cad92cc178d76095d3ae5b2-768x431\/2025_10_gatenaert-apning.webp 768w, https:\/\/v.imgi.no\/blakors-2446-e621dff89cad92cc178d76095d3ae5b2-1024x576\/2025_10_gatenaert-apning.webp 1024w, https:\/\/v.imgi.no\/blakors-2446-e621dff89cad92cc178d76095d3ae5b2-1536x863\/2025_10_gatenaert-apning.webp 1536w, https:\/\/v.imgi.no\/blakors-2446-e621dff89cad92cc178d76095d3ae5b2-2048x1151\/2025_10_gatenaert-apning.webp 2048w, https:\/\/v.imgi.no\/blakors-2446-e621dff89cad92cc178d76095d3ae5b2-300x169\/2025_10_gatenaert-apning.webp 300w, https:\/\/v.imgi.no\/blakors-2446-e621dff89cad92cc178d76095d3ae5b2-450x253\/2025_10_gatenaert-apning.webp 450w, https:\/\/v.imgi.no\/blakors-2446-e621dff89cad92cc178d76095d3ae5b2-200x112\/2025_10_gatenaert-apning.webp 200w, https:\/\/v.imgi.no\/blakors-2446-e621dff89cad92cc178d76095d3ae5b2-300x169\/2025_10_gatenaert-apning.webp 300w, https:\/\/v.imgi.no\/blakors-2446-e621dff89cad92cc178d76095d3ae5b2-400x225\/2025_10_gatenaert-apning.webp 400w, https:\/\/v.imgi.no\/blakors-2446-e621dff89cad92cc178d76095d3ae5b2-600x337\/2025_10_gatenaert-apning.webp 600w\" sizes=\"(max-width: 2048px) 100vw, 2048px\" src=\"https:\/\/v.imgi.no\/blakors-2446-e621dff89cad92cc178d76095d3ae5b2-4560x2563\/2025_10_gatenaert-apning.webp\" alt=\"Bl\u00e5 Kors gaten\u00e6rt Kristiansand\" class=\"imageshop-document-id-7846822 wp-image-2446 size-full\" style=\"object-position:50% 50%\"\/><\/figure><div class=\"wp-block-media-text__content\">\n<div style=\"height:50px\" aria-hidden=\"true\" class=\"wp-block-spacer\"><\/div>\n\n\n\n<h1 class=\"wp-block-heading\" id=\"h-velkommen-til-bla-kors-ung-akra\">Velkommen til Bl\u00e5 Kors gaten\u00e6rt Kristiansand<\/h1>\n\n\n\n<p><strong>Medmenneskelighet, respekt og verdighet<\/strong><\/p>\n\n\n\n<p>Bl\u00e5 Kors gaten\u00e6rt i Kristiansand har et mangfold av tilbud til mennesker med rusrelaterte utfordringer. Mange st\u00e5r i krevende livssituasjoner og vi \u00f8nsker \u00e5 bidra til at den enkelte opplever \u00f8kt mestring og mening i hverdagen. Alle v\u00e5re tilbud er gratis og det er lav terskel for \u00e5 delta.<\/p>\n\n\n\n<div style=\"height:10px\" aria-hidden=\"true\" class=\"wp-block-spacer\"><\/div>\n\n\n\n<div class=\"wp-block-buttons is-layout-flex wp-block-buttons-is-layout-flex\">\n<div class=\"wp-block-button\"><a class=\"wp-block-button__link has-white-color has-blue-background-color has-text-color has-background wp-element-button\" href=\"https:\/\/www.blakors.no\/kristiansand\/virksomheter\/bla-kors-gatenart\/\">Bl\u00e5 Kors gaten\u00e6rt, Kristiansand<\/a><\/div>\n<\/div>\n\n\n\n<div style=\"height:50px\" aria-hidden=\"true\" class=\"wp-block-spacer\"><\/div>\n<\/div><\/div>\n\n\n\n<div class=\"wp-block-lib-header alignfull hide\"><div class=\"image-wrapper\"><img decoding=\"async\" src=\"https:\/\/www.blakors.no\/content\/uploads\/sites\/38\/2024\/02\/gatenaert-bilder-scaled.jpg\" alt=\"header\"\/><\/div><div class=\"header-innercontent\"><\/div><\/div>\n","protected":false},"excerpt":{"rendered":"","protected":false},"author":86,"featured_media":1534,"parent":0,"menu_order":0,"comment_status":"closed","ping_status":"closed","template":"","meta":{"_acf_changed":false,"_relevanssi_hide_post":"","_relevanssi_hide_content":"","_relevanssi_pin_for_all":"","_relevanssi_pin_keywords":"","_relevanssi_unpin_keywords":"","_relevanssi_related_keywords":"","_relevanssi_related_include_ids":"","_relevanssi_related_exclude_ids":"","_relevanssi_related_no_append":"","_relevanssi_related_not_related":"","_relevanssi_related_posts":"195","_relevanssi_noindex_reason":"","_custom_cards_description":"","footnotes":""},"class_list":["post-63","page","type-page","status-publish","has-post-thumbnail","hentry"],"acf":[],"_links":{"self":[{"href":"https:\/\/www.blakors.no\/gatenaert\/wp-json\/wp\/v2\/pages\/63","targetHints":{"allow":["GET"]}}],"collection":[{"href":"https:\/\/www.blakors.no\/gatenaert\/wp-json\/wp\/v2\/pages"}],"about":[{"href":"https:\/\/www.blakors.no\/gatenaert\/wp-json\/wp\/v2\/types\/page"}],"author":[{"embeddable":true,"href":"https:\/\/www.blakors.no\/gatenaert\/wp-json\/wp\/v2\/users\/86"}],"replies":[{"embeddable":true,"href":"https:\/\/www.blakors.no\/gatenaert\/wp-json\/wp\/v2\/comments?post=63"}],"version-history":[{"count":4,"href":"https:\/\/www.blakors.no\/gatenaert\/wp-json\/wp\/v2\/pages\/63\/revisions"}],"predecessor-version":[{"id":2447,"href":"https:\/\/www.blakors.no\/gatenaert\/wp-json\/wp\/v2\/pages\/63\/revisions\/2447"}],"wp:featuredmedia":[{"embeddable":true,"href":"https:\/\/www.blakors.no\/gatenaert\/wp-json\/wp\/v2\/media\/1534"}],"wp:attachment":[{"href":"https:\/\/www.blakors.no\/gatenaert\/wp-json\/wp\/v2\/media?parent=63"}],"curies":[{"name":"wp","href":"https:\/\/api.w.org\/{rel}","templated":true}]}}