{"id":522,"date":"2025-12-02T13:05:08","date_gmt":"2025-12-02T12:05:08","guid":{"rendered":"https:\/\/www.blakors.no\/hvit-januar\/?page_id=522"},"modified":"2026-01-02T13:22:35","modified_gmt":"2026-01-02T12:22:35","slug":"pameldt","status":"publish","type":"page","link":"https:\/\/www.blakors.no\/hvit-januar\/pameldt\/","title":{"rendered":"Hurra, n\u00e5 er du p\u00e5meldt nyhetsbrevet om hvit januar!"},"content":{"rendered":"\n\n\n\t<div style=\"--t2-hero-dim:0;\" class=\"t2-hero t2-hero-content-position-center-left t2-hero-has-dim-0 t2-hero-has-fullsize-image alignfull  t2-hero-has-white-gradient-overlay wp-block-t2-hero\">\n\t\t<img decoding=\"async\" width=\"6000\" height=\"4719\" src=\"https:\/\/v.imgi.no\/blakors-482-49eaa0339a507637cf1e21b603af8968-6000x4719\/vannglass-i-hand.webp\" class=\"t2-hero__image\" alt=\"\" style=\"object-position: 50% 50%;\" loading=\"eager\" fetchpriority=\"high\" srcset=\"https:\/\/v.imgi.no\/blakors-482-49eaa0339a507637cf1e21b603af8968-150x118\/vannglass-i-hand.webp 150w, https:\/\/v.imgi.no\/blakors-482-49eaa0339a507637cf1e21b603af8968-300x236\/vannglass-i-hand.webp 300w, https:\/\/v.imgi.no\/blakors-482-49eaa0339a507637cf1e21b603af8968-768x604\/vannglass-i-hand.webp 768w, https:\/\/v.imgi.no\/blakors-482-49eaa0339a507637cf1e21b603af8968-1024x805\/vannglass-i-hand.webp 1024w, https:\/\/v.imgi.no\/blakors-482-49eaa0339a507637cf1e21b603af8968-1536x1208\/vannglass-i-hand.webp 1536w, https:\/\/v.imgi.no\/blakors-482-49eaa0339a507637cf1e21b603af8968-2048x1611\/vannglass-i-hand.webp 2048w, https:\/\/v.imgi.no\/blakors-482-49eaa0339a507637cf1e21b603af8968-300x236\/vannglass-i-hand.webp 300w, https:\/\/v.imgi.no\/blakors-482-49eaa0339a507637cf1e21b603af8968-450x354\/vannglass-i-hand.webp 450w, https:\/\/v.imgi.no\/blakors-482-49eaa0339a507637cf1e21b603af8968-200x157\/vannglass-i-hand.webp 200w, https:\/\/v.imgi.no\/blakors-482-49eaa0339a507637cf1e21b603af8968-1831x1440\/vannglass-i-hand.webp 1831w, https:\/\/v.imgi.no\/blakors-482-49eaa0339a507637cf1e21b603af8968-300x236\/vannglass-i-hand.webp 300w, https:\/\/v.imgi.no\/blakors-482-49eaa0339a507637cf1e21b603af8968-400x315\/vannglass-i-hand.webp 400w, https:\/\/v.imgi.no\/blakors-482-49eaa0339a507637cf1e21b603af8968-600x472\/vannglass-i-hand.webp 600w\" sizes=\"(max-width: 2048px) 100vw, 2048px\" \/>\n\t\t<div class=\"t2-hero__header\"><div class=\"t2-hero__header__content\">\n\n<h1 id=\"hurra-na-er-du-pameldt-nyhetsbrevet-om-hvit-januar\"  class=\"wp-block-heading\" >Hurra, n\u00e5 er du p\u00e5meldt nyhetsbrevet om hvit januar!<\/h1>\n\n\n\n<p>F\u00f8lg med i mailinnboksen din fremover. Du vil motta motiverende l\u00f8ypemeldinger, inspirerende tips og triks, og spennende innhold gjennom hele januar!<\/p>\n\n<\/div><\/div>\n\t<\/div>\n\n\n\t\t<div class=\"wp-block-lib-accentuated-link\">\n\t\t\t<a\n\t\t\t\tclass=\"lib-link__link\"\n\t\t\t\thref=\"https:\/\/www.blakors.no\/alkoholfrie-drinker-til-inspirasjon\/\"\n\t\t\t\ttarget=\"\"\n\t\t\t\trel=\"\"\n\t\t\t>\n\t\t\t\t\n\t\t\t\t<div class=\"lib-link__text-content\">\n\t\t\t\t\t<span class=\"lib-link__tagline\">\n\t\t\t\t\t\tF\u00e5 oppskrifter p\u00e5 alkoholfri drikke\n\t\t\t\t\t<\/span>\n\n\t\t\t\t\t<h3 class=\"lib-link__title\">\n\t\t\t\t\t\tAlkoholfrie drinker til inspirasjon\n\t\t\t\t\t<\/h3>\n\n\t\t\t\t\t\n\t\t\t\t<\/div>\n\t\t\t<\/a>\n\t\t<\/div>\n\n\n\t<div class=\"alignfull media-align-right has-media has-full-media wp-block-t2-story-chapter\" style=\"--t2-story-image-focal: 50% 0%;\">\n\t\t<div class=\"t2-story-chapter__content-wrap\">\n\t\t\t<div class=\"t2-story-chapter__content-wrap__inner entry-content\">\n\t\t\t\t\n\n<h2 id=\"start-en-spleis\"  class=\"wp-block-heading\" >Start en Spleis!<\/h2>\n\n\n\n<p>70% av de som lykkes med en hvit januar gj\u00f8r det sammen med noen. Gjennom \u00e5 opprette en Spleis kan du holde ditt Hvit januar-fellesskap levende, samtidig som du st\u00f8tter Bl\u00e5 Kors sitt arbeid for barn som vokser opp i hjem med rus.<\/p>\n\n\n\n<p>Du kan starte en spleis som privatperson eller gruppe, for eksempel ditt idrettslag eller din arbeidsplass.<\/p>\n\n\n<ul class=\"t2-link-list has-1-items has-auto-columns wp-block-t2-link-list\">\n\t<li class=\"has-background has-green-light-background-color t2-link-list-item wp-block-t2-link-list-item\">\n\t\t<a href=\"https:\/\/www.spleis.no\/hvitjanuar\" class=\"t2-link-list-item__link t2-link-list__icon--right\" rel=\"noreferrer noopener\" target=\"_blank\">\n\t\t\t<span class=\"t2-link-list-item__icon\"><span class=\"t2-link-list-item__icon-box\"><\/span><svg xmlns=\"http:\/\/www.w3.org\/2000\/svg\" viewBox=\"0 0 24 24\" height=\"24\" width=\"24\" class=\"t2-icon t2-icon-arrowforward\" aria-hidden=\"true\" focusable=\"false\"><path d=\"M11.3 19.3c-.2-.2-.3-.4-.3-.7 0-.3.1-.5.3-.7l4.9-4.9H5c-.3 0-.5-.1-.7-.3-.2-.2-.3-.4-.3-.7s.1-.5.3-.7c.2-.2.4-.3.7-.3h11.2l-4.9-4.9c-.2-.2-.3-.4-.3-.7 0-.3.1-.5.3-.7.2-.2.4-.3.7-.3s.5.1.7.3l6.6 6.6c.1.1.2.2.2.3 0 .1.1.3.1.4 0 .1 0 .3-.1.4 0 .1-.1.2-.2.3l-6.6 6.6c-.2.2-.4.3-.7.3s-.5-.1-.7-.3z\" fill=\"currentColor\" \/><\/svg><\/span>\t\t\t<div class=\"t2-link-list-item__content\">\n\n\t\t\t\t\n\t\t\t\t<span id=\"link-list-item-text\" class=\"t2-link-list-item__text\">\n\t\t\t\t\tG\u00e5 til Spleis!\t\t\t\t<\/span>\n\t\t\t\t\t\t\t<\/div>\n\t\t<\/a>\n\t<\/li>\n\t\n<\/ul>\n\n\n<figure class=\"wp-block-image aligncenter size-thumbnail is-resized\"><img decoding=\"async\" srcset=\"https:\/\/v.imgi.no\/blakors-639-1fbc1a9185afc0dec0007e1a69a61fb7-150x116\/2025_12_spleis_fra_sparebank_1_logo_-_bla__.webp 150w, https:\/\/v.imgi.no\/blakors-639-1fbc1a9185afc0dec0007e1a69a61fb7-300x231\/2025_12_spleis_fra_sparebank_1_logo_-_bla__.webp 300w, https:\/\/v.imgi.no\/blakors-639-1fbc1a9185afc0dec0007e1a69a61fb7-768x592\/2025_12_spleis_fra_sparebank_1_logo_-_bla__.webp 768w, https:\/\/v.imgi.no\/blakors-639-1fbc1a9185afc0dec0007e1a69a61fb7-1024x789\/2025_12_spleis_fra_sparebank_1_logo_-_bla__.webp 1024w, https:\/\/v.imgi.no\/blakors-639-1fbc1a9185afc0dec0007e1a69a61fb7-1301x1003\/2025_12_spleis_fra_sparebank_1_logo_-_bla__.webp 1301w, https:\/\/v.imgi.no\/blakors-639-1fbc1a9185afc0dec0007e1a69a61fb7-1301x1003\/2025_12_spleis_fra_sparebank_1_logo_-_bla__.webp 1301w, https:\/\/v.imgi.no\/blakors-639-1fbc1a9185afc0dec0007e1a69a61fb7-300x231\/2025_12_spleis_fra_sparebank_1_logo_-_bla__.webp 300w, https:\/\/v.imgi.no\/blakors-639-1fbc1a9185afc0dec0007e1a69a61fb7-450x347\/2025_12_spleis_fra_sparebank_1_logo_-_bla__.webp 450w, https:\/\/v.imgi.no\/blakors-639-1fbc1a9185afc0dec0007e1a69a61fb7-200x154\/2025_12_spleis_fra_sparebank_1_logo_-_bla__.webp 200w, https:\/\/v.imgi.no\/blakors-639-1fbc1a9185afc0dec0007e1a69a61fb7-1301x1003\/2025_12_spleis_fra_sparebank_1_logo_-_bla__.webp 1301w, https:\/\/v.imgi.no\/blakors-639-1fbc1a9185afc0dec0007e1a69a61fb7-300x231\/2025_12_spleis_fra_sparebank_1_logo_-_bla__.webp 300w, https:\/\/v.imgi.no\/blakors-639-1fbc1a9185afc0dec0007e1a69a61fb7-400x308\/2025_12_spleis_fra_sparebank_1_logo_-_bla__.webp 400w, https:\/\/v.imgi.no\/blakors-639-1fbc1a9185afc0dec0007e1a69a61fb7-600x463\/2025_12_spleis_fra_sparebank_1_logo_-_bla__.webp 600w, https:\/\/v.imgi.no\/blakors-639-1fbc1a9185afc0dec0007e1a69a61fb7-1301x1003\/2025_12_spleis_fra_sparebank_1_logo_-_bla__.webp 1301w, https:\/\/v.imgi.no\/blakors-639-1fbc1a9185afc0dec0007e1a69a61fb7-1301x1003\/2025_12_spleis_fra_sparebank_1_logo_-_bla__.webp 1301w\" sizes=\"(max-width: 1301px) 100vw, 1301px\" src=\"https:\/\/v.imgi.no\/blakors-639-1fbc1a9185afc0dec0007e1a69a61fb7-150x116\/2025_12_spleis_fra_sparebank_1_logo_-_bla__.webp\" alt=\"\" class=\"imageshop-document-id-8126166 wp-image-639\" style=\"width:200px\"\/><\/figure>\n\n\n\n<h2 id=\"sporsmal-og-svar-om-spleis\"  class=\"wp-block-heading\" >Sp\u00f8rsm\u00e5l og svar om spleis<\/h2>\n\n\n<div class=\"t2-accordion t2-faq wp-block-t2-faq\" role=\"list\">\n\n\t\t<div class=\"has-background has-brown-light-background-color t2-faq-item t2-accordion-item wp-block-t2-faq-item\" role=\"listitem\">\n\t\t\t<h3 class=\"t2-faq-title t2-accordion-title\" id=\"hvorfor-er-det-lurt-\u00e5-ha-flere-deltakere-p\u00e5-en-spleis?\">\n\t\t\t\t<button\n\t\t\t\t\taria-controls=\"faq-panel\"\n\t\t\t\t\taria-expanded=\"false\"\n\t\t\t\t\tclass=\"t2-faq-trigger t2-accordion-trigger\"\n\t\t\t\t\tid=\"faq-item\"\n\t\t\t\t\ttype=\"button\"\n\t\t\t\t>\n\t\t\t\t\tHvorfor er det lurt \u00e5 ha flere deltakere p\u00e5 en spleis?\n\t\t\t\t\t<span class=\"t2-faq-icon t2-accordion-icon is-closed-icon\"><svg xmlns=\"http:\/\/www.w3.org\/2000\/svg\" viewBox=\"0 0 24 24\" height=\"24\" width=\"24\" class=\"t2-icon t2-icon-chevrondown\" aria-hidden=\"true\" focusable=\"false\"><path d=\"M12 14.9c-.1 0-.3 0-.4-.1-.1 0-.2-.1-.3-.2L6.7 10c-.2-.1-.3-.4-.3-.6 0-.3.1-.5.3-.7.2-.2.4-.3.7-.3s.5.1.7.3l3.9 3.9 3.9-3.9c.2-.2.4-.3.7-.3.3 0 .5.1.7.3.2.2.3.4.3.7s-.1.5-.3.7l-4.6 4.6c-.1.1-.2.2-.3.2H12z\" fill=\"currentColor\" \/><\/svg><\/span>\n\t\t\t\t\t<span class=\"t2-faq-icon t2-accordion-icon is-open-icon\"><svg xmlns=\"http:\/\/www.w3.org\/2000\/svg\" viewBox=\"0 0 24 24\" height=\"24\" width=\"24\" class=\"t2-icon t2-icon-chevronup\" aria-hidden=\"true\" focusable=\"false\"><path d=\"M6.7 14.7c-.2-.2-.3-.4-.3-.7s.1-.5.3-.7l4.6-4.6c.1-.1.2-.2.3-.2.1 0 .2-.1.4-.1.1 0 .3 0 .4.1.1 0 .2.1.3.2l4.6 4.6c.2.2.3.4.3.7s-.1.5-.3.7c-.2.2-.4.3-.7.3s-.5-.1-.7-.3L12 10.8l-3.9 3.9c-.2.2-.4.3-.7.3s-.5-.1-.7-.3z\" fill=\"currentColor\" \/><\/svg><\/span>\n\t\t\t\t<\/button>\n\t\t\t<\/h3>\n\t\t\t<div\n\t\t\t\taria-labelledby=\"faq-item\"\n\t\t\t\tclass=\"t2-faq-item__inner-container t2-accordion-item__inner-container is-layout-flow\"\n\t\t\t\tid=\"faq-panel\"\n\t\t\t\trole=\"region\"\n\t\t\t\thidden\n\t\t\t>\n\t\t\t\t\n\n<p>En spleis med flere deltakere fungerer supert n\u00e5r du vil samle en gjeng rundt et felles m\u00e5l. Slik kan dere b\u00e5de samarbeide og konkurrere om hvem som samler inn mest til spleisen.<\/p>\n\n\n\n<p>En ekstra fordel er at deltakere slipper \u00e5 lage sin egen spleis (innsamling) \u2013 de kan enkelt bli med p\u00e5 en eksisterende, ferdig oppsatt spleis til det samme gode form\u00e5let.<\/p>\n\n\n\n<p>Deltakere gj\u00f8r det ogs\u00e5 mulig for en arbeidsplass, avdeling, et kontor, en l\u00f8pegruppe eller lignende \u00e5 samle seg rundt en felles innsamling. Det gir rom for intern konkurranse, men ogs\u00e5 konkurranse mellom ulike grupper og deltakere.<\/p>\n\n\n\t\t\t<\/div>\n\t\t<\/div>\n\t\t\n\n\n\t\t<div class=\"has-background has-brown-light-background-color t2-faq-item t2-accordion-item wp-block-t2-faq-item\" role=\"listitem\">\n\t\t\t<h3 class=\"t2-faq-title t2-accordion-title\" id=\"hvordan-inviterer-jeg-deltakere-til-min-spleis?\">\n\t\t\t\t<button\n\t\t\t\t\taria-controls=\"faq-panel-1\"\n\t\t\t\t\taria-expanded=\"false\"\n\t\t\t\t\tclass=\"t2-faq-trigger t2-accordion-trigger\"\n\t\t\t\t\tid=\"faq-item-1\"\n\t\t\t\t\ttype=\"button\"\n\t\t\t\t>\n\t\t\t\t\tHvordan inviterer jeg deltakere til min spleis?\n\t\t\t\t\t<span class=\"t2-faq-icon t2-accordion-icon is-closed-icon\"><svg xmlns=\"http:\/\/www.w3.org\/2000\/svg\" viewBox=\"0 0 24 24\" height=\"24\" width=\"24\" class=\"t2-icon t2-icon-chevrondown\" aria-hidden=\"true\" focusable=\"false\"><path d=\"M12 14.9c-.1 0-.3 0-.4-.1-.1 0-.2-.1-.3-.2L6.7 10c-.2-.1-.3-.4-.3-.6 0-.3.1-.5.3-.7.2-.2.4-.3.7-.3s.5.1.7.3l3.9 3.9 3.9-3.9c.2-.2.4-.3.7-.3.3 0 .5.1.7.3.2.2.3.4.3.7s-.1.5-.3.7l-4.6 4.6c-.1.1-.2.2-.3.2H12z\" fill=\"currentColor\" \/><\/svg><\/span>\n\t\t\t\t\t<span class=\"t2-faq-icon t2-accordion-icon is-open-icon\"><svg xmlns=\"http:\/\/www.w3.org\/2000\/svg\" viewBox=\"0 0 24 24\" height=\"24\" width=\"24\" class=\"t2-icon t2-icon-chevronup\" aria-hidden=\"true\" focusable=\"false\"><path d=\"M6.7 14.7c-.2-.2-.3-.4-.3-.7s.1-.5.3-.7l4.6-4.6c.1-.1.2-.2.3-.2.1 0 .2-.1.4-.1.1 0 .3 0 .4.1.1 0 .2.1.3.2l4.6 4.6c.2.2.3.4.3.7s-.1.5-.3.7c-.2.2-.4.3-.7.3s-.5-.1-.7-.3L12 10.8l-3.9 3.9c-.2.2-.4.3-.7.3s-.5-.1-.7-.3z\" fill=\"currentColor\" \/><\/svg><\/span>\n\t\t\t\t<\/button>\n\t\t\t<\/h3>\n\t\t\t<div\n\t\t\t\taria-labelledby=\"faq-item-1\"\n\t\t\t\tclass=\"t2-faq-item__inner-container t2-accordion-item__inner-container is-layout-flow\"\n\t\t\t\tid=\"faq-panel-1\"\n\t\t\t\trole=\"region\"\n\t\t\t\thidden\n\t\t\t>\n\t\t\t\t\n\n<p>N\u00e5r spleisen er startet f\u00e5r du mulighet til \u00e5 invitere deltakere. Det gj\u00f8r du enkelt ved \u00e5 kopiere invitasjonslenken fra spleisens kontrollpanel og dele den med de som skal delta.<\/p>\n\n\n\n<p>I kontrollpanelet finner du ogs\u00e5 en QR-kode som kan henges opp p\u00e5 arbeidsplassen eller lignende, slik at folk kan skanne den og bli deltakere.<\/p>\n\n\n\n<p>I tillegg kan noen bli med som deltaker ved selv \u00e5 g\u00e5 inn p\u00e5 en spleis som er \u00e5pen for deltakere og trykke p\u00e5 knappen <strong>&laquo;Bli med p\u00e5 spleisen&raquo;<\/strong>.<\/p>\n\n\n\t\t\t<\/div>\n\t\t<\/div>\n\t\t\n\n\n\t\t<div class=\"has-background has-brown-light-background-color t2-faq-item t2-accordion-item wp-block-t2-faq-item\" role=\"listitem\">\n\t\t\t<h3 class=\"t2-faq-title t2-accordion-title\" id=\"jeg-har-f\u00e5tt-invitasjon-til-\u00e5-bli-deltaker-p\u00e5-en-spleis-hva-n\u00e5?\">\n\t\t\t\t<button\n\t\t\t\t\taria-controls=\"faq-panel-2\"\n\t\t\t\t\taria-expanded=\"false\"\n\t\t\t\t\tclass=\"t2-faq-trigger t2-accordion-trigger\"\n\t\t\t\t\tid=\"faq-item-2\"\n\t\t\t\t\ttype=\"button\"\n\t\t\t\t>\n\t\t\t\t\tJeg har f\u00e5tt invitasjon til \u00e5 bli deltaker p\u00e5 en spleis &#8211; hva n\u00e5?\n\t\t\t\t\t<span class=\"t2-faq-icon t2-accordion-icon is-closed-icon\"><svg xmlns=\"http:\/\/www.w3.org\/2000\/svg\" viewBox=\"0 0 24 24\" height=\"24\" width=\"24\" class=\"t2-icon t2-icon-chevrondown\" aria-hidden=\"true\" focusable=\"false\"><path d=\"M12 14.9c-.1 0-.3 0-.4-.1-.1 0-.2-.1-.3-.2L6.7 10c-.2-.1-.3-.4-.3-.6 0-.3.1-.5.3-.7.2-.2.4-.3.7-.3s.5.1.7.3l3.9 3.9 3.9-3.9c.2-.2.4-.3.7-.3.3 0 .5.1.7.3.2.2.3.4.3.7s-.1.5-.3.7l-4.6 4.6c-.1.1-.2.2-.3.2H12z\" fill=\"currentColor\" \/><\/svg><\/span>\n\t\t\t\t\t<span class=\"t2-faq-icon t2-accordion-icon is-open-icon\"><svg xmlns=\"http:\/\/www.w3.org\/2000\/svg\" viewBox=\"0 0 24 24\" height=\"24\" width=\"24\" class=\"t2-icon t2-icon-chevronup\" aria-hidden=\"true\" focusable=\"false\"><path d=\"M6.7 14.7c-.2-.2-.3-.4-.3-.7s.1-.5.3-.7l4.6-4.6c.1-.1.2-.2.3-.2.1 0 .2-.1.4-.1.1 0 .3 0 .4.1.1 0 .2.1.3.2l4.6 4.6c.2.2.3.4.3.7s-.1.5-.3.7c-.2.2-.4.3-.7.3s-.5-.1-.7-.3L12 10.8l-3.9 3.9c-.2.2-.4.3-.7.3s-.5-.1-.7-.3z\" fill=\"currentColor\" \/><\/svg><\/span>\n\t\t\t\t<\/button>\n\t\t\t<\/h3>\n\t\t\t<div\n\t\t\t\taria-labelledby=\"faq-item-2\"\n\t\t\t\tclass=\"t2-faq-item__inner-container t2-accordion-item__inner-container is-layout-flow\"\n\t\t\t\tid=\"faq-panel-2\"\n\t\t\t\trole=\"region\"\n\t\t\t\thidden\n\t\t\t>\n\t\t\t\t\n\n<p>Legg inn navn og bilde, s\u00e5 f\u00e5r du en egen side knyttet til hovedspleisen som du kan dele i ditt nettverk. Bel\u00f8pet du har klart \u00e5 samle inn vil vises b\u00e5de p\u00e5 din side og i deltakerlisten p\u00e5 hovedspleisen.<\/p>\n\n\n\t\t\t<\/div>\n\t\t<\/div>\n\t\t\n\n\n\t\t<div class=\"has-background has-brown-light-background-color t2-faq-item t2-accordion-item wp-block-t2-faq-item\" role=\"listitem\">\n\t\t\t<h3 class=\"t2-faq-title t2-accordion-title\" id=\"jeg-har-betalt-inn-p\u00e5-feil-deltakerside-kan-bel\u00f8pet-flyttes-til-riktig-person?\">\n\t\t\t\t<button\n\t\t\t\t\taria-controls=\"faq-panel-3\"\n\t\t\t\t\taria-expanded=\"false\"\n\t\t\t\t\tclass=\"t2-faq-trigger t2-accordion-trigger\"\n\t\t\t\t\tid=\"faq-item-3\"\n\t\t\t\t\ttype=\"button\"\n\t\t\t\t>\n\t\t\t\t\tJeg har betalt inn p\u00e5 feil deltakerside &#8211; kan bel\u00f8pet flyttes til riktig person?\n\t\t\t\t\t<span class=\"t2-faq-icon t2-accordion-icon is-closed-icon\"><svg xmlns=\"http:\/\/www.w3.org\/2000\/svg\" viewBox=\"0 0 24 24\" height=\"24\" width=\"24\" class=\"t2-icon t2-icon-chevrondown\" aria-hidden=\"true\" focusable=\"false\"><path d=\"M12 14.9c-.1 0-.3 0-.4-.1-.1 0-.2-.1-.3-.2L6.7 10c-.2-.1-.3-.4-.3-.6 0-.3.1-.5.3-.7.2-.2.4-.3.7-.3s.5.1.7.3l3.9 3.9 3.9-3.9c.2-.2.4-.3.7-.3.3 0 .5.1.7.3.2.2.3.4.3.7s-.1.5-.3.7l-4.6 4.6c-.1.1-.2.2-.3.2H12z\" fill=\"currentColor\" \/><\/svg><\/span>\n\t\t\t\t\t<span class=\"t2-faq-icon t2-accordion-icon is-open-icon\"><svg xmlns=\"http:\/\/www.w3.org\/2000\/svg\" viewBox=\"0 0 24 24\" height=\"24\" width=\"24\" class=\"t2-icon t2-icon-chevronup\" aria-hidden=\"true\" focusable=\"false\"><path d=\"M6.7 14.7c-.2-.2-.3-.4-.3-.7s.1-.5.3-.7l4.6-4.6c.1-.1.2-.2.3-.2.1 0 .2-.1.4-.1.1 0 .3 0 .4.1.1 0 .2.1.3.2l4.6 4.6c.2.2.3.4.3.7s-.1.5-.3.7c-.2.2-.4.3-.7.3s-.5-.1-.7-.3L12 10.8l-3.9 3.9c-.2.2-.4.3-.7.3s-.5-.1-.7-.3z\" fill=\"currentColor\" \/><\/svg><\/span>\n\t\t\t\t<\/button>\n\t\t\t<\/h3>\n\t\t\t<div\n\t\t\t\taria-labelledby=\"faq-item-3\"\n\t\t\t\tclass=\"t2-faq-item__inner-container t2-accordion-item__inner-container is-layout-flow\"\n\t\t\t\tid=\"faq-panel-3\"\n\t\t\t\trole=\"region\"\n\t\t\t\thidden\n\t\t\t>\n\t\t\t\t\n\n<p>Ja, dette kan rettes opp.<\/p>\n\n\n\n<p>P\u00e5 spleiser med flere deltakere kan du betale enten p\u00e5 hovedspleisen eller direkte p\u00e5 en deltakers side. Noen ganger havner et bidrag p\u00e5 feil deltaker eller p\u00e5 hovedspleisen ved en glipp.<\/p>\n\n\n\n<p>Kontakt kundeservice, s\u00e5 hjelper vi deg med \u00e5 flytte bel\u00f8pet til riktig deltaker. Da trenger vi informasjon om:<\/p>\n\n\n\n<ul class=\"wp-block-list\">\n<li>bidraget som ble gitt (bel\u00f8p, tidspunkt, giver)<\/li>\n\n\n\n<li>hvilken deltaker det egentlig skulle registreres p\u00e5<\/li>\n<\/ul>\n\n\n\t\t\t<\/div>\n\t\t<\/div>\n\t\t\n<\/div>\n\t\t\t<\/div>\n\t\t<\/div>\n\t\t<div class=\"t2-story-chapter__media-wrap\"><img loading=\"lazy\" decoding=\"async\" width=\"1024\" height=\"768\" src=\"https:\/\/v.imgi.no\/blakors-486-47b640d83777e04a54ddf1aa963dc08f-1024x768\/mann-vannglass.webp\" class=\"attachment-large size-large\" alt=\"\" srcset=\"https:\/\/v.imgi.no\/blakors-486-47b640d83777e04a54ddf1aa963dc08f-150x113\/mann-vannglass.webp 150w, https:\/\/v.imgi.no\/blakors-486-47b640d83777e04a54ddf1aa963dc08f-300x225\/mann-vannglass.webp 300w, https:\/\/v.imgi.no\/blakors-486-47b640d83777e04a54ddf1aa963dc08f-768x576\/mann-vannglass.webp 768w, https:\/\/v.imgi.no\/blakors-486-47b640d83777e04a54ddf1aa963dc08f-1024x768\/mann-vannglass.webp 1024w, https:\/\/v.imgi.no\/blakors-486-47b640d83777e04a54ddf1aa963dc08f-1536x1152\/mann-vannglass.webp 1536w, https:\/\/v.imgi.no\/blakors-486-47b640d83777e04a54ddf1aa963dc08f-2048x1536\/mann-vannglass.webp 2048w, https:\/\/v.imgi.no\/blakors-486-47b640d83777e04a54ddf1aa963dc08f-300x225\/mann-vannglass.webp 300w, https:\/\/v.imgi.no\/blakors-486-47b640d83777e04a54ddf1aa963dc08f-450x338\/mann-vannglass.webp 450w, https:\/\/v.imgi.no\/blakors-486-47b640d83777e04a54ddf1aa963dc08f-200x150\/mann-vannglass.webp 200w, https:\/\/v.imgi.no\/blakors-486-47b640d83777e04a54ddf1aa963dc08f-1920x1440\/mann-vannglass.webp 1920w, https:\/\/v.imgi.no\/blakors-486-47b640d83777e04a54ddf1aa963dc08f-300x225\/mann-vannglass.webp 300w, https:\/\/v.imgi.no\/blakors-486-47b640d83777e04a54ddf1aa963dc08f-400x300\/mann-vannglass.webp 400w, https:\/\/v.imgi.no\/blakors-486-47b640d83777e04a54ddf1aa963dc08f-600x450\/mann-vannglass.webp 600w\" sizes=\"auto, (max-width: 2048px) 100vw, 2048px\" \/><\/div>\t<\/div>\n\t\n\n\n\n<div class=\"wp-block-group is-layout-constrained wp-block-group-is-layout-constrained\">\n<h3 id=\"folg-oss-i-sosiale-medier\"  class=\"wp-block-heading\" ><strong>F\u00f8lg oss i sosiale medier<\/strong><\/h3>\n\n\n<div class=\"social-block\"><div class=\"social-grid\"><a href=\"https:\/\/www.facebook.com\/blakorsnorge\" target=\"_blank\" rel=\"noopener\"><img decoding=\"async\" loading=\"lazy\" src=\"https:\/\/www.blakors.no\/content\/themes\/blakors\/assets\/icons\/footer-facebook.svg\" alt=\"Facebook\"><\/a><a href=\"https:\/\/www.instagram.com\/blakors\/\" target=\"_blank\" rel=\"noopener\"><img decoding=\"async\" loading=\"lazy\" src=\"https:\/\/www.blakors.no\/content\/themes\/blakors\/assets\/icons\/footer-instagram.svg\" alt=\"Instagram\"><\/a><a href=\"https:\/\/www.linkedin.com\/company\/bl-kors-norge\/\" target=\"_blank\" rel=\"noopener\"><img decoding=\"async\" loading=\"lazy\" src=\"https:\/\/www.blakors.no\/content\/themes\/blakors\/assets\/icons\/footer-linkedin.svg\" alt=\"LinkedIn\"><\/a><\/div><\/div><\/div>\n","protected":false},"excerpt":{"rendered":"<p>F\u00f8lg oss i sosiale medier<\/p>\n","protected":false},"author":86,"featured_media":0,"parent":0,"menu_order":0,"comment_status":"closed","ping_status":"closed","template":"","meta":{"_acf_changed":false,"_relevanssi_hide_post":"","_relevanssi_hide_content":"","_relevanssi_pin_for_all":"","_relevanssi_pin_keywords":"","_relevanssi_unpin_keywords":"","_relevanssi_related_keywords":"","_relevanssi_related_include_ids":"","_relevanssi_related_exclude_ids":"","_relevanssi_related_no_append":"","_relevanssi_related_not_related":"","_relevanssi_related_posts":"1","_relevanssi_noindex_reason":"","_custom_cards_description":"","footnotes":""},"class_list":["post-522","page","type-page","status-publish","hentry"],"acf":[],"_links":{"self":[{"href":"https:\/\/www.blakors.no\/hvit-januar\/wp-json\/wp\/v2\/pages\/522","targetHints":{"allow":["GET"]}}],"collection":[{"href":"https:\/\/www.blakors.no\/hvit-januar\/wp-json\/wp\/v2\/pages"}],"about":[{"href":"https:\/\/www.blakors.no\/hvit-januar\/wp-json\/wp\/v2\/types\/page"}],"author":[{"embeddable":true,"href":"https:\/\/www.blakors.no\/hvit-januar\/wp-json\/wp\/v2\/users\/86"}],"replies":[{"embeddable":true,"href":"https:\/\/www.blakors.no\/hvit-januar\/wp-json\/wp\/v2\/comments?post=522"}],"version-history":[{"count":4,"href":"https:\/\/www.blakors.no\/hvit-januar\/wp-json\/wp\/v2\/pages\/522\/revisions"}],"predecessor-version":[{"id":770,"href":"https:\/\/www.blakors.no\/hvit-januar\/wp-json\/wp\/v2\/pages\/522\/revisions\/770"}],"wp:attachment":[{"href":"https:\/\/www.blakors.no\/hvit-januar\/wp-json\/wp\/v2\/media?parent=522"}],"curies":[{"name":"wp","href":"https:\/\/api.w.org\/{rel}","templated":true}]}}