{"id":100,"date":"2021-11-23T23:39:49","date_gmt":"2021-11-23T22:39:49","guid":{"rendered":"https:\/\/www.blakors.no\/haugaland-asenter\/?page_id=100"},"modified":"2025-05-05T12:43:23","modified_gmt":"2025-05-05T10:43:23","slug":"dine-rettigheter","status":"publish","type":"page","link":"https:\/\/www.blakors.no\/klinikk-haugaland\/dine-rettigheter\/","title":{"rendered":"Dine rettigheter"},"content":{"rendered":"\n<div class=\"wp-block-lib-header alignfull hide\"><div class=\"image-wrapper\"><img decoding=\"async\" src=\"https:\/\/www.blakors.no\/content\/uploads\/sites\/26\/2021\/11\/Terapi-Bl\u00e5-Kors-Haugaland-A-senter-scaled.jpg\"\/><\/div><div class=\"header-innercontent\">\n\n<\/div><\/div>\n\n\n<div class=\"custom-block-banner alignwide contenthalf\"><div class=\"banner-image\" style=\"background-image:url(https:\/\/www.blakors.no\/content\/uploads\/sites\/26\/2021\/11\/Terapi-Bla\u030a-Kors-Haugaland-A-senter-1024x657.jpg)\"><\/div><div class=\"banner-inner\"><div><h1 id=\"dine-rettigheter\"  class=\"title large \" >Dine rettigheter<\/h1><p>Her kan du lese mer om dine rettigheter til behandling i spesialisthelsetjenesten. \r\nHvis du har flere sp\u00f8rsm\u00e5l om pasientforl\u00f8p, kan du ringe v\u00e5r forl\u00f8pskoordinator p\u00e5 telefon: 47 97 27 10.  \r\nTelefonen betjenes p\u00e5 hverdager kl\u00a09-14. <\/p><\/div><\/div><\/div>\n\n\n<p>Vi er forpliktet til \u00e5 vurdere henvisningen for \u00e5 avgj\u00f8re om den som er henvist:<\/p>\n\n\n\n<ul class=\"wp-block-list\">\n<li>Har rett til n\u00f8dvendig helsehjelp.<\/li>\n\n\n\n<li>Har behov for helsehjelp fra spesialisthelsetjenesten, men ikke rett til n\u00f8dvendig helsehjelp.<\/li>\n\n\n\n<li>Ikke har behov for helsehjelp fra spesialisthelsetjenesten.<\/li>\n<\/ul>\n\n\n\n<h2 class=\"wp-block-heading\" id=\"h-rett-til-behandling\">Rett til behandling<\/h2>\n\n\n\n<p>Hvis du oppfyller vilk\u00e5rene for \u00e5 f\u00e5 rett til n\u00f8dvendig helsehjelp, skal du bli prioritert. Begrepene&nbsp;<em>rett til prioritert helsehjelp<\/em>&nbsp;eller <em>rettighetspasienter&nbsp;<\/em>blir gjerne brukt. For&nbsp;alle rettighetspasienter settes det en frist for n\u00e5r helsehjelpen senest&nbsp;skal gis.<\/p>\n\n\n\n<p>Vurderingen av om du er rettighetspasient blir blant annet gjort ut fra hvor alvorlig tilstanden er og hvilke muligheter som finnes til \u00e5 bedre tilstanden din med helsehjelp.<\/p>\n\n\n\n<h2 class=\"wp-block-heading\" id=\"h-helfo-pasientformidling\">HELFO pasientformidling<\/h2>\n\n\n\n<p>Dersom du som rettighetspasient ikke har f\u00e5tt tilbud om helsehjelp innen fristen som er satt, har du rett til \u00e5 motta n\u00f8dvendig helsehjelp uten opphold ved et annet sykehus i Norge eller eventuelt i utlandet. Alle som opplever brudd p\u00e5 behandlingsfristen kan ringe til HELFO pasientformidling p\u00e5 tlf. 815 33 533.&nbsp;<br><br>HELFO pasientformidling hjelper deg med \u00e5 finne annet behandlingstilbud dersom sykehuset eller behandlingsinstitusjonen har brutt behandlingsfristen.<\/p>\n\n\n\n<p>Pasienter som ikke anses som rettighetspasienter, skal ogs\u00e5 tilbys behandling. Denne gruppen kan imidlertid m\u00e5tte vente noe lenger fordi den ikke er h\u00f8yest prioritert.<\/p>\n\n\n\n<h2 class=\"wp-block-heading\" id=\"h-vurdering-av-henvisning\">Vurdering av henvisning<\/h2>\n\n\n\n<p>Hvordan vi har vurdert henvisningen (rettigheter og eventuell&nbsp;frist) f\u00e5r du informasjon om sammen med svaret p\u00e5 henvisningen, som vi sender til deg.<\/p>\n\n\n\n<p>N\u00e5r svar p\u00e5 henvisningen er kommet kan det v\u00e6re at du som pasient \u00f8nsker \u00e5 f\u00e5 din helsetilstand vurdert p\u00e5 nytt p\u00e5 et annet sykehus. <br><br>Det kan ogs\u00e5 v\u00e6re aktuelt \u00e5 be om en fornyet vurdering dersom du er uenig i det planlagte behandlingsopplegget, eller er usikker p\u00e5 om diagnosen er riktig. For \u00e5 f\u00e5 en slik fornyet vurdering m\u00e5 du be om dette fra for eksempel fastlegen din eller NAV. I s\u00e5 fall m\u00e5 det sendes en ny henvisning til spesialisthelsetjenesten.<\/p>\n\n\n\n<h2 class=\"wp-block-heading\" id=\"h-fritt-sykehusvalg\">Fritt sykehusvalg<\/h2>\n\n\n\n<p>Du kan selv velge hvilket sykehus\/institusjon&nbsp;du vil bruke ved planlagt unders\u00f8kelse og\/eller behandling. Ordningen med fritt sykehusvalg gjelder alle offentlige og enkelte private institusjoner i hele Norge. <br><br>Du kan b\u00e5de velge hvilket sykehus som skal vurdere helsetilstanden og hvor en eventuell behandling skal skje. Fritt sykehusvalg gir imidlertid ikke rett til \u00e5 velge behandlingsniv\u00e5, for eksempel en mer spesialisert type behandling.<\/p>\n\n\n\n<p>Opplysninger om ordningen og ventetider kan f\u00e5s ved \u00e5 ringe Kontoret for fritt sykehusvalg p\u00e5 gratis gr\u00f8nt nummer; tlf. 800 41 004.<\/p>\n\n\n\n\t\t<div class=\"wp-block-lib-accentuated-link\">\n\t\t\t<a class=\"lib-link__link\" href=\"https:\/\/tjenester.helsenorge.no\/velg-behandlingssted\/behandlinger\/ventetider-for?bid=95\" target=\"\" rel=\"noopener\">\n\t\t\t\t\n\t\t\t\t<div class=\"lib-link__text-content\">\n\t\t\t\t\t<span class=\"lib-link__tagline\">\n\t\t\t\t\t\tLES MER \n\t\t\t\t\t<\/span>\n\n\t\t\t\t\t<h3 class=\"lib-link__title\">\n\t\t\t\t\t\tFritt sykehusvalg\n\t\t\t\t\t<\/h3>\n\n\t\t\t\t\t\n\t\t\t<span class=\"lib-link__link-source\">\n\t\t\t\ttjenester.helsenorge.no\n\t\t\t\t<svg xmlns=\"http:\/\/www.w3.org\/2000\/svg\" viewBox=\"0 0 24 24\" height=\"24\" width=\"24\" class=\"t2-icon t2-icon-linkexternal\" aria-hidden=\"true\" focusable=\"false\"><path d=\"M5 21c-.5 0-1-.2-1.4-.6S3 19.6 3 19V5c0-.6.2-1 .6-1.4S4.5 3 5 3h6c.3 0 .5.1.7.3.2.2.3.4.3.7 0 .3-.1.5-.3.7-.2.2-.4.3-.7.3H5v14h14v-6c0-.3.1-.5.3-.7.2-.2.4-.3.7-.3s.5.1.7.3c.2.2.3.4.3.7v6c0 .6-.2 1-.6 1.4s-.8.6-1.4.6H5zm4-6c-.2-.2-.3-.4-.3-.7s.1-.5.3-.7L17.6 5H15c-.3 0-.5-.1-.7-.3-.2-.2-.3-.4-.3-.7 0-.3.1-.5.3-.7.2-.2.4-.3.7-.3h5c.3 0 .5.1.7.3.2.2.3.4.3.7v5c0 .3-.1.5-.3.7-.2.2-.4.3-.7.3s-.5-.1-.7-.3c-.2-.2-.3-.4-.3-.7V6.4L10.4 15c-.2.2-.4.3-.7.3s-.5-.1-.7-.3z\" fill=\"currentColor\" \/><\/svg>\n\t\t\t<\/span>\n\t\t\t\t<\/div>\n\t\t\t<\/a>\n\t\t<\/div>\n\n\n<h2 class=\"wp-block-heading\" id=\"h-klagemuligheter\">Klagemuligheter<\/h2>\n\n\n\n<p>Som pasient hos oss har du samme rettigheter som for all spesialisthelsetjeneste. Alle henvisninger som mottas skal vurderes&nbsp;tverrfaglig og prioriteres etter alvorlighetsgrad. For pasienter over 23 \u00e5r skal vurderingen foretas innen 30 virkedager fra henvisningen mottas. <br><br>For pasienter under 23 \u00e5r skal vurderingen gjennomf\u00f8res innen 10 virkedager. Lov om pasient- og brukerrettigheter og Prioriteringsforskriften er de lovmessige grunnlagene for prioritering av pasienter som henvises. Disse skal bidra til at de som trenger det mest, skal komme raskest til og f\u00e5 den riktige helsehjelpen.<\/p>\n\n\n\n<p><strong>Dersom du mener at bestemmelser i pasientrettighetsloven er brutt, har du som&nbsp;pasient, eller som representant for pasient, mulighet til \u00e5 klage.<\/strong> Fremgangsm\u00e5ten er slik at forholdet f\u00f8rst tas opp med oss, skriftlig eller muntlig. <br><br>Dersom anmodningen avvises, kan du klage til Helsetilsynet. Denne klagen skal v\u00e6re skriftlig, og skal sendes direkte dit. Fristen for \u00e5 be om endring av vurdering er 4 uker fra svaret p\u00e5 henvisningen er mottatt, mens fristen for \u00e5 klage til Helsetilsynet i fylket er 3 uker fra du f\u00e5r\/burde f\u00e5tt kjennskap til utfallet av anmodningen. <\/p>\n\n\n\n<div class=\"custom-block-factbox\">\n\t<p><!-- wp:paragraph --><\/p>\n<p><strong>Klageinstansens adresse i Rogaland er:<\/strong><\/p>\n<p><!-- \/wp:paragraph --> <!-- wp:paragraph --><\/p>\n<p><strong>Helsetilsynet i Rogaland<\/strong><br \/>\nPostboks 59<br \/>\n4001 Stavanger<\/p>\n<p><!-- \/wp:paragraph --> <!-- wp:paragraph --><\/p>\n<p>Det finnes et pasientombud i alle fylker som kan gi mer informasjon eller bist\u00e5 ved en eventuell klage.\u00a0I Rogaland finner du pasientombudet p\u00e5 f\u00f8lgende adresse:<\/p>\n<p><!-- \/wp:paragraph --> <!-- wp:paragraph --><\/p>\n<p><strong>Pasient- og brukarombodet i Rogaland<\/strong><br \/>\nPostboks 8100, 4068 Stavanger<br \/>\nBes\u00f8ksadresse: Gartnerveien 4, Hillev\u00e5g<br \/>\n4016 Stavanger<br \/>\nTlf. 95 33 50 50<br \/>\nE-post :\u00a0<a href=\"mailto:rogaland@pasientogbrukerombudet.no\">rogaland@pasientogbrukerombudet.no<\/a><\/p>\n<p><!-- \/wp:paragraph --><\/p>\n<\/div>\n\n\n\n<h2 class=\"wp-block-heading\" id=\"h-nasjonale-pasientforlop\">Nasjonale pasientforl\u00f8p<\/h2>\n\n\n\n<p>Alle som blir henvist til spesialisthelsetjenesten innen tverrfaglig spesialisert rusbehandling og f\u00e5r rett til n\u00f8dvendig helsehjelp, blir omfattet av et nasjonalt pasientforl\u00f8p (tidligere kalt pakkeforl\u00f8p). <br><br>\u00c5 v\u00e6re en del av et dette vil si at du som pasient f\u00e5r et behandlingsforl\u00f8p som er helhetlig og uten un\u00f8dvendig ventetid. Du som pasient skal f\u00e5 vite hva som skal skje \u2013 n\u00e5r det skal skje \u2013 og hvem som har ansvaret.<\/p>\n\n\n<div class=\"t2-accordion wp-block-t2-accordion\" data-allow-multiple=\"1\" role=\"list\"><div class=\"t2-accordion-item wp-block-t2-accordion-item\" role=\"listitem\">\n\t\t\t<h2 class=\"t2-accordion-title\">\n\t\t\t\t<button type=\"button\" class=\"t2-accordion-trigger\" id=\"uten-un\u00f8dvendig-ventetid\" aria-controls=\"accordion-panel\" aria-expanded=\"false\">\n\t\t\t\t\tUten un\u00f8dvendig ventetid\n\t\t\t\t\t<span class=\"t2-accordion-icon is-closed-icon\"><svg xmlns=\"http:\/\/www.w3.org\/2000\/svg\" viewBox=\"0 0 24 24\" height=\"24\" width=\"24\" class=\"t2-icon t2-icon-chevrondown\" aria-hidden=\"true\" focusable=\"false\"><path d=\"M12 14.9c-.1 0-.3 0-.4-.1-.1 0-.2-.1-.3-.2L6.7 10c-.2-.1-.3-.4-.3-.6 0-.3.1-.5.3-.7.2-.2.4-.3.7-.3s.5.1.7.3l3.9 3.9 3.9-3.9c.2-.2.4-.3.7-.3.3 0 .5.1.7.3.2.2.3.4.3.7s-.1.5-.3.7l-4.6 4.6c-.1.1-.2.2-.3.2H12z\" fill=\"currentColor\" \/><\/svg><\/span>\n\t\t\t\t\t<span class=\"t2-accordion-icon is-open-icon\"><svg xmlns=\"http:\/\/www.w3.org\/2000\/svg\" viewBox=\"0 0 24 24\" height=\"24\" width=\"24\" class=\"t2-icon t2-icon-chevronup\" aria-hidden=\"true\" focusable=\"false\"><path d=\"M6.7 14.7c-.2-.2-.3-.4-.3-.7s.1-.5.3-.7l4.6-4.6c.1-.1.2-.2.3-.2.1 0 .2-.1.4-.1.1 0 .3 0 .4.1.1 0 .2.1.3.2l4.6 4.6c.2.2.3.4.3.7s-.1.5-.3.7c-.2.2-.4.3-.7.3s-.5-.1-.7-.3L12 10.8l-3.9 3.9c-.2.2-.4.3-.7.3s-.5-.1-.7-.3z\" fill=\"currentColor\" \/><\/svg><\/span>\n\t\t\t\t<\/button>\n\t\t\t<\/h2>\n\t\t\t<div class=\"t2-accordion-item__inner-container is-layout-flow\" id=\"accordion-panel\" aria-labelledby=\"uten-un\u00f8dvendig-ventetid\" role=\"region\" hidden>\n\t\t\t\t\n\t\t\t\t<p>Hvilken behandling du trenger og hvor lenge den vil vare, vet vi f\u00f8rst n\u00e5r vi har blitt bedre kjent med deg. Det blir vi gjennom en basisutredning. En slik basisutredning skal gj\u00f8res ferdig i l\u00f8pet av tre uker fra din f\u00f8rste samtale p\u00e5 sykehuset.<\/p>\n<p>For mange vil denne utredningen v\u00e6re nok. Om vi trenger mer tid, skal vi sammen med deg lage en plan for videre utredning som best\u00e5r av flere samtaler og unders\u00f8kelser.<\/p>\n\n\t\t\t\n\t\t\t<\/div>\n\t\t<\/div><div class=\"t2-accordion-item wp-block-t2-accordion-item\" role=\"listitem\">\n\t\t\t<h2 class=\"t2-accordion-title\">\n\t\t\t\t<button type=\"button\" class=\"t2-accordion-trigger\" id=\"forl\u00f8pskoordinator\" aria-controls=\"accordion-panel-1\" aria-expanded=\"false\">\n\t\t\t\t\tForl\u00f8pskoordinator\n\t\t\t\t\t<span class=\"t2-accordion-icon is-closed-icon\"><svg xmlns=\"http:\/\/www.w3.org\/2000\/svg\" viewBox=\"0 0 24 24\" height=\"24\" width=\"24\" class=\"t2-icon t2-icon-chevrondown\" aria-hidden=\"true\" focusable=\"false\"><path d=\"M12 14.9c-.1 0-.3 0-.4-.1-.1 0-.2-.1-.3-.2L6.7 10c-.2-.1-.3-.4-.3-.6 0-.3.1-.5.3-.7.2-.2.4-.3.7-.3s.5.1.7.3l3.9 3.9 3.9-3.9c.2-.2.4-.3.7-.3.3 0 .5.1.7.3.2.2.3.4.3.7s-.1.5-.3.7l-4.6 4.6c-.1.1-.2.2-.3.2H12z\" fill=\"currentColor\" \/><\/svg><\/span>\n\t\t\t\t\t<span class=\"t2-accordion-icon is-open-icon\"><svg xmlns=\"http:\/\/www.w3.org\/2000\/svg\" viewBox=\"0 0 24 24\" height=\"24\" width=\"24\" class=\"t2-icon t2-icon-chevronup\" aria-hidden=\"true\" focusable=\"false\"><path d=\"M6.7 14.7c-.2-.2-.3-.4-.3-.7s.1-.5.3-.7l4.6-4.6c.1-.1.2-.2.3-.2.1 0 .2-.1.4-.1.1 0 .3 0 .4.1.1 0 .2.1.3.2l4.6 4.6c.2.2.3.4.3.7s-.1.5-.3.7c-.2.2-.4.3-.7.3s-.5-.1-.7-.3L12 10.8l-3.9 3.9c-.2.2-.4.3-.7.3s-.5-.1-.7-.3z\" fill=\"currentColor\" \/><\/svg><\/span>\n\t\t\t\t<\/button>\n\t\t\t<\/h2>\n\t\t\t<div class=\"t2-accordion-item__inner-container is-layout-flow\" id=\"accordion-panel-1\" aria-labelledby=\"forl\u00f8pskoordinator\" role=\"region\" hidden>\n\t\t\t\t\n\t\t\t\t<p>N\u00e5r du er i et pakkeforl\u00f8p, f\u00e5r du din egen forl\u00f8pskoordinator. Forl\u00f8pskoordinator vil v\u00e6re en viktig kontaktperson for deg og eventuelt for dine p\u00e5r\u00f8rende, og kan svare p\u00e5 sp\u00f8rsm\u00e5l og gi informasjon om hva som skal skje underveis i forl\u00f8pet ditt.<\/p>\n<p>Koordinatoren skal s\u00f8rge for at du unng\u00e5r un\u00f8dvendig venting og at det blir kontinuitet i behandlingen din.<\/p>\n\n\t\t\t\n\t\t\t<\/div>\n\t\t<\/div><div class=\"t2-accordion-item wp-block-t2-accordion-item\" role=\"listitem\">\n\t\t\t<h2 class=\"t2-accordion-title\">\n\t\t\t\t<button type=\"button\" class=\"t2-accordion-trigger\" id=\"bestemmelsesrett\" aria-controls=\"accordion-panel-2\" aria-expanded=\"false\">\n\t\t\t\t\tBestemmelsesrett\n\t\t\t\t\t<span class=\"t2-accordion-icon is-closed-icon\"><svg xmlns=\"http:\/\/www.w3.org\/2000\/svg\" viewBox=\"0 0 24 24\" height=\"24\" width=\"24\" class=\"t2-icon t2-icon-chevrondown\" aria-hidden=\"true\" focusable=\"false\"><path d=\"M12 14.9c-.1 0-.3 0-.4-.1-.1 0-.2-.1-.3-.2L6.7 10c-.2-.1-.3-.4-.3-.6 0-.3.1-.5.3-.7.2-.2.4-.3.7-.3s.5.1.7.3l3.9 3.9 3.9-3.9c.2-.2.4-.3.7-.3.3 0 .5.1.7.3.2.2.3.4.3.7s-.1.5-.3.7l-4.6 4.6c-.1.1-.2.2-.3.2H12z\" fill=\"currentColor\" \/><\/svg><\/span>\n\t\t\t\t\t<span class=\"t2-accordion-icon is-open-icon\"><svg xmlns=\"http:\/\/www.w3.org\/2000\/svg\" viewBox=\"0 0 24 24\" height=\"24\" width=\"24\" class=\"t2-icon t2-icon-chevronup\" aria-hidden=\"true\" focusable=\"false\"><path d=\"M6.7 14.7c-.2-.2-.3-.4-.3-.7s.1-.5.3-.7l4.6-4.6c.1-.1.2-.2.3-.2.1 0 .2-.1.4-.1.1 0 .3 0 .4.1.1 0 .2.1.3.2l4.6 4.6c.2.2.3.4.3.7s-.1.5-.3.7c-.2.2-.4.3-.7.3s-.5-.1-.7-.3L12 10.8l-3.9 3.9c-.2.2-.4.3-.7.3s-.5-.1-.7-.3z\" fill=\"currentColor\" \/><\/svg><\/span>\n\t\t\t\t<\/button>\n\t\t\t<\/h2>\n\t\t\t<div class=\"t2-accordion-item__inner-container is-layout-flow\" id=\"accordion-panel-2\" aria-labelledby=\"bestemmelsesrett\" role=\"region\" hidden>\n\t\t\t\t\n\t\t\t\t<p>Brukermedvirkning er helt sentralt i pakkeforl\u00f8pene. Helsepersonell skal involvere deg i alle avgj\u00f8relser som gjelder deg. N\u00e5r du ber om hjelp, skal du f\u00e5 god informasjon om de ulike behandlingsalternativene og tilbudene som finnes, og som er nyttige for din tilstand, slik at du kan ta et informert valg om behandling og oppf\u00f8lging.<\/p>\n<p>Du skal og involveres i \u00e5 lage din egen behandlingsplan. Underveis skal du kunne gi tilbakemelding, slik at behandlingen din kan justeres om n\u00f8dvendig.<\/p>\n<p>Hvis du opplever \u00e5 ikke bli h\u00f8rt eller tatt med i avgj\u00f8relser som gjelder deg, b\u00f8r du ta dette opp med ansvarlige fagpersoner eller noen du har tillit til, og som kan hjelpe deg \u00e5 formidle dette videre.<\/p>\n\n\t\t\t\n\t\t\t<\/div>\n\t\t<\/div><div class=\"t2-accordion-item wp-block-t2-accordion-item\" role=\"listitem\">\n\t\t\t<h2 class=\"t2-accordion-title\">\n\t\t\t\t<button type=\"button\" class=\"t2-accordion-trigger\" id=\"rett-til-individuell-plan\" aria-controls=\"accordion-panel-3\" aria-expanded=\"false\">\n\t\t\t\t\tRett til individuell plan\n\t\t\t\t\t<span class=\"t2-accordion-icon is-closed-icon\"><svg xmlns=\"http:\/\/www.w3.org\/2000\/svg\" viewBox=\"0 0 24 24\" height=\"24\" width=\"24\" class=\"t2-icon t2-icon-chevrondown\" aria-hidden=\"true\" focusable=\"false\"><path d=\"M12 14.9c-.1 0-.3 0-.4-.1-.1 0-.2-.1-.3-.2L6.7 10c-.2-.1-.3-.4-.3-.6 0-.3.1-.5.3-.7.2-.2.4-.3.7-.3s.5.1.7.3l3.9 3.9 3.9-3.9c.2-.2.4-.3.7-.3.3 0 .5.1.7.3.2.2.3.4.3.7s-.1.5-.3.7l-4.6 4.6c-.1.1-.2.2-.3.2H12z\" fill=\"currentColor\" \/><\/svg><\/span>\n\t\t\t\t\t<span class=\"t2-accordion-icon is-open-icon\"><svg xmlns=\"http:\/\/www.w3.org\/2000\/svg\" viewBox=\"0 0 24 24\" height=\"24\" width=\"24\" class=\"t2-icon t2-icon-chevronup\" aria-hidden=\"true\" focusable=\"false\"><path d=\"M6.7 14.7c-.2-.2-.3-.4-.3-.7s.1-.5.3-.7l4.6-4.6c.1-.1.2-.2.3-.2.1 0 .2-.1.4-.1.1 0 .3 0 .4.1.1 0 .2.1.3.2l4.6 4.6c.2.2.3.4.3.7s-.1.5-.3.7c-.2.2-.4.3-.7.3s-.5-.1-.7-.3L12 10.8l-3.9 3.9c-.2.2-.4.3-.7.3s-.5-.1-.7-.3z\" fill=\"currentColor\" \/><\/svg><\/span>\n\t\t\t\t<\/button>\n\t\t\t<\/h2>\n\t\t\t<div class=\"t2-accordion-item__inner-container is-layout-flow\" id=\"accordion-panel-3\" aria-labelledby=\"rett-til-individuell-plan\" role=\"region\" hidden>\n\t\t\t\t\n\t\t\t\t<p>Mange trenger flere tjenester over lang tid. Hvis du har behov for det, har du rett til en individuell plan, der du i samarbeid med de som gir deg tjenestene setter opp m\u00e5l for deg, hvilke tiltak som skal til for \u00e5 n\u00e5 m\u00e5lene og hvem som har ansvaret.<\/p>\n\n\t\t\t\n\t\t\t<\/div>\n\t\t<\/div><\/div>\n\n\n\t\t<div class=\"wp-block-lib-accentuated-link\">\n\t\t\t<a class=\"lib-link__link\" href=\"https:\/\/www.helsedirektoratet.no\/pakkeforlop\/rusbehandling-tsb\/om-pakkeforlopet\" target=\"\" rel=\"noopener\">\n\t\t\t\t\n\t\t\t\t<div class=\"lib-link__text-content\">\n\t\t\t\t\t<span class=\"lib-link__tagline\">\n\t\t\t\t\t\tsjekk ut\n\t\t\t\t\t<\/span>\n\n\t\t\t\t\t<h3 class=\"lib-link__title\">\n\t\t\t\t\t\tMer om pakkeforl\u00f8p\n\t\t\t\t\t<\/h3>\n\n\t\t\t\t\t\n\t\t\t<span class=\"lib-link__link-source\">\n\t\t\t\twww.helsedirektoratet.no\n\t\t\t\t<svg xmlns=\"http:\/\/www.w3.org\/2000\/svg\" viewBox=\"0 0 24 24\" height=\"24\" width=\"24\" class=\"t2-icon t2-icon-linkexternal\" aria-hidden=\"true\" focusable=\"false\"><path d=\"M5 21c-.5 0-1-.2-1.4-.6S3 19.6 3 19V5c0-.6.2-1 .6-1.4S4.5 3 5 3h6c.3 0 .5.1.7.3.2.2.3.4.3.7 0 .3-.1.5-.3.7-.2.2-.4.3-.7.3H5v14h14v-6c0-.3.1-.5.3-.7.2-.2.4-.3.7-.3s.5.1.7.3c.2.2.3.4.3.7v6c0 .6-.2 1-.6 1.4s-.8.6-1.4.6H5zm4-6c-.2-.2-.3-.4-.3-.7s.1-.5.3-.7L17.6 5H15c-.3 0-.5-.1-.7-.3-.2-.2-.3-.4-.3-.7 0-.3.1-.5.3-.7.2-.2.4-.3.7-.3h5c.3 0 .5.1.7.3.2.2.3.4.3.7v5c0 .3-.1.5-.3.7-.2.2-.4.3-.7.3s-.5-.1-.7-.3c-.2-.2-.3-.4-.3-.7V6.4L10.4 15c-.2.2-.4.3-.7.3s-.5-.1-.7-.3z\" fill=\"currentColor\" \/><\/svg>\n\t\t\t<\/span>\n\t\t\t\t<\/div>\n\t\t\t<\/a>\n\t\t<\/div>\n\n\n<p><\/p>\n","protected":false},"excerpt":{"rendered":"<p>Vi er forpliktet til \u00e5 vurdere henvisningen for \u00e5 avgj\u00f8re om den som er henvist: Rett til behandling Hvis du oppfyller vilk\u00e5rene for \u00e5 f\u00e5 rett til n\u00f8dvendig helsehjelp, skal du bli prioritert. Begrepene&nbsp;rett til prioritert helsehjelp&nbsp;eller rettighetspasienter&nbsp;blir gjerne brukt. For&nbsp;alle rettighetspasienter settes det en frist for n\u00e5r helsehjelpen senest&nbsp;skal gis. Vurderingen av om du [&hellip;]<\/p>\n","protected":false},"author":23,"featured_media":65,"parent":0,"menu_order":0,"comment_status":"closed","ping_status":"closed","template":"","meta":{"_acf_changed":false,"_relevanssi_hide_post":"","_relevanssi_hide_content":"","_relevanssi_pin_for_all":"on","_relevanssi_pin_keywords":"Rettigheter","_relevanssi_unpin_keywords":"","_relevanssi_related_keywords":"","_relevanssi_related_include_ids":"","_relevanssi_related_exclude_ids":"","_relevanssi_related_no_append":"","_relevanssi_related_not_related":"","_relevanssi_related_posts":"1","_relevanssi_noindex_reason":"","_custom_cards_description":"","footnotes":""},"class_list":["post-100","page","type-page","status-publish","has-post-thumbnail","hentry"],"acf":[],"_links":{"self":[{"href":"https:\/\/www.blakors.no\/klinikk-haugaland\/wp-json\/wp\/v2\/pages\/100","targetHints":{"allow":["GET"]}}],"collection":[{"href":"https:\/\/www.blakors.no\/klinikk-haugaland\/wp-json\/wp\/v2\/pages"}],"about":[{"href":"https:\/\/www.blakors.no\/klinikk-haugaland\/wp-json\/wp\/v2\/types\/page"}],"author":[{"embeddable":true,"href":"https:\/\/www.blakors.no\/klinikk-haugaland\/wp-json\/wp\/v2\/users\/23"}],"replies":[{"embeddable":true,"href":"https:\/\/www.blakors.no\/klinikk-haugaland\/wp-json\/wp\/v2\/comments?post=100"}],"version-history":[{"count":5,"href":"https:\/\/www.blakors.no\/klinikk-haugaland\/wp-json\/wp\/v2\/pages\/100\/revisions"}],"predecessor-version":[{"id":1142,"href":"https:\/\/www.blakors.no\/klinikk-haugaland\/wp-json\/wp\/v2\/pages\/100\/revisions\/1142"}],"wp:featuredmedia":[{"embeddable":true,"href":"https:\/\/www.blakors.no\/klinikk-haugaland\/wp-json\/wp\/v2\/media\/65"}],"wp:attachment":[{"href":"https:\/\/www.blakors.no\/klinikk-haugaland\/wp-json\/wp\/v2\/media?parent=100"}],"curies":[{"name":"wp","href":"https:\/\/api.w.org\/{rel}","templated":true}]}}