{"id":12,"date":"2021-11-23T13:17:23","date_gmt":"2021-11-23T12:17:23","guid":{"rendered":"https:\/\/www.blakors.no\/haugaland-asenter\/?page_id=12"},"modified":"2025-05-26T11:19:13","modified_gmt":"2025-05-26T09:19:13","slug":"sok-behandling","status":"publish","type":"page","link":"https:\/\/www.blakors.no\/klinikk-haugaland\/sok-behandling\/","title":{"rendered":"S\u00f8k behandling"},"content":{"rendered":"\n<div class=\"wp-block-lib-header alignfull hide\"><div class=\"image-wrapper\"><img decoding=\"async\" src=\"https:\/\/www.blakors.no\/content\/uploads\/sites\/26\/2021\/11\/Friluft-Bla\u030a-Kors-Haugaland-A-senter-scaled.jpg\" \/><\/div><div class=\"header-innercontent\">\n\n<\/div><\/div>\n\n\n<div class=\"custom-block-banner alignwide contenthalf\"><div class=\"banner-image\" style=\"background-image:url(https:\/\/www.blakors.no\/content\/uploads\/sites\/26\/2021\/11\/Friluft-Bla\u030a-Kors-Haugaland-A-senter-1024x636.jpg)\"><\/div><div class=\"banner-inner\"><div><h1 id=\"sok-behandling\"  class=\"title large \" >S\u00f8k behandling<\/h1><p>\u00d8nsker du behandling hos oss? Da trenger vi en henvisning fra din behandler. \r\nHer kan du lese mer om hvordan du g\u00e5r fram.<\/p><\/div><\/div><\/div>\n\n\n<p>For \u00e5 f\u00e5 behandling hos oss m\u00e5 vi f\u00f8rst ha en henvisning fra fastlege, NAV, barneverntjenesten, helsepersonell i somatisk sykehus eller psykisk helsevern. Om du mener du trenger behandling m\u00e5 du derfor kontakte din behandler og be om \u00e5 bli henvist til oss.<\/p>\n\n\n\n<p>Det er viktig at dine \u00f8nsker og behov kommer tydelig fram i henvisningen. Du f\u00e5r skriftlig svar, og det f\u00e5r ogs\u00e5 den som har henvist deg.<\/p>\n\n\n\n<p>All behandling er gratis, med unntak av egenandel i poliklinikken slik det er i et tilsvarende offentlig behandlingstilbud.<\/p>\n\n\n\n<h2 id=\"akuttvurdering\"  class=\"wp-block-heading\" >Akuttvurdering<\/h2>\n\n\n\n<p>Bl\u00e5 Kors klinikk Haugaland har ikke akuttmedisinsk tverrfaglig behandling. Dersom du har behov for \u00f8yeblikkelig hjelp bes du ta kontakt med AMK, legevakt eller fastlege som kan hjelpe deg videre.<\/p>\n\n\n\n\t\t<div class=\"wp-block-lib-accentuated-link\">\n\t\t\t<a\n\t\t\t\tclass=\"lib-link__link\"\n\t\t\t\thref=\"https:\/\/www.blakors.no\/klinikk-haugaland\/for-henvisere\/\"\n\t\t\t\ttarget=\"\"\n\t\t\t\trel=\"\"\n\t\t\t>\n\t\t\t\t\n\t\t\t\t<div class=\"lib-link__text-content\">\n\t\t\t\t\t<span class=\"lib-link__tagline\">\n\t\t\t\t\t\tAlso read\n\t\t\t\t\t<\/span>\n\n\t\t\t\t\t<h3 class=\"lib-link__title\">\n\t\t\t\t\t\tDette skal henvisningen inneholde\n\t\t\t\t\t<\/h3>\n\n\t\t\t\t\t\n\t\t\t\t<\/div>\n\t\t\t<\/a>\n\t\t<\/div>\n\n\n<p><\/p>\n\n\n\n<p><\/p>\n\n\n\n\t\t<div class=\"wp-block-lib-accentuated-link\">\n\t\t\t<a\n\t\t\t\tclass=\"lib-link__link\"\n\t\t\t\thref=\"https:\/\/www.blakors.no\/klinikk-haugaland\/dine-rettigheter\/\"\n\t\t\t\ttarget=\"\"\n\t\t\t\trel=\"\"\n\t\t\t>\n\t\t\t\t\n\t\t\t\t<div class=\"lib-link__text-content\">\n\t\t\t\t\t<span class=\"lib-link__tagline\">\n\t\t\t\t\t\tAlso read\n\t\t\t\t\t<\/span>\n\n\t\t\t\t\t<h3 class=\"lib-link__title\">\n\t\t\t\t\t\tDine pasientrettigheter\n\t\t\t\t\t<\/h3>\n\n\t\t\t\t\t\n\t\t\t\t<\/div>\n\t\t\t<\/a>\n\t\t<\/div>\n\n<div class=\"t2-featured-content-layout alignwide alignwide wp-block-t2-featured-content-layout\" role=\"list\">\n<div class=\"t2-featured-single-post t2-featured-content is-post-type-page wp-block-t2-featured-single-post\" role=\"listitem\"><a class=\"t2-post-link wp-block-t2-post-link\" href=\"https:\/\/www.blakors.no\/klinikk-haugaland\/rus-og-avhengighetsbehandling\/\">\n<figure style=\"--t2-focal-point: 50% 50%;\" class=\"t2-post-featured-image has-image-ratio-16-9 wp-block-t2-post-featured-image\"><img loading=\"lazy\" decoding=\"async\" width=\"2048\" height=\"1314\" src=\"https:\/\/www.blakors.no\/content\/uploads\/sites\/26\/2021\/11\/Terapi-Bla\u030a-Kors-Haugaland-A-senter-scaled.jpg\" class=\"attachment-post-thumbnail size-post-thumbnail wp-post-image\" alt=\"To kvinner sitter ovenfor hverandre. Dene kvinnen har klosser i hvitt og r\u00f8dt og legger dem fram p\u00e5 bordet\" srcset=\"https:\/\/www.blakors.no\/content\/uploads\/sites\/26\/2021\/11\/Terapi-Bla\u030a-Kors-Haugaland-A-senter-scaled.jpg 2048w, https:\/\/www.blakors.no\/content\/uploads\/sites\/26\/2021\/11\/Terapi-Bla\u030a-Kors-Haugaland-A-senter-300x192.jpg 300w, https:\/\/www.blakors.no\/content\/uploads\/sites\/26\/2021\/11\/Terapi-Bla\u030a-Kors-Haugaland-A-senter-1024x657.jpg 1024w, https:\/\/www.blakors.no\/content\/uploads\/sites\/26\/2021\/11\/Terapi-Bla\u030a-Kors-Haugaland-A-senter-768x493.jpg 768w, https:\/\/www.blakors.no\/content\/uploads\/sites\/26\/2021\/11\/Terapi-Bla\u030a-Kors-Haugaland-A-senter-1536x986.jpg 1536w\" sizes=\"auto, (min-width: 782px) 768px, 100vw\" \/><\/figure>\n\n<div class=\"wp-block-group alignfull is-layout-flow wp-block-group-is-layout-flow\">\n\t<h2 id=\"behandling-av-rusmiddelavhengighet\"  class=\"t2-post-title wp-block-t2-post-title\" >Behandling av rusmiddelavhengighet<\/h2>\n\t<div class=\"wp-block-post-date__modified-date wp-block-post-date\"><time datetime=\"2025-05-26T09:54:02+02:00\">26. mai 2025<\/time><\/div>\n\t\t\t<div class=\"single-meta t2-post-excerpt card-description wp-block-blakors-meta-display\"><\/div>\n\t\n<\/div>\n\n<\/a>\n<\/div>\n\n<div class=\"t2-featured-single-post t2-featured-content is-post-type-page wp-block-t2-featured-single-post\" role=\"listitem\"><a class=\"t2-post-link wp-block-t2-post-link\" href=\"https:\/\/www.blakors.no\/klinikk-haugaland\/spillavhengighet\/\">\n<figure style=\"--t2-focal-point: 50% 50%;\" class=\"t2-post-featured-image has-image-ratio-16-9 wp-block-t2-post-featured-image\"><img loading=\"lazy\" decoding=\"async\" width=\"2048\" height=\"1341\" src=\"https:\/\/www.blakors.no\/content\/uploads\/sites\/26\/2021\/12\/Mann-sitter-i-sofa-og-spiller-og-er-bekymret-scaled.jpg\" class=\"attachment-post-thumbnail size-post-thumbnail wp-post-image\" alt=\"En mann sitter i sofaen og spiller p\u00e5 mobilen sin\" srcset=\"https:\/\/www.blakors.no\/content\/uploads\/sites\/26\/2021\/12\/Mann-sitter-i-sofa-og-spiller-og-er-bekymret-scaled.jpg 2048w, https:\/\/www.blakors.no\/content\/uploads\/sites\/26\/2021\/12\/Mann-sitter-i-sofa-og-spiller-og-er-bekymret-300x196.jpg 300w, https:\/\/www.blakors.no\/content\/uploads\/sites\/26\/2021\/12\/Mann-sitter-i-sofa-og-spiller-og-er-bekymret-1024x671.jpg 1024w, https:\/\/www.blakors.no\/content\/uploads\/sites\/26\/2021\/12\/Mann-sitter-i-sofa-og-spiller-og-er-bekymret-768x503.jpg 768w, https:\/\/www.blakors.no\/content\/uploads\/sites\/26\/2021\/12\/Mann-sitter-i-sofa-og-spiller-og-er-bekymret-1536x1006.jpg 1536w\" sizes=\"auto, (min-width: 782px) 768px, 100vw\" \/><\/figure>\n\n<div class=\"wp-block-group alignfull is-layout-flow wp-block-group-is-layout-flow\">\n\t<h2 id=\"spillavhengighet\"  class=\"t2-post-title wp-block-t2-post-title\" >Spillavhengighet<\/h2>\n\t<div class=\"wp-block-post-date__modified-date wp-block-post-date\"><time datetime=\"2025-05-26T09:55:15+02:00\">26. mai 2025<\/time><\/div>\n\t\t\t<div class=\"single-meta t2-post-excerpt card-description wp-block-blakors-meta-display\"><\/div>\n\t\n<\/div>\n\n<\/a>\n<\/div>\n\n<div class=\"t2-featured-single-post t2-featured-content is-post-type-page wp-block-t2-featured-single-post\" role=\"listitem\"><a class=\"t2-post-link wp-block-t2-post-link\" href=\"https:\/\/www.blakors.no\/klinikk-haugaland\/parorende\/\">\n<figure style=\"--t2-focal-point: 50% 50%;\" class=\"t2-post-featured-image has-image-ratio-16-9 wp-block-t2-post-featured-image\"><img loading=\"lazy\" decoding=\"async\" width=\"2048\" height=\"1366\" src=\"https:\/\/www.blakors.no\/content\/uploads\/sites\/26\/2021\/11\/Spiser-sammen-Bla\u030a-Kors-Haugaland-A-senter-scaled.jpg\" class=\"attachment-post-thumbnail size-post-thumbnail wp-post-image\" alt=\"To voksne og to barn sitter rundt et kj\u00f8kkenbord p\u00e5 kj\u00f8kkenet. Det ene barnet sitter p\u00e5 en barnestol. Det er hyggelig stemning\" srcset=\"https:\/\/www.blakors.no\/content\/uploads\/sites\/26\/2021\/11\/Spiser-sammen-Bla\u030a-Kors-Haugaland-A-senter-scaled.jpg 2048w, https:\/\/www.blakors.no\/content\/uploads\/sites\/26\/2021\/11\/Spiser-sammen-Bla\u030a-Kors-Haugaland-A-senter-300x200.jpg 300w, https:\/\/www.blakors.no\/content\/uploads\/sites\/26\/2021\/11\/Spiser-sammen-Bla\u030a-Kors-Haugaland-A-senter-1024x683.jpg 1024w, https:\/\/www.blakors.no\/content\/uploads\/sites\/26\/2021\/11\/Spiser-sammen-Bla\u030a-Kors-Haugaland-A-senter-768x512.jpg 768w, https:\/\/www.blakors.no\/content\/uploads\/sites\/26\/2021\/11\/Spiser-sammen-Bla\u030a-Kors-Haugaland-A-senter-1536x1025.jpg 1536w\" sizes=\"auto, (min-width: 782px) 768px, 100vw\" \/><\/figure>\n\n<div class=\"wp-block-group alignfull is-layout-flow wp-block-group-is-layout-flow\">\n\t<h2 id=\"parorendetilbud\"  class=\"t2-post-title wp-block-t2-post-title\" >P\u00e5r\u00f8rendetilbud<\/h2>\n\t<div class=\"wp-block-post-date__modified-date wp-block-post-date\"><time datetime=\"2026-02-17T10:48:11+01:00\">17. februar 2026<\/time><\/div>\n\t\t\t<div class=\"single-meta t2-post-excerpt card-description wp-block-blakors-meta-display\"><\/div>\n\t\n<\/div>\n\n<\/a>\n<\/div>\n<\/div>","protected":false},"excerpt":{"rendered":"<p>For \u00e5 f\u00e5 behandling hos oss m\u00e5 vi f\u00f8rst ha en henvisning fra fastlege, NAV, barneverntjenesten, helsepersonell i somatisk sykehus eller psykisk helsevern. Om du mener du trenger behandling m\u00e5 du derfor kontakte din behandler og be om \u00e5 bli henvist til oss. Det er viktig at dine \u00f8nsker og behov kommer tydelig fram i [&hellip;]<\/p>\n","protected":false},"author":23,"featured_media":51,"parent":0,"menu_order":0,"comment_status":"closed","ping_status":"closed","template":"","meta":{"_acf_changed":false,"_relevanssi_hide_post":"","_relevanssi_hide_content":"","_relevanssi_pin_for_all":"","_relevanssi_pin_keywords":"","_relevanssi_unpin_keywords":"","_relevanssi_related_keywords":"","_relevanssi_related_include_ids":"","_relevanssi_related_exclude_ids":"","_relevanssi_related_no_append":"","_relevanssi_related_not_related":"","_relevanssi_related_posts":"1","_relevanssi_noindex_reason":"","_custom_cards_description":"","footnotes":""},"class_list":["post-12","page","type-page","status-publish","has-post-thumbnail","hentry"],"acf":[],"_links":{"self":[{"href":"https:\/\/www.blakors.no\/klinikk-haugaland\/wp-json\/wp\/v2\/pages\/12","targetHints":{"allow":["GET"]}}],"collection":[{"href":"https:\/\/www.blakors.no\/klinikk-haugaland\/wp-json\/wp\/v2\/pages"}],"about":[{"href":"https:\/\/www.blakors.no\/klinikk-haugaland\/wp-json\/wp\/v2\/types\/page"}],"author":[{"embeddable":true,"href":"https:\/\/www.blakors.no\/klinikk-haugaland\/wp-json\/wp\/v2\/users\/23"}],"replies":[{"embeddable":true,"href":"https:\/\/www.blakors.no\/klinikk-haugaland\/wp-json\/wp\/v2\/comments?post=12"}],"version-history":[{"count":5,"href":"https:\/\/www.blakors.no\/klinikk-haugaland\/wp-json\/wp\/v2\/pages\/12\/revisions"}],"predecessor-version":[{"id":1266,"href":"https:\/\/www.blakors.no\/klinikk-haugaland\/wp-json\/wp\/v2\/pages\/12\/revisions\/1266"}],"wp:featuredmedia":[{"embeddable":true,"href":"https:\/\/www.blakors.no\/klinikk-haugaland\/wp-json\/wp\/v2\/media\/51"}],"wp:attachment":[{"href":"https:\/\/www.blakors.no\/klinikk-haugaland\/wp-json\/wp\/v2\/media?parent=12"}],"curies":[{"name":"wp","href":"https:\/\/api.w.org\/{rel}","templated":true}]}}