{"id":234,"date":"2021-11-30T11:27:19","date_gmt":"2021-11-30T10:27:19","guid":{"rendered":"https:\/\/www.blakors.no\/haugaland-asenter\/?page_id=234"},"modified":"2024-01-23T08:14:52","modified_gmt":"2024-01-23T07:14:52","slug":"trening-og-turer","status":"publish","type":"page","link":"https:\/\/www.blakors.no\/klinikk-haugaland\/trening-og-turer\/","title":{"rendered":"Trening og turer"},"content":{"rendered":"<div class=\"custom-block-banner alignwide contenthalf\"><div class=\"banner-image\" style=\"background-image:url(https:\/\/www.blakors.no\/content\/uploads\/sites\/26\/2021\/11\/Sykling-Bla\u030a-Kors-Haugaland-A-senter-1024x682.jpg)\"><\/div><div class=\"banner-inner\"><div><h1 id=\"fysisk-aktivitet\"  class=\"title large \" >Fysisk aktivitet<\/h1><p>Fysisk aktivitet har god effekt for bedre fysisk og psykisk helse, derfor har vi flere tilbud om trening og turer for pasientene.<\/p><\/div><\/div><\/div>\n\n\n<div class=\"wp-block-lib-header alignfull hide\"><div class=\"image-wrapper\"><img decoding=\"async\" src=\"https:\/\/www.blakors.no\/content\/uploads\/sites\/26\/2021\/11\/Sykling-Bla\u030a-Kors-Haugaland-A-senter-scaled.jpg\"\/><\/div><div class=\"header-innercontent\">\n\n<\/div><\/div>\n\n\n\n<h2 id=\"fysisk-aktivitetsgruppe\"  class=\"wp-block-heading\" >Fysisk aktivitetsgruppe<\/h2>\n\n\n\n<p>Gruppen er for alle innlagte pasienter som vil komme i bedre form. Pasientene trener i eget treningsrom ved BKHAS og p\u00e5 Actic. Pasientene ved dagenheten f\u00e5r tilbud om \u00e5 delta p\u00e5 volleyball. Det gis individuell veiledning i \u00f8velser og tilrettelagt program ved behov.<\/p>\n\n\n\n<p><strong>M\u00e5lsetting:<\/strong><\/p>\n\n\n\n<ul class=\"wp-block-list\">\n<li>Oppleve fysisk aktivitet som positivt og godt.<\/li>\n\n\n\n<li>Oppn\u00e5 bedre psykisk og fysisk helse ved \u00e5 v\u00e6re i aktivitet \/ trene.<\/li>\n\n\n\n<li>Motivere for videre fysisk aktivitet etter utskrivelse.<\/li>\n<\/ul>\n\n\n\n<h2 id=\"turgruppe\"  class=\"wp-block-heading\" >Turgruppe<\/h2>\n\n\n\n<p>Turgruppen er for innlagte pasienter ved d\u00f8gnenheten og arrangeres to ganger i uken. Pasienter ved dagenheten gis anledning til deltakelse en gang pr uke. Det er alltid minimum to milj\u00f8terapeuter med p\u00e5 turen.<\/p>\n\n\n\n<p><strong>M\u00e5lsetting:<\/strong><\/p>\n\n\n\n<ul class=\"wp-block-list\">\n<li>F\u00e5 bedre fysisk og psykisk helse gjennom fysisk aktiv.<\/li>\n\n\n\n<li>F\u00e5 frisk luft og gode sanse- og naturopplevelser.<\/li>\n\n\n\n<li>Samhandling og sosialt fellesskap med andre.<\/li>\n\n\n\n<li>Oppleve mestring gjennom \u00e5 utfordre seg selv.<\/li>\n<\/ul>\n\n\n\n<figure class=\"wp-block-image aligncenter size-large\"><img loading=\"lazy\" decoding=\"async\" width=\"1024\" height=\"636\" src=\"https:\/\/www.blakors.no\/content\/uploads\/sites\/26\/2021\/11\/Friluft-Bla\u030a-Kors-Haugaland-A-senter-1024x636.jpg\" alt=\"en gruppe mennesker p\u00e5 tur ute\" class=\"wp-image-51\" srcset=\"https:\/\/www.blakors.no\/content\/uploads\/sites\/26\/2021\/11\/Friluft-Bla\u030a-Kors-Haugaland-A-senter-1024x636.jpg 1024w, https:\/\/www.blakors.no\/content\/uploads\/sites\/26\/2021\/11\/Friluft-Bla\u030a-Kors-Haugaland-A-senter-300x186.jpg 300w, https:\/\/www.blakors.no\/content\/uploads\/sites\/26\/2021\/11\/Friluft-Bla\u030a-Kors-Haugaland-A-senter-768x477.jpg 768w, https:\/\/www.blakors.no\/content\/uploads\/sites\/26\/2021\/11\/Friluft-Bla\u030a-Kors-Haugaland-A-senter-1536x953.jpg 1536w, https:\/\/www.blakors.no\/content\/uploads\/sites\/26\/2021\/11\/Friluft-Bla\u030a-Kors-Haugaland-A-senter-scaled.jpg 2048w\" sizes=\"auto, (max-width: 1024px) 100vw, 1024px\" \/><\/figure>\n\n\n\n<h2 id=\"yoga\"  class=\"wp-block-heading\" >Yoga<\/h2>\n\n\n\n<p>Yoga tilbys innlagte pasienter og dagpasienter og er organisert i en gruppe for menn og en gruppe for kvinner.<\/p>\n\n\n\n<p><strong>M\u00e5lsetting:<\/strong><\/p>\n\n\n\n<ul class=\"wp-block-list\">\n<li>M\u00f8te seg selv, kjenner p\u00e5 sine utfordringer og begrensninger, og gradvis l\u00e6re \u00e5 bygge opp positivt handlingsm\u00f8nstre.<\/li>\n\n\n\n<li>L\u00e6re \u00e5 eksistere uten \u00e5 flykte eller \u00e5 distrahere. <\/li>\n\n\n\n<li>En \u00f8ket tilstedev\u00e6relse gir grobunn for st\u00f8rre innsikt innad og utad, og man l\u00e6rer seg \u00e5 finne en harmoni med seg selv og andre.<\/li>\n<\/ul>\n\n\n\n<p>Gruppen passer for alle og er ledet av fysioterapeut Siv Almbakk. Yoga tilrettelegges ut fra den enkeltes behov.<\/p>\n\n\n\n<figure class=\"wp-block-image aligncenter size-large\"><img loading=\"lazy\" decoding=\"async\" width=\"1024\" height=\"683\" src=\"https:\/\/www.blakors.no\/content\/uploads\/sites\/26\/2021\/11\/Yoga-Bla\u030a-Kors-Haugaland-A-senter-1024x683.jpg\" alt=\"flere personer gj\u00f8r yoga\" class=\"wp-image-69\" srcset=\"https:\/\/www.blakors.no\/content\/uploads\/sites\/26\/2021\/11\/Yoga-Bla\u030a-Kors-Haugaland-A-senter-1024x683.jpg 1024w, https:\/\/www.blakors.no\/content\/uploads\/sites\/26\/2021\/11\/Yoga-Bla\u030a-Kors-Haugaland-A-senter-300x200.jpg 300w, https:\/\/www.blakors.no\/content\/uploads\/sites\/26\/2021\/11\/Yoga-Bla\u030a-Kors-Haugaland-A-senter-768x512.jpg 768w, https:\/\/www.blakors.no\/content\/uploads\/sites\/26\/2021\/11\/Yoga-Bla\u030a-Kors-Haugaland-A-senter-1536x1025.jpg 1536w, https:\/\/www.blakors.no\/content\/uploads\/sites\/26\/2021\/11\/Yoga-Bla\u030a-Kors-Haugaland-A-senter-scaled.jpg 2048w\" sizes=\"auto, (max-width: 1024px) 100vw, 1024px\" \/><\/figure>\n\n\n\n<h2 class=\"wp-block-heading\" id=\"h-fysikalsk-behandling\"><\/h2>\n","protected":false},"excerpt":{"rendered":"<p>Fysisk aktivitetsgruppe Gruppen er for alle innlagte pasienter som vil komme i bedre form. Pasientene trener i eget treningsrom ved BKHAS og p\u00e5 Actic. Pasientene ved dagenheten f\u00e5r tilbud om \u00e5 delta p\u00e5 volleyball. Det gis individuell veiledning i \u00f8velser og tilrettelagt program ved behov. M\u00e5lsetting: Turgruppe Turgruppen er for innlagte pasienter ved d\u00f8gnenheten og [&hellip;]<\/p>\n","protected":false},"author":7,"featured_media":64,"parent":0,"menu_order":0,"comment_status":"closed","ping_status":"closed","template":"","meta":{"_acf_changed":false,"_relevanssi_hide_post":"","_relevanssi_hide_content":"","_relevanssi_pin_for_all":"on","_relevanssi_pin_keywords":"fysisk aktivitet, trening i rusbehandling","_relevanssi_unpin_keywords":"","_relevanssi_related_keywords":"","_relevanssi_related_include_ids":"","_relevanssi_related_exclude_ids":"","_relevanssi_related_no_append":"","_relevanssi_related_not_related":"","_relevanssi_related_posts":"1","_relevanssi_noindex_reason":"","_custom_cards_description":"","footnotes":""},"class_list":["post-234","page","type-page","status-publish","has-post-thumbnail","hentry"],"acf":[],"_links":{"self":[{"href":"https:\/\/www.blakors.no\/klinikk-haugaland\/wp-json\/wp\/v2\/pages\/234","targetHints":{"allow":["GET"]}}],"collection":[{"href":"https:\/\/www.blakors.no\/klinikk-haugaland\/wp-json\/wp\/v2\/pages"}],"about":[{"href":"https:\/\/www.blakors.no\/klinikk-haugaland\/wp-json\/wp\/v2\/types\/page"}],"author":[{"embeddable":true,"href":"https:\/\/www.blakors.no\/klinikk-haugaland\/wp-json\/wp\/v2\/users\/7"}],"replies":[{"embeddable":true,"href":"https:\/\/www.blakors.no\/klinikk-haugaland\/wp-json\/wp\/v2\/comments?post=234"}],"version-history":[{"count":5,"href":"https:\/\/www.blakors.no\/klinikk-haugaland\/wp-json\/wp\/v2\/pages\/234\/revisions"}],"predecessor-version":[{"id":917,"href":"https:\/\/www.blakors.no\/klinikk-haugaland\/wp-json\/wp\/v2\/pages\/234\/revisions\/917"}],"wp:featuredmedia":[{"embeddable":true,"href":"https:\/\/www.blakors.no\/klinikk-haugaland\/wp-json\/wp\/v2\/media\/64"}],"wp:attachment":[{"href":"https:\/\/www.blakors.no\/klinikk-haugaland\/wp-json\/wp\/v2\/media?parent=234"}],"curies":[{"name":"wp","href":"https:\/\/api.w.org\/{rel}","templated":true}]}}