{"id":280,"date":"2021-12-10T14:39:04","date_gmt":"2021-12-10T13:39:04","guid":{"rendered":"https:\/\/www.blakors.no\/haugaland-asenter\/?page_id=280"},"modified":"2026-01-07T11:37:41","modified_gmt":"2026-01-07T10:37:41","slug":"poliklinikk","status":"publish","type":"page","link":"https:\/\/www.blakors.no\/klinikk-haugaland\/poliklinikk\/","title":{"rendered":"Poliklinikk klinikk Haugaland"},"content":{"rendered":"<div class=\"custom-block-banner alignwide contenthalf\"><div class=\"banner-image\" style=\"background-image:url(https:\/\/www.blakors.no\/content\/uploads\/sites\/26\/2021\/12\/Poliklinikken-breddebilde-1024x683-1.jpg)\"><\/div><div class=\"banner-inner\"><div><h1 id=\"poliklinikk\"  class=\"title large \" >Poliklinikk<\/h1><p>I poliklinikken utreder og behandler vi avhengighet- og rusrelaterte problemer uten innleggelse.<\/p><div class=\"wp-block-button is-style-primary small\"><a class=\"wp-block-button__link\" href=\"https:\/\/www.blakors.no\/klinikk-haugaland\/sok-behandling\/\" target=\"\">Slik s\u00f8ker du behandling<\/a><\/div><\/div><\/div><\/div>\n\n\n<div class=\"wp-block-lib-header alignfull hide\"><div class=\"image-wrapper\"><img decoding=\"async\" src=\"https:\/\/www.blakors.no\/content\/uploads\/sites\/26\/2021\/12\/Poliklinikken-breddebilde-1024x683-1.jpg\" \/><\/div><div class=\"header-innercontent\">\n\n<\/div><\/div>\n\n\n\n<h2 class=\"wp-block-heading\" id=\"h-behandling-individuelt-eller-i-gruppe\">Behandling individuelt eller i gruppe<\/h2>\n\n\n\n<p>Tilbudet kan best\u00e5 av&nbsp;individuelle samtaler hos&nbsp;behandler p\u00e5 poliklinikken, men kan ogs\u00e5 inkludere par- eller familiesamtaler. Vi tilbyr ogs\u00e5 samtaleterapi i grupper. Det er ogs\u00e5 ulike dagtilbud hos oss.<\/p>\n\n\n\n<p>De polikliniske tjenestene utf\u00f8res av et tverrfaglig behandlerteam med psykologspesialister, psykiater, psykologer og lege i spesialisering, samt sykepleiere og sosionomer med videreutdanning.<\/p>\n\n\n\n<p>Poliklinikken har ansvar for pasientbehandling, samt undervisning, veiledning og konsultasjon i forhold til samtlige samarbeidsinstanser, men med et spesielt ansvar overfor det kommunale behandlings- og hjelpeapparatet.<\/p>\n\n\n\n<p>Polikliniske pasienter har behandlingsplaner som er individuelt tilpasset pasientens behov sammensatt av ulike utrednings- og behandlingstiltak.<\/p>\n\n\n\n<h2 class=\"wp-block-heading\" id=\"h-behandling-der-du-bor\">Behandling der du bor<\/h2>\n\n\n\n<p>Vi jobber ogs\u00e5 utadrettet. Det inneb\u00e6rer tverrfaglig behandling i hjemmet eller n\u00e6r der du bor. For noen inneb\u00e6rer det eksempelvis \u00e5 f\u00e5 hjelp som innlagt p\u00e5 sykehus eller annen institusjon.<\/p>\n\n\n\n<p>Vi deltar ogs\u00e5 i ansvarsgruppem\u00f8ter med samarbeidende instanser, for eksempel NAV eller fastlege, og gir delbidrag til Individuell Plan.<\/p>\n\n\n\n<p>Poliklinikken gir ogs\u00e5 behandlingsforberedende samtaler til deg som venter p\u00e5 innleggelse. Poliklinikken samarbeider tett med de d\u00f8gnbaserte tjenestene. Mange pasienter fortsetter med poliklinisk behandling etter innleggelse.<\/p>\n\n\n\n<p>Av ambulant behandling tilbyr vi hjemmekonsultasjoner, konsultasjoner hos samarbeidspartnere som kommuner, NAV og kriminalomsorg og samarbeidsm\u00f8ter utenfor Bl\u00e5 Kors klinikk Haugaland. Etter pandemien har vi tatt med oss videre tilbudet om \u00abwalk and talk\u00bb hvor man har st\u00f8tte- og samtaleterapi samtidig som man g\u00e5r tur. Vi har ogs\u00e5 telefon- og videokonsultasjoner.<\/p>\n\n\n\n<div class=\"wp-block-buttons alignfull is-horizontal is-content-justification-center is-layout-flex wp-container-core-buttons-is-layout-499968f5 wp-block-buttons-is-layout-flex\"><\/div>\n","protected":false},"excerpt":{"rendered":"<p>Behandling individuelt eller i gruppe Tilbudet kan best\u00e5 av&nbsp;individuelle samtaler hos&nbsp;behandler p\u00e5 poliklinikken, men kan ogs\u00e5 inkludere par- eller familiesamtaler. Vi tilbyr ogs\u00e5 samtaleterapi i grupper. Det er ogs\u00e5 ulike dagtilbud hos oss. De polikliniske tjenestene utf\u00f8res av et tverrfaglig behandlerteam med psykologspesialister, psykiater, psykologer og lege i spesialisering, samt sykepleiere og sosionomer med videreutdanning. [&hellip;]<\/p>\n","protected":false},"author":23,"featured_media":396,"parent":0,"menu_order":0,"comment_status":"closed","ping_status":"closed","template":"","meta":{"_acf_changed":false,"_relevanssi_hide_post":"","_relevanssi_hide_content":"","_relevanssi_pin_for_all":"","_relevanssi_pin_keywords":"","_relevanssi_unpin_keywords":"","_relevanssi_related_keywords":"","_relevanssi_related_include_ids":"","_relevanssi_related_exclude_ids":"","_relevanssi_related_no_append":"","_relevanssi_related_not_related":"","_relevanssi_related_posts":"1","_relevanssi_noindex_reason":"","_custom_cards_description":"","footnotes":""},"class_list":["post-280","page","type-page","status-publish","has-post-thumbnail","hentry"],"acf":[],"_links":{"self":[{"href":"https:\/\/www.blakors.no\/klinikk-haugaland\/wp-json\/wp\/v2\/pages\/280","targetHints":{"allow":["GET"]}}],"collection":[{"href":"https:\/\/www.blakors.no\/klinikk-haugaland\/wp-json\/wp\/v2\/pages"}],"about":[{"href":"https:\/\/www.blakors.no\/klinikk-haugaland\/wp-json\/wp\/v2\/types\/page"}],"author":[{"embeddable":true,"href":"https:\/\/www.blakors.no\/klinikk-haugaland\/wp-json\/wp\/v2\/users\/23"}],"replies":[{"embeddable":true,"href":"https:\/\/www.blakors.no\/klinikk-haugaland\/wp-json\/wp\/v2\/comments?post=280"}],"version-history":[{"count":6,"href":"https:\/\/www.blakors.no\/klinikk-haugaland\/wp-json\/wp\/v2\/pages\/280\/revisions"}],"predecessor-version":[{"id":1429,"href":"https:\/\/www.blakors.no\/klinikk-haugaland\/wp-json\/wp\/v2\/pages\/280\/revisions\/1429"}],"wp:featuredmedia":[{"embeddable":true,"href":"https:\/\/www.blakors.no\/klinikk-haugaland\/wp-json\/wp\/v2\/media\/396"}],"wp:attachment":[{"href":"https:\/\/www.blakors.no\/klinikk-haugaland\/wp-json\/wp\/v2\/media?parent=280"}],"curies":[{"name":"wp","href":"https:\/\/api.w.org\/{rel}","templated":true}]}}