{"id":282,"date":"2021-12-10T14:39:17","date_gmt":"2021-12-10T13:39:17","guid":{"rendered":"https:\/\/www.blakors.no\/haugaland-asenter\/?page_id=282"},"modified":"2024-01-19T15:07:42","modified_gmt":"2024-01-19T14:07:42","slug":"familieenhet","status":"publish","type":"page","link":"https:\/\/www.blakors.no\/klinikk-haugaland\/familieenhet\/","title":{"rendered":"Bl\u00e5 Kors klinikk Haugaland &#8211; Familieenhet"},"content":{"rendered":"\n<div class=\"wp-block-lib-header alignfull hide\"><div class=\"image-wrapper\"><img decoding=\"async\" src=\"https:\/\/www.blakors.no\/content\/uploads\/sites\/26\/2021\/11\/Samtale-med-barn-Bla\u030a-Kors-Haugaland-A-senter-scaled.jpg\" \/><\/div><div class=\"header-innercontent\">\n\n<\/div><\/div>\n\n\n<div class=\"custom-block-banner alignwide contenthalf\"><div class=\"banner-image\" style=\"background-image:url(https:\/\/www.blakors.no\/content\/uploads\/sites\/26\/2024\/01\/Blakors-Haugaland-4868-1024x683.jpg)\"><\/div><div class=\"banner-inner\"><div><h1 id=\"familieenhet\"  class=\"title large \" >Familieenhet<\/h1><p>Familieenheten er et behandlingstilbud for sm\u00e5barnsfamilier og gravide som har utfordringer knyttet til bruk av rusmidler (og medikamenter). Vi tilbyr et tilpasset opplegg for foreldre sammen med sine barn.<\/p><div class=\"wp-block-button is-style-primary small\"><a class=\"wp-block-button__link\" href=\"https:\/\/www.blakors.no\/klinikk-haugaland\/sok-behandling\/\" target=\"\">Slik s\u00f8ker du behandling<\/a><\/div><\/div><\/div><\/div>\n\n\n<h2 class=\"wp-block-heading\" id=\"h-tilbud-for-aleneforeldre-og-foreldrepar\">Tilbud for aleneforeldre og foreldrepar<\/h2>\n\n\n\n<p>Vi har to plasser og holder til sentrumsn\u00e6rt i egne lokaler, med lekeplass like utenfor. Familiene bor i  hver sin moderne leilighet som er fullt utstyrt med stue, kj\u00f8kken, bad og soverom. I tillegg  er det felles kj\u00f8kken, stue og kontorer.<\/p>\n\n\n\n<h2 class=\"wp-block-heading\" id=\"h-barnets-behov-i-sentrum\">Barnets behov i sentrum<\/h2>\n\n\n\n<p>Bl\u00e5 Kors klinikk Haugaland&nbsp;har etablert et behandlingstilbud spesielt tilrettelagt for gravide og sm\u00e5barnsforeldre med utfordringer knyttet til rusmiddel- eller medikamentbruk. Avdeling for gravide og sm\u00e5barnsfamilier tilbyr tilpassede behandlingsopphold for foreldre sammen med sine barn.<\/p>\n\n\n\n<p>Tilbudet retter seg mot aleneforeldre, s\u00e5 vel som foreldrepar. Fokusomr\u00e5der vil v\u00e6re hjelp til stabil og varig rusmiddelmestring, utredning og behandling av eventuelle psykiske vansker, avklare og bist\u00e5 i forhold til eventuelle sosiale eller praktiske utfordringer og hjelp til \u00e5 styrke omsorgskompetanse og tilknytning til barnet.<\/p>\n\n\n\n<p>Behandlingsvarighet tilpasses behovet til den enkelte familie, men 3-6 m\u00e5neder kan ofte v\u00e6re aktuelt for \u00e5 starte gode endringsprosesser og bli trygg i foreldrerollen. Familien vil f\u00e5 tilbud om oppf\u00f8lging fra behandlingsteamet etter oppholdet.<\/p>\n\n\n\t<div class=\"custom-block-gallery\" data-pswp-uid=\"6a0147d44fa11\">\n\t\t<ul class=\"gallery\">\n\t\t\t\t\t\t\t<li class=\"gallery-item\" data-pswp-pid=\"0\">\n\t\t\t\t\t<img loading=\"lazy\" decoding=\"async\" src=\"https:\/\/www.blakors.no\/content\/uploads\/sites\/26\/2021\/11\/Utelek-Bla\u030a-Kors-Haugaland-A-senter-768x498.jpg\" alt=\"barn og voksne leker sammen. Begge barna husker.\" width=\"1024\" height=\"664\" \/>\n\t\t\t\t\t\t\t\t\t<\/li>\n\t\t\t\t\t\t\t\t<li class=\"gallery-item\" data-pswp-pid=\"1\">\n\t\t\t\t\t<img loading=\"lazy\" decoding=\"async\" src=\"https:\/\/www.blakors.no\/content\/uploads\/sites\/26\/2021\/11\/Husker-Bla\u030a-Kors-Haugaland-A-senter-768x1129.jpg\" alt=\"Et barn husker mens en mann og et annet barn sitter ved sandkassen\" width=\"697\" height=\"1024\" \/>\n\t\t\t\t\t\t\t\t\t<\/li>\n\t\t\t\t\t\t\t\t<li class=\"gallery-item\" data-pswp-pid=\"2\">\n\t\t\t\t\t<img loading=\"lazy\" decoding=\"async\" src=\"https:\/\/www.blakors.no\/content\/uploads\/sites\/26\/2021\/11\/Samvaer-Bla\u030a-Kors-Haugaland-A-senter-768x494.jpg\" alt=\"Fire voksne og to barn sitter rundt et spisebord og spiser. Det er en blomsterbukett midt p\u00e5 bordet. Det er hyggelig stemning\" width=\"1024\" height=\"658\" \/>\n\t\t\t\t\t\t\t\t\t<\/li>\n\t\t\t\t\t\t\t\t<li class=\"gallery-item\" data-pswp-pid=\"3\">\n\t\t\t\t\t<img loading=\"lazy\" decoding=\"async\" src=\"https:\/\/www.blakors.no\/content\/uploads\/sites\/26\/2021\/11\/Barneseng-Bla\u030a-Kors-Haugaland-A-senter-768x512.jpg\" alt=\"Soverom med en dobbeltseng midt i rommet. Ved siden av st\u00e5r en barneseng. Det er en bl\u00e5farge p\u00e5 veggene\" width=\"1024\" height=\"683\" \/>\n\t\t\t\t\t\t\t\t\t<\/li>\n\t\t\t\t\t\t<\/ul>\n\t<\/div>\n\n\n\n<h2 id=\"fokusomrader\"  class=\"wp-block-heading\" >Fokusomr\u00e5der<\/h2>\n\n\n\n<p>Vi jobber utifra den s\u00e5kalte funksjonssirkelen som viser 10 viktige livsomr\u00e5der. M\u00e5let med funksjonssirkelen er \u00e5 finne ut hva akkurat du trenger \u00e5 jobbe med. Det kan dreie seg om behov for \u00e5 etablere nytt nettverk, ordne i \u00f8konomi, finne annen bolig, mestre rusmiddeltrang eller psykiske vansker. Veiledning med sikte p\u00e5 \u00e5 skape et godt samspill med barnet vil v\u00e6re en  viktig del av tilbudet.<\/p>\n\n\n\n<figure class=\"wp-block-image aligncenter size-large is-resized\"><img loading=\"lazy\" decoding=\"async\" width=\"1024\" height=\"718\" src=\"https:\/\/www.blakors.no\/content\/uploads\/sites\/26\/2021\/11\/Trygghetssirkelen-Bla\u030a-Kors-Haugaland-A-senter-1024x718.jpg\" alt=\"Fire mennesker sitter i et rom og ser p\u00e5 en skjerm der det st\u00e5r \u00abTrygghetssirkelen\u00bb. Det er tatt i bruk en projektor\" class=\"wp-image-66\" srcset=\"https:\/\/www.blakors.no\/content\/uploads\/sites\/26\/2021\/11\/Trygghetssirkelen-Bla\u030a-Kors-Haugaland-A-senter-1024x718.jpg 1024w, https:\/\/www.blakors.no\/content\/uploads\/sites\/26\/2021\/11\/Trygghetssirkelen-Bla\u030a-Kors-Haugaland-A-senter-300x210.jpg 300w, https:\/\/www.blakors.no\/content\/uploads\/sites\/26\/2021\/11\/Trygghetssirkelen-Bla\u030a-Kors-Haugaland-A-senter-768x539.jpg 768w, https:\/\/www.blakors.no\/content\/uploads\/sites\/26\/2021\/11\/Trygghetssirkelen-Bla\u030a-Kors-Haugaland-A-senter-1536x1078.jpg 1536w, https:\/\/www.blakors.no\/content\/uploads\/sites\/26\/2021\/11\/Trygghetssirkelen-Bla\u030a-Kors-Haugaland-A-senter-scaled.jpg 2048w\" sizes=\"auto, (max-width: 1024px) 100vw, 1024px\" \/><figcaption class=\"wp-element-caption\">Trygghetssirkel. Illustrasjonsfoto: Bl\u00e5 Kors<\/figcaption><\/figure>\n\n\n\n<h2 class=\"wp-block-heading\" id=\"h-gravid-med-rusproblemer\">Gravid med rusproblemer<\/h2>\n\n\n\n<p>Helse Vest tilbyr ogs\u00e5 plasser for gravide som har behov for skjerming etter helse- og omsorgstjenesteloven \u00a7 10-3. Dette gjelder for gravide som omhandler tilbakehold av gravid rusmiddelavhengig uten eget samtykke.<\/p>\n\n\n\n<p>Helse Stavanger har f\u00e5tt i oppdrag om \u00e5 ha det koordinerende ansvaret for gravide i henhold til \u00a710-3 for hele Rogaland, slik de ogs\u00e5 har for \u00a710-2.<\/p>\n","protected":false},"excerpt":{"rendered":"<p>Tilbud for aleneforeldre og foreldrepar Vi har to plasser og holder til sentrumsn\u00e6rt i egne lokaler, med lekeplass like utenfor. Familiene bor i hver sin moderne leilighet som er fullt utstyrt med stue, kj\u00f8kken, bad og soverom. I tillegg er det felles kj\u00f8kken, stue og kontorer. Barnets behov i sentrum Bl\u00e5 Kors klinikk Haugaland&nbsp;har etablert [&hellip;]<\/p>\n","protected":false},"author":23,"featured_media":61,"parent":0,"menu_order":0,"comment_status":"closed","ping_status":"closed","template":"","meta":{"_acf_changed":false,"_relevanssi_hide_post":"","_relevanssi_hide_content":"","_relevanssi_pin_for_all":"on","_relevanssi_pin_keywords":"Familieenhet, familieavdeling, hjelp til rusavhengig gravid, gravid, familier ","_relevanssi_unpin_keywords":"","_relevanssi_related_keywords":"","_relevanssi_related_include_ids":"","_relevanssi_related_exclude_ids":"","_relevanssi_related_no_append":"","_relevanssi_related_not_related":"","_relevanssi_related_posts":"1","_relevanssi_noindex_reason":"","_custom_cards_description":"","footnotes":""},"class_list":["post-282","page","type-page","status-publish","has-post-thumbnail","hentry"],"acf":[],"_links":{"self":[{"href":"https:\/\/www.blakors.no\/klinikk-haugaland\/wp-json\/wp\/v2\/pages\/282","targetHints":{"allow":["GET"]}}],"collection":[{"href":"https:\/\/www.blakors.no\/klinikk-haugaland\/wp-json\/wp\/v2\/pages"}],"about":[{"href":"https:\/\/www.blakors.no\/klinikk-haugaland\/wp-json\/wp\/v2\/types\/page"}],"author":[{"embeddable":true,"href":"https:\/\/www.blakors.no\/klinikk-haugaland\/wp-json\/wp\/v2\/users\/23"}],"replies":[{"embeddable":true,"href":"https:\/\/www.blakors.no\/klinikk-haugaland\/wp-json\/wp\/v2\/comments?post=282"}],"version-history":[{"count":5,"href":"https:\/\/www.blakors.no\/klinikk-haugaland\/wp-json\/wp\/v2\/pages\/282\/revisions"}],"predecessor-version":[{"id":914,"href":"https:\/\/www.blakors.no\/klinikk-haugaland\/wp-json\/wp\/v2\/pages\/282\/revisions\/914"}],"wp:featuredmedia":[{"embeddable":true,"href":"https:\/\/www.blakors.no\/klinikk-haugaland\/wp-json\/wp\/v2\/media\/61"}],"wp:attachment":[{"href":"https:\/\/www.blakors.no\/klinikk-haugaland\/wp-json\/wp\/v2\/media?parent=282"}],"curies":[{"name":"wp","href":"https:\/\/api.w.org\/{rel}","templated":true}]}}