{"id":284,"date":"2021-12-10T14:39:32","date_gmt":"2021-12-10T13:39:32","guid":{"rendered":"https:\/\/www.blakors.no\/haugaland-asenter\/?page_id=284"},"modified":"2021-12-16T14:21:27","modified_gmt":"2021-12-16T13:21:27","slug":"stabilisering-og-utredningsenhet","status":"publish","type":"page","link":"https:\/\/www.blakors.no\/klinikk-haugaland\/stabilisering-og-utredningsenhet\/","title":{"rendered":"Stabilisering og utredningsenhet"},"content":{"rendered":"\n<div class=\"wp-block-lib-header alignfull hide\"><div class=\"image-wrapper\"><img decoding=\"async\" src=\"https:\/\/www.blakors.no\/content\/uploads\/sites\/26\/2021\/11\/Headset-Bla\u030a-Kors-Haugaland-A-senter-scaled.jpg\"\/><\/div><div class=\"header-innercontent\"><\/div><\/div>\n\n\n<div class=\"custom-block-banner alignwide contenthalf\"><div class=\"banner-image\" style=\"background-image:url(https:\/\/www.blakors.no\/content\/uploads\/sites\/26\/2021\/11\/Terapi-Bla\u030a-Kors-Haugaland-A-senter-1024x657.jpg)\"><\/div><div class=\"banner-inner\"><div><h1 id=\"stabilisering-og-utredningsenhet\"  class=\"title small \" >Stabilisering og utredningsenhet<\/h1><p>P\u00e5 denne enheten kartlegger vi pasienten, omfang av rusmiddelbruken og hvordan det p\u00e5virker psykisk og fysisk helse. Vi behandler abstinensplager, stabiliserer og utreder.<\/p><\/div><\/div><\/div>\n\n\n<p>De fleste pasientene v\u00e5re har v\u00e6rt innlagt for avrusning, s\u00e5 vi samarbeider n\u00e6rt med andre institusjoner i spesialisthelsetjenesten. Men det er ogs\u00e5&nbsp; mulig \u00e5 f\u00e5 plass hos oss uten en d\u00f8gnbasert avrusning. Noen avruser seg selv, da har vi som oftest satt opp og gjort avtale om en st\u00f8ttestruktur som for eksempel innholder hyppige urinpr\u00f8ver i en periode.<\/p>\n\n\n\n<p>Det kommer ogs\u00e5 pasienter til stabilisering og utredning fra poliklinikken, n\u00e5r det er pasienter der som trenger en innleggelse for kortere tid.<\/p>\n\n\n\n<p>Vi har 12 plasser p\u00e5 denne enheten.<\/p>\n","protected":false},"excerpt":{"rendered":"<p>De fleste pasientene v\u00e5re har v\u00e6rt innlagt for avrusning, s\u00e5 vi samarbeider n\u00e6rt med andre institusjoner i spesialisthelsetjenesten. Men det er ogs\u00e5&nbsp; mulig \u00e5 f\u00e5 plass hos oss uten en d\u00f8gnbasert avrusning. Noen avruser seg selv, da har vi som oftest satt opp og gjort avtale om en st\u00f8ttestruktur som for eksempel innholder hyppige urinpr\u00f8ver [&hellip;]<\/p>\n","protected":false},"author":23,"featured_media":54,"parent":0,"menu_order":0,"comment_status":"closed","ping_status":"closed","template":"","meta":{"_acf_changed":false,"_relevanssi_hide_post":"","_relevanssi_hide_content":"","_relevanssi_pin_for_all":"on","_relevanssi_pin_keywords":"stabilisering og utredningsenhet","_relevanssi_unpin_keywords":"","_relevanssi_related_keywords":"","_relevanssi_related_include_ids":"","_relevanssi_related_exclude_ids":"","_relevanssi_related_no_append":"","_relevanssi_related_not_related":"","_relevanssi_related_posts":"1","_relevanssi_noindex_reason":"","_custom_cards_description":"","footnotes":""},"class_list":["post-284","page","type-page","status-publish","has-post-thumbnail","hentry"],"acf":[],"_links":{"self":[{"href":"https:\/\/www.blakors.no\/klinikk-haugaland\/wp-json\/wp\/v2\/pages\/284","targetHints":{"allow":["GET"]}}],"collection":[{"href":"https:\/\/www.blakors.no\/klinikk-haugaland\/wp-json\/wp\/v2\/pages"}],"about":[{"href":"https:\/\/www.blakors.no\/klinikk-haugaland\/wp-json\/wp\/v2\/types\/page"}],"author":[{"embeddable":true,"href":"https:\/\/www.blakors.no\/klinikk-haugaland\/wp-json\/wp\/v2\/users\/23"}],"replies":[{"embeddable":true,"href":"https:\/\/www.blakors.no\/klinikk-haugaland\/wp-json\/wp\/v2\/comments?post=284"}],"version-history":[{"count":12,"href":"https:\/\/www.blakors.no\/klinikk-haugaland\/wp-json\/wp\/v2\/pages\/284\/revisions"}],"predecessor-version":[{"id":484,"href":"https:\/\/www.blakors.no\/klinikk-haugaland\/wp-json\/wp\/v2\/pages\/284\/revisions\/484"}],"wp:featuredmedia":[{"embeddable":true,"href":"https:\/\/www.blakors.no\/klinikk-haugaland\/wp-json\/wp\/v2\/media\/54"}],"wp:attachment":[{"href":"https:\/\/www.blakors.no\/klinikk-haugaland\/wp-json\/wp\/v2\/media?parent=284"}],"curies":[{"name":"wp","href":"https:\/\/api.w.org\/{rel}","templated":true}]}}