{"id":3,"date":"2021-11-23T13:15:07","date_gmt":"2021-11-23T12:15:07","guid":{"rendered":"https:\/\/www.blakors.no\/haugaland-asenter\/?page_id=3"},"modified":"2026-04-10T13:28:35","modified_gmt":"2026-04-10T11:28:35","slug":"forside","status":"publish","type":"page","link":"https:\/\/www.blakors.no\/klinikk-haugaland\/","title":{"rendered":"Bl\u00e5 Kors klinikk Haugaland"},"content":{"rendered":"\n\t<div style=\"--t2-hero-dim:0;\" class=\"t2-hero t2-hero-content-position-center-left t2-hero-has-dim-0 alignfull wp-block-t2-hero has-background has-lila-light-background-color\">\n\t\t\n\t\t<div class=\"t2-hero__header\"><div class=\"t2-hero__header__content\">\n\n<h1 id=\"behandling-for-avhengighetslidelser\"  class=\"wp-block-heading\" >Behandling for avhengighetslidelser<\/h1>\n\n\n\n<p>Vi tilbyr spesialisert behandling ved problematisk bruk av alkohol, medikamenter eller andre rusmidler, og for ukontrollert spilling. Du kan lese mer om Bl\u00e5 Kors sine behandlingstilbud p\u00e5 <a href=\"http:\/\/www.blakors.no\/behandling\">www.blakors.no\/behandling<\/a> <\/p>\n\n\n\n<p>Velkommen til oss i Haugesund.<\/p>\n\n\n\n<div class=\"wp-block-buttons is-layout-flex wp-block-buttons-is-layout-flex\">\n<div class=\"wp-block-button\"><a class=\"wp-block-button__link wp-element-button\" href=\"https:\/\/www.blakors.no\/klinikk-haugaland\/kontakt-oss\/\">Kontakt oss<\/a><\/div>\n<\/div>\n\n<\/div><\/div>\n\t<\/div>\n\n\n<div class=\"wp-block-lib-header alignfull hide\"><div class=\"image-wrapper\"><img decoding=\"async\" src=\"https:\/\/www.blakors.no\/content\/uploads\/sites\/26\/2021\/11\/Pasient-Bla\u030a-Kors-Haugaland-A-senter-scaled.jpg\"\/><\/div><div class=\"header-innercontent\">\n\n<\/div><\/div>\n\n\n<div class=\"t2-featured-content-layout alignwide alignwide wp-block-t2-featured-content-layout\" role=\"list\">\n<div class=\"t2-featured-single-post t2-featured-content is-post-type-page wp-block-t2-featured-single-post\" role=\"listitem\"><a class=\"t2-post-link wp-block-t2-post-link\" href=\"https:\/\/www.blakors.no\/klinikk-haugaland\/rus-og-avhengighetsbehandling\/\">\n<figure style=\"--t2-focal-point: 50% 50%;\" class=\"t2-post-featured-image has-image-ratio-16-9 wp-block-t2-post-featured-image\"><img loading=\"lazy\" decoding=\"async\" width=\"2048\" height=\"1314\" src=\"https:\/\/www.blakors.no\/content\/uploads\/sites\/26\/2021\/11\/Terapi-Bla\u030a-Kors-Haugaland-A-senter-scaled.jpg\" class=\"attachment-post-thumbnail size-post-thumbnail wp-post-image\" alt=\"To kvinner sitter ovenfor hverandre. Dene kvinnen har klosser i hvitt og r\u00f8dt og legger dem fram p\u00e5 bordet\" srcset=\"https:\/\/www.blakors.no\/content\/uploads\/sites\/26\/2021\/11\/Terapi-Bla\u030a-Kors-Haugaland-A-senter-scaled.jpg 2048w, https:\/\/www.blakors.no\/content\/uploads\/sites\/26\/2021\/11\/Terapi-Bla\u030a-Kors-Haugaland-A-senter-300x192.jpg 300w, https:\/\/www.blakors.no\/content\/uploads\/sites\/26\/2021\/11\/Terapi-Bla\u030a-Kors-Haugaland-A-senter-1024x657.jpg 1024w, https:\/\/www.blakors.no\/content\/uploads\/sites\/26\/2021\/11\/Terapi-Bla\u030a-Kors-Haugaland-A-senter-768x493.jpg 768w, https:\/\/www.blakors.no\/content\/uploads\/sites\/26\/2021\/11\/Terapi-Bla\u030a-Kors-Haugaland-A-senter-1536x986.jpg 1536w\" sizes=\"auto, (min-width: 782px) 768px, 100vw\" \/><\/figure>\n\n<div class=\"wp-block-group alignfull is-layout-flow wp-block-group-is-layout-flow\">\n\t<h2 id=\"behandling-av-rusmiddelavhengighet\"  class=\"t2-post-title wp-block-t2-post-title\" >Behandling av rusmiddelavhengighet<\/h2>\n\t<div class=\"wp-block-post-date__modified-date wp-block-post-date\"><time datetime=\"2025-05-26T09:54:02+02:00\">26. mai 2025<\/time><\/div>\n\t\t\t<div class=\"single-meta t2-post-excerpt card-description wp-block-blakors-meta-display\"><\/div>\n\t\n<\/div>\n\n<\/a>\n<\/div>\n\n<div class=\"t2-featured-single-post t2-featured-content is-post-type-page wp-block-t2-featured-single-post\" role=\"listitem\"><a class=\"t2-post-link wp-block-t2-post-link\" href=\"https:\/\/www.blakors.no\/klinikk-haugaland\/spillavhengighet\/\">\n<figure style=\"--t2-focal-point: 50% 50%;\" class=\"t2-post-featured-image has-image-ratio-16-9 wp-block-t2-post-featured-image\"><img loading=\"lazy\" decoding=\"async\" width=\"2048\" height=\"1341\" src=\"https:\/\/www.blakors.no\/content\/uploads\/sites\/26\/2021\/12\/Mann-sitter-i-sofa-og-spiller-og-er-bekymret-scaled.jpg\" class=\"attachment-post-thumbnail size-post-thumbnail wp-post-image\" alt=\"En mann sitter i sofaen og spiller p\u00e5 mobilen sin\" srcset=\"https:\/\/www.blakors.no\/content\/uploads\/sites\/26\/2021\/12\/Mann-sitter-i-sofa-og-spiller-og-er-bekymret-scaled.jpg 2048w, https:\/\/www.blakors.no\/content\/uploads\/sites\/26\/2021\/12\/Mann-sitter-i-sofa-og-spiller-og-er-bekymret-300x196.jpg 300w, https:\/\/www.blakors.no\/content\/uploads\/sites\/26\/2021\/12\/Mann-sitter-i-sofa-og-spiller-og-er-bekymret-1024x671.jpg 1024w, https:\/\/www.blakors.no\/content\/uploads\/sites\/26\/2021\/12\/Mann-sitter-i-sofa-og-spiller-og-er-bekymret-768x503.jpg 768w, https:\/\/www.blakors.no\/content\/uploads\/sites\/26\/2021\/12\/Mann-sitter-i-sofa-og-spiller-og-er-bekymret-1536x1006.jpg 1536w\" sizes=\"auto, (min-width: 782px) 768px, 100vw\" \/><\/figure>\n\n<div class=\"wp-block-group alignfull is-layout-flow wp-block-group-is-layout-flow\">\n\t<h2 id=\"spillavhengighet\"  class=\"t2-post-title wp-block-t2-post-title\" >Spillavhengighet<\/h2>\n\t<div class=\"wp-block-post-date__modified-date wp-block-post-date\"><time datetime=\"2025-05-26T09:55:15+02:00\">26. mai 2025<\/time><\/div>\n\t\t\t<div class=\"single-meta t2-post-excerpt card-description wp-block-blakors-meta-display\"><\/div>\n\t\n<\/div>\n\n<\/a>\n<\/div>\n\n<div class=\"t2-featured-single-post t2-featured-content is-post-type-page wp-block-t2-featured-single-post\" role=\"listitem\"><a class=\"t2-post-link wp-block-t2-post-link\" href=\"https:\/\/www.blakors.no\/klinikk-haugaland\/familieenhet-2\/\">\n<figure style=\"--t2-focal-point: 50% 50%;\" class=\"t2-post-featured-image has-image-ratio-16-9 wp-block-t2-post-featured-image\"><img loading=\"lazy\" decoding=\"async\" width=\"2048\" height=\"1328\" src=\"https:\/\/www.blakors.no\/content\/uploads\/sites\/26\/2021\/11\/Utelek-Bla\u030a-Kors-Haugaland-A-senter-scaled.jpg\" class=\"attachment-post-thumbnail size-post-thumbnail wp-post-image\" alt=\"barn og voksne leker sammen. Begge barna husker.\" srcset=\"https:\/\/www.blakors.no\/content\/uploads\/sites\/26\/2021\/11\/Utelek-Bla\u030a-Kors-Haugaland-A-senter-scaled.jpg 2048w, https:\/\/www.blakors.no\/content\/uploads\/sites\/26\/2021\/11\/Utelek-Bla\u030a-Kors-Haugaland-A-senter-300x195.jpg 300w, https:\/\/www.blakors.no\/content\/uploads\/sites\/26\/2021\/11\/Utelek-Bla\u030a-Kors-Haugaland-A-senter-1024x664.jpg 1024w, https:\/\/www.blakors.no\/content\/uploads\/sites\/26\/2021\/11\/Utelek-Bla\u030a-Kors-Haugaland-A-senter-768x498.jpg 768w, https:\/\/www.blakors.no\/content\/uploads\/sites\/26\/2021\/11\/Utelek-Bla\u030a-Kors-Haugaland-A-senter-1536x996.jpg 1536w\" sizes=\"auto, (min-width: 782px) 768px, 100vw\" \/><\/figure>\n\n<div class=\"wp-block-group alignfull is-layout-flow wp-block-group-is-layout-flow\">\n\t<h2 id=\"familieenhet\"  class=\"t2-post-title wp-block-t2-post-title\" >Familieenhet<\/h2>\n\t<div class=\"wp-block-post-date__modified-date wp-block-post-date\"><time datetime=\"2021-12-13T11:20:59+01:00\">13. desember 2021<\/time><\/div>\n\t\t\t<div class=\"single-meta t2-post-excerpt card-description wp-block-blakors-meta-display\"><\/div>\n\t\n<\/div>\n\n<\/a>\n<\/div>\n<\/div>\n\n\n<p>Bl\u00e5 Kors klinikk Haugaland er en del av spesialisthelsetjenesten og best\u00e5r av poliklinikk, d\u00f8gnenhet og familieenhet. Vi jobber p\u00e5 oppdrag fra Helse Vest RHF. Hos oss arbeider det psykologer, psykiater, fagkonsulenter, sosionomer, sykepleiere, vernepleiere, barnevernspedagoger og lege. <\/p>\n\n\n\n<p>I filmen under kan du som pasient, p\u00e5r\u00f8rende og samarbeidspartner f\u00e5 et lite innblikk i hvordan vi jobber her p\u00e5 Bl\u00e5 Kors klinikk Haugaland.<\/p>\n\n\n\n<figure class=\"wp-block-embed dekode-gtm-iframe-preview is-type-video is-provider-vimeo wp-block-embed-vimeo wp-embed-aspect-16-9 wp-has-aspect-ratio\"><div class=\"wp-block-embed__wrapper\">\n<iframe title=\"Bl\u00e5 Kors - Vi er Bl\u00e5 Kors\" data-cookieconsent=\"marketing\" data-cookieblock-src=\"https:\/\/player.vimeo.com\/video\/1001057213?dnt=1&amp;app_id=122963\" width=\"500\" height=\"281\" frameborder=\"0\" allow=\"autoplay; fullscreen; picture-in-picture; clipboard-write; encrypted-media; web-share\" referrerpolicy=\"strict-origin-when-cross-origin\"><\/iframe>\n\t\t<div class=\"cookieconsent-optout-marketing dekode-gtm-cookie-consent-video-placeholder\">\n\t\t\t<div class=\"dekode-gtm-cookie-consent is-block-core-embed is-provider-vimeo\">\n\t\t\t\t\n\t\t\t<img decoding=\"async\" src=\"https:\/\/i.vimeocdn.com\/video\/1920556149-b2695ac8c504c0d566b9f30e94d1ad68178282e79d729092bb5f2824069aa078-d_295x166?region=us\" alt=\"vimeo\" \/>\n\t\t\t\t<div class=\"overlay\">\n\t\t\t\t\t<div class=\"cookie-info\">\n\t\t\t\t\t\t<h2 id=\"her-ligger-det-medieinnhold-fra-en-ekstern-kilde\"  >Her ligger det medieinnhold fra en ekstern kilde. <\/h2> \n\n<p>For \u00e5 se innholdet, m\u00e5 du endre samtykket ditt.<\/p>\n\n<p>Les mer om hvordan dataen din blir behandlet av eksterne kilder i personvernerkl\u00e6ringen v\u00e5r.<\/p>\n\t\t\t\t\t\t<p>\n\t\t\t\t\t\t\t<a title=\"Endre samtykke\" class=\"dekode-gtm-cookiebot-renew\" href=\"#\">Endre samtykke<\/a>\n\t\t\t\t\t\t\t\n\t\t\t\t\t\t<\/p>\n\t\t\t\t\t<\/div>\n\t\t\t\t<\/div>\n\t\t\t<\/div>\n\t\t<\/div>\n<\/div><\/figure>\n\n\n\n<figure class=\"wp-block-pullquote has-text-align-center\"><blockquote><p>\u00c5 bli kvitt en avhengighet skjer ikke over natten. <br>Det krever langvarig, m\u00e5lbevisst endring.<\/p><\/blockquote><\/figure>\n\n\n\n<h2 class=\"wp-block-heading alignwide has-text-align-center\" id=\"h-les-mer-fra-bla-kors\">Les mer fra Bl\u00e5 Kors<\/h2>\n\n\n<div class=\"t2-featured-content-layout alignwide alignwide wp-block-blakors-multisite-query-loop wp-block-t2-featured-content-layout\" role=\"list\">\n\t\t\t\t<div class=\"t2-featured-single-post t2-featured-content-layout-col-4 t2-featured-content is-post-type-story category-barn-og-unge category-barnas-stasjon tag-aleneforsorger tag-alenemor tag-barn tag-familie tag-fattig t2-featured-content-layout-col-4 wp-block-t2-featured-single-post\"><a class=\"t2-post-link wp-block-t2-post-link\" href=\"https:\/\/www.blakors.no\/story\/alenemor-ny-start-for-samar\/\">\n<figure style=\"--t2-focal-point: 50% 50%;\" class=\"t2-post-featured-image has-image-ratio-16-9 wp-block-t2-post-featured-image\"><img width=\"1800\" height=\"1200\" src=\"https:\/\/www.blakors.no\/content\/uploads\/2024\/10\/BK_05298.jpg\" class=\"attachment-post-thumbnail size-post-thumbnail wp-post-image\" alt=\"Ung kvinne med m\u00f8rke trekk ser i kamera. Hun har p\u00e5 seg et lyst g\u00e5tt sjerf og en m\u00f8rk gr\u00e5 k\u00e5pe.\" decoding=\"async\" loading=\"lazy\" srcset=\"https:\/\/www.blakors.no\/content\/uploads\/2024\/10\/BK_05298.jpg 1800w, https:\/\/www.blakors.no\/content\/uploads\/2024\/10\/BK_05298-300x200.jpg 300w, https:\/\/www.blakors.no\/content\/uploads\/2024\/10\/BK_05298-1024x683.jpg 1024w, https:\/\/www.blakors.no\/content\/uploads\/2024\/10\/BK_05298-768x512.jpg 768w, https:\/\/www.blakors.no\/content\/uploads\/2024\/10\/BK_05298-1536x1024.jpg 1536w\" sizes=\"auto, (min-width: 782px) 768px, 100vw\" \/><\/figure>\n\n<div class=\"wp-block-group alignfull is-layout-flow wp-block-group-is-layout-flow\">\n\t<h2 id=\"na-er-livet-lettere-a-leve\"  class=\"t2-post-title wp-block-t2-post-title\" >&#8211; N\u00e5 er livet lettere \u00e5 leve<\/h2>\n\t<div class=\"wp-block-post-date__modified-date wp-block-post-date\"><time datetime=\"2025-04-10T13:30:04+02:00\">10. april 2025<\/time><\/div>\n\t\t\t<div class=\"single-meta t2-post-excerpt card-description wp-block-blakors-meta-display\">Samar, en alenemor, fant h\u00e5p og st\u00f8tte hos Bl\u00e5 Kors barnas stasjon. N\u00e5 kan hun endelige glede seg til jul. Les om hennes reise fra isolasjon til fellesskap.<\/div>\n\t\n<\/div>\n\n<\/a>\n<\/div><div class=\"t2-featured-single-post t2-featured-content-layout-col-4 t2-featured-content is-post-type-post category-barn-og-unge category-kategori t2-featured-content-layout-col-4 wp-block-t2-featured-single-post\"><a class=\"t2-post-link wp-block-t2-post-link\" href=\"https:\/\/www.blakors.no\/nyheter\/vare-givere-utgjor-en-enorm-forskjell-for-barn-i-sommer\/\">\n<figure style=\"--t2-focal-point: 50% 50%;\" class=\"t2-post-featured-image has-image-ratio-16-9 wp-block-t2-post-featured-image\"><img width=\"1000\" height=\"471\" src=\"https:\/\/www.blakors.no\/content\/uploads\/2019\/12\/front-hero-fredrikstad-e1575455423344.jpg\" class=\"attachment-post-thumbnail size-post-thumbnail wp-post-image\" alt=\"Et barn f\u00e5r en god klem av en voksen vi ikke ser ansiktet til. Det er sol og sommer\" decoding=\"async\" loading=\"lazy\" srcset=\"https:\/\/www.blakors.no\/content\/uploads\/2019\/12\/front-hero-fredrikstad-e1575455423344.jpg 1000w, https:\/\/www.blakors.no\/content\/uploads\/2019\/12\/front-hero-fredrikstad-e1575455423344-300x141.jpg 300w, https:\/\/www.blakors.no\/content\/uploads\/2019\/12\/front-hero-fredrikstad-e1575455423344-768x362.jpg 768w\" sizes=\"auto, (min-width: 782px) 768px, 100vw\" \/><\/figure>\n\n<div class=\"wp-block-group alignfull is-layout-flow wp-block-group-is-layout-flow\">\n\t<h2 id=\"vare-givere-utgjor-en-enorm-forskjell-for-barnas-sommer\"  class=\"t2-post-title wp-block-t2-post-title\" >V\u00e5re givere utgj\u00f8r en enorm forskjell for barnas sommer<\/h2>\n\t\n\t\t\t<div class=\"single-meta t2-post-excerpt card-description wp-block-blakors-meta-display\"><\/div>\n\t\n<\/div>\n\n<\/a>\n<\/div><div class=\"t2-featured-single-post t2-featured-content-layout-col-4 t2-featured-content is-post-type-story category-barn-og-unge t2-featured-content-layout-col-4 wp-block-t2-featured-single-post\"><a class=\"t2-post-link wp-block-t2-post-link\" href=\"https:\/\/www.blakors.no\/story\/sveins-testament\/\">\n<figure style=\"--t2-focal-point: 50% 50%;\" class=\"t2-post-featured-image has-image-ratio-16-9 wp-block-t2-post-featured-image\"><img width=\"848\" height=\"636\" src=\"https:\/\/www.blakors.no\/content\/uploads\/2021\/05\/Sommerferie-2.jpg\" class=\"attachment-post-thumbnail size-post-thumbnail wp-post-image\" alt=\"Trist gutt i vindu\" decoding=\"async\" loading=\"lazy\" srcset=\"https:\/\/www.blakors.no\/content\/uploads\/2021\/05\/Sommerferie-2.jpg 848w, https:\/\/www.blakors.no\/content\/uploads\/2021\/05\/Sommerferie-2-300x225.jpg 300w, https:\/\/www.blakors.no\/content\/uploads\/2021\/05\/Sommerferie-2-768x576.jpg 768w\" sizes=\"auto, (min-width: 782px) 768px, 100vw\" \/><\/figure>\n\n<div class=\"wp-block-group alignfull is-layout-flow wp-block-group-is-layout-flow\">\n\t<h2 id=\"sveins-testament-til-bla-kors\"  class=\"t2-post-title wp-block-t2-post-title\" >Sveins testament til Bl\u00e5 Kors<\/h2>\n\t<div class=\"wp-block-post-date__modified-date wp-block-post-date\"><time datetime=\"2025-06-18T14:03:15+02:00\">18. juni 2025<\/time><\/div>\n\t\t\t<div class=\"single-meta t2-post-excerpt card-description wp-block-blakors-meta-display\">Sveins testament til Bl\u00e5 Kors<\/div>\n\t\n<\/div>\n\n<\/a>\n<\/div>\n\t\t\t\t\n\t\t\t<\/div>\n\n\n<h2 class=\"wp-block-heading has-text-align-center\" id=\"h-innsikt-om-rus-og-avhengighet\">Innsikt om rus og avhengighet<\/h2>\n\n\n<div class=\"t2-featured-content-layout alignwide alignwide wp-block-blakors-multisite-query-loop wp-block-t2-featured-content-layout\" role=\"list\">\n\t\t\t\t<div class=\"t2-featured-single-post t2-featured-content-layout-col-4 t2-featured-content is-post-type-article t2-featured-content-layout-col-4 wp-block-t2-featured-single-post\"><a class=\"t2-post-link wp-block-t2-post-link\" href=\"https:\/\/www.blakors.no\/fagside\/traumer\/\">\n<figure style=\"--t2-focal-point: 50% 50%;\" class=\"t2-post-featured-image has-image-ratio-16-9 wp-block-t2-post-featured-image\"><img width=\"5114\" height=\"3352\" src=\"https:\/\/v.imgi.no\/blakors-50302-da91e380997140b6f317bd820fc31c5e-5114x3352\/bla_00080.webp\" class=\"attachment-post-thumbnail size-post-thumbnail wp-post-image\" alt=\"\" decoding=\"async\" loading=\"lazy\" srcset=\"https:\/\/v.imgi.no\/blakors-50302-da91e380997140b6f317bd820fc31c5e-150x98\/bla_00080.webp 150w, https:\/\/v.imgi.no\/blakors-50302-da91e380997140b6f317bd820fc31c5e-300x197\/bla_00080.webp 300w, https:\/\/v.imgi.no\/blakors-50302-da91e380997140b6f317bd820fc31c5e-768x503\/bla_00080.webp 768w, https:\/\/v.imgi.no\/blakors-50302-da91e380997140b6f317bd820fc31c5e-1024x671\/bla_00080.webp 1024w, https:\/\/v.imgi.no\/blakors-50302-da91e380997140b6f317bd820fc31c5e-1536x1007\/bla_00080.webp 1536w, https:\/\/v.imgi.no\/blakors-50302-da91e380997140b6f317bd820fc31c5e-2048x1342\/bla_00080.webp 2048w, https:\/\/v.imgi.no\/blakors-50302-da91e380997140b6f317bd820fc31c5e-300x197\/bla_00080.webp 300w, https:\/\/v.imgi.no\/blakors-50302-da91e380997140b6f317bd820fc31c5e-450x295\/bla_00080.webp 450w, https:\/\/v.imgi.no\/blakors-50302-da91e380997140b6f317bd820fc31c5e-200x131\/bla_00080.webp 200w, https:\/\/v.imgi.no\/blakors-50302-da91e380997140b6f317bd820fc31c5e-300x197\/bla_00080.webp 300w, https:\/\/v.imgi.no\/blakors-50302-da91e380997140b6f317bd820fc31c5e-400x262\/bla_00080.webp 400w, https:\/\/v.imgi.no\/blakors-50302-da91e380997140b6f317bd820fc31c5e-600x393\/bla_00080.webp 600w\" sizes=\"auto, (min-width: 782px) 768px, 100vw\" \/><\/figure>\n\n<div class=\"wp-block-group alignfull is-layout-flow wp-block-group-is-layout-flow\">\n\t<h2 id=\"traumer\"  class=\"t2-post-title wp-block-t2-post-title\" >Traumer<\/h2>\n\t<div class=\"wp-block-post-date__modified-date wp-block-post-date\"><time datetime=\"2026-03-26T13:42:14+01:00\">26. mars 2026<\/time><\/div>\n\t\t\t<div class=\"single-meta t2-post-excerpt card-description wp-block-blakors-meta-display\"><\/div>\n\t\n<\/div>\n\n<\/a>\n<\/div><div class=\"t2-featured-single-post t2-featured-content-layout-col-4 t2-featured-content is-post-type-article t2-featured-content-layout-col-4 wp-block-t2-featured-single-post\"><a class=\"t2-post-link wp-block-t2-post-link\" href=\"https:\/\/www.blakors.no\/fagside\/mdma\/\">\n<figure style=\"--t2-focal-point: 50% 50%;\" class=\"t2-post-featured-image has-image-ratio-16-9 wp-block-t2-post-featured-image\"><img width=\"2500\" height=\"2000\" src=\"https:\/\/v.imgi.no\/blakors-51401-9223d984766d7b452e9cdeacd7373ab3-2500x2000\/2025_07_mdma-unsplash.webp\" class=\"attachment-post-thumbnail size-post-thumbnail wp-post-image\" alt=\"\" decoding=\"async\" loading=\"lazy\" srcset=\"https:\/\/v.imgi.no\/blakors-51401-9223d984766d7b452e9cdeacd7373ab3-150x120\/2025_07_mdma-unsplash.webp 150w, https:\/\/v.imgi.no\/blakors-51401-9223d984766d7b452e9cdeacd7373ab3-300x240\/2025_07_mdma-unsplash.webp 300w, https:\/\/v.imgi.no\/blakors-51401-9223d984766d7b452e9cdeacd7373ab3-768x614\/2025_07_mdma-unsplash.webp 768w, https:\/\/v.imgi.no\/blakors-51401-9223d984766d7b452e9cdeacd7373ab3-1024x819\/2025_07_mdma-unsplash.webp 1024w, https:\/\/v.imgi.no\/blakors-51401-9223d984766d7b452e9cdeacd7373ab3-1536x1229\/2025_07_mdma-unsplash.webp 1536w, https:\/\/v.imgi.no\/blakors-51401-9223d984766d7b452e9cdeacd7373ab3-2048x1638\/2025_07_mdma-unsplash.webp 2048w, https:\/\/v.imgi.no\/blakors-51401-9223d984766d7b452e9cdeacd7373ab3-300x240\/2025_07_mdma-unsplash.webp 300w, https:\/\/v.imgi.no\/blakors-51401-9223d984766d7b452e9cdeacd7373ab3-450x360\/2025_07_mdma-unsplash.webp 450w, https:\/\/v.imgi.no\/blakors-51401-9223d984766d7b452e9cdeacd7373ab3-200x160\/2025_07_mdma-unsplash.webp 200w, https:\/\/v.imgi.no\/blakors-51401-9223d984766d7b452e9cdeacd7373ab3-1800x1440\/2025_07_mdma-unsplash.webp 1800w, https:\/\/v.imgi.no\/blakors-51401-9223d984766d7b452e9cdeacd7373ab3-300x240\/2025_07_mdma-unsplash.webp 300w, https:\/\/v.imgi.no\/blakors-51401-9223d984766d7b452e9cdeacd7373ab3-400x320\/2025_07_mdma-unsplash.webp 400w, https:\/\/v.imgi.no\/blakors-51401-9223d984766d7b452e9cdeacd7373ab3-600x480\/2025_07_mdma-unsplash.webp 600w\" sizes=\"auto, (min-width: 782px) 768px, 100vw\" \/><\/figure>\n\n<div class=\"wp-block-group alignfull is-layout-flow wp-block-group-is-layout-flow\">\n\t<h2 id=\"mdma\"  class=\"t2-post-title wp-block-t2-post-title\" >MDMA<\/h2>\n\t<div class=\"wp-block-post-date__modified-date wp-block-post-date\"><time datetime=\"2026-01-12T14:05:46+01:00\">12. januar 2026<\/time><\/div>\n\t\t\t<div class=\"single-meta t2-post-excerpt card-description wp-block-blakors-meta-display\"><\/div>\n\t\n<\/div>\n\n<\/a>\n<\/div><div class=\"t2-featured-single-post t2-featured-content-layout-col-4 t2-featured-content is-post-type-article t2-featured-content-layout-col-4 wp-block-t2-featured-single-post\"><a class=\"t2-post-link wp-block-t2-post-link\" href=\"https:\/\/www.blakors.no\/fagside\/utenforskap-og-barn\/\">\n<figure style=\"--t2-focal-point: 50% 50%;\" class=\"t2-post-featured-image has-image-ratio-16-9 wp-block-t2-post-featured-image\"><img width=\"800\" height=\"533\" src=\"https:\/\/v.imgi.no\/blakors-47980-c57488963b9cd99c3479f00a8a4e856a-800x533\/2025_07_jy1a2480corr-800px.webp\" class=\"attachment-post-thumbnail size-post-thumbnail wp-post-image\" alt=\"\" decoding=\"async\" loading=\"lazy\" srcset=\"https:\/\/v.imgi.no\/blakors-47980-c57488963b9cd99c3479f00a8a4e856a-150x100\/2025_07_jy1a2480corr-800px.webp 150w, https:\/\/v.imgi.no\/blakors-47980-c57488963b9cd99c3479f00a8a4e856a-300x200\/2025_07_jy1a2480corr-800px.webp 300w, https:\/\/v.imgi.no\/blakors-47980-c57488963b9cd99c3479f00a8a4e856a-768x511\/2025_07_jy1a2480corr-800px.webp 768w, https:\/\/v.imgi.no\/blakors-47980-c57488963b9cd99c3479f00a8a4e856a-800x533\/2025_07_jy1a2480corr-800px.webp 800w, https:\/\/v.imgi.no\/blakors-47980-c57488963b9cd99c3479f00a8a4e856a-800x533\/2025_07_jy1a2480corr-800px.webp 800w, https:\/\/v.imgi.no\/blakors-47980-c57488963b9cd99c3479f00a8a4e856a-800x533\/2025_07_jy1a2480corr-800px.webp 800w, https:\/\/v.imgi.no\/blakors-47980-c57488963b9cd99c3479f00a8a4e856a-300x200\/2025_07_jy1a2480corr-800px.webp 300w, https:\/\/v.imgi.no\/blakors-47980-c57488963b9cd99c3479f00a8a4e856a-450x300\/2025_07_jy1a2480corr-800px.webp 450w, https:\/\/v.imgi.no\/blakors-47980-c57488963b9cd99c3479f00a8a4e856a-200x133\/2025_07_jy1a2480corr-800px.webp 200w, https:\/\/v.imgi.no\/blakors-47980-c57488963b9cd99c3479f00a8a4e856a-800x533\/2025_07_jy1a2480corr-800px.webp 800w, https:\/\/v.imgi.no\/blakors-47980-c57488963b9cd99c3479f00a8a4e856a-300x200\/2025_07_jy1a2480corr-800px.webp 300w, https:\/\/v.imgi.no\/blakors-47980-c57488963b9cd99c3479f00a8a4e856a-400x267\/2025_07_jy1a2480corr-800px.webp 400w, https:\/\/v.imgi.no\/blakors-47980-c57488963b9cd99c3479f00a8a4e856a-600x400\/2025_07_jy1a2480corr-800px.webp 600w, https:\/\/v.imgi.no\/blakors-47980-c57488963b9cd99c3479f00a8a4e856a-800x533\/2025_07_jy1a2480corr-800px.webp 800w, https:\/\/v.imgi.no\/blakors-47980-c57488963b9cd99c3479f00a8a4e856a-800x533\/2025_07_jy1a2480corr-800px.webp 800w\" sizes=\"auto, (min-width: 782px) 768px, 100vw\" \/><\/figure>\n\n<div class=\"wp-block-group alignfull is-layout-flow wp-block-group-is-layout-flow\">\n\t<h2 id=\"utenforskap-og-barn-og-unge\"  class=\"t2-post-title wp-block-t2-post-title\" >Utenforskap og barn og unge<\/h2>\n\t<div class=\"wp-block-post-date__modified-date wp-block-post-date\"><time datetime=\"2026-04-30T14:08:19+02:00\">30. april 2026<\/time><\/div>\n\t\t\t<div class=\"single-meta t2-post-excerpt card-description wp-block-blakors-meta-display\"><\/div>\n\t\n<\/div>\n\n<\/a>\n<\/div>\n\t\t\t\t\n\t\t\t<\/div>","protected":false},"excerpt":{"rendered":"<p>Bl\u00e5 Kors klinikk Haugaland er en del av spesialisthelsetjenesten og best\u00e5r av poliklinikk, d\u00f8gnenhet og familieenhet. Vi jobber p\u00e5 oppdrag fra Helse Vest RHF. Hos oss arbeider det psykologer, psykiater, fagkonsulenter, sosionomer, sykepleiere, vernepleiere, barnevernspedagoger og lege. I filmen under kan du som pasient, p\u00e5r\u00f8rende og samarbeidspartner f\u00e5 et lite innblikk i hvordan vi jobber [&hellip;]<\/p>\n","protected":false},"author":23,"featured_media":58,"parent":0,"menu_order":0,"comment_status":"closed","ping_status":"closed","template":"","meta":{"_acf_changed":false,"_relevanssi_hide_post":"","_relevanssi_hide_content":"","_relevanssi_pin_for_all":"on","_relevanssi_pin_keywords":"Rusbehandling, spillbehandling","_relevanssi_unpin_keywords":"","_relevanssi_related_keywords":"","_relevanssi_related_include_ids":"","_relevanssi_related_exclude_ids":"","_relevanssi_related_no_append":"","_relevanssi_related_not_related":"","_relevanssi_related_posts":"1","_relevanssi_noindex_reason":"","_custom_cards_description":"","footnotes":""},"class_list":["post-3","page","type-page","status-publish","has-post-thumbnail","hentry"],"acf":[],"_links":{"self":[{"href":"https:\/\/www.blakors.no\/klinikk-haugaland\/wp-json\/wp\/v2\/pages\/3","targetHints":{"allow":["GET"]}}],"collection":[{"href":"https:\/\/www.blakors.no\/klinikk-haugaland\/wp-json\/wp\/v2\/pages"}],"about":[{"href":"https:\/\/www.blakors.no\/klinikk-haugaland\/wp-json\/wp\/v2\/types\/page"}],"author":[{"embeddable":true,"href":"https:\/\/www.blakors.no\/klinikk-haugaland\/wp-json\/wp\/v2\/users\/23"}],"replies":[{"embeddable":true,"href":"https:\/\/www.blakors.no\/klinikk-haugaland\/wp-json\/wp\/v2\/comments?post=3"}],"version-history":[{"count":5,"href":"https:\/\/www.blakors.no\/klinikk-haugaland\/wp-json\/wp\/v2\/pages\/3\/revisions"}],"predecessor-version":[{"id":1489,"href":"https:\/\/www.blakors.no\/klinikk-haugaland\/wp-json\/wp\/v2\/pages\/3\/revisions\/1489"}],"wp:featuredmedia":[{"embeddable":true,"href":"https:\/\/www.blakors.no\/klinikk-haugaland\/wp-json\/wp\/v2\/media\/58"}],"wp:attachment":[{"href":"https:\/\/www.blakors.no\/klinikk-haugaland\/wp-json\/wp\/v2\/media?parent=3"}],"curies":[{"name":"wp","href":"https:\/\/api.w.org\/{rel}","templated":true}]}}