{"id":309,"date":"2021-12-13T11:08:25","date_gmt":"2021-12-13T10:08:25","guid":{"rendered":"https:\/\/www.blakors.no\/haugaland-asenter\/?page_id=309"},"modified":"2021-12-13T11:20:59","modified_gmt":"2021-12-13T10:20:59","slug":"familieenhet-2","status":"publish","type":"page","link":"https:\/\/www.blakors.no\/klinikk-haugaland\/familieenhet-2\/","title":{"rendered":"Familieenhet"},"content":{"rendered":"<div class=\"custom-block-banner alignwide contenthalf\"><div class=\"banner-image\" style=\"background-image:url(https:\/\/www.blakors.no\/content\/uploads\/sites\/26\/2021\/11\/Utelek-Bla\u030a-Kors-Haugaland-A-senter-1024x664.jpg)\"><\/div><div class=\"banner-inner\"><div><h1 id=\"tilbud-til-familier-og-gravide\"  class=\"title small \" >Tilbud til familier og gravide<\/h1><p>Familieenheten er et behandlingstilbud for familier og gravide som har utfordringer knyttet til bruk av rusmidler &#8211; og \/ eller medikamenter. Vi tilbyr et tilpasset opplegg for foreldre sammen med sine barn.<\/p><\/div><\/div><\/div>\n\n\n<div class=\"wp-block-lib-header alignfull hide\"><div class=\"image-wrapper\"><img decoding=\"async\" src=\"https:\/\/www.blakors.no\/content\/uploads\/sites\/26\/2021\/11\/Utelek-Bla\u030a-Kors-Haugaland-A-senter-scaled.jpg\"\/><\/div><div class=\"header-innercontent\"><\/div><\/div>\n\n\n\n<p>Det er 3 plasser hos oss og vi holder til sentrumsn\u00e6rt i egne lokaler n\u00e6r Haugaland<\/p>\n\n\n\n<p>A-senter, med lekeplass like utenfor. Familiene bor i hver sin moderne leilighet som er<\/p>\n\n\n\n<p>fullt utstyrt med stue kj\u00f8kken, bad og soverom. I tillegg er der felles kj\u00f8kken, stue og<\/p>\n\n\n\n<p>kontorer.<\/p>\n\n\n\n<h2 class=\"wp-block-heading\" id=\"h-tilbud-for-aleneforeldre-og-foreldrepar\">Tilbud for aleneforeldre og foreldrepar<\/h2>\n\n\n\n<p>Vi legger stor vekt p\u00e5 barnets behov for hvilke behandlingstilbud som vi legger vekt p\u00e5.<\/p>\n\n\n\n<p>Som foreldre \u00f8nsker man barnets beste, men b\u00e5de rusmiddelproblemer og andre<\/p>\n\n\n\n<p>vansker kan bidra til utfordringer i en families startfase. Det \u00e5 jobbe med<\/p>\n\n\n\n<p>rusmiddelproblemer er utfordrende. P\u00e5 Familieenheten vil du m\u00f8te et team som<\/p>\n\n\n\n<p>b\u00e5de har kunnskap og gode verkt\u00f8y til \u00e5 hjelpe deg med dette. Behandlingsteamet<\/p>\n\n\n\n<p>best\u00e5r av psykologer, psykiater, lege og milj\u00f8terapeutermed forskjellig fagbakgrunn<\/p>\n\n\n\n<p>og erfaring.<\/p>\n\n\n\n<h2 id=\"fokusomrader\"  class=\"wp-block-heading\" >Fokusomr\u00e5der<\/h2>\n\n\n\n<p>Vi jobber ut fra funksjonssirkelen som viser ti viktige livsomr\u00e5der. M\u00e5let med funksjonssirkelen<\/p>\n\n\n\n<p>er \u00e5 finne ut hva akkurat du trenger \u00e5 jobbe med. Det kan dreie seg om<\/p>\n\n\n\n<p>behov for \u00e5 etablere et nytt nettverk, ordne i \u00f8konomi, finne annen bolig, mestre rusmiddeltrang<\/p>\n\n\n\n<p>eller psykiske vansker. Veiledning med sikte p\u00e5 \u00e5 skape et godt samspill med barnet vil v\u00e6re en viktig del av tilbudet.<\/p>\n\n\n\n<div class=\"wp-block-image\"><figure class=\"aligncenter size-large\"><img loading=\"lazy\" decoding=\"async\" width=\"1024\" height=\"683\" src=\"https:\/\/www.blakors.no\/content\/uploads\/sites\/26\/2021\/11\/Samtale-med-barn-Bla\u030a-Kors-Haugaland-A-senter-1024x683.jpg\" alt=\"barn og voksen i sandkase\" class=\"wp-image-61\" srcset=\"https:\/\/www.blakors.no\/content\/uploads\/sites\/26\/2021\/11\/Samtale-med-barn-Bla\u030a-Kors-Haugaland-A-senter-1024x683.jpg 1024w, https:\/\/www.blakors.no\/content\/uploads\/sites\/26\/2021\/11\/Samtale-med-barn-Bla\u030a-Kors-Haugaland-A-senter-300x200.jpg 300w, https:\/\/www.blakors.no\/content\/uploads\/sites\/26\/2021\/11\/Samtale-med-barn-Bla\u030a-Kors-Haugaland-A-senter-768x512.jpg 768w, https:\/\/www.blakors.no\/content\/uploads\/sites\/26\/2021\/11\/Samtale-med-barn-Bla\u030a-Kors-Haugaland-A-senter-1536x1025.jpg 1536w, https:\/\/www.blakors.no\/content\/uploads\/sites\/26\/2021\/11\/Samtale-med-barn-Bla\u030a-Kors-Haugaland-A-senter-scaled.jpg 2048w\" sizes=\"auto, (max-width: 1024px) 100vw, 1024px\" \/><figcaption>Barnets behov er viktig n\u00e5r vi utformer behandlingstilbudet.<\/figcaption><\/figure><\/div>\n\n\n\n<p><\/p>\n\n\n\n<h2 id=\"varighet\"  class=\"wp-block-heading\" >Varighet<\/h2>\n\n\n\n<p>Et behandlingsforl\u00f8p best\u00e5r av polikliniske samtaler, m\u00f8ter med hjelpeinstanser,<\/p>\n\n\n\n<p>innleggelse og oppf\u00f8lging i hjemmet i tr\u00e5d med pakkeforl\u00f8pet i rus og psykisk helse.<\/p>\n\n\n\n<p>Behandlingsvarighet blir tilpasset behovet til den enkelte familie, men 3-6 m\u00e5neder kan<\/p>\n\n\n\n<p>ofte v\u00e6re aktuelt for \u00e5 starte gode endringsprosesser og bli trygg i foreldrerollen.<\/p>\n\n\n\n<p>Familien vil f\u00e5 tilbud om oppf\u00f8lging fra behandlingsteamet etter behandlingsopphold.<\/p>\n\n\n\n<h2 id=\"innleggelser-etter-%c2%a7-10-3\"  class=\"wp-block-heading\" >Innleggelser etter \u00a7 10.3<\/h2>\n\n\n\n<p>Haugaland A- senter har en plass for gravide som har behov for skjerming etter<\/p>\n\n\n\n<p>helse- og omsorgstjenesteloven \u00a7 10.3<\/p>\n\n\n\n<p>I utgangspunktet gis dette tilbudet i v\u00e5r d\u00f8gnklinikk, men det vil legges til rette for<\/p>\n\n\n\n<p>overf\u00f8ring til Familieenheten n\u00e5r den gravide er klar for det.<\/p>\n","protected":false},"excerpt":{"rendered":"<p>Det er 3 plasser hos oss og vi holder til sentrumsn\u00e6rt i egne lokaler n\u00e6r Haugaland A-senter, med lekeplass like utenfor. Familiene bor i hver sin moderne leilighet som er fullt utstyrt med stue kj\u00f8kken, bad og soverom. I tillegg er der felles kj\u00f8kken, stue og kontorer. Tilbud for aleneforeldre og foreldrepar Vi legger stor [&hellip;]<\/p>\n","protected":false},"author":7,"featured_media":67,"parent":0,"menu_order":0,"comment_status":"closed","ping_status":"closed","template":"","meta":{"_acf_changed":false,"_relevanssi_hide_post":"","_relevanssi_hide_content":"","_relevanssi_pin_for_all":"","_relevanssi_pin_keywords":"","_relevanssi_unpin_keywords":"","_relevanssi_related_keywords":"","_relevanssi_related_include_ids":"","_relevanssi_related_exclude_ids":"","_relevanssi_related_no_append":"","_relevanssi_related_not_related":"","_relevanssi_related_posts":"1","_relevanssi_noindex_reason":"","_custom_cards_description":"","footnotes":""},"class_list":["post-309","page","type-page","status-publish","has-post-thumbnail","hentry"],"acf":[],"_links":{"self":[{"href":"https:\/\/www.blakors.no\/klinikk-haugaland\/wp-json\/wp\/v2\/pages\/309","targetHints":{"allow":["GET"]}}],"collection":[{"href":"https:\/\/www.blakors.no\/klinikk-haugaland\/wp-json\/wp\/v2\/pages"}],"about":[{"href":"https:\/\/www.blakors.no\/klinikk-haugaland\/wp-json\/wp\/v2\/types\/page"}],"author":[{"embeddable":true,"href":"https:\/\/www.blakors.no\/klinikk-haugaland\/wp-json\/wp\/v2\/users\/7"}],"replies":[{"embeddable":true,"href":"https:\/\/www.blakors.no\/klinikk-haugaland\/wp-json\/wp\/v2\/comments?post=309"}],"version-history":[{"count":8,"href":"https:\/\/www.blakors.no\/klinikk-haugaland\/wp-json\/wp\/v2\/pages\/309\/revisions"}],"predecessor-version":[{"id":320,"href":"https:\/\/www.blakors.no\/klinikk-haugaland\/wp-json\/wp\/v2\/pages\/309\/revisions\/320"}],"wp:featuredmedia":[{"embeddable":true,"href":"https:\/\/www.blakors.no\/klinikk-haugaland\/wp-json\/wp\/v2\/media\/67"}],"wp:attachment":[{"href":"https:\/\/www.blakors.no\/klinikk-haugaland\/wp-json\/wp\/v2\/media?parent=309"}],"curies":[{"name":"wp","href":"https:\/\/api.w.org\/{rel}","templated":true}]}}