{"id":38,"date":"2021-11-23T14:20:20","date_gmt":"2021-11-23T13:20:20","guid":{"rendered":"https:\/\/www.blakors.no\/haugaland-asenter\/?page_id=38"},"modified":"2024-01-26T11:22:18","modified_gmt":"2024-01-26T10:22:18","slug":"barn-som-parorende","status":"publish","type":"page","link":"https:\/\/www.blakors.no\/klinikk-haugaland\/barn-som-parorende\/","title":{"rendered":"Barn som p\u00e5r\u00f8rende"},"content":{"rendered":"\n<div class=\"wp-block-lib-header alignfull hide\"><div class=\"image-wrapper\"><img decoding=\"async\" src=\"https:\/\/www.blakors.no\/content\/uploads\/sites\/26\/2021\/11\/Samtale-med-barn-Bla\u030a-Kors-Haugaland-A-senter-scaled.jpg\"\/><\/div><div class=\"header-innercontent\">\n\n<\/div><\/div>\n\n\n<div class=\"custom-block-banner alignwide contenthalf\"><div class=\"banner-image\" style=\"background-image:url(https:\/\/www.blakors.no\/content\/uploads\/sites\/26\/2021\/11\/Husker-Bla\u030a-Kors-Haugaland-A-senter-697x1024.jpg)\"><\/div><div class=\"banner-inner\"><div><h1 id=\"barn-som-parorende\"  class=\"title large \" >Barn som p\u00e5r\u00f8rende<\/h1><p>V\u00e5rt \u00f8nske er at barn\u00a0av foreldre som er i behandling, skal oppleve at de blir sett og tatt vare p\u00e5.<\/p><\/div><\/div><\/div>\n\n\n<p>Det kan v\u00e6re en p\u00e5kjenning \u00e5 v\u00e6re barn til foreldre med rusmiddelvansker og andre avhengighetsproblemer. Bl\u00e5 Kors klinikk Haugaland \u00f8nsker at barn&nbsp;av foreldre som er i behandling hos oss, skal oppleve at de blir sett og tatt vare p\u00e5. <br><br>Det er behandler som f\u00f8rst og fremst skal snakke med pasienten om barnets situasjon. Vi har i tillegg egen barneansvarlig som gjennomf\u00f8rer samtaler med foreldre og barn. <\/p>\n\n\n\n<figure class=\"wp-block-image aligncenter size-large\"><img loading=\"lazy\" decoding=\"async\" width=\"1024\" height=\"658\" src=\"https:\/\/www.blakors.no\/content\/uploads\/sites\/26\/2021\/11\/Samvaer-Bla\u030a-Kors-Haugaland-A-senter-1024x658.jpg\" alt=\"\" class=\"wp-image-62\" srcset=\"https:\/\/www.blakors.no\/content\/uploads\/sites\/26\/2021\/11\/Samvaer-Bla\u030a-Kors-Haugaland-A-senter-1024x658.jpg 1024w, https:\/\/www.blakors.no\/content\/uploads\/sites\/26\/2021\/11\/Samvaer-Bla\u030a-Kors-Haugaland-A-senter-300x193.jpg 300w, https:\/\/www.blakors.no\/content\/uploads\/sites\/26\/2021\/11\/Samvaer-Bla\u030a-Kors-Haugaland-A-senter-768x494.jpg 768w, https:\/\/www.blakors.no\/content\/uploads\/sites\/26\/2021\/11\/Samvaer-Bla\u030a-Kors-Haugaland-A-senter-1536x988.jpg 1536w, https:\/\/www.blakors.no\/content\/uploads\/sites\/26\/2021\/11\/Samvaer-Bla\u030a-Kors-Haugaland-A-senter-scaled.jpg 2048w\" sizes=\"auto, (max-width: 1024px) 100vw, 1024px\" \/><\/figure>\n\n\n\n<p>I familiesamtalene \u00f8nsker vi \u00e5 gi informasjon til barnet om behandlingen, og setter fokus p\u00e5 barnets opplevelse og forst\u00e5else. VI  kartlegger om det er avhengighetsrelaterte problemstillinger som p\u00e5virker barnets utvikling, og legger til rette for hvordan barn og familie kan f\u00e5 mer hjelp, dersom det skulle v\u00e6re behov for det. <\/p>\n\n\n\n<p>Dersom mor eller far er innlagt hos oss kan barn komme p\u00e5 bes\u00f8k. Vi samarbeider med andre hjelpeinstanser dersom dette er aktuelt.<\/p>\n","protected":false},"excerpt":{"rendered":"<p>Det kan v\u00e6re en p\u00e5kjenning \u00e5 v\u00e6re barn til foreldre med rusmiddelvansker og andre avhengighetsproblemer. Bl\u00e5 Kors klinikk Haugaland \u00f8nsker at barn&nbsp;av foreldre som er i behandling hos oss, skal oppleve at de blir sett og tatt vare p\u00e5. Det er behandler som f\u00f8rst og fremst skal snakke med pasienten om barnets situasjon. Vi har [&hellip;]<\/p>\n","protected":false},"author":23,"featured_media":55,"parent":0,"menu_order":0,"comment_status":"closed","ping_status":"closed","template":"","meta":{"_acf_changed":false,"_relevanssi_hide_post":"","_relevanssi_hide_content":"","_relevanssi_pin_for_all":"","_relevanssi_pin_keywords":"","_relevanssi_unpin_keywords":"","_relevanssi_related_keywords":"","_relevanssi_related_include_ids":"","_relevanssi_related_exclude_ids":"","_relevanssi_related_no_append":"","_relevanssi_related_not_related":"","_relevanssi_related_posts":"1","_relevanssi_noindex_reason":"","_custom_cards_description":"","footnotes":""},"class_list":["post-38","page","type-page","status-publish","has-post-thumbnail","hentry"],"acf":[],"_links":{"self":[{"href":"https:\/\/www.blakors.no\/klinikk-haugaland\/wp-json\/wp\/v2\/pages\/38","targetHints":{"allow":["GET"]}}],"collection":[{"href":"https:\/\/www.blakors.no\/klinikk-haugaland\/wp-json\/wp\/v2\/pages"}],"about":[{"href":"https:\/\/www.blakors.no\/klinikk-haugaland\/wp-json\/wp\/v2\/types\/page"}],"author":[{"embeddable":true,"href":"https:\/\/www.blakors.no\/klinikk-haugaland\/wp-json\/wp\/v2\/users\/23"}],"replies":[{"embeddable":true,"href":"https:\/\/www.blakors.no\/klinikk-haugaland\/wp-json\/wp\/v2\/comments?post=38"}],"version-history":[{"count":4,"href":"https:\/\/www.blakors.no\/klinikk-haugaland\/wp-json\/wp\/v2\/pages\/38\/revisions"}],"predecessor-version":[{"id":924,"href":"https:\/\/www.blakors.no\/klinikk-haugaland\/wp-json\/wp\/v2\/pages\/38\/revisions\/924"}],"wp:featuredmedia":[{"embeddable":true,"href":"https:\/\/www.blakors.no\/klinikk-haugaland\/wp-json\/wp\/v2\/media\/55"}],"wp:attachment":[{"href":"https:\/\/www.blakors.no\/klinikk-haugaland\/wp-json\/wp\/v2\/media?parent=38"}],"curies":[{"name":"wp","href":"https:\/\/api.w.org\/{rel}","templated":true}]}}