{"id":5,"date":"2021-11-23T13:15:20","date_gmt":"2021-11-23T12:15:20","guid":{"rendered":"https:\/\/www.blakors.no\/haugaland-asenter\/?page_id=5"},"modified":"2026-02-17T14:00:21","modified_gmt":"2026-02-17T13:00:21","slug":"om-oss","status":"publish","type":"page","link":"https:\/\/www.blakors.no\/klinikk-haugaland\/om-oss\/","title":{"rendered":"Om Bl\u00e5 Kors klinikk Haugaland"},"content":{"rendered":"<div class=\"custom-block-banner alignwide contenthalf\"><div class=\"banner-image\" style=\"background-image:url(https:\/\/v.imgi.no\/blakors-1384-65b9e192ce4a8856d946fe699ad11044-1024x683\/2025_11_bk-klinikk-haugaland-nye-dronefoto_dji_20250911131825_0196_d_kw.webp)\"><\/div><div class=\"banner-inner\"><div><h1 id=\"om-oss\"  class=\"title large \" >Om oss<\/h1><p>Bl\u00e5 Kors klinikk Haugaland er et behandlings- og utredningssenter for rusmiddel-, livsstils- og avhengighetsproblemer. Vi er en del av tverrfaglig spesialisert rusbehandling, og arbeider p\u00e5 oppdrag fra Helse Vest. \r\nInstitusjonen best\u00e5r av d\u00f8gnenhet, poliklinikk, og familieenhet.\r\n<\/p><\/div><\/div><\/div>\n\n\n<p>P\u00e5 bakgrunn av henvisninger til Bl\u00e5 Kors klinikk Haugaland blir det gjort utredning som danner grunnlag for videre utredning, poliklinisk behandling eller innleggelse. Ved behov blir det henvist videre til annen spesialisthelsetjeneste. Det er fastlege, ruskonsulenter eller annen spesialisthelsetjeneste som blant annet henviser til oss.<\/p>\n\n\n\n<h2 class=\"wp-block-heading\" id=\"h-fagpersonell\">Fagpersonell<\/h2>\n\n\n\n<p>I poliklinikken arbeider&nbsp;det psykologer\/psykologspesialist, psykiater og fagkonsulenter. Ved innleggelse har vi&nbsp;et tverrfaglig behandlerteam som best\u00e5r&nbsp;av sosionomer, sykepleiere, fysioterapeut, vernepleiere, barnevernspedagoger og lege\/psykiater. Milj\u00f8terapeuter inng\u00e5r i teamarbeid med psykologer, psykiater og fagkonsulenter rundt den enkelte pasient. <\/p>\n\n\n\n<p id=\"h-samarbeid-med-andre-i-samarbeid-med-deg-som-pasient-og-henvisende-instans-vil-vi-fors-ke-legge-til-rette-for-det-beste-opplegget-rundt-deg-som-mottar-behandling-ved-bl-kors-haugaland-a-senter-aktuelle-samarbeidspartnere-kan-v-re-fastlege-nav-barneverntjeneste-arbeidsplass-akan-avtaler-og-annen-spesialisthelsetjeneste-vi-har-forpliktende-samarbeidsavtaler-med-helse-vest-helse-fonna-og-solstrand-barnevernsenter-foreldre-barn-avdeling\">Sammen med deg som pasient og henvisende instans vil vi fors\u00f8ke \u00e5 legge til rette for det beste opplegget rundt deg som mottar behandling ved Bl\u00e5 Kors klinikk Haugaland.<br><br>Aktuelle samarbeidspartnere kan v\u00e6re fastlege, NAV, barneverntjeneste, arbeidsplass (AKAN-avtaler) og annen spesialisthelsetjeneste. Vi har forpliktende samarbeidsavtaler med Helse Vest, Helse Fonna og Solstrand Barnevernsenter (Foreldre &amp; Barn-avdeling).<\/p>\n","protected":false},"excerpt":{"rendered":"<p>P\u00e5 bakgrunn av henvisninger til Bl\u00e5 Kors klinikk Haugaland blir det gjort utredning som danner grunnlag for videre utredning, poliklinisk behandling eller innleggelse. Ved behov blir det henvist videre til annen spesialisthelsetjeneste. Det er fastlege, ruskonsulenter eller annen spesialisthelsetjeneste som blant annet henviser til oss. Fagpersonell I poliklinikken arbeider&nbsp;det psykologer\/psykologspesialist, psykiater og fagkonsulenter. Ved innleggelse [&hellip;]<\/p>\n","protected":false},"author":23,"featured_media":49,"parent":0,"menu_order":0,"comment_status":"closed","ping_status":"closed","template":"","meta":{"_acf_changed":false,"_relevanssi_hide_post":"","_relevanssi_hide_content":"","_relevanssi_pin_for_all":"on","_relevanssi_pin_keywords":"Om oss, om Bl\u00e5 Kors Haugaland A-senter","_relevanssi_unpin_keywords":"","_relevanssi_related_keywords":"","_relevanssi_related_include_ids":"","_relevanssi_related_exclude_ids":"","_relevanssi_related_no_append":"","_relevanssi_related_not_related":"","_relevanssi_related_posts":"1","_relevanssi_noindex_reason":"","_custom_cards_description":"","footnotes":""},"class_list":["post-5","page","type-page","status-publish","has-post-thumbnail","hentry"],"acf":[],"_links":{"self":[{"href":"https:\/\/www.blakors.no\/klinikk-haugaland\/wp-json\/wp\/v2\/pages\/5","targetHints":{"allow":["GET"]}}],"collection":[{"href":"https:\/\/www.blakors.no\/klinikk-haugaland\/wp-json\/wp\/v2\/pages"}],"about":[{"href":"https:\/\/www.blakors.no\/klinikk-haugaland\/wp-json\/wp\/v2\/types\/page"}],"author":[{"embeddable":true,"href":"https:\/\/www.blakors.no\/klinikk-haugaland\/wp-json\/wp\/v2\/users\/23"}],"replies":[{"embeddable":true,"href":"https:\/\/www.blakors.no\/klinikk-haugaland\/wp-json\/wp\/v2\/comments?post=5"}],"version-history":[{"count":5,"href":"https:\/\/www.blakors.no\/klinikk-haugaland\/wp-json\/wp\/v2\/pages\/5\/revisions"}],"predecessor-version":[{"id":1391,"href":"https:\/\/www.blakors.no\/klinikk-haugaland\/wp-json\/wp\/v2\/pages\/5\/revisions\/1391"}],"wp:featuredmedia":[{"embeddable":true,"href":"https:\/\/www.blakors.no\/klinikk-haugaland\/wp-json\/wp\/v2\/media\/49"}],"wp:attachment":[{"href":"https:\/\/www.blakors.no\/klinikk-haugaland\/wp-json\/wp\/v2\/media?parent=5"}],"curies":[{"name":"wp","href":"https:\/\/api.w.org\/{rel}","templated":true}]}}