{"id":591,"date":"2022-03-23T10:15:34","date_gmt":"2022-03-23T09:15:34","guid":{"rendered":"https:\/\/www.blakors.no\/haugaland-asenter\/?page_id=591"},"modified":"2026-02-17T10:51:50","modified_gmt":"2026-02-17T09:51:50","slug":"miljofyrtarn","status":"publish","type":"page","link":"https:\/\/www.blakors.no\/klinikk-haugaland\/miljofyrtarn\/","title":{"rendered":"Milj\u00f8fyrt\u00e5rn &#8211; Bl\u00e5 Kors klinikk Haugaland"},"content":{"rendered":"<div class=\"custom-block-banner alignwide is-style-default contenthalf\"><div class=\"banner-image\" style=\"background-image:url(https:\/\/www.blakors.no\/content\/uploads\/sites\/26\/2024\/10\/wp-wp-content_uploads_2017_06_Miljfyrtarn-norsk-farger.png)\"><\/div><div class=\"banner-inner\"><div><h1 id=\"miljofyrtarn\"  class=\"title large \" >Milj\u00f8fyrt\u00e5rn<\/h1><p>Bl\u00e5 Kors klinikk Haugaland er en Milj\u00f8fyrt\u00e5rn-virksomhet. Dette inneb\u00e6rer at vi kontinuerlig arbeider for \u00e5 ha en milj\u00f8vennlig drift og har rutiner som st\u00e5r i samsvar til b\u00e5de v\u00e5re og Milj\u00f8fyrt\u00e5rnets bransjekrav.\r\n\r\n<\/p><\/div><\/div><\/div>\n\n\n<p>Som Milj\u00f8fyrt\u00e5rn bidrar vi&nbsp;til \u00e5 oppn\u00e5 flere av FNs&nbsp;b\u00e6rekraftsm\u00e5l.&nbsp;Vi har fokus p\u00e5 milj\u00f8 i arbeidsoppgavene og har klimatiltak for \u00e5 redusere utslipp og forurensning. Gjennom \u00e5 kartlegge milj\u00f8kravene fra stiftelsen Milj\u00f8fyrt\u00e5rn f\u00e5r vi ogs\u00e5 en tydelig og dokumentert milj\u00f8profil.<\/p>\n\n\n\n<p>Virksomheten har en fast arbeidsgruppe som jobber med milj\u00f8fyrt\u00e5rn og sammen med sertifis\u00f8r blir det foretatt en milj\u00f8analyse og utarbeidet handlingsplan. Alle som jobber i Bl\u00e5 Kors klinikk Haugaland er kjent med v\u00e5rt arbeid mot Milj\u00f8fyrt\u00e5rn.<\/p>\n\n\n\n<h2 class=\"wp-block-heading\" id=\"h-miljoanalysen-tar-for-seg-folgende-omrader\">Milj\u00f8analysen tar for seg f\u00f8lgende omr\u00e5der:<\/h2>\n\n\n\n<ul class=\"wp-block-list\">\n<li>Systemkriterier<\/li>\n\n\n\n<li>Arbeidsmilj\u00f8<\/li>\n\n\n\n<li>Innkj\u00f8p<\/li>\n\n\n\n<li>Energi<\/li>\n\n\n\n<li>Transport<\/li>\n\n\n\n<li>Avfall<\/li>\n\n\n\n<li>Estetikk<\/li>\n\n\n\n<li>Andre milj\u00f8aspekter<\/li>\n<\/ul>\n\n\n\n<p>Vi \u00f8nsker innspill fra v\u00e5re samarbeidspartnere til klima- og milj\u00f8arbeidet v\u00e5rt.<\/p>\n\n\n\n<div data-wp-interactive=\"core\/file\" class=\"wp-block-file\"><object data-wp-bind--hidden=\"!state.hasPdfPreview\" hidden class=\"wp-block-file__embed\" data=\"https:\/\/www.blakors.no\/content\/uploads\/sites\/26\/2025\/02\/2165-Miljofyrtarn-Informasjon-til-samarbeidspartnere.pdf\" type=\"application\/pdf\" style=\"width:100%;height:600px\" aria-label=\"Innbygging av 2165-Miljofyrtarn-Informasjon-til-samarbeidspartnere\"><\/object><a id=\"wp-block-file--media-262d1d5c-b794-4854-ab75-e799fc766aa1\" href=\"https:\/\/www.blakors.no\/content\/uploads\/sites\/26\/2025\/02\/2165-Miljofyrtarn-Informasjon-til-samarbeidspartnere.pdf\">2165-Miljofyrtarn-Informasjon-til-samarbeidspartnere<\/a><a href=\"https:\/\/www.blakors.no\/content\/uploads\/sites\/26\/2025\/02\/2165-Miljofyrtarn-Informasjon-til-samarbeidspartnere.pdf\" class=\"wp-block-file__button wp-element-button\" download aria-describedby=\"wp-block-file--media-262d1d5c-b794-4854-ab75-e799fc766aa1\">Last ned<\/a><\/div>\n\n\n\n<p><\/p>\n\n\n\n<p><br>Send en e-post: haugaland@blakors.no hvis du har forslag og innspill knyttet til klima, milj\u00f8 og arbeidsmilj\u00f8.<\/p>\n\n\n\n<p><\/p>\n\n\n\n<p><\/p>\n","protected":false},"excerpt":{"rendered":"<p>Som Milj\u00f8fyrt\u00e5rn bidrar vi&nbsp;til \u00e5 oppn\u00e5 flere av FNs&nbsp;b\u00e6rekraftsm\u00e5l.&nbsp;Vi har fokus p\u00e5 milj\u00f8 i arbeidsoppgavene og har klimatiltak for \u00e5 redusere utslipp og forurensning. Gjennom \u00e5 kartlegge milj\u00f8kravene fra stiftelsen Milj\u00f8fyrt\u00e5rn f\u00e5r vi ogs\u00e5 en tydelig og dokumentert milj\u00f8profil. Virksomheten har en fast arbeidsgruppe som jobber med milj\u00f8fyrt\u00e5rn og sammen med sertifis\u00f8r blir det foretatt [&hellip;]<\/p>\n","protected":false},"author":7,"featured_media":0,"parent":0,"menu_order":0,"comment_status":"closed","ping_status":"closed","template":"","meta":{"_acf_changed":false,"_relevanssi_hide_post":"","_relevanssi_hide_content":"","_relevanssi_pin_for_all":"","_relevanssi_pin_keywords":"","_relevanssi_unpin_keywords":"","_relevanssi_related_keywords":"","_relevanssi_related_include_ids":"","_relevanssi_related_exclude_ids":"","_relevanssi_related_no_append":"","_relevanssi_related_not_related":"","_relevanssi_related_posts":"1","_relevanssi_noindex_reason":"","_custom_cards_description":"","footnotes":""},"class_list":["post-591","page","type-page","status-publish","hentry"],"acf":[],"_links":{"self":[{"href":"https:\/\/www.blakors.no\/klinikk-haugaland\/wp-json\/wp\/v2\/pages\/591","targetHints":{"allow":["GET"]}}],"collection":[{"href":"https:\/\/www.blakors.no\/klinikk-haugaland\/wp-json\/wp\/v2\/pages"}],"about":[{"href":"https:\/\/www.blakors.no\/klinikk-haugaland\/wp-json\/wp\/v2\/types\/page"}],"author":[{"embeddable":true,"href":"https:\/\/www.blakors.no\/klinikk-haugaland\/wp-json\/wp\/v2\/users\/7"}],"replies":[{"embeddable":true,"href":"https:\/\/www.blakors.no\/klinikk-haugaland\/wp-json\/wp\/v2\/comments?post=591"}],"version-history":[{"count":4,"href":"https:\/\/www.blakors.no\/klinikk-haugaland\/wp-json\/wp\/v2\/pages\/591\/revisions"}],"predecessor-version":[{"id":1477,"href":"https:\/\/www.blakors.no\/klinikk-haugaland\/wp-json\/wp\/v2\/pages\/591\/revisions\/1477"}],"wp:attachment":[{"href":"https:\/\/www.blakors.no\/klinikk-haugaland\/wp-json\/wp\/v2\/media?parent=591"}],"curies":[{"name":"wp","href":"https:\/\/api.w.org\/{rel}","templated":true}]}}