{"id":619,"date":"2022-06-08T11:10:57","date_gmt":"2022-06-08T09:10:57","guid":{"rendered":"https:\/\/www.blakors.no\/haugaland-asenter\/?page_id=619"},"modified":"2026-03-10T13:53:20","modified_gmt":"2026-03-10T12:53:20","slug":"ledige-stillinger","status":"publish","type":"page","link":"https:\/\/www.blakors.no\/klinikk-haugaland\/ledige-stillinger\/","title":{"rendered":"Ledige stillinger"},"content":{"rendered":"\n<div class=\"wp-block-media-text is-stacked-on-mobile\"><figure class=\"wp-block-media-text__media\"><img decoding=\"async\" srcset=\"https:\/\/v.imgi.no\/blakors-1393-694bedf9fe84e6f8b690a6607cdebade-150x100\/2025_11_bk-klinikk-haugaland-nye-dronefoto_dji_20250911131802_0195_d_kw.webp 150w, https:\/\/v.imgi.no\/blakors-1393-694bedf9fe84e6f8b690a6607cdebade-300x200\/2025_11_bk-klinikk-haugaland-nye-dronefoto_dji_20250911131802_0195_d_kw.webp 300w, https:\/\/v.imgi.no\/blakors-1393-694bedf9fe84e6f8b690a6607cdebade-768x512\/2025_11_bk-klinikk-haugaland-nye-dronefoto_dji_20250911131802_0195_d_kw.webp 768w, https:\/\/v.imgi.no\/blakors-1393-694bedf9fe84e6f8b690a6607cdebade-1024x683\/2025_11_bk-klinikk-haugaland-nye-dronefoto_dji_20250911131802_0195_d_kw.webp 1024w, https:\/\/v.imgi.no\/blakors-1393-694bedf9fe84e6f8b690a6607cdebade-1536x1024\/2025_11_bk-klinikk-haugaland-nye-dronefoto_dji_20250911131802_0195_d_kw.webp 1536w, https:\/\/v.imgi.no\/blakors-1393-694bedf9fe84e6f8b690a6607cdebade-2048x1365\/2025_11_bk-klinikk-haugaland-nye-dronefoto_dji_20250911131802_0195_d_kw.webp 2048w, https:\/\/v.imgi.no\/blakors-1393-694bedf9fe84e6f8b690a6607cdebade-300x200\/2025_11_bk-klinikk-haugaland-nye-dronefoto_dji_20250911131802_0195_d_kw.webp 300w, https:\/\/v.imgi.no\/blakors-1393-694bedf9fe84e6f8b690a6607cdebade-450x300\/2025_11_bk-klinikk-haugaland-nye-dronefoto_dji_20250911131802_0195_d_kw.webp 450w, https:\/\/v.imgi.no\/blakors-1393-694bedf9fe84e6f8b690a6607cdebade-200x133\/2025_11_bk-klinikk-haugaland-nye-dronefoto_dji_20250911131802_0195_d_kw.webp 200w, https:\/\/v.imgi.no\/blakors-1393-694bedf9fe84e6f8b690a6607cdebade-300x200\/2025_11_bk-klinikk-haugaland-nye-dronefoto_dji_20250911131802_0195_d_kw.webp 300w, https:\/\/v.imgi.no\/blakors-1393-694bedf9fe84e6f8b690a6607cdebade-400x267\/2025_11_bk-klinikk-haugaland-nye-dronefoto_dji_20250911131802_0195_d_kw.webp 400w, https:\/\/v.imgi.no\/blakors-1393-694bedf9fe84e6f8b690a6607cdebade-600x400\/2025_11_bk-klinikk-haugaland-nye-dronefoto_dji_20250911131802_0195_d_kw.webp 600w\" sizes=\"(max-width: 2048px) 100vw, 2048px\" src=\"https:\/\/v.imgi.no\/blakors-1393-694bedf9fe84e6f8b690a6607cdebade-6144x4096\/2025_11_bk-klinikk-haugaland-nye-dronefoto_dji_20250911131802_0195_d_kw.webp\" alt=\"Luftfoto av en norsk by med fargerike hus, moderne bygninger og skogkledde \u00e5ser i bakgrunnen.\" class=\"imageshop-document-id-7856535 wp-image-1393 size-full\"\/><\/figure><div class=\"wp-block-media-text__content\">\n<p><\/p>\n\n\n\n<p>Lurer du p\u00e5 hvem vi som jobber p\u00e5 Bl\u00e5 Kors klinikk Haugaland er? Bli bedre kjent med oss i filmen under.<\/p>\n\n\n\n<p>Det er jevnlig behov for tilkallingsvikarer, b\u00e5de i D\u00f8gnenheten og ved Kj\u00f8kken- og renhold. Om dette er av interesse, oppfordrer vi deg til \u00e5 legge inn en \u00e5pen s\u00f8knad, s\u00e5 tar vi kontakt med deg ved behov.<\/p>\n\n\n\n<p>Har du sp\u00f8rsm\u00e5l om jobb hos oss kan du ogs\u00e5 ta kontakt med oss p\u00e5 telefon: 52733000 <\/p>\n\n\n\n<p><\/p>\n<\/div><\/div>\n\n\n\n<figure class=\"wp-block-table\"><table><tbody><tr><td><strong>Ledig stilling<\/strong><\/td><td><strong>Frist<\/strong><\/td><\/tr><tr><td><a href=\"https:\/\/blakors.varbi.com\/no\/what:spontaneous\/jobID:5311\/type:spontaneous\/where:4\/apply:1\/\" target=\"_blank\" rel=\"noreferrer noopener\">Milj\u00f8terapeut\/milj\u00f8arbeider ved D\u00f8gnenheten<\/a><\/td><td>\u00c5pen s\u00f8knad<\/td><\/tr><tr><td><a href=\"https:\/\/blakors.varbi.com\/no\/what:spontaneous\/jobID:5312\/type:spontaneous\/where:4\/apply:1\/\" target=\"_blank\" rel=\"noreferrer noopener\">Lege<\/a><\/td><td>\u00c5pen s\u00f8knad<\/td><\/tr><tr><td><a href=\"https:\/\/blakors.varbi.com\/no\/what:spontaneous\/jobID:4544\/type:spontaneous\/where:4\/apply:1\/\" target=\"_blank\" rel=\"noopener\">Kokk, renholdsoperat\u00f8r eller kj\u00f8kkenmedarbeider<\/a><\/td><td>\u00c5pen s\u00f8knad<\/td><\/tr><\/tbody><\/table><\/figure>\n\n\n\n<figure class=\"wp-block-embed dekode-gtm-iframe-preview is-type-video is-provider-vimeo wp-block-embed-vimeo wp-embed-aspect-16-9 wp-has-aspect-ratio\"><div class=\"wp-block-embed__wrapper\">\n<iframe title=\"Bl\u00e5 Kors - Det handler om \u00e5 ta vare p\u00e5 folk\" data-cookieconsent=\"marketing\" data-cookieblock-src=\"https:\/\/player.vimeo.com\/video\/1001063769?dnt=1&amp;app_id=122963\" width=\"500\" height=\"281\" frameborder=\"0\" allow=\"autoplay; fullscreen; picture-in-picture; clipboard-write; encrypted-media; web-share\" referrerpolicy=\"strict-origin-when-cross-origin\"><\/iframe>\n\t\t<div class=\"cookieconsent-optout-marketing dekode-gtm-cookie-consent-video-placeholder\">\n\t\t\t<div class=\"dekode-gtm-cookie-consent is-block-core-embed is-provider-vimeo\">\n\t\t\t\t\n\t\t\t<img decoding=\"async\" src=\"https:\/\/i.vimeocdn.com\/video\/1920054134-c500becb0ebe86a9feb60172b2eb6094e52e862633e52ba6642957e888f20f16-d_295x166?region=us\" alt=\"vimeo\" \/>\n\t\t\t\t<div class=\"overlay\">\n\t\t\t\t\t<div class=\"cookie-info\">\n\t\t\t\t\t\t<h2 id=\"her-ligger-det-medieinnhold-fra-en-ekstern-kilde\"  >Her ligger det medieinnhold fra en ekstern kilde. <\/h2> \n\n<p>For \u00e5 se innholdet, m\u00e5 du endre samtykket ditt.<\/p>\n\n<p>Les mer om hvordan dataen din blir behandlet av eksterne kilder i personvernerkl\u00e6ringen v\u00e5r.<\/p>\n\t\t\t\t\t\t<p>\n\t\t\t\t\t\t\t<a title=\"Endre samtykke\" class=\"dekode-gtm-cookiebot-renew\" href=\"#\">Endre samtykke<\/a>\n\t\t\t\t\t\t\t\n\t\t\t\t\t\t<\/p>\n\t\t\t\t\t<\/div>\n\t\t\t\t<\/div>\n\t\t\t<\/div>\n\t\t<\/div>\n<\/div><\/figure>\n\n\n\n<div class=\"wp-block-lib-header alignfull hide\"><div class=\"header-innercontent\"><\/div><\/div>\n","protected":false},"excerpt":{"rendered":"<p>Lurer du p\u00e5 hvem vi som jobber p\u00e5 Bl\u00e5 Kors klinikk Haugaland er? Bli bedre kjent med oss i filmen under. Det er jevnlig behov for tilkallingsvikarer, b\u00e5de i D\u00f8gnenheten og ved Kj\u00f8kken- og renhold. Om dette er av interesse, oppfordrer vi deg til \u00e5 legge inn en \u00e5pen s\u00f8knad, s\u00e5 tar vi kontakt med [&hellip;]<\/p>\n","protected":false},"author":23,"featured_media":0,"parent":0,"menu_order":0,"comment_status":"closed","ping_status":"closed","template":"","meta":{"_acf_changed":false,"_relevanssi_hide_post":"","_relevanssi_hide_content":"","_relevanssi_pin_for_all":"","_relevanssi_pin_keywords":"","_relevanssi_unpin_keywords":"","_relevanssi_related_keywords":"","_relevanssi_related_include_ids":"","_relevanssi_related_exclude_ids":"","_relevanssi_related_no_append":"","_relevanssi_related_not_related":"","_relevanssi_related_posts":"1","_relevanssi_noindex_reason":"","_custom_cards_description":"","footnotes":""},"class_list":["post-619","page","type-page","status-publish","hentry"],"acf":[],"_links":{"self":[{"href":"https:\/\/www.blakors.no\/klinikk-haugaland\/wp-json\/wp\/v2\/pages\/619","targetHints":{"allow":["GET"]}}],"collection":[{"href":"https:\/\/www.blakors.no\/klinikk-haugaland\/wp-json\/wp\/v2\/pages"}],"about":[{"href":"https:\/\/www.blakors.no\/klinikk-haugaland\/wp-json\/wp\/v2\/types\/page"}],"author":[{"embeddable":true,"href":"https:\/\/www.blakors.no\/klinikk-haugaland\/wp-json\/wp\/v2\/users\/23"}],"replies":[{"embeddable":true,"href":"https:\/\/www.blakors.no\/klinikk-haugaland\/wp-json\/wp\/v2\/comments?post=619"}],"version-history":[{"count":5,"href":"https:\/\/www.blakors.no\/klinikk-haugaland\/wp-json\/wp\/v2\/pages\/619\/revisions"}],"predecessor-version":[{"id":1486,"href":"https:\/\/www.blakors.no\/klinikk-haugaland\/wp-json\/wp\/v2\/pages\/619\/revisions\/1486"}],"wp:attachment":[{"href":"https:\/\/www.blakors.no\/klinikk-haugaland\/wp-json\/wp\/v2\/media?parent=619"}],"curies":[{"name":"wp","href":"https:\/\/api.w.org\/{rel}","templated":true}]}}