{"id":7,"date":"2021-11-23T13:16:08","date_gmt":"2021-11-23T12:16:08","guid":{"rendered":"https:\/\/www.blakors.no\/haugaland-asenter\/?page_id=7"},"modified":"2025-05-26T11:16:20","modified_gmt":"2025-05-26T09:16:20","slug":"for-henvisere","status":"publish","type":"page","link":"https:\/\/www.blakors.no\/klinikk-haugaland\/for-henvisere\/","title":{"rendered":"For henvisere"},"content":{"rendered":"\n<div class=\"wp-block-lib-header alignfull hide\"><div class=\"image-wrapper\"><img decoding=\"async\" src=\"https:\/\/www.blakors.no\/content\/uploads\/sites\/26\/2021\/11\/Terapi-Bla\u030a-Kors-Haugaland-A-senter-scaled.jpg\" \/><\/div><div class=\"header-innercontent\">\n\n<\/div><\/div>\n\n\n<div class=\"custom-block-banner alignwide contenthalf\"><div class=\"banner-image\" style=\"background-image:url(https:\/\/www.blakors.no\/content\/uploads\/sites\/26\/2021\/11\/Kaffeprat-Bla\u030a-Kors-Haugaland-A-senter-1024x672.jpg)\"><\/div><div class=\"banner-inner\"><div><h1 id=\"informasjon-til-henvisere\"  class=\"title small \" >Informasjon til henvisere<\/h1><p>Det er viktig at henvisningen har en god beskrivelse av pasientens bakgrunn og n\u00e5v\u00e6rende situasjon, og har n\u00f8dvendige opplysninger s\u00e5 vi kan vurdere pasientens tilstand og behov for helsehjelp.\r\n\r\nOm du som henviser eller annen samarbeidspartner lurer p\u00e5 hvordan vi jobber her p\u00e5 Bl\u00e5 Kors klinikk Haugaland, kan du se filmen om oss under.<\/p><\/div><\/div><\/div>\n\n\n<figure class=\"wp-block-embed dekode-gtm-iframe-preview is-type-video is-provider-vimeo wp-block-embed-vimeo wp-embed-aspect-16-9 wp-has-aspect-ratio\"><div class=\"wp-block-embed__wrapper\">\n<iframe title=\"Bl\u00e5 Kors - Vi er Bl\u00e5 Kors (v4)\" data-cookieconsent=\"marketing\" data-cookieblock-src=\"https:\/\/player.vimeo.com\/video\/1001057213?h=4ce3cc5599&amp;dnt=1&amp;app_id=122963\" width=\"500\" height=\"281\" frameborder=\"0\" allow=\"autoplay; fullscreen; picture-in-picture; clipboard-write\"><\/iframe>\n\t\t<div class=\"cookieconsent-optout-marketing dekode-gtm-cookie-consent-video-placeholder\">\n\t\t\t<div class=\"dekode-gtm-cookie-consent is-block-core-embed is-provider-vimeo\">\n\t\t\t\t\n\t\t\t<img decoding=\"async\" src=\"https:\/\/i.vimeocdn.com\/video\/1920556149-b2695ac8c504c0d566b9f30e94d1ad68178282e79d729092bb5f2824069aa078-d_295x166?region=us\" alt=\"vimeo\" \/>\n\t\t\t\t<div class=\"overlay\">\n\t\t\t\t\t<div class=\"cookie-info\">\n\t\t\t\t\t\t<h2 id=\"her-ligger-det-medieinnhold-fra-en-ekstern-kilde\"  >Her ligger det medieinnhold fra en ekstern kilde. <\/h2> \n\n<p>For \u00e5 se innholdet, m\u00e5 du endre samtykket ditt.<\/p>\n\n<p>Les mer om hvordan dataen din blir behandlet av eksterne kilder i personvernerkl\u00e6ringen v\u00e5r.<\/p>\n\t\t\t\t\t\t<p>\n\t\t\t\t\t\t\t<a title=\"Endre samtykke\" class=\"dekode-gtm-cookiebot-renew\" href=\"#\">Endre samtykke<\/a>\n\t\t\t\t\t\t\t\n\t\t\t\t\t\t<\/p>\n\t\t\t\t\t<\/div>\n\t\t\t\t<\/div>\n\t\t\t<\/div>\n\t\t<\/div>\n<\/div><figcaption class=\"wp-element-caption\">Vi er Bl\u00e5 Kors<\/figcaption><\/figure>\n\n\n\n<h2 class=\"wp-block-heading\" id=\"h-hvem-kan-henvise-og-hvor-sendes-henvisningen\">Hvem kan henvise og hvor sendes henvisningen?<\/h2>\n\n\n\n<ul class=\"wp-block-list\">\n<li>Sosialtjenesten\/NAV<\/li>\n\n\n\n<li>Barneverntjenesten<\/li>\n\n\n\n<li>Fastlege\/allmennpraktiserende lege<\/li>\n\n\n\n<li>Privatpraktiserende legespesialist<\/li>\n\n\n\n<li>Lege ved andre deler av spesialisthelsetjenesten<\/li>\n\n\n\n<li>Lege i fengselshelsetjenesten<\/li>\n\n\n\n<li>Annet helsepersonell som har rett til \u00e5 henvise til spesialisthelsetjenesten<\/li>\n<\/ul>\n\n\n\n<div class=\"custom-block-factbox\">\n\t<p>Sentral vurderingsenhet TSB ved Haugaland DPS, har ansvaret for alle rettighetsvurderinger p\u00e5 elektive henvisninger inn til tverrfaglig spesialisert rusbehandling (TSB.)<\/p>\n<p>Vi ber om at alle henvisninger til Bl\u00e5 Kors klinikk Haugaland sendes til:<\/p>\n<p>Helse Fonna HF Haugaland DPS\/Ruspoliklinikk<\/p>\n<p>Postboks 2170<\/p>\n<p>5504 Haugesund.<\/p>\n<p>Husk \u00e5 merke henvisningen med \u00abHenvisning til Bl\u00e5 Kors klinikk Haugaland \u00bb om pasienten \u00f8nsker behandling hos oss.<\/p>\n<\/div>\n\n\n\n<h2 id=\"hvordan-henvise\"  class=\"wp-block-heading\" >Hvordan henvise?<\/h2>\n\n\n\n<p>Vurderingsenheten gj\u00f8r en vurdering av henvisningen i tr\u00e5d med pasientrettighetsloven, prioriteringsforskriften og prioriteringsveilederen for rusfeltet. Dette danner grunnlaget for rettighetsstatus og frist for start av behandling. <br><br>Det er derfor viktig at henvisningen redegj\u00f8r for pasientens bakgrunn og n\u00e5v\u00e6rende situasjon, og inneholder n\u00f8dvendige opplysninger for \u00e5 vurdere pasientens tilstand og behov for helsehjelp.<\/p>\n\n\n\n<p>Det b\u00f8r v\u00e6re opplysninger om type rusmiddel, mengde, hyppighet, administrasjonsform og varighet, og eventuelle aktuelle endringer. I tillegg b\u00f8r det gis opplysninger om \u00f8vrig helse, skader og f\u00f8lgetilstander, samt sosiale forhold, rammefaktorer og nettverk.<\/p>\n\n\n\n<h2 id=\"henvisningsmal\"  class=\"wp-block-heading\" >Henvisningsmal:<\/h2>\n\n\n\n<ul class=\"wp-block-list\">\n<li>Personopplysninger (navn, f\u00f8dselsnummer, adresse, telefonnummer)<\/li>\n\n\n\n<li>Familiesituasjon<\/li>\n\n\n\n<li>Rusmiddelhistorikk<\/li>\n\n\n\n<li>Historikk og status i forhold til psykisk og somatisk helse<\/li>\n\n\n\n<li>Medisiner<\/li>\n\n\n\n<li>Skole\/arbeid\/\u00f8konomi<\/li>\n\n\n\n<li>Involverte instanser og samarbeidsrelasjoner<\/li>\n\n\n\n<li>Iverksatte og planlagte tiltak<\/li>\n\n\n\n<li>Individuell plan (IP)<\/li>\n\n\n\n<li>Pasientens ressurser og eventuelle utfordringer<\/li>\n\n\n\n<li>M\u00e5l for behandling<\/li>\n<\/ul>\n\n\n\n<h2 id=\"kontakt\"  class=\"wp-block-heading\" >Kontakt<\/h2>\n\n\n\n<p>Forl\u00f8pskoordinator: 47 97 27 10 (09-14)<\/p>\n\n\n\n<p>Behandler med telefonvakt: 52 73 30 00<\/p>\n\n\n<div class=\"t2-featured-content-layout alignwide alignwide wp-block-t2-featured-content-layout\" role=\"list\">\n<div class=\"t2-featured-single-post t2-featured-content is-post-type-page wp-block-t2-featured-single-post\" role=\"listitem\"><a class=\"t2-post-link wp-block-t2-post-link\" href=\"https:\/\/www.blakors.no\/klinikk-haugaland\/rus-og-avhengighetsbehandling\/\">\n<figure style=\"--t2-focal-point: 50% 50%;\" class=\"t2-post-featured-image has-image-ratio-16-9 wp-block-t2-post-featured-image\"><img loading=\"lazy\" decoding=\"async\" width=\"2048\" height=\"1314\" src=\"https:\/\/www.blakors.no\/content\/uploads\/sites\/26\/2021\/11\/Terapi-Bla\u030a-Kors-Haugaland-A-senter-scaled.jpg\" class=\"attachment-post-thumbnail size-post-thumbnail wp-post-image\" alt=\"To kvinner sitter ovenfor hverandre. Dene kvinnen har klosser i hvitt og r\u00f8dt og legger dem fram p\u00e5 bordet\" srcset=\"https:\/\/www.blakors.no\/content\/uploads\/sites\/26\/2021\/11\/Terapi-Bla\u030a-Kors-Haugaland-A-senter-scaled.jpg 2048w, https:\/\/www.blakors.no\/content\/uploads\/sites\/26\/2021\/11\/Terapi-Bla\u030a-Kors-Haugaland-A-senter-300x192.jpg 300w, https:\/\/www.blakors.no\/content\/uploads\/sites\/26\/2021\/11\/Terapi-Bla\u030a-Kors-Haugaland-A-senter-1024x657.jpg 1024w, https:\/\/www.blakors.no\/content\/uploads\/sites\/26\/2021\/11\/Terapi-Bla\u030a-Kors-Haugaland-A-senter-768x493.jpg 768w, https:\/\/www.blakors.no\/content\/uploads\/sites\/26\/2021\/11\/Terapi-Bla\u030a-Kors-Haugaland-A-senter-1536x986.jpg 1536w\" sizes=\"auto, (min-width: 782px) 768px, 100vw\" \/><\/figure>\n\n<div class=\"wp-block-group alignfull is-layout-flow wp-block-group-is-layout-flow\">\n\t<h2 id=\"behandling-av-rusmiddelavhengighet\"  class=\"t2-post-title wp-block-t2-post-title\" >Behandling av rusmiddelavhengighet<\/h2>\n\t<div class=\"wp-block-post-date__modified-date wp-block-post-date\"><time datetime=\"2025-05-26T09:54:02+02:00\">26. mai 2025<\/time><\/div>\n\t\t\t<div class=\"single-meta t2-post-excerpt card-description wp-block-blakors-meta-display\"><\/div>\n\t\n<\/div>\n\n<\/a>\n<\/div>\n\n<div class=\"t2-featured-single-post t2-featured-content is-post-type-page wp-block-t2-featured-single-post\" role=\"listitem\"><a class=\"t2-post-link wp-block-t2-post-link\" href=\"https:\/\/www.blakors.no\/klinikk-haugaland\/spillavhengighet\/\">\n<figure style=\"--t2-focal-point: 50% 50%;\" class=\"t2-post-featured-image has-image-ratio-16-9 wp-block-t2-post-featured-image\"><img loading=\"lazy\" decoding=\"async\" width=\"2048\" height=\"1341\" src=\"https:\/\/www.blakors.no\/content\/uploads\/sites\/26\/2021\/12\/Mann-sitter-i-sofa-og-spiller-og-er-bekymret-scaled.jpg\" class=\"attachment-post-thumbnail size-post-thumbnail wp-post-image\" alt=\"En mann sitter i sofaen og spiller p\u00e5 mobilen sin\" srcset=\"https:\/\/www.blakors.no\/content\/uploads\/sites\/26\/2021\/12\/Mann-sitter-i-sofa-og-spiller-og-er-bekymret-scaled.jpg 2048w, https:\/\/www.blakors.no\/content\/uploads\/sites\/26\/2021\/12\/Mann-sitter-i-sofa-og-spiller-og-er-bekymret-300x196.jpg 300w, https:\/\/www.blakors.no\/content\/uploads\/sites\/26\/2021\/12\/Mann-sitter-i-sofa-og-spiller-og-er-bekymret-1024x671.jpg 1024w, https:\/\/www.blakors.no\/content\/uploads\/sites\/26\/2021\/12\/Mann-sitter-i-sofa-og-spiller-og-er-bekymret-768x503.jpg 768w, https:\/\/www.blakors.no\/content\/uploads\/sites\/26\/2021\/12\/Mann-sitter-i-sofa-og-spiller-og-er-bekymret-1536x1006.jpg 1536w\" sizes=\"auto, (min-width: 782px) 768px, 100vw\" \/><\/figure>\n\n<div class=\"wp-block-group alignfull is-layout-flow wp-block-group-is-layout-flow\">\n\t<h2 id=\"spillavhengighet\"  class=\"t2-post-title wp-block-t2-post-title\" >Spillavhengighet<\/h2>\n\t<div class=\"wp-block-post-date__modified-date wp-block-post-date\"><time datetime=\"2025-05-26T09:55:15+02:00\">26. mai 2025<\/time><\/div>\n\t\t\t<div class=\"single-meta t2-post-excerpt card-description wp-block-blakors-meta-display\"><\/div>\n\t\n<\/div>\n\n<\/a>\n<\/div>\n\n<div class=\"t2-featured-single-post t2-featured-content is-post-type-page wp-block-t2-featured-single-post\" role=\"listitem\"><a class=\"t2-post-link wp-block-t2-post-link\" href=\"https:\/\/www.blakors.no\/klinikk-haugaland\/parorende\/\">\n<figure style=\"--t2-focal-point: 50% 50%;\" class=\"t2-post-featured-image has-image-ratio-16-9 wp-block-t2-post-featured-image\"><img loading=\"lazy\" decoding=\"async\" width=\"2048\" height=\"1366\" src=\"https:\/\/www.blakors.no\/content\/uploads\/sites\/26\/2021\/11\/Spiser-sammen-Bla\u030a-Kors-Haugaland-A-senter-scaled.jpg\" class=\"attachment-post-thumbnail size-post-thumbnail wp-post-image\" alt=\"To voksne og to barn sitter rundt et kj\u00f8kkenbord p\u00e5 kj\u00f8kkenet. Det ene barnet sitter p\u00e5 en barnestol. Det er hyggelig stemning\" srcset=\"https:\/\/www.blakors.no\/content\/uploads\/sites\/26\/2021\/11\/Spiser-sammen-Bla\u030a-Kors-Haugaland-A-senter-scaled.jpg 2048w, https:\/\/www.blakors.no\/content\/uploads\/sites\/26\/2021\/11\/Spiser-sammen-Bla\u030a-Kors-Haugaland-A-senter-300x200.jpg 300w, https:\/\/www.blakors.no\/content\/uploads\/sites\/26\/2021\/11\/Spiser-sammen-Bla\u030a-Kors-Haugaland-A-senter-1024x683.jpg 1024w, https:\/\/www.blakors.no\/content\/uploads\/sites\/26\/2021\/11\/Spiser-sammen-Bla\u030a-Kors-Haugaland-A-senter-768x512.jpg 768w, https:\/\/www.blakors.no\/content\/uploads\/sites\/26\/2021\/11\/Spiser-sammen-Bla\u030a-Kors-Haugaland-A-senter-1536x1025.jpg 1536w\" sizes=\"auto, (min-width: 782px) 768px, 100vw\" \/><\/figure>\n\n<div class=\"wp-block-group alignfull is-layout-flow wp-block-group-is-layout-flow\">\n\t<h2 id=\"parorendetilbud\"  class=\"t2-post-title wp-block-t2-post-title\" >P\u00e5r\u00f8rendetilbud<\/h2>\n\t<div class=\"wp-block-post-date__modified-date wp-block-post-date\"><time datetime=\"2026-02-17T10:48:11+01:00\">17. februar 2026<\/time><\/div>\n\t\t\t<div class=\"single-meta t2-post-excerpt card-description wp-block-blakors-meta-display\"><\/div>\n\t\n<\/div>\n\n<\/a>\n<\/div>\n<\/div>","protected":false},"excerpt":{"rendered":"<p>Hvem kan henvise og hvor sendes henvisningen? Hvordan henvise? Vurderingsenheten gj\u00f8r en vurdering av henvisningen i tr\u00e5d med pasientrettighetsloven, prioriteringsforskriften og prioriteringsveilederen for rusfeltet. Dette danner grunnlaget for rettighetsstatus og frist for start av behandling. Det er derfor viktig at henvisningen redegj\u00f8r for pasientens bakgrunn og n\u00e5v\u00e6rende situasjon, og inneholder n\u00f8dvendige opplysninger for \u00e5 vurdere [&hellip;]<\/p>\n","protected":false},"author":23,"featured_media":65,"parent":0,"menu_order":0,"comment_status":"closed","ping_status":"closed","template":"","meta":{"_acf_changed":false,"_relevanssi_hide_post":"","_relevanssi_hide_content":"","_relevanssi_pin_for_all":"on","_relevanssi_pin_keywords":"For henvisere, henviser, helsepersonell","_relevanssi_unpin_keywords":"","_relevanssi_related_keywords":"","_relevanssi_related_include_ids":"","_relevanssi_related_exclude_ids":"","_relevanssi_related_no_append":"","_relevanssi_related_not_related":"","_relevanssi_related_posts":"1","_relevanssi_noindex_reason":"","_custom_cards_description":"","footnotes":""},"class_list":["post-7","page","type-page","status-publish","has-post-thumbnail","hentry"],"acf":[],"_links":{"self":[{"href":"https:\/\/www.blakors.no\/klinikk-haugaland\/wp-json\/wp\/v2\/pages\/7","targetHints":{"allow":["GET"]}}],"collection":[{"href":"https:\/\/www.blakors.no\/klinikk-haugaland\/wp-json\/wp\/v2\/pages"}],"about":[{"href":"https:\/\/www.blakors.no\/klinikk-haugaland\/wp-json\/wp\/v2\/types\/page"}],"author":[{"embeddable":true,"href":"https:\/\/www.blakors.no\/klinikk-haugaland\/wp-json\/wp\/v2\/users\/23"}],"replies":[{"embeddable":true,"href":"https:\/\/www.blakors.no\/klinikk-haugaland\/wp-json\/wp\/v2\/comments?post=7"}],"version-history":[{"count":5,"href":"https:\/\/www.blakors.no\/klinikk-haugaland\/wp-json\/wp\/v2\/pages\/7\/revisions"}],"predecessor-version":[{"id":1262,"href":"https:\/\/www.blakors.no\/klinikk-haugaland\/wp-json\/wp\/v2\/pages\/7\/revisions\/1262"}],"wp:featuredmedia":[{"embeddable":true,"href":"https:\/\/www.blakors.no\/klinikk-haugaland\/wp-json\/wp\/v2\/media\/65"}],"wp:attachment":[{"href":"https:\/\/www.blakors.no\/klinikk-haugaland\/wp-json\/wp\/v2\/media?parent=7"}],"curies":[{"name":"wp","href":"https:\/\/api.w.org\/{rel}","templated":true}]}}