{"id":830,"date":"2023-06-08T13:44:08","date_gmt":"2023-06-08T11:44:08","guid":{"rendered":"https:\/\/www.blakors.no\/klinikk-haugaland\/?page_id=830"},"modified":"2023-09-15T13:20:59","modified_gmt":"2023-09-15T11:20:59","slug":"brukerutvalget","status":"publish","type":"page","link":"https:\/\/www.blakors.no\/klinikk-haugaland\/brukerutvalget\/","title":{"rendered":"Brukerutvalget"},"content":{"rendered":"\n<div class=\"wp-block-lib-header alignfull hide\"><div class=\"header-innercontent\"><\/div><\/div>\n\n\n\n<h2 class=\"wp-block-heading\" id=\"h-brukerutvalget-ved-bla-kors-klinikk-haugaland\">Brukerutvalget ved Bl\u00e5 Kors klinikk Haugaland<\/h2>\n\n\n\n<p>I samsvar med sentrale f\u00f8ringer fra Barne-, likestillings- og inkluderingsdepartementet samt forutsetninger fra v\u00e5r oppdragsgiver Helse Vest RHF har Bl\u00e5 Kors klinikk Haugaland et eget brukerutvalg. Brukerutvalget skal s\u00f8rge for at pasientenes og de p\u00e5r\u00f8rendes stemmer blir h\u00f8rt i utviklingen av tjenestetilbudet.<\/p>\n\n\n\n<h2 class=\"wp-block-heading\" id=\"h-mandat\">Mandat<\/h2>\n\n\n\n<p>Brukerutvalget skal:<\/p>\n\n\n\n<ul class=\"wp-block-list\">\n<li>v\u00e6re et r\u00e5dgivende organ for ledelsen ved BKKH i saker som ang\u00e5r tilbudet til pasienter og p\u00e5r\u00f8rende<\/li>\n\n\n\n<li>arbeide for gode og likeverdige spesialisthelsetjenester innenfor TSB uavhengig av alder, kj\u00f8nn, bosted, etnisk opprinnelse, sosial status og type rusmiddelrelatert problem<\/li>\n\n\n\n<li>bidra til god medvirkning fra pasienter, deres p\u00e5r\u00f8rende og deres organisasjoner p\u00e5 alle niv\u00e5 i den tverrfaglige spesialiserte rusbehandling<\/li>\n\n\n\n<li>uttale seg i styresaker og lignende som er relevante for utvalget<\/li>\n\n\n\n<li>arbeide for god samhandling p\u00e5 tvers av tjenester og forvaltningsniv\u00e5<\/li>\n\n\n\n<li>ta initiativ til \u00e5 fremme saker av betydning for pasienter og p\u00e5r\u00f8rende<\/li>\n\n\n\n<li>avgi h\u00f8ringsuttalelser til planer og utredninger, der dette er naturlig<\/li>\n\n\n\n<li>bidra med brukermedvirkning til prosjekter, r\u00e5d og utvalg som m\u00e5tte v\u00e6re aktuelle, samt gjennomg\u00e5 virksomhetens \u00e5rsmelding<\/li>\n\n\n\n<li>f\u00f8lge opp resultater av pasienterfaringsunders\u00f8kelser (nasjonal og lokal)<\/li>\n\n\n\n<li>uttale seg om \u00e5splaner, \u00e5rshjul og relevante saker<\/li>\n\n\n\n<li>v\u00e6re et samarbeidsforum mellom virksomheten og brukerorganisasjonene<\/li>\n\n\n\n<li>arrangere og\/eller delta p\u00e5 relevante konferanser og kurs etter n\u00e6rmere behov og avtale<\/li>\n\n\n\n<li>samarbeide med andre brukerutvalg, brukerorganisasjoner og brukerrepresentanter ved andre samarbeidspartnere<\/li>\n\n\n\n<li>evaluere sin egen virksomhet minst en gang i l\u00f8pet av funksjonsperioden<\/li>\n\n\n\n<li>sette opp en \u00e5rlig m\u00f8teplan i samarbeid med administrasjonen<\/li>\n\n\n\n<li><strong>skal ikke<\/strong> behandle enkeltsaker (pasientsaker) eller saker som h\u00f8rer inn under pasient- og brukerombudet<\/li>\n<\/ul>\n\n\n\n<p>Mandatet evalueres f\u00f8r ny oppnevning hvert 2 \u00e5r i brukerutvalget.<\/p>\n\n\n\n<h2 class=\"wp-block-heading\" id=\"h-moter-arbeidsform-og-administrative-forhold\">M\u00f8ter, arbeidsform og administrative forhold<\/h2>\n\n\n\n<ul class=\"wp-block-list\">\n<li>Utvalget skal ha minst 4 m\u00f8ter \u00e5rlig, men kan utover dette innkalles etter behov eller \u00f8nske fra utvalget eller virksomheten. (Dato for gjennomf\u00f8ring publiseres p\u00e5 intranett).<\/li>\n\n\n\n<li>Det skal v\u00e6re dialog mellom brukerutvalget og virksomheten i styresaker som er av spesiell interesse for brukerutvalget.<\/li>\n\n\n\n<li>M\u00f8tet ledes av brukerutvalgets leder, eller stedfortreder. Administrasjonen, leder av brukerutvalget og \u00f8vrige medlemmer kan melde inn saker.<\/li>\n\n\n\n<li>Saksliste skal utarbeides i samhandling med m\u00f8teleder og direkt\u00f8r. M\u00f8teinnkalling med saksliste skal v\u00e6re skriftlig og sendes ut minst 7 dager f\u00f8r m\u00f8tet.<\/li>\n\n\n\n<li>M\u00f8tene i brukerutvalget er i utgangspunktet \u00e5pne. En kan bestemme seg for \u00e5 lukke m\u00f8tet dersom det er et saklig behov for det.<\/li>\n\n\n\n<li>Det skrives m\u00f8tereferat fra hvert m\u00f8te som sendes til medlemmene og publiseres p\u00e5 intranett.<\/li>\n\n\n\n<li>En oppsummering av brukerutvalgets saker og aktiviteter skal inng\u00e5 i virksomhetens \u00e5rsmelding.<\/li>\n\n\n\n<li>Brukerrepresentantene skal signere oppdragsavtale og har rett p\u00e5 m\u00f8tehonorar som fastsettes etter gjeldene satser. Dekning av n\u00f8dvendige reisegodtgj\u00f8relser etter statens satser, samt tapt arbeidsfortjeneste med ut\u00f8velsen av vervet. Dette m\u00e5 dokumenteres. Dette innrapporteres til ligningsmyndighetene i henhold til lov og regelverk.<\/li>\n<\/ul>\n\n\n\n<p>Kontakt Erling Netland dersom du \u00f8nsker kontakt med en av brukerrepresentantene eller \u00f8nsker \u00e5 melde inn en sak: <a href=\"mailto:erlingnetland1@live.no\" target=\"_blank\" rel=\"noreferrer noopener\">erlingnetland1@live.no<\/a><\/p>\n\n\n\n<p><\/p>\n\n\n\n<p><\/p>\n\n\n\n<p><\/p>\n","protected":false},"excerpt":{"rendered":"<p>Brukerutvalget ved Bl\u00e5 Kors klinikk Haugaland I samsvar med sentrale f\u00f8ringer fra Barne-, likestillings- og inkluderingsdepartementet samt forutsetninger fra v\u00e5r oppdragsgiver Helse Vest RHF har Bl\u00e5 Kors klinikk Haugaland et eget brukerutvalg. Brukerutvalget skal s\u00f8rge for at pasientenes og de p\u00e5r\u00f8rendes stemmer blir h\u00f8rt i utviklingen av tjenestetilbudet. Mandat Brukerutvalget skal: Mandatet evalueres f\u00f8r ny [&hellip;]<\/p>\n","protected":false},"author":1,"featured_media":0,"parent":0,"menu_order":0,"comment_status":"closed","ping_status":"closed","template":"","meta":{"_acf_changed":false,"_relevanssi_hide_post":"","_relevanssi_hide_content":"","_relevanssi_pin_for_all":"","_relevanssi_pin_keywords":"","_relevanssi_unpin_keywords":"","_relevanssi_related_keywords":"","_relevanssi_related_include_ids":"","_relevanssi_related_exclude_ids":"","_relevanssi_related_no_append":"","_relevanssi_related_not_related":"","_relevanssi_related_posts":"1","_relevanssi_noindex_reason":"","_custom_cards_description":"","footnotes":""},"class_list":["post-830","page","type-page","status-publish","hentry"],"acf":[],"_links":{"self":[{"href":"https:\/\/www.blakors.no\/klinikk-haugaland\/wp-json\/wp\/v2\/pages\/830","targetHints":{"allow":["GET"]}}],"collection":[{"href":"https:\/\/www.blakors.no\/klinikk-haugaland\/wp-json\/wp\/v2\/pages"}],"about":[{"href":"https:\/\/www.blakors.no\/klinikk-haugaland\/wp-json\/wp\/v2\/types\/page"}],"author":[{"embeddable":true,"href":"https:\/\/www.blakors.no\/klinikk-haugaland\/wp-json\/wp\/v2\/users\/1"}],"replies":[{"embeddable":true,"href":"https:\/\/www.blakors.no\/klinikk-haugaland\/wp-json\/wp\/v2\/comments?post=830"}],"version-history":[{"count":4,"href":"https:\/\/www.blakors.no\/klinikk-haugaland\/wp-json\/wp\/v2\/pages\/830\/revisions"}],"predecessor-version":[{"id":873,"href":"https:\/\/www.blakors.no\/klinikk-haugaland\/wp-json\/wp\/v2\/pages\/830\/revisions\/873"}],"wp:attachment":[{"href":"https:\/\/www.blakors.no\/klinikk-haugaland\/wp-json\/wp\/v2\/media?parent=830"}],"curies":[{"name":"wp","href":"https:\/\/api.w.org\/{rel}","templated":true}]}}