{"id":10,"date":"2020-06-21T18:25:20","date_gmt":"2020-06-21T16:25:20","guid":{"rendered":"https:\/\/www.blakors.no\/klinikk-innlandet\/?page_id=10"},"modified":"2024-03-21T14:11:39","modified_gmt":"2024-03-21T13:11:39","slug":"om-oss","status":"publish","type":"page","link":"https:\/\/www.blakors.no\/klinikk-innlandet\/om-oss\/","title":{"rendered":"Om Bl\u00e5 Kors klinikk Innlandet"},"content":{"rendered":"<div class=\"custom-block-banner alignwide contenthalf\"><div class=\"banner-image\" style=\"background-image:url(https:\/\/www.blakors.no\/content\/uploads\/sites\/14\/2020\/10\/Bygget-fra-siden-Bla\u030a-Kors-Behandlingssenter-Eina-1024x683.jpg)\"><\/div><div class=\"banner-inner\"><div><h1 id=\"om-oss\"  class=\"title large \" >Om oss<\/h1><p>Bl\u00e5 Kors klinikk Innlandet ( tidligere Bl\u00e5 Kors Eina Behandlingssenter) tilbyr tverrfaglig spesialisert rusbehandling for menn. <\/p><\/div><\/div><\/div>\n\n\n<p>Vi er Skandinavias eldste institusjon for behandling av rusproblematikk og har v\u00e6rt i drift siden 1909.  Klinikken p\u00e5 Eina har i dag 30 langtidsplasser med en behandlingstid  inntil 9 m\u00e5neder. H\u00f8sten 2023 skiftet vi navn og er n\u00e5 Bl\u00e5 Kors klinikk Innlandet.<\/p>\n\n\n\n<h2 class=\"wp-block-heading\" id=\"mot-felles-mal\">Vi er en Bl\u00e5 Kors-institusjon<\/h2>\n\n\n\n<p>Vi er del av Divisjon Behandling i Bl\u00e5 Kors. Bl\u00e5 Kors er den st\u00f8rste ideelle akt\u00f8ren innen avhengighetsbehandling i Norge, og er en diakonal organisasjon som forener frivillig innsats p\u00e5 rusfeltet med profesjonelt behandlingsarbeid. <\/p>\n\n\n\n\t\t<div class=\"wp-block-lib-accentuated-link\">\n\t\t\t<a\n\t\t\t\tclass=\"lib-link__link\"\n\t\t\t\thref=\"https:\/\/www.blakors.no\/fagside\/tverrfaglig-spesialisert-behandling-i-bla-kors\/\"\n\t\t\t\ttarget=\"\"\n\t\t\t\trel=\"\"\n\t\t\t>\n\t\t\t\t\n\t\t\t\t<div class=\"lib-link__text-content\">\n\t\t\t\t\t<span class=\"lib-link__tagline\">\n\t\t\t\t\t\tLES MER\n\t\t\t\t\t<\/span>\n\n\t\t\t\t\t<h3 class=\"lib-link__title\">\n\t\t\t\t\t\tVi tilbyr tverrfaglig spesialisert behandling\n\t\t\t\t\t<\/h3>\n\n\t\t\t\t\t\n\t\t\t\t<\/div>\n\t\t\t<\/a>\n\t\t<\/div>\n\n\n\t\t<div class=\"wp-block-blakors-expanding-fact-box\">\n\t\t\t<h3 id=\"visjon-og-verdier\"  class=\"blakors-fact-box__title\" >Visjon og verdier<\/h3>\n\t\t\t<div class=\"blakors-fact-box__content\">\n\t\t\t\t\n\n<p>Med hjerte, kunnskap og kraft skaper Bl\u00e5 Kors mulighet for mestring og mening.<\/p>\n\n\n\n<p><strong>V\u00e5re verdier:<\/strong><\/p>\n\n\n\n<ul class=\"wp-block-list\">\n<li>medmenneskelighet<\/li>\n\n\n\n<li>verdighet<\/li>\n\n\n\n<li>egenkraft<\/li>\n\n\n\n<li>kvalitet<\/li>\n<\/ul>\n\n\n\t\t\t<\/div>\n\t\t\t<div class=\"blakors-fact-box__toggle\">\n\t\t\t\t<button class=\"blakors-fact-box__button\"><svg xmlns=\"http:\/\/www.w3.org\/2000\/svg\" viewBox=\"0 0 17.367 17.367\"><path d=\"M0-8.684v-2.133H13.2L7.16-16.91l1.523-1.523L17.367-9.75,8.684-1.066,7.109-2.59,13.2-8.684Z\" transform=\"translate(0 18.434)\" \/><\/svg><\/button>\n\t\t\t<\/div>\n\t\t<\/div>\n\n\n<p><\/p>\n\n\n\n<p><\/p>\n","protected":false},"excerpt":{"rendered":"<p>Vi er Skandinavias eldste institusjon for behandling av rusproblematikk og har v\u00e6rt i drift siden 1909. Klinikken p\u00e5 Eina har i dag 30 langtidsplasser med en behandlingstid inntil 9 m\u00e5neder. H\u00f8sten 2023 skiftet vi navn og er n\u00e5 Bl\u00e5 Kors klinikk Innlandet. Vi er en Bl\u00e5 Kors-institusjon Vi er del av Divisjon Behandling i Bl\u00e5 [&hellip;]<\/p>\n","protected":false},"author":23,"featured_media":110,"parent":0,"menu_order":0,"comment_status":"closed","ping_status":"closed","template":"","meta":{"_acf_changed":false,"_relevanssi_hide_post":"","_relevanssi_hide_content":"","_relevanssi_pin_for_all":"on","_relevanssi_pin_keywords":"Rusbehandling, langtidsbehandling, kj\u00f8nnsdelt behandling, \u00e5rsmelding","_relevanssi_unpin_keywords":"","_relevanssi_related_keywords":"","_relevanssi_related_include_ids":"","_relevanssi_related_exclude_ids":"","_relevanssi_related_no_append":"","_relevanssi_related_not_related":"","_relevanssi_related_posts":"1","_relevanssi_noindex_reason":"","_custom_cards_description":"","footnotes":""},"class_list":["post-10","page","type-page","status-publish","has-post-thumbnail","hentry"],"acf":[],"_links":{"self":[{"href":"https:\/\/www.blakors.no\/klinikk-innlandet\/wp-json\/wp\/v2\/pages\/10","targetHints":{"allow":["GET"]}}],"collection":[{"href":"https:\/\/www.blakors.no\/klinikk-innlandet\/wp-json\/wp\/v2\/pages"}],"about":[{"href":"https:\/\/www.blakors.no\/klinikk-innlandet\/wp-json\/wp\/v2\/types\/page"}],"author":[{"embeddable":true,"href":"https:\/\/www.blakors.no\/klinikk-innlandet\/wp-json\/wp\/v2\/users\/23"}],"replies":[{"embeddable":true,"href":"https:\/\/www.blakors.no\/klinikk-innlandet\/wp-json\/wp\/v2\/comments?post=10"}],"version-history":[{"count":5,"href":"https:\/\/www.blakors.no\/klinikk-innlandet\/wp-json\/wp\/v2\/pages\/10\/revisions"}],"predecessor-version":[{"id":483,"href":"https:\/\/www.blakors.no\/klinikk-innlandet\/wp-json\/wp\/v2\/pages\/10\/revisions\/483"}],"wp:featuredmedia":[{"embeddable":true,"href":"https:\/\/www.blakors.no\/klinikk-innlandet\/wp-json\/wp\/v2\/media\/110"}],"wp:attachment":[{"href":"https:\/\/www.blakors.no\/klinikk-innlandet\/wp-json\/wp\/v2\/media?parent=10"}],"curies":[{"name":"wp","href":"https:\/\/api.w.org\/{rel}","templated":true}]}}