{"id":14,"date":"2020-06-21T18:26:02","date_gmt":"2020-06-21T16:26:02","guid":{"rendered":"https:\/\/www.blakors.no\/klinikk-innlandet\/?page_id=14"},"modified":"2025-07-29T15:32:38","modified_gmt":"2025-07-29T13:32:38","slug":"sok-behandling","status":"publish","type":"page","link":"https:\/\/www.blakors.no\/klinikk-innlandet\/sok-behandling\/","title":{"rendered":"S\u00f8k behandling"},"content":{"rendered":"<div class=\"custom-block-banner alignwide contenthalf\"><div class=\"banner-image\" style=\"background-image:url(https:\/\/www.blakors.no\/content\/uploads\/sites\/14\/2020\/10\/Samtaleterapu-Bla\u030a-Kors-Behandlingssenter-Eina-1024x678.jpg)\"><\/div><div class=\"banner-inner\"><div><h1 id=\"sok-behandling\"  class=\"title large \" >S\u00f8k behandling<\/h1><p>Bl\u00e5 Kors klinikk Innlandet er en del av  spesialisthelsetjenesten, og tilbyr d\u00f8gnbehandling innen Tverrfaglig Spesialisert Rusbehandling (TSB). Vi er her for \u00e5 hjelpe deg. Har du sp\u00f8rsm\u00e5l, s\u00e5 ring oss gjerne for en uforpliktende samtale.<\/p><\/div><\/div><\/div>\n\n\n<p>Det koster ingenting \u00e5 f\u00e5 behandling hos oss. For \u00e5 f\u00e5 plass m\u00e5 du ha en henvisning. Den blir vurdert hos en  henvisningsinstans som avgj\u00f8r om du har rett p\u00e5 behandling i spesialisthelsetjenesten. <\/p>\n\n\n\n<p>Har du spesifikke \u00f8nsker om behandling hos Bl\u00e5 Kors EinaBehandlingssenter, er det viktig at dette kommer frem i henvisningen. <strong>Det er viktig at dine \u00f8nsker og behov kommer tydelig frem.<\/strong><\/p>\n\n\n\n<ol class=\"wp-block-list\">\n<li>Fastlege, sosialtjenesten\/NAV, fengselshelsetjenesten eller fra andre enheter innen spesialisthelsetjenesten kan henvise pasienter til behandling. <a href=\"https:\/\/www.blakors.no\/klinikk-innlandet\/for-helsepersonell\/\">Les mer om henvisningen<\/a> og se hvilke opplysninger som er viktig \u00e5 ha med.<\/li>\n\n\n\n<li>Henvisning sendes til en vurderingsinstans. De tar i mot henvisningen, og gj\u00f8r en vurdering om behandling i spesialisthelsetjenesten er n\u00f8dvendig og nyttig for pasienten. De skal ogs\u00e5 sette en frist for n\u00e5r du kan begynne i behandling.<\/li>\n\n\n\n<li>Du f\u00e5r beskjed innen 10 virkedager om du har rett til behandling. Du f\u00e5r ogs\u00e5 informasjon om hvilket behandlingssted, samt forventet oppstart behandling.<\/li>\n\n\n\n<li>Du f\u00e5r en invitasjon til forberedende samtale i forbindelse med en eventuell innleggelse ved Bl\u00e5 Kors klinikk Innlandet.<\/li>\n<\/ol>\n\n\n\n<h2 id=\"vil-du-vite-mer-kontakt\"  class=\"wp-block-heading\" >Vil du vite mer, kontakt:<\/h2>\n\n\n<div class=\"wp-block-blakors-person-cards\">\n\t\t\t\n<div class=\"t2-featured-single-post compact-card-template t2-featured-content is-post-type-person compact-card-template wp-block-t2-featured-single-post\"><figure style=\"--t2-focal-point: 50% 50%;\" class=\"t2-post-featured-image has-image-ratio-1-1 wp-block-t2-post-featured-image\"><img loading=\"lazy\" decoding=\"async\" width=\"1077\" height=\"1600\" src=\"https:\/\/www.blakors.no\/content\/uploads\/sites\/14\/2020\/10\/Bla\u030akors-Eina-2020-0725-1600px.jpg\" class=\"attachment-post-thumbnail size-post-thumbnail wp-post-image\" alt=\"\" srcset=\"https:\/\/www.blakors.no\/content\/uploads\/sites\/14\/2020\/10\/Bla\u030akors-Eina-2020-0725-1600px.jpg 1077w, https:\/\/www.blakors.no\/content\/uploads\/sites\/14\/2020\/10\/Bla\u030akors-Eina-2020-0725-1600px-202x300.jpg 202w, https:\/\/www.blakors.no\/content\/uploads\/sites\/14\/2020\/10\/Bla\u030akors-Eina-2020-0725-1600px-689x1024.jpg 689w, https:\/\/www.blakors.no\/content\/uploads\/sites\/14\/2020\/10\/Bla\u030akors-Eina-2020-0725-1600px-768x1141.jpg 768w, https:\/\/www.blakors.no\/content\/uploads\/sites\/14\/2020\/10\/Bla\u030akors-Eina-2020-0725-1600px-1034x1536.jpg 1034w\" sizes=\"auto, (min-width: 782px) 768px, 100vw\" \/><\/figure>\n\n<div class=\"wp-block-group alignfull is-layout-flow wp-block-group-is-layout-flow\">\n\t<div class=\"t2-post-dynamic-part is-source-filter filter-person_card_meta post-meta wp-block-t2-post-dynamic-part\"><div class=\"title\"><h2 id=\"bjorg-hoelsveen\"  class=\"t2-post-title wp-block-t2-post-title\" >Bj\u00f8rg Hoelsveen<\/h2><p class=\"position\">Forl\u00f8pskoordinator<\/p><\/div><div class=\"contact-info\"><p class=\"phone\"><a href=\"tel:+4748957074\">489 57 074<\/a><\/p><\/div><\/div>\n<\/div>\n\n<\/div>\n\n<div class=\"t2-featured-single-post compact-card-template t2-featured-content is-post-type-person compact-card-template wp-block-t2-featured-single-post\"><figure style=\"--t2-focal-point: 50% 50%;\" class=\"t2-post-featured-image has-image-ratio-1-1 wp-block-t2-post-featured-image\"><img loading=\"lazy\" decoding=\"async\" width=\"1067\" height=\"1600\" src=\"https:\/\/www.blakors.no\/content\/uploads\/sites\/14\/2020\/10\/Bla\u030akors-Eina-2020-0695-1600px.jpg\" class=\"attachment-post-thumbnail size-post-thumbnail wp-post-image\" alt=\"\" srcset=\"https:\/\/www.blakors.no\/content\/uploads\/sites\/14\/2020\/10\/Bla\u030akors-Eina-2020-0695-1600px.jpg 1067w, https:\/\/www.blakors.no\/content\/uploads\/sites\/14\/2020\/10\/Bla\u030akors-Eina-2020-0695-1600px-200x300.jpg 200w, https:\/\/www.blakors.no\/content\/uploads\/sites\/14\/2020\/10\/Bla\u030akors-Eina-2020-0695-1600px-683x1024.jpg 683w, https:\/\/www.blakors.no\/content\/uploads\/sites\/14\/2020\/10\/Bla\u030akors-Eina-2020-0695-1600px-768x1152.jpg 768w, https:\/\/www.blakors.no\/content\/uploads\/sites\/14\/2020\/10\/Bla\u030akors-Eina-2020-0695-1600px-1024x1536.jpg 1024w\" sizes=\"auto, (min-width: 782px) 768px, 100vw\" \/><\/figure>\n\n<div class=\"wp-block-group alignfull is-layout-flow wp-block-group-is-layout-flow\">\n\t<div class=\"t2-post-dynamic-part is-source-filter filter-person_card_meta post-meta wp-block-t2-post-dynamic-part\"><div class=\"title\"><h2 id=\"marianne-aaserud\"  class=\"t2-post-title wp-block-t2-post-title\" >Marianne Aaserud<\/h2><p class=\"position\">Forl\u00f8pskoordinator<\/p><\/div><div class=\"contact-info\"><p class=\"phone\"><a href=\"tel:+4748956946\">+47 489 56 946<\/a><\/p><p class=\"email\"><a href=\"mailto:marianne.aaserud@blakors.no\">marianne.aaserud@blakors.no<\/a><\/p><\/div><\/div>\n<\/div>\n\n<\/div>\n\n\t\t<\/div>\n\n\n<p>Du kan ogs\u00e5 ringe v\u00e5rt hovednummer: 61 19 88 30<\/p>\n","protected":false},"excerpt":{"rendered":"<p>Det koster ingenting \u00e5 f\u00e5 behandling hos oss. For \u00e5 f\u00e5 plass m\u00e5 du ha en henvisning. Den blir vurdert hos en henvisningsinstans som avgj\u00f8r om du har rett p\u00e5 behandling i spesialisthelsetjenesten. Har du spesifikke \u00f8nsker om behandling hos Bl\u00e5 Kors EinaBehandlingssenter, er det viktig at dette kommer frem i henvisningen. Det er viktig [&hellip;]<\/p>\n","protected":false},"author":23,"featured_media":121,"parent":0,"menu_order":0,"comment_status":"closed","ping_status":"closed","template":"","meta":{"_acf_changed":false,"_relevanssi_hide_post":"","_relevanssi_hide_content":"","_relevanssi_pin_for_all":"","_relevanssi_pin_keywords":"","_relevanssi_unpin_keywords":"","_relevanssi_related_keywords":"","_relevanssi_related_include_ids":"","_relevanssi_related_exclude_ids":"","_relevanssi_related_no_append":"","_relevanssi_related_not_related":"","_relevanssi_related_posts":"1","_relevanssi_noindex_reason":"","_custom_cards_description":"","footnotes":""},"class_list":["post-14","page","type-page","status-publish","has-post-thumbnail","hentry"],"acf":[],"_links":{"self":[{"href":"https:\/\/www.blakors.no\/klinikk-innlandet\/wp-json\/wp\/v2\/pages\/14","targetHints":{"allow":["GET"]}}],"collection":[{"href":"https:\/\/www.blakors.no\/klinikk-innlandet\/wp-json\/wp\/v2\/pages"}],"about":[{"href":"https:\/\/www.blakors.no\/klinikk-innlandet\/wp-json\/wp\/v2\/types\/page"}],"author":[{"embeddable":true,"href":"https:\/\/www.blakors.no\/klinikk-innlandet\/wp-json\/wp\/v2\/users\/23"}],"replies":[{"embeddable":true,"href":"https:\/\/www.blakors.no\/klinikk-innlandet\/wp-json\/wp\/v2\/comments?post=14"}],"version-history":[{"count":5,"href":"https:\/\/www.blakors.no\/klinikk-innlandet\/wp-json\/wp\/v2\/pages\/14\/revisions"}],"predecessor-version":[{"id":639,"href":"https:\/\/www.blakors.no\/klinikk-innlandet\/wp-json\/wp\/v2\/pages\/14\/revisions\/639"}],"wp:featuredmedia":[{"embeddable":true,"href":"https:\/\/www.blakors.no\/klinikk-innlandet\/wp-json\/wp\/v2\/media\/121"}],"wp:attachment":[{"href":"https:\/\/www.blakors.no\/klinikk-innlandet\/wp-json\/wp\/v2\/media?parent=14"}],"curies":[{"name":"wp","href":"https:\/\/api.w.org\/{rel}","templated":true}]}}