{"id":97,"date":"2020-10-06T21:52:17","date_gmt":"2020-10-06T19:52:17","guid":{"rendered":"https:\/\/www.blakors.no\/klinikk-innlandet\/?page_id=97"},"modified":"2025-09-01T12:39:51","modified_gmt":"2025-09-01T10:39:51","slug":"forside","status":"publish","type":"page","link":"https:\/\/www.blakors.no\/klinikk-innlandet\/","title":{"rendered":"Bl\u00e5 Kors klinikk Innlandet"},"content":{"rendered":"\n\t<div style=\"--t2-hero-dim:0;\" class=\"t2-hero t2-hero-content-position-center-left t2-hero-has-dim-0 alignfull wp-block-t2-hero has-background has-lila-light-background-color\">\n\t\t\n\t\t<div class=\"t2-hero__header\"><div class=\"t2-hero__header__content\">\n\n<h1 id=\"rusbehandling-for-menn\"  class=\"wp-block-heading\" >Rusbehandling for menn<\/h1>\n\n\n\n<p>Vi tilbyr behandling for rusmiddelavhengighet. Klinikken har 30 plasser med behandlingstid inntil 9 m\u00e5neder.<\/p>\n\n\n\n<div class=\"wp-block-buttons is-layout-flex wp-block-buttons-is-layout-flex\">\n<div class=\"wp-block-button\"><a class=\"wp-block-button__link wp-element-button\" href=\"https:\/\/www.blakors.no\/klinikk-innlandet\/kontakt-oss\/\">Kontakt oss<\/a><\/div>\n<\/div>\n\n<\/div><\/div>\n\t<\/div>\n\n\n<p>Bl\u00e5 Kors klinikk Innlandet (tidligere Bl\u00e5 Kors Eina Behandlingssenter) ligger idyllisk til ved Einafjorden p\u00e5 Toten, 1.5 time fra Oslo, 30 minutter fra Gj\u00f8vik. Vi har avtale med Helse S\u00f8r \u00d8st, og er en del av det ordin\u00e6re tjenestetilbudet i Tverrfaglig Spesialisert Behandling (TSB). Behandlingen foreg\u00e5r individuelt og i gruppe. Vi tilpasser behandlingen etter pasientens situasjon. Ventetid er vanligvis 8-12 uker.<\/p>\n\n\n\n<p>Behandlingen tilbys uavhengig av hvilket rusmiddel eller rusmidler pasienten er avhengig av. Dette gjelder alle legale og illegale rusmidler, alkohol og legemidler. Behandlingen tilbys ogs\u00e5 til pasienter under legemiddelassistert rehabilitering (LAR) og til pasienter som har f\u00e5tt innvilget soning etter straffegjennomf\u00f8ringslovens \u00a712.<\/p>\n\n\n\n<p>Det koster ingenting \u00e5 f\u00e5 behandling hos oss, og det er heller ingen kommunale egenandeler.<\/p>\n\n\n\n<figure class=\"wp-block-image size-large\"><img loading=\"lazy\" decoding=\"async\" width=\"1024\" height=\"683\" src=\"https:\/\/www.blakors.no\/content\/uploads\/sites\/14\/2020\/10\/Bygget-Bla\u030a-Kors-Behandlingssenter-Eina-1024x683.jpg\" alt=\"\" class=\"wp-image-110\" srcset=\"https:\/\/www.blakors.no\/content\/uploads\/sites\/14\/2020\/10\/Bygget-Bla\u030a-Kors-Behandlingssenter-Eina-1024x683.jpg 1024w, https:\/\/www.blakors.no\/content\/uploads\/sites\/14\/2020\/10\/Bygget-Bla\u030a-Kors-Behandlingssenter-Eina-300x200.jpg 300w, https:\/\/www.blakors.no\/content\/uploads\/sites\/14\/2020\/10\/Bygget-Bla\u030a-Kors-Behandlingssenter-Eina-768x512.jpg 768w, https:\/\/www.blakors.no\/content\/uploads\/sites\/14\/2020\/10\/Bygget-Bla\u030a-Kors-Behandlingssenter-Eina-1536x1024.jpg 1536w, https:\/\/www.blakors.no\/content\/uploads\/sites\/14\/2020\/10\/Bygget-Bla\u030a-Kors-Behandlingssenter-Eina.jpg 1600w\" sizes=\"auto, (max-width: 1024px) 100vw, 1024px\" \/><figcaption class=\"wp-element-caption\">Bl\u00e5 Kors klinikk Innlandet p\u00e5 Eina<\/figcaption><\/figure>\n\n\n\n\t\t<div class=\"wp-block-blakors-expanding-fact-box\">\n\t\t\t<h3 id=\"om-bla-kors-ost\"  class=\"blakors-fact-box__title\" >Om Bl\u00e5 Kors \u00d8st<\/h3>\n\t\t\t<div class=\"blakors-fact-box__content\">\n\t\t\t\t\n\n<p>Bl\u00e5 Kors klinikk Innlandet er del av Bl\u00e5 Kors \u00d8st, sammen med d\u00f8gnklinikkene&nbsp;<a href=\"https:\/\/www.blakors.no\/poliklinikk-oslo\">Bl\u00e5 Kors klinikk Oslo sentrum <\/a>og&nbsp;<a href=\"https:\/\/www.blakors.no\/klinikk-oslo-vest\/\">Bl\u00e5 Kors klinikk Oslo vest<\/a>. <\/p>\n\n\n\n<p>Vi tilbyr tverrfaglig spesialisert behandling (TSB) p\u00e5 oppdrag fra Helse S\u00f8r \u00d8st (HS\u00d8).Klinikkene har hver for seg selvstendige driftsavtaler med oppdragsgiver HS\u00d8. <a href=\"https:\/\/www.blakors.no\/klinikk-innlandet\/kontakt-oss\/\">Her finner du mer informasjon og hvem som er kontaktpersoner<\/a><\/p>\n\n\n\t\t\t<\/div>\n\t\t\t<div class=\"blakors-fact-box__toggle\">\n\t\t\t\t<button class=\"blakors-fact-box__button\"><svg xmlns=\"http:\/\/www.w3.org\/2000\/svg\" viewBox=\"0 0 17.367 17.367\"><path d=\"M0-8.684v-2.133H13.2L7.16-16.91l1.523-1.523L17.367-9.75,8.684-1.066,7.109-2.59,13.2-8.684Z\" transform=\"translate(0 18.434)\" \/><\/svg><\/button>\n\t\t\t<\/div>\n\t\t<\/div>\n\n\n<h2 class=\"wp-block-heading has-text-align-center\" id=\"h-aktuelt-fra-bla-kors\">Aktuelt fra Bl\u00e5 Kors<\/h2>\n\n\n<div class=\"t2-featured-content-layout alignwide alignwide wp-block-blakors-multisite-query-loop wp-block-t2-featured-content-layout\" role=\"list\">\n\t\t\t\t<div class=\"t2-featured-single-post t2-featured-content-layout-col-4 t2-featured-content is-post-type-post category-bla-kors-poliklinikk-oslo category-forebygging category-parorende category-penge-og-dataspillavhengighet t2-featured-content-layout-col-4 wp-block-t2-featured-single-post\"><a class=\"t2-post-link wp-block-t2-post-link\" href=\"https:\/\/www.blakors.no\/nyheter\/arbeid-mot-spillavhengighet\/\">\n<figure style=\"--t2-focal-point: 50% 50%;\" class=\"t2-post-featured-image has-image-ratio-16-9 wp-block-t2-post-featured-image\"><img width=\"1600\" height=\"1069\" src=\"https:\/\/www.blakors.no\/content\/uploads\/2020\/10\/Trine-Stensen-generalsekret\u00e6r-svart-jakke.jpg\" class=\"attachment-post-thumbnail size-post-thumbnail wp-post-image\" alt=\"Trine Stensen generalsekret\u00e6r i Bl\u00e5 Kors smiler foran en vegg. Hun har p\u00e5 seg en m\u00f8rkebl\u00e5 dressjakke\" decoding=\"async\" loading=\"lazy\" srcset=\"https:\/\/www.blakors.no\/content\/uploads\/2020\/10\/Trine-Stensen-generalsekret\u00e6r-svart-jakke.jpg 1600w, https:\/\/www.blakors.no\/content\/uploads\/2020\/10\/Trine-Stensen-generalsekret\u00e6r-svart-jakke-300x200.jpg 300w, https:\/\/www.blakors.no\/content\/uploads\/2020\/10\/Trine-Stensen-generalsekret\u00e6r-svart-jakke-1024x684.jpg 1024w, https:\/\/www.blakors.no\/content\/uploads\/2020\/10\/Trine-Stensen-generalsekret\u00e6r-svart-jakke-768x513.jpg 768w, https:\/\/www.blakors.no\/content\/uploads\/2020\/10\/Trine-Stensen-generalsekret\u00e6r-svart-jakke-1536x1026.jpg 1536w\" sizes=\"auto, (min-width: 782px) 768px, 100vw\" \/><\/figure>\n\n<div class=\"wp-block-group alignfull is-layout-flow wp-block-group-is-layout-flow\">\n\t<h2 id=\"bla-kors-tar-over-hjelpelinjen-og-fjernbasert-behandling-for-spillavhengige\"  class=\"t2-post-title wp-block-t2-post-title\" >Bl\u00e5 Kors tar over Hjelpelinjen og Fjernbasert behandling for spillavhengige<\/h2>\n\t<div class=\"wp-block-post-date__modified-date wp-block-post-date\"><time datetime=\"2023-11-14T16:11:42+01:00\">14. november 2023<\/time><\/div>\n\t\t\t<div class=\"single-meta t2-post-excerpt card-description wp-block-blakors-meta-display\"><\/div>\n\t\n<\/div>\n\n<\/a>\n<\/div><div class=\"t2-featured-single-post t2-featured-content-layout-col-4 t2-featured-content is-post-type-post category-alkohol-og-rusbehandling category-bla-kors-poliklinikk-oslo t2-featured-content-layout-col-4 wp-block-t2-featured-single-post\"><a class=\"t2-post-link wp-block-t2-post-link\" href=\"https:\/\/www.blakors.no\/nyheter\/fysisk-aktivitetsniva-depresjon\/\">\n<figure style=\"--t2-focal-point: 50% 50%;\" class=\"t2-post-featured-image has-image-ratio-16-9 wp-block-t2-post-featured-image\"><img width=\"1600\" height=\"1082\" src=\"https:\/\/www.blakors.no\/content\/uploads\/2020\/11\/Eina-volleyball-2020-0831-1600px.jpg\" class=\"attachment-post-thumbnail size-post-thumbnail wp-post-image\" alt=\"Fire pasienter spiller volleyball. Dette er en treningsform som kan bidra til \u00e5 motvirke depressive symptomer i pasienter under rusbehandling.\" decoding=\"async\" loading=\"lazy\" srcset=\"https:\/\/www.blakors.no\/content\/uploads\/2020\/11\/Eina-volleyball-2020-0831-1600px.jpg 1600w, https:\/\/www.blakors.no\/content\/uploads\/2020\/11\/Eina-volleyball-2020-0831-1600px-300x203.jpg 300w, https:\/\/www.blakors.no\/content\/uploads\/2020\/11\/Eina-volleyball-2020-0831-1600px-1024x692.jpg 1024w, https:\/\/www.blakors.no\/content\/uploads\/2020\/11\/Eina-volleyball-2020-0831-1600px-768x519.jpg 768w, https:\/\/www.blakors.no\/content\/uploads\/2020\/11\/Eina-volleyball-2020-0831-1600px-1536x1039.jpg 1536w\" sizes=\"auto, (min-width: 782px) 768px, 100vw\" \/><\/figure>\n\n<div class=\"wp-block-group alignfull is-layout-flow wp-block-group-is-layout-flow\">\n\t<h2 id=\"fysisk-aktivitetsniva-forbundet-med-depresjon-under-behandling\"  class=\"t2-post-title wp-block-t2-post-title\" >Fysisk aktivitetsniv\u00e5 forbundet med depresjon under behandling<\/h2>\n\t<div class=\"wp-block-post-date__modified-date wp-block-post-date\"><time datetime=\"2025-10-02T11:52:35+02:00\">2. oktober 2025<\/time><\/div>\n\t\t\t<div class=\"single-meta t2-post-excerpt card-description wp-block-blakors-meta-display\"><\/div>\n\t\n<\/div>\n\n<\/a>\n<\/div><div class=\"t2-featured-single-post t2-featured-content-layout-col-4 t2-featured-content is-post-type-post category-kategori category-bla-kors-poliklinikk-oslo category-forebygging category-penge-og-dataspillavhengighet t2-featured-content-layout-col-4 wp-block-t2-featured-single-post\"><a class=\"t2-post-link wp-block-t2-post-link\" href=\"https:\/\/www.blakors.no\/nyheter\/gaming-og-konflikt-i-hjemmet-med-partner\/\">\n<figure style=\"--t2-focal-point: 50% 50%;\" class=\"t2-post-featured-image has-image-ratio-16-9 wp-block-t2-post-featured-image\"><img width=\"480\" height=\"419\" src=\"https:\/\/www.blakors.no\/content\/uploads\/2022\/10\/IMG_0359.jpg\" class=\"attachment-post-thumbnail size-post-thumbnail wp-post-image\" alt=\"Halvprofil av smilende Frank Pedersen og Emil Bergquist Pedersen ute p\u00e5 gata i dagslys\" decoding=\"async\" loading=\"lazy\" srcset=\"https:\/\/www.blakors.no\/content\/uploads\/2022\/10\/IMG_0359.jpg 480w, https:\/\/www.blakors.no\/content\/uploads\/2022\/10\/IMG_0359-300x262.jpg 300w\" sizes=\"auto, (min-width: 782px) 768px, 100vw\" \/><\/figure>\n\n<div class=\"wp-block-group alignfull is-layout-flow wp-block-group-is-layout-flow\">\n\t<h2 id=\"fortnite-emils-dataspilling-skapte-trobbel-i-familien\"  class=\"t2-post-title wp-block-t2-post-title\" >Fortnite-Emils dataspilling skapte tr\u00f8bbel i familien<\/h2>\n\t<div class=\"wp-block-post-date__modified-date wp-block-post-date\"><time datetime=\"2025-10-20T14:52:13+02:00\">20. oktober 2025<\/time><\/div>\n\t\t\t<div class=\"single-meta t2-post-excerpt card-description wp-block-blakors-meta-display\"><\/div>\n\t\n<\/div>\n\n<\/a>\n<\/div>\n\t\t\t\t\n\t\t\t<\/div>\n\n\n<h2 class=\"wp-block-heading has-text-align-center\" id=\"h-innsikt\">Innsikt<\/h2>\n\n\n<div class=\"t2-featured-content-layout alignwide alignwide wp-block-blakors-multisite-query-loop wp-block-t2-featured-content-layout\" role=\"list\">\n\t\t\t\t<div class=\"t2-featured-single-post t2-featured-content-layout-col-4 t2-featured-content is-post-type-post category-kategori t2-featured-content-layout-col-4 wp-block-t2-featured-single-post\"><a class=\"t2-post-link wp-block-t2-post-link\" href=\"https:\/\/www.blakors.no\/nyheter\/jeg-skulle-onske-jeg-visste-mer\/\">\n<figure style=\"--t2-focal-point: 50% 50%;\" class=\"t2-post-featured-image has-image-ratio-16-9 wp-block-t2-post-featured-image\"><img width=\"5000\" height=\"2812\" src=\"https:\/\/v.imgi.no\/blakors-53086-075d02e7ca34f63e90b68f0c102cf65d-5000x2812\/clas-og-sindre-brathen.webp\" class=\"attachment-post-thumbnail size-post-thumbnail wp-post-image\" alt=\"\" decoding=\"async\" loading=\"lazy\" srcset=\"https:\/\/v.imgi.no\/blakors-53086-075d02e7ca34f63e90b68f0c102cf65d-150x84\/clas-og-sindre-brathen.webp 150w, https:\/\/v.imgi.no\/blakors-53086-075d02e7ca34f63e90b68f0c102cf65d-300x169\/clas-og-sindre-brathen.webp 300w, https:\/\/v.imgi.no\/blakors-53086-075d02e7ca34f63e90b68f0c102cf65d-768x431\/clas-og-sindre-brathen.webp 768w, https:\/\/v.imgi.no\/blakors-53086-075d02e7ca34f63e90b68f0c102cf65d-1024x576\/clas-og-sindre-brathen.webp 1024w, https:\/\/v.imgi.no\/blakors-53086-075d02e7ca34f63e90b68f0c102cf65d-1536x864\/clas-og-sindre-brathen.webp 1536w, https:\/\/v.imgi.no\/blakors-53086-075d02e7ca34f63e90b68f0c102cf65d-2048x1152\/clas-og-sindre-brathen.webp 2048w, https:\/\/v.imgi.no\/blakors-53086-075d02e7ca34f63e90b68f0c102cf65d-300x169\/clas-og-sindre-brathen.webp 300w, https:\/\/v.imgi.no\/blakors-53086-075d02e7ca34f63e90b68f0c102cf65d-450x253\/clas-og-sindre-brathen.webp 450w, https:\/\/v.imgi.no\/blakors-53086-075d02e7ca34f63e90b68f0c102cf65d-200x112\/clas-og-sindre-brathen.webp 200w, https:\/\/v.imgi.no\/blakors-53086-075d02e7ca34f63e90b68f0c102cf65d-300x169\/clas-og-sindre-brathen.webp 300w, https:\/\/v.imgi.no\/blakors-53086-075d02e7ca34f63e90b68f0c102cf65d-400x225\/clas-og-sindre-brathen.webp 400w, https:\/\/v.imgi.no\/blakors-53086-075d02e7ca34f63e90b68f0c102cf65d-600x337\/clas-og-sindre-brathen.webp 600w\" sizes=\"auto, (min-width: 782px) 768px, 100vw\" \/><\/figure>\n\n<div class=\"wp-block-group alignfull is-layout-flow wp-block-group-is-layout-flow\">\n\t<h2 id=\"jeg-skulle-onske-jeg-visste-mer\"  class=\"t2-post-title wp-block-t2-post-title\" >\u2013 Jeg skulle \u00f8nske jeg visste mer\u00a0<\/h2>\n\t<div class=\"wp-block-post-date__modified-date wp-block-post-date\"><time datetime=\"2026-04-28T15:14:41+02:00\">28. april 2026<\/time><\/div>\n\t\t\t<div class=\"single-meta t2-post-excerpt card-description wp-block-blakors-meta-display\"><\/div>\n\t\n<\/div>\n\n<\/a>\n<\/div><div class=\"t2-featured-single-post t2-featured-content-layout-col-4 t2-featured-content is-post-type-post category-kategori t2-featured-content-layout-col-4 wp-block-t2-featured-single-post\"><a class=\"t2-post-link wp-block-t2-post-link\" href=\"https:\/\/www.blakors.no\/nyheter\/russetiden-er-i-gang-ta-samtalen-om-rus-na\/\">\n<figure style=\"--t2-focal-point: 50% 50%;\" class=\"t2-post-featured-image has-image-ratio-16-9 wp-block-t2-post-featured-image\"><img width=\"1000\" height=\"667\" src=\"https:\/\/v.imgi.no\/blakors-52907-fd4ec9e9272132e10417b18c99efc14e-1000x667\/russetid-inkludering.webp\" class=\"attachment-post-thumbnail size-post-thumbnail wp-post-image\" alt=\"\" decoding=\"async\" loading=\"lazy\" srcset=\"https:\/\/v.imgi.no\/blakors-52907-fd4ec9e9272132e10417b18c99efc14e-150x100\/russetid-inkludering.webp 150w, https:\/\/v.imgi.no\/blakors-52907-fd4ec9e9272132e10417b18c99efc14e-300x200\/russetid-inkludering.webp 300w, https:\/\/v.imgi.no\/blakors-52907-fd4ec9e9272132e10417b18c99efc14e-768x512\/russetid-inkludering.webp 768w, https:\/\/v.imgi.no\/blakors-52907-fd4ec9e9272132e10417b18c99efc14e-1000x667\/russetid-inkludering.webp 1000w, https:\/\/v.imgi.no\/blakors-52907-fd4ec9e9272132e10417b18c99efc14e-1000x667\/russetid-inkludering.webp 1000w, https:\/\/v.imgi.no\/blakors-52907-fd4ec9e9272132e10417b18c99efc14e-1000x667\/russetid-inkludering.webp 1000w, https:\/\/v.imgi.no\/blakors-52907-fd4ec9e9272132e10417b18c99efc14e-300x200\/russetid-inkludering.webp 300w, https:\/\/v.imgi.no\/blakors-52907-fd4ec9e9272132e10417b18c99efc14e-450x300\/russetid-inkludering.webp 450w, https:\/\/v.imgi.no\/blakors-52907-fd4ec9e9272132e10417b18c99efc14e-200x133\/russetid-inkludering.webp 200w, https:\/\/v.imgi.no\/blakors-52907-fd4ec9e9272132e10417b18c99efc14e-1000x667\/russetid-inkludering.webp 1000w, https:\/\/v.imgi.no\/blakors-52907-fd4ec9e9272132e10417b18c99efc14e-300x200\/russetid-inkludering.webp 300w, https:\/\/v.imgi.no\/blakors-52907-fd4ec9e9272132e10417b18c99efc14e-400x267\/russetid-inkludering.webp 400w, https:\/\/v.imgi.no\/blakors-52907-fd4ec9e9272132e10417b18c99efc14e-600x400\/russetid-inkludering.webp 600w, https:\/\/v.imgi.no\/blakors-52907-fd4ec9e9272132e10417b18c99efc14e-1000x667\/russetid-inkludering.webp 1000w, https:\/\/v.imgi.no\/blakors-52907-fd4ec9e9272132e10417b18c99efc14e-1000x667\/russetid-inkludering.webp 1000w\" sizes=\"auto, (min-width: 782px) 768px, 100vw\" \/><\/figure>\n\n<div class=\"wp-block-group alignfull is-layout-flow wp-block-group-is-layout-flow\">\n\t<h2 id=\"russetiden-er-i-gang-ta-samtalen-om-rus-na\"  class=\"t2-post-title wp-block-t2-post-title\" >Russetiden\u00a0er\u00a0i gang\u00a0\u2013\u00a0ta samtalen om rus n\u00e5<\/h2>\n\t<div class=\"wp-block-post-date__modified-date wp-block-post-date\"><time datetime=\"2026-04-14T10:21:00+02:00\">14. april 2026<\/time><\/div>\n\t\t\t<div class=\"single-meta t2-post-excerpt card-description wp-block-blakors-meta-display\"><\/div>\n\t\n<\/div>\n\n<\/a>\n<\/div><div class=\"t2-featured-single-post t2-featured-content-layout-col-4 t2-featured-content is-post-type-post category-kategori t2-featured-content-layout-col-4 wp-block-t2-featured-single-post\"><a class=\"t2-post-link wp-block-t2-post-link\" href=\"https:\/\/www.blakors.no\/nyheter\/fortsetter-beskytterskap\/\">\n<figure style=\"--t2-focal-point: 50% 50%;\" class=\"t2-post-featured-image has-image-ratio-16-9 wp-block-t2-post-featured-image\"><img width=\"2048\" height=\"1365\" src=\"https:\/\/v.imgi.no\/blakors-52780-cc54509719ce5d385171ca98d7e2cddd-2048x1365\/mette-marit-barnas-stasjon.webp\" class=\"attachment-post-thumbnail size-post-thumbnail wp-post-image\" alt=\"\" decoding=\"async\" loading=\"lazy\" srcset=\"https:\/\/v.imgi.no\/blakors-52780-cc54509719ce5d385171ca98d7e2cddd-150x100\/mette-marit-barnas-stasjon.webp 150w, https:\/\/v.imgi.no\/blakors-52780-cc54509719ce5d385171ca98d7e2cddd-300x200\/mette-marit-barnas-stasjon.webp 300w, https:\/\/v.imgi.no\/blakors-52780-cc54509719ce5d385171ca98d7e2cddd-768x511\/mette-marit-barnas-stasjon.webp 768w, https:\/\/v.imgi.no\/blakors-52780-cc54509719ce5d385171ca98d7e2cddd-1024x683\/mette-marit-barnas-stasjon.webp 1024w, https:\/\/v.imgi.no\/blakors-52780-cc54509719ce5d385171ca98d7e2cddd-1536x1024\/mette-marit-barnas-stasjon.webp 1536w, https:\/\/v.imgi.no\/blakors-52780-cc54509719ce5d385171ca98d7e2cddd-2048x1365\/mette-marit-barnas-stasjon.webp 2048w, https:\/\/v.imgi.no\/blakors-52780-cc54509719ce5d385171ca98d7e2cddd-300x200\/mette-marit-barnas-stasjon.webp 300w, https:\/\/v.imgi.no\/blakors-52780-cc54509719ce5d385171ca98d7e2cddd-450x300\/mette-marit-barnas-stasjon.webp 450w, https:\/\/v.imgi.no\/blakors-52780-cc54509719ce5d385171ca98d7e2cddd-200x133\/mette-marit-barnas-stasjon.webp 200w, https:\/\/v.imgi.no\/blakors-52780-cc54509719ce5d385171ca98d7e2cddd-2048x1365\/mette-marit-barnas-stasjon.webp 2048w, https:\/\/v.imgi.no\/blakors-52780-cc54509719ce5d385171ca98d7e2cddd-300x200\/mette-marit-barnas-stasjon.webp 300w, https:\/\/v.imgi.no\/blakors-52780-cc54509719ce5d385171ca98d7e2cddd-400x267\/mette-marit-barnas-stasjon.webp 400w, https:\/\/v.imgi.no\/blakors-52780-cc54509719ce5d385171ca98d7e2cddd-600x400\/mette-marit-barnas-stasjon.webp 600w, https:\/\/v.imgi.no\/blakors-52780-cc54509719ce5d385171ca98d7e2cddd-2048x1365\/mette-marit-barnas-stasjon.webp 2048w, https:\/\/v.imgi.no\/blakors-52780-cc54509719ce5d385171ca98d7e2cddd-2048x1365\/mette-marit-barnas-stasjon.webp 2048w\" sizes=\"auto, (min-width: 782px) 768px, 100vw\" \/><\/figure>\n\n<div class=\"wp-block-group alignfull is-layout-flow wp-block-group-is-layout-flow\">\n\t<h2 id=\"bla-kors-fortsetter-samarbeidet-gjennom-beskytterskap\"  class=\"t2-post-title wp-block-t2-post-title\" >Bl\u00e5 Kors fortsetter samarbeidet gjennom beskytterskap<\/h2>\n\t<div class=\"wp-block-post-date__modified-date wp-block-post-date\"><time datetime=\"2026-03-20T11:27:38+01:00\">20. mars 2026<\/time><\/div>\n\t\t\t<div class=\"single-meta t2-post-excerpt card-description wp-block-blakors-meta-display\"><\/div>\n\t\n<\/div>\n\n<\/a>\n<\/div>\n\t\t\t\t\n\t\t\t<\/div>","protected":false},"excerpt":{"rendered":"<p>Bl\u00e5 Kors klinikk Innlandet (tidligere Bl\u00e5 Kors Eina Behandlingssenter) ligger idyllisk til ved Einafjorden p\u00e5 Toten, 1.5 time fra Oslo, 30 minutter fra Gj\u00f8vik. Vi har avtale med Helse S\u00f8r \u00d8st, og er en del av det ordin\u00e6re tjenestetilbudet i Tverrfaglig Spesialisert Behandling (TSB). Behandlingen foreg\u00e5r individuelt og i gruppe. Vi tilpasser behandlingen etter pasientens [&hellip;]<\/p>\n","protected":false},"author":23,"featured_media":118,"parent":0,"menu_order":0,"comment_status":"closed","ping_status":"closed","template":"","meta":{"_acf_changed":false,"_relevanssi_hide_post":"","_relevanssi_hide_content":"","_relevanssi_pin_for_all":"on","_relevanssi_pin_keywords":"Eina Behandlingssenter, Bl\u00e5 Kors Eina. Bl\u00e5 Kors Eina Behandlingssenter","_relevanssi_unpin_keywords":"","_relevanssi_related_keywords":"","_relevanssi_related_include_ids":"","_relevanssi_related_exclude_ids":"","_relevanssi_related_no_append":"","_relevanssi_related_not_related":"","_relevanssi_related_posts":"1","_relevanssi_noindex_reason":"","_custom_cards_description":"","footnotes":""},"class_list":["post-97","page","type-page","status-publish","has-post-thumbnail","hentry"],"acf":[],"_links":{"self":[{"href":"https:\/\/www.blakors.no\/klinikk-innlandet\/wp-json\/wp\/v2\/pages\/97","targetHints":{"allow":["GET"]}}],"collection":[{"href":"https:\/\/www.blakors.no\/klinikk-innlandet\/wp-json\/wp\/v2\/pages"}],"about":[{"href":"https:\/\/www.blakors.no\/klinikk-innlandet\/wp-json\/wp\/v2\/types\/page"}],"author":[{"embeddable":true,"href":"https:\/\/www.blakors.no\/klinikk-innlandet\/wp-json\/wp\/v2\/users\/23"}],"replies":[{"embeddable":true,"href":"https:\/\/www.blakors.no\/klinikk-innlandet\/wp-json\/wp\/v2\/comments?post=97"}],"version-history":[{"count":5,"href":"https:\/\/www.blakors.no\/klinikk-innlandet\/wp-json\/wp\/v2\/pages\/97\/revisions"}],"predecessor-version":[{"id":643,"href":"https:\/\/www.blakors.no\/klinikk-innlandet\/wp-json\/wp\/v2\/pages\/97\/revisions\/643"}],"wp:featuredmedia":[{"embeddable":true,"href":"https:\/\/www.blakors.no\/klinikk-innlandet\/wp-json\/wp\/v2\/media\/118"}],"wp:attachment":[{"href":"https:\/\/www.blakors.no\/klinikk-innlandet\/wp-json\/wp\/v2\/media?parent=97"}],"curies":[{"name":"wp","href":"https:\/\/api.w.org\/{rel}","templated":true}]}}