{"id":10,"date":"2020-11-13T11:57:17","date_gmt":"2020-11-13T10:57:17","guid":{"rendered":"https:\/\/www.blakors.no\/klinikk-loland\/?page_id=10"},"modified":"2025-09-30T11:24:32","modified_gmt":"2025-09-30T09:24:32","slug":"forside","status":"publish","type":"page","link":"https:\/\/www.blakors.no\/klinikk-loland\/","title":{"rendered":"Bl\u00e5 Kors klinikk Loland"},"content":{"rendered":"\n\t<div style=\"--t2-hero-dim:0;\" class=\"t2-hero t2-hero-content-position-center-left t2-hero-has-dim-0 alignfull wp-block-t2-hero has-background has-lila-light-background-color\">\n\t\t\n\t\t<div class=\"t2-hero__header\"><div class=\"t2-hero__header__content\">\n\n<h1 id=\"behandling-for-rus-og-avhengighetslidelser\"  class=\"wp-block-heading\" >Behandling for rus og avhengighetslidelser<\/h1>\n\n\n\n<p>Bl\u00e5 Kors klinikk Loland tilbyr spesialisert rusbehandling og holder til i landlige omgivelser p\u00e5 S\u00f8rlandet. Vi har en traumebevisst tiln\u00e6rming i behandling av rusproblemer og legger ogs\u00e5 vekt p\u00e5 aktiviteter og trening. Et tverrfaglig team behandler og bist\u00e5r pasienten i sin prosess mot et rusfritt liv.<\/p>\n\n\n\n<div class=\"wp-block-buttons is-layout-flex wp-block-buttons-is-layout-flex\">\n<div class=\"wp-block-button\"><a class=\"wp-block-button__link wp-element-button\" href=\"https:\/\/www.blakors.no\/klinikk-loland\/kontakt-oss\/\">Kontakt oss<\/a><\/div>\n<\/div>\n\n<\/div><\/div>\n\t<\/div>\n\n\n<h2 class=\"wp-block-heading has-text-align-center\" id=\"h-vare-tilbud\">V\u00e5re tilbud<\/h2>\n\n\n<div class=\"t2-featured-content-layout alignwide alignwide wp-block-t2-featured-content-layout\" role=\"list\">\n<div class=\"t2-featured-single-post t2-featured-content is-post-type-page wp-block-t2-featured-single-post\" role=\"listitem\"><a class=\"t2-post-link wp-block-t2-post-link\" href=\"https:\/\/www.blakors.no\/klinikk-loland\/behandling\/\">\n<figure style=\"--t2-focal-point: 50% 50%;\" class=\"t2-post-featured-image has-image-ratio-16-9 wp-block-t2-post-featured-image\"><img loading=\"lazy\" decoding=\"async\" width=\"2048\" height=\"1351\" src=\"https:\/\/www.blakors.no\/content\/uploads\/sites\/17\/2021\/07\/Loland-samtale-ute-naert-3751-scaled.jpg\" class=\"attachment-post-thumbnail size-post-thumbnail wp-post-image\" alt=\"mann i samtale med kvinne som har ryggen til kamera\" srcset=\"https:\/\/www.blakors.no\/content\/uploads\/sites\/17\/2021\/07\/Loland-samtale-ute-naert-3751-scaled.jpg 2048w, https:\/\/www.blakors.no\/content\/uploads\/sites\/17\/2021\/07\/Loland-samtale-ute-naert-3751-300x198.jpg 300w, https:\/\/www.blakors.no\/content\/uploads\/sites\/17\/2021\/07\/Loland-samtale-ute-naert-3751-1024x676.jpg 1024w, https:\/\/www.blakors.no\/content\/uploads\/sites\/17\/2021\/07\/Loland-samtale-ute-naert-3751-768x507.jpg 768w, https:\/\/www.blakors.no\/content\/uploads\/sites\/17\/2021\/07\/Loland-samtale-ute-naert-3751-1536x1013.jpg 1536w\" sizes=\"auto, (min-width: 782px) 768px, 100vw\" \/><\/figure>\n\n<div class=\"wp-block-group alignfull is-layout-flow wp-block-group-is-layout-flow\">\n\t<h2 id=\"rusbehandling\"  class=\"t2-post-title wp-block-t2-post-title\" >Rusbehandling<\/h2>\n\t<div class=\"wp-block-post-date__modified-date wp-block-post-date\"><time datetime=\"2025-02-07T13:46:13+01:00\">7. februar 2025<\/time><\/div>\n\t\t\t<div class=\"single-meta t2-post-excerpt card-description wp-block-blakors-meta-display\"><\/div>\n\t\n<\/div>\n\n<\/a>\n<\/div>\n\n<div class=\"t2-featured-single-post t2-featured-content is-post-type-page wp-block-t2-featured-single-post\" role=\"listitem\"><a class=\"t2-post-link wp-block-t2-post-link\" href=\"https:\/\/www.blakors.no\/klinikk-loland\/traumebehandling\/\">\n<figure style=\"--t2-focal-point: 50% 50%;\" class=\"t2-post-featured-image has-image-ratio-16-9 wp-block-t2-post-featured-image\"><img loading=\"lazy\" decoding=\"async\" width=\"2048\" height=\"1366\" src=\"https:\/\/www.blakors.no\/content\/uploads\/sites\/17\/2021\/07\/Loland-samtale-pa-sti-4-scaled.jpg\" class=\"attachment-post-thumbnail size-post-thumbnail wp-post-image\" alt=\"to personer i samtale ute p\u00e5 en skogsti\" srcset=\"https:\/\/www.blakors.no\/content\/uploads\/sites\/17\/2021\/07\/Loland-samtale-pa-sti-4-scaled.jpg 2048w, https:\/\/www.blakors.no\/content\/uploads\/sites\/17\/2021\/07\/Loland-samtale-pa-sti-4-300x200.jpg 300w, https:\/\/www.blakors.no\/content\/uploads\/sites\/17\/2021\/07\/Loland-samtale-pa-sti-4-1024x683.jpg 1024w, https:\/\/www.blakors.no\/content\/uploads\/sites\/17\/2021\/07\/Loland-samtale-pa-sti-4-768x512.jpg 768w, https:\/\/www.blakors.no\/content\/uploads\/sites\/17\/2021\/07\/Loland-samtale-pa-sti-4-1536x1024.jpg 1536w\" sizes=\"auto, (min-width: 782px) 768px, 100vw\" \/><\/figure>\n\n<div class=\"wp-block-group alignfull is-layout-flow wp-block-group-is-layout-flow\">\n\t<h2 id=\"traumebehandling\"  class=\"t2-post-title wp-block-t2-post-title\" >Traumebehandling<\/h2>\n\t<div class=\"wp-block-post-date__modified-date wp-block-post-date\"><time datetime=\"2023-10-03T12:48:28+02:00\">3. oktober 2023<\/time><\/div>\n\t\t\t<div class=\"single-meta t2-post-excerpt card-description wp-block-blakors-meta-display\"><\/div>\n\t\n<\/div>\n\n<\/a>\n<\/div>\n\n<div class=\"t2-featured-single-post t2-featured-content is-post-type-page wp-block-t2-featured-single-post\" role=\"listitem\"><a class=\"t2-post-link wp-block-t2-post-link\" href=\"https:\/\/www.blakors.no\/klinikk-loland\/aktivitetstilbudet\/\">\n<figure style=\"--t2-focal-point: 50% 50%;\" class=\"t2-post-featured-image has-image-ratio-16-9 wp-block-t2-post-featured-image\"><img loading=\"lazy\" decoding=\"async\" width=\"1600\" height=\"1067\" src=\"https:\/\/www.blakors.no\/content\/uploads\/sites\/17\/2020\/11\/Kanopadling-i-regnv\u00e6r-Eina-2020-1025-1600px-1.jpg\" class=\"attachment-post-thumbnail size-post-thumbnail wp-post-image\" alt=\"To menn padler i en kano i regnv\u00e6r.\" srcset=\"https:\/\/www.blakors.no\/content\/uploads\/sites\/17\/2020\/11\/Kanopadling-i-regnv\u00e6r-Eina-2020-1025-1600px-1.jpg 1600w, https:\/\/www.blakors.no\/content\/uploads\/sites\/17\/2020\/11\/Kanopadling-i-regnv\u00e6r-Eina-2020-1025-1600px-1-300x200.jpg 300w, https:\/\/www.blakors.no\/content\/uploads\/sites\/17\/2020\/11\/Kanopadling-i-regnv\u00e6r-Eina-2020-1025-1600px-1-1024x683.jpg 1024w, https:\/\/www.blakors.no\/content\/uploads\/sites\/17\/2020\/11\/Kanopadling-i-regnv\u00e6r-Eina-2020-1025-1600px-1-768x512.jpg 768w, https:\/\/www.blakors.no\/content\/uploads\/sites\/17\/2020\/11\/Kanopadling-i-regnv\u00e6r-Eina-2020-1025-1600px-1-1536x1024.jpg 1536w\" sizes=\"auto, (min-width: 782px) 768px, 100vw\" \/><\/figure>\n\n<div class=\"wp-block-group alignfull is-layout-flow wp-block-group-is-layout-flow\">\n\t<h2 id=\"aktivitetstilbud\"  class=\"t2-post-title wp-block-t2-post-title\" >Aktivitetstilbud<\/h2>\n\t<div class=\"wp-block-post-date__modified-date wp-block-post-date\"><time datetime=\"2025-07-14T14:24:21+02:00\">14. juli 2025<\/time><\/div>\n\t\t\t<div class=\"single-meta t2-post-excerpt card-description wp-block-blakors-meta-display\"><\/div>\n\t\n<\/div>\n\n<\/a>\n<\/div>\n<\/div>\n\n\n<h2 class=\"wp-block-heading has-text-align-center\" id=\"h-les-mer-fra-bla-kors\">Les mer fra Bl\u00e5 Kors<\/h2>\n\n\n<div class=\"t2-featured-content-layout alignwide alignwide wp-block-blakors-multisite-query-loop wp-block-t2-featured-content-layout\" role=\"list\">\n\t\t\t\t<div class=\"t2-featured-single-post t2-featured-content-layout-col-4 t2-featured-content is-post-type-story category-barn-og-unge category-barnas-stasjon tag-aleneforsorger tag-alenemor tag-barn tag-familie tag-fattig t2-featured-content-layout-col-4 wp-block-t2-featured-single-post\"><a class=\"t2-post-link wp-block-t2-post-link\" href=\"https:\/\/www.blakors.no\/story\/alenemor-ny-start-for-samar\/\">\n<figure style=\"--t2-focal-point: 50% 50%;\" class=\"t2-post-featured-image has-image-ratio-16-9 wp-block-t2-post-featured-image\"><img width=\"1800\" height=\"1200\" src=\"https:\/\/www.blakors.no\/content\/uploads\/2024\/10\/BK_05298.jpg\" class=\"attachment-post-thumbnail size-post-thumbnail wp-post-image\" alt=\"Ung kvinne med m\u00f8rke trekk ser i kamera. Hun har p\u00e5 seg et lyst g\u00e5tt sjerf og en m\u00f8rk gr\u00e5 k\u00e5pe.\" decoding=\"async\" loading=\"lazy\" srcset=\"https:\/\/www.blakors.no\/content\/uploads\/2024\/10\/BK_05298.jpg 1800w, https:\/\/www.blakors.no\/content\/uploads\/2024\/10\/BK_05298-300x200.jpg 300w, https:\/\/www.blakors.no\/content\/uploads\/2024\/10\/BK_05298-1024x683.jpg 1024w, https:\/\/www.blakors.no\/content\/uploads\/2024\/10\/BK_05298-768x512.jpg 768w, https:\/\/www.blakors.no\/content\/uploads\/2024\/10\/BK_05298-1536x1024.jpg 1536w\" sizes=\"auto, (min-width: 782px) 768px, 100vw\" \/><\/figure>\n\n<div class=\"wp-block-group alignfull is-layout-flow wp-block-group-is-layout-flow\">\n\t<h2 id=\"na-er-livet-lettere-a-leve\"  class=\"t2-post-title wp-block-t2-post-title\" >&#8211; N\u00e5 er livet lettere \u00e5 leve<\/h2>\n\t<div class=\"wp-block-post-date__modified-date wp-block-post-date\"><time datetime=\"2025-04-10T13:30:04+02:00\">10. april 2025<\/time><\/div>\n\t\t\t<div class=\"single-meta t2-post-excerpt card-description wp-block-blakors-meta-display\">Samar, en alenemor, fant h\u00e5p og st\u00f8tte hos Bl\u00e5 Kors barnas stasjon. N\u00e5 kan hun endelige glede seg til jul. Les om hennes reise fra isolasjon til fellesskap.<\/div>\n\t\n<\/div>\n\n<\/a>\n<\/div><div class=\"t2-featured-single-post t2-featured-content-layout-col-4 t2-featured-content is-post-type-post category-barn-og-unge category-kategori t2-featured-content-layout-col-4 wp-block-t2-featured-single-post\"><a class=\"t2-post-link wp-block-t2-post-link\" href=\"https:\/\/www.blakors.no\/nyheter\/vare-givere-utgjor-en-enorm-forskjell-for-barn-i-sommer\/\">\n<figure style=\"--t2-focal-point: 50% 50%;\" class=\"t2-post-featured-image has-image-ratio-16-9 wp-block-t2-post-featured-image\"><img width=\"1000\" height=\"471\" src=\"https:\/\/www.blakors.no\/content\/uploads\/2019\/12\/front-hero-fredrikstad-e1575455423344.jpg\" class=\"attachment-post-thumbnail size-post-thumbnail wp-post-image\" alt=\"Et barn f\u00e5r en god klem av en voksen vi ikke ser ansiktet til. Det er sol og sommer\" decoding=\"async\" loading=\"lazy\" srcset=\"https:\/\/www.blakors.no\/content\/uploads\/2019\/12\/front-hero-fredrikstad-e1575455423344.jpg 1000w, https:\/\/www.blakors.no\/content\/uploads\/2019\/12\/front-hero-fredrikstad-e1575455423344-300x141.jpg 300w, https:\/\/www.blakors.no\/content\/uploads\/2019\/12\/front-hero-fredrikstad-e1575455423344-768x362.jpg 768w\" sizes=\"auto, (min-width: 782px) 768px, 100vw\" \/><\/figure>\n\n<div class=\"wp-block-group alignfull is-layout-flow wp-block-group-is-layout-flow\">\n\t<h2 id=\"vare-givere-utgjor-en-enorm-forskjell-for-barnas-sommer\"  class=\"t2-post-title wp-block-t2-post-title\" >V\u00e5re givere utgj\u00f8r en enorm forskjell for barnas sommer<\/h2>\n\t\n\t\t\t<div class=\"single-meta t2-post-excerpt card-description wp-block-blakors-meta-display\"><\/div>\n\t\n<\/div>\n\n<\/a>\n<\/div><div class=\"t2-featured-single-post t2-featured-content-layout-col-4 t2-featured-content is-post-type-story category-barn-og-unge t2-featured-content-layout-col-4 wp-block-t2-featured-single-post\"><a class=\"t2-post-link wp-block-t2-post-link\" href=\"https:\/\/www.blakors.no\/story\/sveins-testament\/\">\n<figure style=\"--t2-focal-point: 50% 50%;\" class=\"t2-post-featured-image has-image-ratio-16-9 wp-block-t2-post-featured-image\"><img width=\"848\" height=\"636\" src=\"https:\/\/www.blakors.no\/content\/uploads\/2021\/05\/Sommerferie-2.jpg\" class=\"attachment-post-thumbnail size-post-thumbnail wp-post-image\" alt=\"Trist gutt i vindu\" decoding=\"async\" loading=\"lazy\" srcset=\"https:\/\/www.blakors.no\/content\/uploads\/2021\/05\/Sommerferie-2.jpg 848w, https:\/\/www.blakors.no\/content\/uploads\/2021\/05\/Sommerferie-2-300x225.jpg 300w, https:\/\/www.blakors.no\/content\/uploads\/2021\/05\/Sommerferie-2-768x576.jpg 768w\" sizes=\"auto, (min-width: 782px) 768px, 100vw\" \/><\/figure>\n\n<div class=\"wp-block-group alignfull is-layout-flow wp-block-group-is-layout-flow\">\n\t<h2 id=\"sveins-testament-til-bla-kors\"  class=\"t2-post-title wp-block-t2-post-title\" >Sveins testament til Bl\u00e5 Kors<\/h2>\n\t<div class=\"wp-block-post-date__modified-date wp-block-post-date\"><time datetime=\"2025-06-18T14:03:15+02:00\">18. juni 2025<\/time><\/div>\n\t\t\t<div class=\"single-meta t2-post-excerpt card-description wp-block-blakors-meta-display\">Sveins testament til Bl\u00e5 Kors<\/div>\n\t\n<\/div>\n\n<\/a>\n<\/div>\n\t\t\t\t\n\t\t\t<\/div>\n\n\n<h2 class=\"wp-block-heading has-text-align-center\" id=\"h-aktuelt\">Aktuelt<\/h2>\n\n\n<div class=\"t2-featured-content-layout alignwide alignwide wp-block-t2-featured-content-layout\" role=\"list\">\n<div class=\"t2-featured-single-post t2-featured-content is-post-type-post category-ukategorisert wp-block-t2-featured-single-post t2-featured-content-layout-col-6\" role=\"listitem\"><a class=\"t2-post-link wp-block-t2-post-link\" href=\"https:\/\/www.blakors.no\/klinikk-loland\/2021\/04\/13\/involvering-av-parorende-i-behandling\/\">\n<figure style=\"--t2-focal-point: 50% 50%;\" class=\"t2-post-featured-image has-image-ratio-16-9 wp-block-t2-post-featured-image\"><img loading=\"lazy\" decoding=\"async\" width=\"2048\" height=\"1349\" src=\"https:\/\/www.blakors.no\/content\/uploads\/sites\/17\/2021\/07\/Loland-undervisning-3674-scaled.jpg\" class=\"attachment-post-thumbnail size-post-thumbnail wp-post-image\" alt=\"kvinne viser plansjer til tre personer rundt et bord\" srcset=\"https:\/\/www.blakors.no\/content\/uploads\/sites\/17\/2021\/07\/Loland-undervisning-3674-scaled.jpg 2048w, https:\/\/www.blakors.no\/content\/uploads\/sites\/17\/2021\/07\/Loland-undervisning-3674-300x198.jpg 300w, https:\/\/www.blakors.no\/content\/uploads\/sites\/17\/2021\/07\/Loland-undervisning-3674-1024x675.jpg 1024w, https:\/\/www.blakors.no\/content\/uploads\/sites\/17\/2021\/07\/Loland-undervisning-3674-768x506.jpg 768w, https:\/\/www.blakors.no\/content\/uploads\/sites\/17\/2021\/07\/Loland-undervisning-3674-1536x1012.jpg 1536w\" sizes=\"auto, (min-width: 782px) 650px, 100vw\" \/><\/figure>\n\n<div class=\"wp-block-group alignfull is-layout-flow wp-block-group-is-layout-flow\">\n\t<h2 id=\"involvering-av-parorende-i-rusbehandling\"  class=\"t2-post-title wp-block-t2-post-title\" >Involvering av p\u00e5r\u00f8rende i rusbehandling<\/h2>\n\t<div class=\"wp-block-post-date__modified-date wp-block-post-date\"><time datetime=\"2024-01-12T12:25:57+01:00\">12. januar 2024<\/time><\/div>\n\t\t\t<div class=\"single-meta t2-post-excerpt card-description wp-block-blakors-meta-display\"><\/div>\n\t\n<\/div>\n\n<\/a>\n<\/div>\n<\/div>","protected":false},"excerpt":{"rendered":"<p>V\u00e5re tilbud Les mer fra Bl\u00e5 Kors Aktuelt<\/p>\n","protected":false},"author":23,"featured_media":622,"parent":0,"menu_order":0,"comment_status":"closed","ping_status":"closed","template":"","meta":{"_acf_changed":false,"_relevanssi_hide_post":"","_relevanssi_hide_content":"","_relevanssi_pin_for_all":"on","_relevanssi_pin_keywords":"loland, rusbehandling, bl\u00e5 kors ,loland behandlingssenter, bl\u00e5 kors klinikk Loland","_relevanssi_unpin_keywords":"","_relevanssi_related_keywords":"","_relevanssi_related_include_ids":"","_relevanssi_related_exclude_ids":"","_relevanssi_related_no_append":"","_relevanssi_related_not_related":"","_relevanssi_related_posts":"1","_relevanssi_noindex_reason":"","_custom_cards_description":"","footnotes":""},"class_list":["post-10","page","type-page","status-publish","has-post-thumbnail","hentry"],"acf":[],"_links":{"self":[{"href":"https:\/\/www.blakors.no\/klinikk-loland\/wp-json\/wp\/v2\/pages\/10","targetHints":{"allow":["GET"]}}],"collection":[{"href":"https:\/\/www.blakors.no\/klinikk-loland\/wp-json\/wp\/v2\/pages"}],"about":[{"href":"https:\/\/www.blakors.no\/klinikk-loland\/wp-json\/wp\/v2\/types\/page"}],"author":[{"embeddable":true,"href":"https:\/\/www.blakors.no\/klinikk-loland\/wp-json\/wp\/v2\/users\/23"}],"replies":[{"embeddable":true,"href":"https:\/\/www.blakors.no\/klinikk-loland\/wp-json\/wp\/v2\/comments?post=10"}],"version-history":[{"count":4,"href":"https:\/\/www.blakors.no\/klinikk-loland\/wp-json\/wp\/v2\/pages\/10\/revisions"}],"predecessor-version":[{"id":1044,"href":"https:\/\/www.blakors.no\/klinikk-loland\/wp-json\/wp\/v2\/pages\/10\/revisions\/1044"}],"wp:featuredmedia":[{"embeddable":true,"href":"https:\/\/www.blakors.no\/klinikk-loland\/wp-json\/wp\/v2\/media\/622"}],"wp:attachment":[{"href":"https:\/\/www.blakors.no\/klinikk-loland\/wp-json\/wp\/v2\/media?parent=10"}],"curies":[{"name":"wp","href":"https:\/\/api.w.org\/{rel}","templated":true}]}}