{"id":12,"date":"2020-11-13T11:57:26","date_gmt":"2020-11-13T10:57:26","guid":{"rendered":"https:\/\/www.blakors.no\/klinikk-loland\/?page_id=12"},"modified":"2024-11-05T14:48:18","modified_gmt":"2024-11-05T13:48:18","slug":"om-oss","status":"publish","type":"page","link":"https:\/\/www.blakors.no\/klinikk-loland\/om-oss\/","title":{"rendered":"Om Bl\u00e5 Kors klinikk Loland"},"content":{"rendered":"\n\t<div style=\"--t2-hero-dim:0;\" class=\"t2-hero t2-hero-content-position-center-left t2-hero-has-dim-0 alignfull wp-block-t2-hero has-background has-lila-light-background-color\">\n\t\t\n\t\t<div class=\"t2-hero__header\"><div class=\"t2-hero__header__content\">\n\n<h1 id=\"om-oss\"  class=\"wp-block-heading\" >Om oss<\/h1>\n\n\n\n<p>Bl\u00e5 Kors klinikk Loland har over 70 \u00e5rs erfaring med rusbehandling og ligger i naturskj\u00f8nne omgivelser p\u00e5 S\u00f8rlandet. Klinikken har en erfaren personalgruppe og et variert behandlingsinnhold innen tverrfaglig spesialisert rusbehandling (TSB).<\/p>\n\n<\/div><\/div>\n\t<\/div>\n\n\n<p>V\u00e5r m\u00e5lgruppe er personer over 18 \u00e5r med behov for tidstilpasset rusbehandling. Avdelingen tilbyr ogs\u00e5 samtidig behandling til par, personer i LAR og behandling som alternativ til soning (\u00a712).<\/p>\n\n\n\n<p>Vi er en del av tverrfaglig spesialisert rusbehandling (TSB) og har etter anbudskonkurranse i 2023 driftsavtale med Helse S\u00f8r-\u00d8st RHF. Henvisning til oss sender du til n\u00e6rmeste vurderingsinstans.<\/p>\n\n\n<div class=\"social-block\"><h4 id=\"folg-oss-pa-facebook\"  >F\u00f8lg oss p\u00e5 Facebook<\/h4><div class=\"social-grid\"><a href=\"https:\/\/www.facebook.com\/groups\/168981460535385\" target=\"_blank\" rel=\"noopener\"><img decoding=\"async\" loading=\"lazy\" src=\"https:\/\/www.blakors.no\/content\/themes\/blakors\/assets\/icons\/footer-facebook.svg\" alt=\"Facebook\"><\/a><\/div><\/div>","protected":false},"excerpt":{"rendered":"<p>V\u00e5r m\u00e5lgruppe er personer over 18 \u00e5r med behov for tidstilpasset rusbehandling. Avdelingen tilbyr ogs\u00e5 samtidig behandling til par, personer i LAR og behandling som alternativ til soning (\u00a712). Vi er en del av tverrfaglig spesialisert rusbehandling (TSB) og har etter anbudskonkurranse i 2023 driftsavtale med Helse S\u00f8r-\u00d8st RHF. Henvisning til oss sender du til [&hellip;]<\/p>\n","protected":false},"author":23,"featured_media":277,"parent":0,"menu_order":0,"comment_status":"closed","ping_status":"closed","template":"","meta":{"_acf_changed":false,"_relevanssi_hide_post":"","_relevanssi_hide_content":"","_relevanssi_pin_for_all":"on","_relevanssi_pin_keywords":"informasjon, om oss","_relevanssi_unpin_keywords":"","_relevanssi_related_keywords":"","_relevanssi_related_include_ids":"","_relevanssi_related_exclude_ids":"","_relevanssi_related_no_append":"","_relevanssi_related_not_related":"","_relevanssi_related_posts":"1","_relevanssi_noindex_reason":"","_custom_cards_description":"","footnotes":""},"class_list":["post-12","page","type-page","status-publish","has-post-thumbnail","hentry"],"acf":[],"_links":{"self":[{"href":"https:\/\/www.blakors.no\/klinikk-loland\/wp-json\/wp\/v2\/pages\/12","targetHints":{"allow":["GET"]}}],"collection":[{"href":"https:\/\/www.blakors.no\/klinikk-loland\/wp-json\/wp\/v2\/pages"}],"about":[{"href":"https:\/\/www.blakors.no\/klinikk-loland\/wp-json\/wp\/v2\/types\/page"}],"author":[{"embeddable":true,"href":"https:\/\/www.blakors.no\/klinikk-loland\/wp-json\/wp\/v2\/users\/23"}],"replies":[{"embeddable":true,"href":"https:\/\/www.blakors.no\/klinikk-loland\/wp-json\/wp\/v2\/comments?post=12"}],"version-history":[{"count":5,"href":"https:\/\/www.blakors.no\/klinikk-loland\/wp-json\/wp\/v2\/pages\/12\/revisions"}],"predecessor-version":[{"id":866,"href":"https:\/\/www.blakors.no\/klinikk-loland\/wp-json\/wp\/v2\/pages\/12\/revisions\/866"}],"wp:featuredmedia":[{"embeddable":true,"href":"https:\/\/www.blakors.no\/klinikk-loland\/wp-json\/wp\/v2\/media\/277"}],"wp:attachment":[{"href":"https:\/\/www.blakors.no\/klinikk-loland\/wp-json\/wp\/v2\/media?parent=12"}],"curies":[{"name":"wp","href":"https:\/\/api.w.org\/{rel}","templated":true}]}}