{"id":17,"date":"2020-11-13T11:58:05","date_gmt":"2020-11-13T10:58:05","guid":{"rendered":"https:\/\/www.blakors.no\/klinikk-loland\/?page_id=17"},"modified":"2025-02-07T13:46:13","modified_gmt":"2025-02-07T12:46:13","slug":"behandling","status":"publish","type":"page","link":"https:\/\/www.blakors.no\/klinikk-loland\/behandling\/","title":{"rendered":"Rusbehandling"},"content":{"rendered":"<div class=\"custom-block-banner alignwide contenthalf\"><div class=\"banner-image\" style=\"background-image:url(https:\/\/www.blakors.no\/content\/uploads\/sites\/17\/2021\/07\/Loland-samtale-ute-naert-3751-1024x676.jpg)\"><\/div><div class=\"banner-inner\"><div><h1 id=\"rusbehandling\"  class=\"title large \" >Rusbehandling<\/h1><p>V\u00e5rt behandlingstilbud bygger p\u00e5 en grunnleggende overbevisning om at den som s\u00f8ker hjelp for sine rusrelaterte lidelser har en iboende mulighet til vekst og utvikling.<\/p><div class=\"wp-block-button is-style-primary small\"><a class=\"wp-block-button__link\" href=\"https:\/\/www.blakors.no\/klinikk-loland\/kontakt-oss\/\" target=\"\">Kontakt oss<\/a><\/div><\/div><\/div><\/div>\n\n\n<h2 class=\"wp-block-heading\" id=\"h-malgruppe\">M\u00e5lgruppe<\/h2>\n\n\n\n<p>Vi gir behandlingstilbud til menn, kvinner og par som har behov for samtidig rusbehandling. Aldersgruppe er 18 \u00e5r og eldre. Pasientene har ulike typer rusmiddelavhengighet, inkludert LAR-behandling. Muligheter for \u00a712 soning. Tilleggsproblematikk: psykiske lidelser som ADHD, angst og depresjon m.m.<\/p>\n\n\n\n<h2 class=\"wp-block-heading\" id=\"h-traumebevisst-rusbehandling\">Traumebevisst rusbehandling<\/h2>\n\n\n\n<p>Behandlingen er bygget p\u00e5 modellen <a href=\"https:\/\/www.blakors.no\/klinikk-loland\/traumebehandling\/\">traumebevisst rusbehandling<\/a>, der en tar hensyn til den enkeltes historie og erfaringer, og s\u00f8ker forst\u00e5else for hvordan opplevelser kan ha v\u00e6rt med p\u00e5 \u00e5 forme f\u00f8lelser, adferd og fortellinger. Vi gir ikke spesifikk traumeterapi. <br><br>Vi vet at utviklingen av et rusmiddelproblem ofte har sammenheng med pasientenes utviklingshistorie og traumatiske livshendelser. Rusproblemet virker ofte inn p\u00e5 helse, jobb, bolig, \u00f8konomi og familiesituasjon.<\/p>\n\n\n\n<p>Under behandlingen er vi opptatt av \u00e5 ta opp og m\u00f8te pasientens behov innen flere sentrale livsomr\u00e5der. Gjennom forutsigbare, rusfrie og trygge rammer skal en f\u00e5 mulighet for \u00e5 bli kjent med seg selv og skape ny forst\u00e5else.<\/p>\n\n\n<div class=\"blakors-link-list aligncenter wp-block-blakors-link-list\">\n\t\t\t<h2 id=\"les-mer-om-vart-behandlingstilbud\"  class=\"blakors-link-list__title\" >Les mer om v\u00e5rt behandlingstilbud<\/h2>\n\t\t\t\n\t\t\t<div class=\"blakors-link-list__items\">\n\t\t\t\t\n<div class=\"blakors-link-list-item alignwide wp-block-blakors-link-list-item has-background\">\n\t\t\t<a\n\t\t\t\tclass=\"blakors-link-list-item__holder\"\n\t\t\t\thref=\"https:\/\/www.blakors.no\/klinikk-loland\/aktivitetstilbudet\/\"\n\t\t\t\trel=\"\"\n\t\t\t\t\n\t\t\t>\n\t\t\t\t<div class=\"blakors-link-list-item__content\">\n\t\t\t\t\t<div class=\"blakors-link-list-item__content-inner\">\n\t\t\t\t\t\t<div class=\"title-wrap\">\n\t\t\t\t\t\t\t<h3 class=\"blakors-link-list-item__title\">\n\t\t\t\t\t\t\t\tAktivitetstilbudet\n\t\t\t\t\t\t\t<\/h3>\n\t\t\t\t\t\t\t<svg\n\t\t\t\t\t\t\t\txmlns=\"http:\/\/www.w3.org\/2000\/svg\"\n\t\t\t\t\t\t\t\twidth=\"14\"\n\t\t\t\t\t\t\t\theight=\"12.92\"\n\t\t\t\t\t\t\t\tviewBox=\"0 0 14 12.92\"\n\t\t\t\t\t\t\t>\n\t\t\t\t\t\t\t\t<path\n\t\t\t\t\t\t\t\t\td=\"M7.14-6.58,1.34-.12-.4-1.62,1.84-4.06A8.352,8.352,0,0,1,3.56-5.52H-6.86V-7.64H3.54a7.7,7.7,0,0,1-.84-.61,10.977,10.977,0,0,1-.86-.85L-.4-11.54l1.74-1.5Z\"\n\t\t\t\t\t\t\t\t\ttransform=\"translate(6.86 13.04)\"\n\t\t\t\t\t\t\t\t\tfill=\"#0d76bc\"\n\t\t\t\t\t\t\t\t\/>\n\t\t\t\t\t\t\t<\/svg>\n\t\t\t\t\t\t<\/div>\n\t\t\t\t\t\t\n\t\t\t\t\t<\/div>\n\t\t\t\t<\/div>\n\t\t\t<\/a>\n\t\t<\/div>\n\n<div class=\"blakors-link-list-item alignwide wp-block-blakors-link-list-item has-background\">\n\t\t\t<a\n\t\t\t\tclass=\"blakors-link-list-item__holder\"\n\t\t\t\thref=\"https:\/\/www.blakors.no\/klinikk-loland\/traumebehandling\/\"\n\t\t\t\trel=\"\"\n\t\t\t\t\n\t\t\t>\n\t\t\t\t<div class=\"blakors-link-list-item__content\">\n\t\t\t\t\t<div class=\"blakors-link-list-item__content-inner\">\n\t\t\t\t\t\t<div class=\"title-wrap\">\n\t\t\t\t\t\t\t<h3 class=\"blakors-link-list-item__title\">\n\t\t\t\t\t\t\t\tTraumebevisst rusbehandling\n\t\t\t\t\t\t\t<\/h3>\n\t\t\t\t\t\t\t<svg\n\t\t\t\t\t\t\t\txmlns=\"http:\/\/www.w3.org\/2000\/svg\"\n\t\t\t\t\t\t\t\twidth=\"14\"\n\t\t\t\t\t\t\t\theight=\"12.92\"\n\t\t\t\t\t\t\t\tviewBox=\"0 0 14 12.92\"\n\t\t\t\t\t\t\t>\n\t\t\t\t\t\t\t\t<path\n\t\t\t\t\t\t\t\t\td=\"M7.14-6.58,1.34-.12-.4-1.62,1.84-4.06A8.352,8.352,0,0,1,3.56-5.52H-6.86V-7.64H3.54a7.7,7.7,0,0,1-.84-.61,10.977,10.977,0,0,1-.86-.85L-.4-11.54l1.74-1.5Z\"\n\t\t\t\t\t\t\t\t\ttransform=\"translate(6.86 13.04)\"\n\t\t\t\t\t\t\t\t\tfill=\"#0d76bc\"\n\t\t\t\t\t\t\t\t\/>\n\t\t\t\t\t\t\t<\/svg>\n\t\t\t\t\t\t<\/div>\n\t\t\t\t\t\t\n\t\t\t\t\t<\/div>\n\t\t\t\t<\/div>\n\t\t\t<\/a>\n\t\t<\/div>\n\n\t\t\t<\/div>\n\t\t<\/div>\n\n\n<h2 class=\"wp-block-heading\" id=\"h-organisering\">Organisering<\/h2>\n\n\n\n<p>Personalgruppen er tverrfaglig sammensatt, og best\u00e5r av spesialsykepleiere\/sykepleiere, vernepleiere, sosionomer, familieterapeuter, allmennlege, psykiater\/rusmedisiner, psykologspesialist, aktivitetsleder\/pedagog og erfaringskonsulenter.<\/p>\n\n\n\n<p>Behandlingen er organisert i <strong>behandlingsteam<\/strong>. Hvert team best\u00e5r av 8 pasienter, behandler, prim\u00e6rkontakt og psykiater. Teamene m\u00f8tes daglig og f\u00f8lger egne ukeplaner. <\/p>\n\n\n\n\t\t<div class=\"wp-block-lib-accentuated-link\">\n\t\t\t<a\n\t\t\t\tclass=\"lib-link__link\"\n\t\t\t\thref=\"https:\/\/www.blakors.no\/klinikk-loland\/mot-fagsjefen-og-psykologspesialisten-var\/\"\n\t\t\t\ttarget=\"\"\n\t\t\t\trel=\"\"\n\t\t\t>\n\t\t\t\t\n\t\t\t\t<div class=\"lib-link__text-content\">\n\t\t\t\t\t<span class=\"lib-link__tagline\">\n\t\t\t\t\t\tLes MER OM \n\t\t\t\t\t<\/span>\n\n\t\t\t\t\t<h3 class=\"lib-link__title\">\n\t\t\t\t\t\tBli kjent med v\u00e5r fagsjef og psykologspesialist\n\t\t\t\t\t<\/h3>\n\n\t\t\t\t\t\n\t\t\t\t<\/div>\n\t\t\t<\/a>\n\t\t<\/div>\n\n\n<h2 class=\"wp-block-heading\" id=\"h-behandlingsinnholdet\">Behandlingsinnholdet<\/h2>\n\n\n\n<p>Behandlingsinnholdet er variert og tilpasses i stor grad etter den enkeltes \u00f8nsker og behov. Behandlingen starter med <strong>en kartleggingsfase<\/strong>, der det settes opp behandlingsm\u00e5l og innhold. Deretter f\u00f8lger <strong>en behandlingsfase<\/strong> som gjerne inneholder:<\/p>\n\n\n\n<ul class=\"wp-block-list\">\n<li>individualterapi<\/li>\n\n\n\n<li>undervisning<\/li>\n\n\n\n<li>gruppeterapi<\/li>\n\n\n\n<li>fysisk aktivitet<\/li>\n\n\n\n<li>ulike turer med opplevelser og sosialtrening<\/li>\n\n\n\n<li>kartlegging og utredning<\/li>\n\n\n\n<li>milj\u00f8terapeutisk aktivitet<\/li>\n\n\n\n<li>arbeidstrening<\/li>\n\n\n\n<li>foreldre veiledning<\/li>\n\n\n\n<li>medisinsk oppf\u00f8lging <\/li>\n<\/ul>\n\n\n\n<p>Det er normalt at innholdet i behandlingsfasen justeres underveis i samarbeid med pasient og henviser.<\/p>\n\n\n\n<p>Siste fase av behandlingen er en<strong> \u00abut-fase\u00bb<\/strong>. I denne perioden legges det til rette for at pasientene skal re-etablere seg hjemme. Her trekkes det p\u00e5 de ulike ressurser som finnes i pasientens n\u00e6romr\u00e5de, og det legges opp til permisjoner for \u00e5 bygge relasjon og erfaring.<\/p>\n\n\n\n<h2 class=\"wp-block-heading\" id=\"h-noen-hverdagsglimt\">Noen hverdagsglimt:<\/h2>\n\n\n\n<div class=\"blakors-slideshow \"  itemscope itemtype=\"http:\/\/schema.org\/ImageGallery\">\n\t\t\t<figure\n\t\t\tclass=\"slideshow-item \" \n\t\t\titemprop=\"associatedMedia\"\n\t\t\titemscope\n\t\t\titemtype=\"http:\/\/schema.org\/ImageObject\"\n\t\t>\n\t\t\t<img loading=\"lazy\" decoding=\"async\" width=\"2048\" height=\"1423\" src=\"https:\/\/www.blakors.no\/content\/uploads\/sites\/17\/2021\/07\/Loland-kjokken_2-scaled.jpg\" class=\"attachment-full size-full\" alt=\"kj\u00f8kkenansatt gj\u00f8r klar mat i kantinedisken\" itemprop=\"medium\" srcset=\"https:\/\/www.blakors.no\/content\/uploads\/sites\/17\/2021\/07\/Loland-kjokken_2-scaled.jpg 2048w, https:\/\/www.blakors.no\/content\/uploads\/sites\/17\/2021\/07\/Loland-kjokken_2-300x208.jpg 300w, https:\/\/www.blakors.no\/content\/uploads\/sites\/17\/2021\/07\/Loland-kjokken_2-1024x712.jpg 1024w, https:\/\/www.blakors.no\/content\/uploads\/sites\/17\/2021\/07\/Loland-kjokken_2-768x534.jpg 768w, https:\/\/www.blakors.no\/content\/uploads\/sites\/17\/2021\/07\/Loland-kjokken_2-1536x1067.jpg 1536w\" sizes=\"auto, (max-width: 2048px) 100vw, 2048px\" \/>\t\t<\/figure>\n\t\t\t\t<figure\n\t\t\tclass=\"slideshow-item \" \n\t\t\titemprop=\"associatedMedia\"\n\t\t\titemscope\n\t\t\titemtype=\"http:\/\/schema.org\/ImageObject\"\n\t\t>\n\t\t\t<img loading=\"lazy\" decoding=\"async\" width=\"2048\" height=\"1475\" src=\"https:\/\/www.blakors.no\/content\/uploads\/sites\/17\/2021\/07\/Loland-mote-3535-scaled.jpg\" class=\"attachment-full size-full\" alt=\"en gruppe mennesker sitter rundt et m\u00f8tebord\" itemprop=\"medium\" srcset=\"https:\/\/www.blakors.no\/content\/uploads\/sites\/17\/2021\/07\/Loland-mote-3535-scaled.jpg 2048w, https:\/\/www.blakors.no\/content\/uploads\/sites\/17\/2021\/07\/Loland-mote-3535-300x216.jpg 300w, https:\/\/www.blakors.no\/content\/uploads\/sites\/17\/2021\/07\/Loland-mote-3535-1024x738.jpg 1024w, https:\/\/www.blakors.no\/content\/uploads\/sites\/17\/2021\/07\/Loland-mote-3535-768x553.jpg 768w, https:\/\/www.blakors.no\/content\/uploads\/sites\/17\/2021\/07\/Loland-mote-3535-1536x1106.jpg 1536w\" sizes=\"auto, (max-width: 2048px) 100vw, 2048px\" \/>\t\t<\/figure>\n\t\t\t\t<figure\n\t\t\tclass=\"slideshow-item \" \n\t\t\titemprop=\"associatedMedia\"\n\t\t\titemscope\n\t\t\titemtype=\"http:\/\/schema.org\/ImageObject\"\n\t\t>\n\t\t\t<img loading=\"lazy\" decoding=\"async\" width=\"2048\" height=\"1453\" src=\"https:\/\/www.blakors.no\/content\/uploads\/sites\/17\/2021\/07\/Loland-samtale-ute-3720-scaled.jpg\" class=\"attachment-full size-full\" alt=\"to personer i samtale ved utebord\" itemprop=\"medium\" srcset=\"https:\/\/www.blakors.no\/content\/uploads\/sites\/17\/2021\/07\/Loland-samtale-ute-3720-scaled.jpg 2048w, https:\/\/www.blakors.no\/content\/uploads\/sites\/17\/2021\/07\/Loland-samtale-ute-3720-300x213.jpg 300w, https:\/\/www.blakors.no\/content\/uploads\/sites\/17\/2021\/07\/Loland-samtale-ute-3720-1024x726.jpg 1024w, https:\/\/www.blakors.no\/content\/uploads\/sites\/17\/2021\/07\/Loland-samtale-ute-3720-768x545.jpg 768w, https:\/\/www.blakors.no\/content\/uploads\/sites\/17\/2021\/07\/Loland-samtale-ute-3720-1536x1090.jpg 1536w\" sizes=\"auto, (max-width: 2048px) 100vw, 2048px\" \/>\t\t<\/figure>\n\t\t\t\t<figure\n\t\t\tclass=\"slideshow-item is-initial-select\" \n\t\t\titemprop=\"associatedMedia\"\n\t\t\titemscope\n\t\t\titemtype=\"http:\/\/schema.org\/ImageObject\"\n\t\t>\n\t\t\t<img loading=\"lazy\" decoding=\"async\" width=\"2048\" height=\"1353\" src=\"https:\/\/www.blakors.no\/content\/uploads\/sites\/17\/2021\/07\/Loland-turtrimmen-4287-scaled.jpg\" class=\"attachment-full size-full\" alt=\"kvinne ved postkasse med merkelapp turtrimmen\" itemprop=\"medium\" srcset=\"https:\/\/www.blakors.no\/content\/uploads\/sites\/17\/2021\/07\/Loland-turtrimmen-4287-scaled.jpg 2048w, https:\/\/www.blakors.no\/content\/uploads\/sites\/17\/2021\/07\/Loland-turtrimmen-4287-300x198.jpg 300w, https:\/\/www.blakors.no\/content\/uploads\/sites\/17\/2021\/07\/Loland-turtrimmen-4287-1024x676.jpg 1024w, https:\/\/www.blakors.no\/content\/uploads\/sites\/17\/2021\/07\/Loland-turtrimmen-4287-768x507.jpg 768w, https:\/\/www.blakors.no\/content\/uploads\/sites\/17\/2021\/07\/Loland-turtrimmen-4287-1536x1015.jpg 1536w\" sizes=\"auto, (max-width: 2048px) 100vw, 2048px\" \/>\t\t<\/figure>\n\t\t\t\t<figure\n\t\t\tclass=\"slideshow-item \" \n\t\t\titemprop=\"associatedMedia\"\n\t\t\titemscope\n\t\t\titemtype=\"http:\/\/schema.org\/ImageObject\"\n\t\t>\n\t\t\t<img loading=\"lazy\" decoding=\"async\" width=\"2048\" height=\"1381\" src=\"https:\/\/www.blakors.no\/content\/uploads\/sites\/17\/2021\/07\/Loland-trening-5-scaled.jpg\" class=\"attachment-full size-full\" alt=\"tre kvinner p\u00e5 spinningsykler\" itemprop=\"medium\" srcset=\"https:\/\/www.blakors.no\/content\/uploads\/sites\/17\/2021\/07\/Loland-trening-5-scaled.jpg 2048w, https:\/\/www.blakors.no\/content\/uploads\/sites\/17\/2021\/07\/Loland-trening-5-300x202.jpg 300w, https:\/\/www.blakors.no\/content\/uploads\/sites\/17\/2021\/07\/Loland-trening-5-1024x690.jpg 1024w, https:\/\/www.blakors.no\/content\/uploads\/sites\/17\/2021\/07\/Loland-trening-5-768x518.jpg 768w, https:\/\/www.blakors.no\/content\/uploads\/sites\/17\/2021\/07\/Loland-trening-5-1536x1036.jpg 1536w\" sizes=\"auto, (max-width: 2048px) 100vw, 2048px\" \/>\t\t<\/figure>\n\t\t\t\t<figure\n\t\t\tclass=\"slideshow-item \" \n\t\t\titemprop=\"associatedMedia\"\n\t\t\titemscope\n\t\t\titemtype=\"http:\/\/schema.org\/ImageObject\"\n\t\t>\n\t\t\t<img loading=\"lazy\" decoding=\"async\" width=\"1299\" height=\"2048\" src=\"https:\/\/www.blakors.no\/content\/uploads\/sites\/17\/2021\/07\/Loland-volley4527-scaled.jpg\" class=\"attachment-full size-full\" alt=\"to kvinner ved vollyballnett\" itemprop=\"medium\" srcset=\"https:\/\/www.blakors.no\/content\/uploads\/sites\/17\/2021\/07\/Loland-volley4527-scaled.jpg 1299w, https:\/\/www.blakors.no\/content\/uploads\/sites\/17\/2021\/07\/Loland-volley4527-190x300.jpg 190w, https:\/\/www.blakors.no\/content\/uploads\/sites\/17\/2021\/07\/Loland-volley4527-650x1024.jpg 650w, https:\/\/www.blakors.no\/content\/uploads\/sites\/17\/2021\/07\/Loland-volley4527-768x1210.jpg 768w, https:\/\/www.blakors.no\/content\/uploads\/sites\/17\/2021\/07\/Loland-volley4527-975x1536.jpg 975w\" sizes=\"auto, (max-width: 1299px) 100vw, 1299px\" \/>\t\t<\/figure>\n\t\t\t\t<figure\n\t\t\tclass=\"slideshow-item \" \n\t\t\titemprop=\"associatedMedia\"\n\t\t\titemscope\n\t\t\titemtype=\"http:\/\/schema.org\/ImageObject\"\n\t\t>\n\t\t\t<img loading=\"lazy\" decoding=\"async\" width=\"1342\" height=\"2048\" src=\"https:\/\/www.blakors.no\/content\/uploads\/sites\/17\/2021\/07\/Loland-vev-3949-scaled.jpg\" class=\"attachment-full size-full\" alt=\"kvinne ved vevstol\" itemprop=\"medium\" srcset=\"https:\/\/www.blakors.no\/content\/uploads\/sites\/17\/2021\/07\/Loland-vev-3949-scaled.jpg 1342w, https:\/\/www.blakors.no\/content\/uploads\/sites\/17\/2021\/07\/Loland-vev-3949-197x300.jpg 197w, https:\/\/www.blakors.no\/content\/uploads\/sites\/17\/2021\/07\/Loland-vev-3949-671x1024.jpg 671w, https:\/\/www.blakors.no\/content\/uploads\/sites\/17\/2021\/07\/Loland-vev-3949-768x1172.jpg 768w, https:\/\/www.blakors.no\/content\/uploads\/sites\/17\/2021\/07\/Loland-vev-3949-1007x1536.jpg 1007w\" sizes=\"auto, (max-width: 1342px) 100vw, 1342px\" \/>\t\t<\/figure>\n\t\t\t\t<figure\n\t\t\tclass=\"slideshow-item \" \n\t\t\titemprop=\"associatedMedia\"\n\t\t\titemscope\n\t\t\titemtype=\"http:\/\/schema.org\/ImageObject\"\n\t\t>\n\t\t\t<img loading=\"lazy\" decoding=\"async\" width=\"2048\" height=\"1366\" src=\"https:\/\/www.blakors.no\/content\/uploads\/sites\/17\/2021\/07\/Loland-solvsmia_3904-scaled.jpg\" class=\"attachment-full size-full\" alt=\"kvinne lager s\u00f8lvsmykker\" itemprop=\"medium\" srcset=\"https:\/\/www.blakors.no\/content\/uploads\/sites\/17\/2021\/07\/Loland-solvsmia_3904-scaled.jpg 2048w, https:\/\/www.blakors.no\/content\/uploads\/sites\/17\/2021\/07\/Loland-solvsmia_3904-300x200.jpg 300w, https:\/\/www.blakors.no\/content\/uploads\/sites\/17\/2021\/07\/Loland-solvsmia_3904-1024x683.jpg 1024w, https:\/\/www.blakors.no\/content\/uploads\/sites\/17\/2021\/07\/Loland-solvsmia_3904-768x512.jpg 768w, https:\/\/www.blakors.no\/content\/uploads\/sites\/17\/2021\/07\/Loland-solvsmia_3904-1536x1024.jpg 1536w\" sizes=\"auto, (max-width: 2048px) 100vw, 2048px\" \/>\t\t<\/figure>\n\t\t<\/div>\n\n\n\n<h2 class=\"wp-block-heading\" id=\"h-miljoterapi\">Milj\u00f8terapi<\/h2>\n\n\n\n<p>En viktig del av behandlingsopplegget er bygget rundt det milj\u00f8terapeutiske tilbudet. Et positivt, st\u00f8ttende og innholdsrikt behandlingsmilj\u00f8 danner grunnlaget for god rusbehandling.<\/p>\n\n\n\n<p>Milj\u00f8et skapes av personalets holdninger, handlinger, ytringer, tanker og f\u00f8lelser, slik disse viser seg i samspill med og oppleves av pasienten. Det er de ansattes m\u00f8ter, samtaler og samv\u00e6r med pasientene b\u00e5de p\u00e5 og utenfor institusjonen som danner grunnlaget for milj\u00f8terapien. I milj\u00f8terapi har man en plan, en tanke og et m\u00e5l for det man gj\u00f8r for og med pasienten.<\/p>\n\n\n\n<p><strong>Milj\u00f8terapi blir tilbudt hele d\u00f8gnet og terapeutene er opptatt av \u00e5 skape trygge og gode relasjoner i m\u00f8te med pasienten.<\/strong> V\u00e5r traumebevisste rusbehandling bygger p\u00e5 ydmykhet og respekt i m\u00f8te med pasienten.<\/p>\n\n\n\n<p>Bl\u00e5 kors klinikk Loland har ogs\u00e5 <strong>strukturerte milj\u00f8terapeutiske tilbud<\/strong> der ansatte og pasienter jobber sammen p\u00e5 ulike arenaer. Dette kan v\u00e6re i sm\u00e5 eller store grupper eller individuelt. Det er i dette tilbudet lagt opp til aktiviteter som friluftsgruppe, vev, vedhogst, fysisk trening og liknende.<\/p>\n\n\n\n<h2 class=\"wp-block-heading\" id=\"h-mal-for-miljoterapeutiske-aktiviteter\">M\u00e5l for milj\u00f8terapeutiske aktiviteter<\/h2>\n\n\n\n<p>Milj\u00f8terapi handler blant annet om:<\/p>\n\n\n\n<ul class=\"wp-block-list\">\n<li>\u00e5 finne pasientens iboende ressurser og se mulighetene for videre utvikling av disse<\/li>\n\n\n\n<li>oppleve mestring <\/li>\n\n\n\n<li>\u00f8ke pasientens selvf\u00f8lelse og skape identitet<\/li>\n\n\n\n<li>gi st\u00f8tte og veiledning<\/li>\n\n\n\n<li>\u00f8ke engasjementet (for \u00e5 oppn\u00e5 utvikling og forandring la pasienten engasjere seg, t\u00f8rre \u00e5 ta sjanser og \u00e5 pr\u00f8ve noe nytt)<\/li>\n\n\n\n<li>synliggj\u00f8ring (bekrefte pasientens egenart og egenverdi)<\/li>\n\n\n\n<li>sosial kompetanse (pasienten f\u00e5r \u00f8ve p\u00e5 \u00e5 fungere rusfritt sammen med andre mennesker i et fellesskap; st\u00f8tte og hjelpe hverandre)<\/li>\n\n\n\n<li>struktur (faste aktiviteter er med p\u00e5 \u00e5 skape struktur i hverdagen)<\/li>\n\n\n\n<li>ruste pasienten til \u00e5 leve et rusfritt liv<\/li>\n<\/ul>\n\n\n\n\n<div class=\"social-block\"><h4 id=\"folg-oss-pa-facebook\"  >F\u00f8lg oss p\u00e5 Facebook<\/h4><div class=\"social-grid\"><a href=\"https:\/\/www.facebook.com\/groups\/168981460535385\" target=\"_blank\" rel=\"noopener\"><img decoding=\"async\" loading=\"lazy\" src=\"https:\/\/www.blakors.no\/content\/themes\/blakors\/assets\/icons\/footer-facebook.svg\" alt=\"Facebook\"><\/a><\/div><\/div>","protected":false},"excerpt":{"rendered":"<p>M\u00e5lgruppe Vi gir behandlingstilbud til menn, kvinner og par som har behov for samtidig rusbehandling. Aldersgruppe er 18 \u00e5r og eldre. Pasientene har ulike typer rusmiddelavhengighet, inkludert LAR-behandling. Muligheter for \u00a712 soning. Tilleggsproblematikk: psykiske lidelser som ADHD, angst og depresjon m.m. Traumebevisst rusbehandling Behandlingen er bygget p\u00e5 modellen traumebevisst rusbehandling, der en tar hensyn til [&hellip;]<\/p>\n","protected":false},"author":23,"featured_media":614,"parent":0,"menu_order":0,"comment_status":"closed","ping_status":"closed","template":"","meta":{"_acf_changed":false,"_relevanssi_hide_post":"","_relevanssi_hide_content":"","_relevanssi_pin_for_all":"on","_relevanssi_pin_keywords":"Rusbehandling, behandlingstilbud, alkoholbehandling, behandling for rus, alkoholavhengighet, alkoholavhengig","_relevanssi_unpin_keywords":"","_relevanssi_related_keywords":"","_relevanssi_related_include_ids":"","_relevanssi_related_exclude_ids":"","_relevanssi_related_no_append":"","_relevanssi_related_not_related":"","_relevanssi_related_posts":"1","_relevanssi_noindex_reason":"","_custom_cards_description":"","footnotes":""},"class_list":["post-17","page","type-page","status-publish","has-post-thumbnail","hentry"],"acf":[],"_links":{"self":[{"href":"https:\/\/www.blakors.no\/klinikk-loland\/wp-json\/wp\/v2\/pages\/17","targetHints":{"allow":["GET"]}}],"collection":[{"href":"https:\/\/www.blakors.no\/klinikk-loland\/wp-json\/wp\/v2\/pages"}],"about":[{"href":"https:\/\/www.blakors.no\/klinikk-loland\/wp-json\/wp\/v2\/types\/page"}],"author":[{"embeddable":true,"href":"https:\/\/www.blakors.no\/klinikk-loland\/wp-json\/wp\/v2\/users\/23"}],"replies":[{"embeddable":true,"href":"https:\/\/www.blakors.no\/klinikk-loland\/wp-json\/wp\/v2\/comments?post=17"}],"version-history":[{"count":5,"href":"https:\/\/www.blakors.no\/klinikk-loland\/wp-json\/wp\/v2\/pages\/17\/revisions"}],"predecessor-version":[{"id":906,"href":"https:\/\/www.blakors.no\/klinikk-loland\/wp-json\/wp\/v2\/pages\/17\/revisions\/906"}],"wp:featuredmedia":[{"embeddable":true,"href":"https:\/\/www.blakors.no\/klinikk-loland\/wp-json\/wp\/v2\/media\/614"}],"wp:attachment":[{"href":"https:\/\/www.blakors.no\/klinikk-loland\/wp-json\/wp\/v2\/media?parent=17"}],"curies":[{"name":"wp","href":"https:\/\/api.w.org\/{rel}","templated":true}]}}