{"id":77,"date":"2020-11-16T16:34:43","date_gmt":"2020-11-16T15:34:43","guid":{"rendered":"https:\/\/www.blakors.no\/klinikk-loland\/?page_id=77"},"modified":"2023-10-03T12:48:28","modified_gmt":"2023-10-03T10:48:28","slug":"traumebehandling","status":"publish","type":"page","link":"https:\/\/www.blakors.no\/klinikk-loland\/traumebehandling\/","title":{"rendered":"Traumebehandling"},"content":{"rendered":"<div class=\"custom-block-banner alignwide contenthalf\"><div class=\"banner-image\" style=\"background-image:url(https:\/\/www.blakors.no\/content\/uploads\/sites\/17\/2021\/07\/Loland-samtale-pa-sti-4-1024x683.jpg)\"><\/div><div class=\"banner-inner\"><div><h1 id=\"traumebevisst-rusbehandling\"  class=\"title small \" >Traumebevisst rusbehandling<\/h1><p>Hos Bl\u00e5 Kors klinikk Loland har vi kunnskap om traumebasert rusbehandling, som gj\u00f8r at vi kan hjelpe traumatiserte personer, deres atferd, f\u00f8lelser og livsfortellinger. Vi er bevisste p\u00e5 hvordan alt dette kan forst\u00e5s, som et uttrykk for den enkeltes opplevelse av smerte i oppveksten.<\/p><\/div><\/div><\/div>\n\n\n<p>Personalgruppen ved Bl\u00e5 Kors klinikk Loland har gjennomf\u00f8rt utdanning i traumebevisst rusbehandling i samarbeid med Regionalt senter mot vold, traumatisk stress og selvmordsforebygging (RVTS). <\/p>\n\n\n\n<p>Basert p\u00e5 v\u00e5r kunnskap m\u00f8ter vi pasienter med omsorg selv n\u00e5r vi blir utfordret. Smerte kan forst\u00e5s og lindres, og som ansatte kan vi gj\u00f8re en forskjell.<\/p>\n\n\n\n<p>Traumebevisst omsorg tar hensyn til kunnskapen om hvordan hjernen p\u00e5virkes av traumatisering, og hvilke konsekvenser dette kan f\u00e5 p\u00e5 kort og lang sikt. Mennesker som ikke har erfart trygge relasjoner i oppveksten, vil kunne streve med tillit til andre mennesker, i tillegg til problemer med \u00e5 regulere egne f\u00f8lelser.<\/p>\n\n\n\n<h2 class=\"wp-block-heading\" id=\"h-tre-grunnpillarer\">Tre grunnpillarer<\/h2>\n\n\n\n<p>Grunnpillarene i traumebevisst omsorg er: <\/p>\n\n\n\n<ul class=\"wp-block-list\">\n<li>trygghet<\/li>\n\n\n\n<li>relasjon<\/li>\n\n\n\n<li>affektregulering<\/li>\n<\/ul>\n\n\n\n<p>Ved Bl\u00e5 Kors klinikk Loland er vi opptatt av at pasientene tidlig skal f\u00e5 oppleve trygghet, b\u00e5de fysisk, kulturelt og relasjonelt. Ansatte og pasienter deles inn i tverrfaglige team som m\u00f8tes til daglige morgensamlinger. Her er struktur og ukeplan med p\u00e5 \u00e5 gj\u00f8re hverdagen forutsigbar for den enkelte.<\/p>\n\n\n\n<p>V\u00e5r behandling best\u00e5r av gruppe- og individualterapi samt strukturert milj\u00f8terapeutisk aktivitet, fysisk aktivitet og friluftsliv. Pasientene deltar aktivt i endringsarbeidet, og behandlingsteamet rundt den enkelte m\u00f8ter dem med respekt, anerkjennelse og empati.<\/p>\n\n\n\n<h2 class=\"wp-block-heading\" id=\"h-lite-konfrontasjon\">Lite konfrontasjon<\/h2>\n\n\n\n<p>V\u00e5r faglige tiln\u00e6rming i dag inneb\u00e6rer lite konfrontasjon og adferdsregulerende tiltak. Avdelingen velger \u00e5 fokusere p\u00e5 sensitivitet og affektregulering. N\u00e5r pasientene f\u00e5r hjelp til \u00e5 forst\u00e5 sine egne f\u00f8lelser og hjelp til \u00e5 h\u00e5ndtere disse, skal de m\u00f8tes med raushet og varme.<br><br>Det er en forutsetning for \u00e5 kunne jobbe med dypere traume-erfaringer at nye erfaringer testes ut sammen med personer som m\u00f8ter dem med velvilje.<\/p>\n\n\n\n<h2 class=\"wp-block-heading\" id=\"h-trygghet-er-ikke-nok\">Trygghet er ikke nok<\/h2>\n\n\n\n<p>Pasientene skal sakte, men sikkert, \u00f8ve seg p\u00e5 \u00e5 ta utfordringer. De inviteres til \u00e5 ta overkommelige sjanser som ikke skaper for stor stressaktivering. N\u00e5r pasientene er trygge kan de trene p\u00e5 utfordringen i \u00e5 bygge relasjoner, koble seg p\u00e5 fellesskapet ved \u00e5 v\u00e6re sosiale, ved \u00e5 delta, bidra og dele. For \u00e5 vokse m\u00e5 en ta risker, hoppe ut i livet, og akseptere at en kan feile og allikevel g\u00e5 videre.<\/p>\n\n\n\n<p><strong>Vi \u00f8nsker \u00e5 gi alle pasienter en opplevelse av mestring og mening.<\/strong><\/p>\n\n\n\n\t\t<div class=\"wp-block-lib-accentuated-link\">\n\t\t\t<a class=\"lib-link__link\" href=\"https:\/\/www.traumebevisst.no\/program\/avholdt\/\" target=\"\" rel=\"noopener\">\n\t\t\t\t\n\t\t\t\t<div class=\"lib-link__text-content\">\n\t\t\t\t\t<span class=\"lib-link__tagline\">\n\t\t\t\t\t\tSe ogs\u00e5\n\t\t\t\t\t<\/span>\n\n\t\t\t\t\t<h3 class=\"lib-link__title\">\n\t\t\t\t\t\tUtdanning i traumebevisst rusbehandling\n\t\t\t\t\t<\/h3>\n\n\t\t\t\t\t\n\t\t\t<span class=\"lib-link__link-source\">\n\t\t\t\twww.traumebevisst.no\n\t\t\t\t<svg xmlns=\"http:\/\/www.w3.org\/2000\/svg\" viewBox=\"0 0 24 24\" height=\"24\" width=\"24\" class=\"t2-icon t2-icon-linkexternal\" aria-hidden=\"true\" focusable=\"false\"><path d=\"M5 21c-.5 0-1-.2-1.4-.6S3 19.6 3 19V5c0-.6.2-1 .6-1.4S4.5 3 5 3h6c.3 0 .5.1.7.3.2.2.3.4.3.7 0 .3-.1.5-.3.7-.2.2-.4.3-.7.3H5v14h14v-6c0-.3.1-.5.3-.7.2-.2.4-.3.7-.3s.5.1.7.3c.2.2.3.4.3.7v6c0 .6-.2 1-.6 1.4s-.8.6-1.4.6H5zm4-6c-.2-.2-.3-.4-.3-.7s.1-.5.3-.7L17.6 5H15c-.3 0-.5-.1-.7-.3-.2-.2-.3-.4-.3-.7 0-.3.1-.5.3-.7.2-.2.4-.3.7-.3h5c.3 0 .5.1.7.3.2.2.3.4.3.7v5c0 .3-.1.5-.3.7-.2.2-.4.3-.7.3s-.5-.1-.7-.3c-.2-.2-.3-.4-.3-.7V6.4L10.4 15c-.2.2-.4.3-.7.3s-.5-.1-.7-.3z\" fill=\"currentColor\" \/><\/svg>\n\t\t\t<\/span>\n\t\t\t\t<\/div>\n\t\t\t<\/a>\n\t\t<\/div>","protected":false},"excerpt":{"rendered":"<p>Personalgruppen ved Bl\u00e5 Kors klinikk Loland har gjennomf\u00f8rt utdanning i traumebevisst rusbehandling i samarbeid med Regionalt senter mot vold, traumatisk stress og selvmordsforebygging (RVTS). Basert p\u00e5 v\u00e5r kunnskap m\u00f8ter vi pasienter med omsorg selv n\u00e5r vi blir utfordret. Smerte kan forst\u00e5s og lindres, og som ansatte kan vi gj\u00f8re en forskjell. Traumebevisst omsorg tar hensyn [&hellip;]<\/p>\n","protected":false},"author":3,"featured_media":612,"parent":0,"menu_order":0,"comment_status":"closed","ping_status":"closed","template":"","meta":{"_acf_changed":false,"_relevanssi_hide_post":"","_relevanssi_hide_content":"","_relevanssi_pin_for_all":"on","_relevanssi_pin_keywords":"traumebevisst rusbehandling","_relevanssi_unpin_keywords":"","_relevanssi_related_keywords":"","_relevanssi_related_include_ids":"","_relevanssi_related_exclude_ids":"","_relevanssi_related_no_append":"","_relevanssi_related_not_related":"","_relevanssi_related_posts":"1","_relevanssi_noindex_reason":"","_custom_cards_description":"","footnotes":""},"class_list":["post-77","page","type-page","status-publish","has-post-thumbnail","hentry"],"acf":[],"_links":{"self":[{"href":"https:\/\/www.blakors.no\/klinikk-loland\/wp-json\/wp\/v2\/pages\/77","targetHints":{"allow":["GET"]}}],"collection":[{"href":"https:\/\/www.blakors.no\/klinikk-loland\/wp-json\/wp\/v2\/pages"}],"about":[{"href":"https:\/\/www.blakors.no\/klinikk-loland\/wp-json\/wp\/v2\/types\/page"}],"author":[{"embeddable":true,"href":"https:\/\/www.blakors.no\/klinikk-loland\/wp-json\/wp\/v2\/users\/3"}],"replies":[{"embeddable":true,"href":"https:\/\/www.blakors.no\/klinikk-loland\/wp-json\/wp\/v2\/comments?post=77"}],"version-history":[{"count":5,"href":"https:\/\/www.blakors.no\/klinikk-loland\/wp-json\/wp\/v2\/pages\/77\/revisions"}],"predecessor-version":[{"id":801,"href":"https:\/\/www.blakors.no\/klinikk-loland\/wp-json\/wp\/v2\/pages\/77\/revisions\/801"}],"wp:featuredmedia":[{"embeddable":true,"href":"https:\/\/www.blakors.no\/klinikk-loland\/wp-json\/wp\/v2\/media\/612"}],"wp:attachment":[{"href":"https:\/\/www.blakors.no\/klinikk-loland\/wp-json\/wp\/v2\/media?parent=77"}],"curies":[{"name":"wp","href":"https:\/\/api.w.org\/{rel}","templated":true}]}}