{"id":1138,"date":"2022-06-24T09:27:37","date_gmt":"2022-06-24T07:27:37","guid":{"rendered":"https:\/\/www.blakors.no\/klinikk-oslo-sentrum\/?page_id=1138"},"modified":"2022-06-24T09:27:37","modified_gmt":"2022-06-24T07:27:37","slug":"oppfolging-av-tannhelse","status":"publish","type":"page","link":"https:\/\/www.blakors.no\/klinikk-oslo-sentrum\/oppfolging-av-tannhelse\/","title":{"rendered":"Oppf\u00f8lging av tannhelse"},"content":{"rendered":"\n<div class=\"wp-block-lib-header alignfull hide\"><div class=\"header-innercontent\"><\/div><\/div>\n\n\n\n<p>Alle som har psykiske lidelser og\/eller rusmiddelproblemer b\u00f8r regelmessig f\u00f8lges opp av tannhelsepersonell.<\/p>\n\n\n\n<h2 class=\"wp-block-heading\" id=\"h-utredning\"><strong>Utredning<\/strong><\/h2>\n\n\n\n<ol class=\"wp-block-list\" type=\"1\"><li>Har du smerter eller andre problemer i munnen?<\/li><li>Hvor lenge er det siden ditt forrige tannlege-\/tannpleierbes\u00f8k?<br>\u2013 Hvis det er mer enn 2 \u00e5r siden: Hva er \u00e5rsaken til at du ikke har v\u00e6rt hos tannlege\/tannpleier p\u00e5 lang tid?<br>\u2013 Hvis angst er \u00e5rsak, m\u00e5 det opplyses om det i henvisningen til tannlege\/tannpleier.<\/li><\/ol>\n\n\n\n<h2 id=\"dekning-av-utgifter\"  class=\"wp-block-heading\" >Dekning av utgifter<\/h2>\n\n\n\n<p>Folketrygden&nbsp;&nbsp;gir st\u00f8nad til dekning av utgifter til tannbehandling og om muligheter for \u00f8konomisk st\u00f8nad til tannbehandling etter sosialtjenesteloven.<\/p>\n\n\n\n<p>Bl\u00e5 Kors samarbeidet med privat tannhelsetjeneste for \u00e5 gi tannbehandling de de som ikke f\u00e5r hjelp i den offentlige tannhelsetjenesten. Er du pasient i kategorien &laquo;uten s\u00e6rskilt rettighet&raquo;, og som er 21 \u00e5r eller eldre, blir henvist i samr\u00e5d med deg<\/p>\n\n\n\n<p>F\u00e5r du allerede&nbsp;st\u00f8tte fra Nav til \u00e5 betale utgifter for \u00e5 leve, s\u00e5kalte levekostnader eller livsopphold, s\u00e5 kan du ogs\u00e5 f\u00e5 dekket utgifter til tannbehandling.&nbsp;<\/p>\n\n\n\n<h2 id=\"videre-oppfolging\"  class=\"wp-block-heading\" ><strong>Videre oppf\u00f8lging<\/strong><\/h2>\n\n\n\n<p>Pasienten b\u00f8r f\u00f8lges tett av tannhelsetjenesten. I hovedsak er det tannhelsepersonell som kaller inn pasientene til oppf\u00f8lging, men det b\u00f8r skje i samarbeid med den som er behandlingsansvarlig for pasienten.<\/p>\n\n\n\n<h2 class=\"wp-block-heading\" id=\"h-tilstander-som-gir-rett-til-stonad\">Tilstander som gir rett til st\u00f8nad<\/h2>\n\n\n\n<p>Det finnes 15 tilstander\/tilfeller som kan gi rett til st\u00f8nad til dekning av utgifter til tannbehandling etter folketrygdlovens regler.<\/p>\n\n\n\n<div class=\"wp-block-lib-accentuated-link\"><a class=\"lib-link__link\" href=\"https:\/\/www.helfo.no\/regelverk-og-takster\/overordnet-regelverk\/tilstander-som-kan-gi-rett-til-st%C3%B8nad-til-tannbehandling\" rel=\"noreferrer noopener\" target=\"_blank\"><div class=\"lib-link__text-content\"><h6 id=\"les-mer\"  class=\"lib-link__tagline\" >LES MER<\/h6><h3 id=\"helfo-om-tilstander-som-gir-rett-til-stonad\"  class=\"lib-link__title\" >Helfo om tilstander som gir rett til st\u00f8nad <\/h3><span class=\"lib-link__link-source\">www.helfo.no<SVG viewBox=\"0 0 13 13\" xmlns=\"http:\/\/www.w3.org\/2000\/svg\" width=\"16\" height=\"16\">\n\t\t<Path d=\"M12.5,0h.15l0,0,0,0,0,0,0,0,0,0v0h0l0,0L12.85.15a.27.27,0,0,1,.07.08.08.08,0,0,1,0,0,.08.08,0,0,1,0,0s0,0,0,0A.43.43,0,0,1,13,.4h0v0a.09.09,0,0,1,0,0v4a.5.5,0,0,1-1,.09V1.71L5.52,8.19a.51.51,0,0,1-.71,0,.5.5,0,0,1,0-.64l0-.07L11.29,1H8.5A.5.5,0,0,1,8,.59V.5A.5.5,0,0,1,8.41,0H12.5ZM5.83,2a.5.5,0,0,1,.5.5A.49.49,0,0,1,5.92,3H1.83a.87.87,0,0,0-.59.24A.8.8,0,0,0,1,3.72v7.45a.87.87,0,0,0,.24.59.8.8,0,0,0,.48.23H9.17a.87.87,0,0,0,.59-.24.8.8,0,0,0,.23-.48V7.17a.5.5,0,0,1,.5-.5.49.49,0,0,1,.49.41v4.09a1.8,1.8,0,0,1-.54,1.29A1.76,1.76,0,0,1,9.33,13H1.83a1.8,1.8,0,0,1-1.29-.54A1.76,1.76,0,0,1,0,11.33V3.83A1.8,1.8,0,0,1,.54,2.54,1.76,1.76,0,0,1,1.67,2H5.83Z\"\/>\n<\/SVG>\n<\/span><\/div><\/a><\/div>\n","protected":false},"excerpt":{"rendered":"<p>Alle som har psykiske lidelser og\/eller rusmiddelproblemer b\u00f8r regelmessig f\u00f8lges opp av tannhelsepersonell. Utredning Har du smerter eller andre problemer i munnen? Hvor lenge er det siden ditt forrige tannlege-\/tannpleierbes\u00f8k?\u2013 Hvis det er mer enn 2 \u00e5r siden: Hva er \u00e5rsaken til at du ikke har v\u00e6rt hos tannlege\/tannpleier p\u00e5 lang tid?\u2013 Hvis angst er [&hellip;]<\/p>\n","protected":false},"author":7,"featured_media":0,"parent":0,"menu_order":0,"comment_status":"closed","ping_status":"closed","template":"","meta":{"_acf_changed":false,"_relevanssi_hide_post":"","_relevanssi_hide_content":"","_relevanssi_pin_for_all":"","_relevanssi_pin_keywords":"","_relevanssi_unpin_keywords":"","_relevanssi_related_keywords":"","_relevanssi_related_include_ids":"","_relevanssi_related_exclude_ids":"","_relevanssi_related_no_append":"","_relevanssi_related_not_related":"","_relevanssi_related_posts":"1","_relevanssi_noindex_reason":"","_custom_cards_description":"","footnotes":""},"class_list":["post-1138","page","type-page","status-publish","hentry"],"acf":[],"_links":{"self":[{"href":"https:\/\/www.blakors.no\/klinikk-oslo-sentrum\/wp-json\/wp\/v2\/pages\/1138","targetHints":{"allow":["GET"]}}],"collection":[{"href":"https:\/\/www.blakors.no\/klinikk-oslo-sentrum\/wp-json\/wp\/v2\/pages"}],"about":[{"href":"https:\/\/www.blakors.no\/klinikk-oslo-sentrum\/wp-json\/wp\/v2\/types\/page"}],"author":[{"embeddable":true,"href":"https:\/\/www.blakors.no\/klinikk-oslo-sentrum\/wp-json\/wp\/v2\/users\/7"}],"replies":[{"embeddable":true,"href":"https:\/\/www.blakors.no\/klinikk-oslo-sentrum\/wp-json\/wp\/v2\/comments?post=1138"}],"version-history":[{"count":3,"href":"https:\/\/www.blakors.no\/klinikk-oslo-sentrum\/wp-json\/wp\/v2\/pages\/1138\/revisions"}],"predecessor-version":[{"id":1141,"href":"https:\/\/www.blakors.no\/klinikk-oslo-sentrum\/wp-json\/wp\/v2\/pages\/1138\/revisions\/1141"}],"wp:attachment":[{"href":"https:\/\/www.blakors.no\/klinikk-oslo-sentrum\/wp-json\/wp\/v2\/media?parent=1138"}],"curies":[{"name":"wp","href":"https:\/\/api.w.org\/{rel}","templated":true}]}}