{"id":1538,"date":"2025-09-11T13:18:09","date_gmt":"2025-09-11T11:18:09","guid":{"rendered":"https:\/\/www.blakors.no\/klinikk-oslo-sentrum\/?page_id=1538"},"modified":"2026-01-05T13:02:22","modified_gmt":"2026-01-05T12:02:22","slug":"pornoavhengighet","status":"publish","type":"page","link":"https:\/\/www.blakors.no\/klinikk-oslo-sentrum\/pornoavhengighet\/","title":{"rendered":"Pornoavhengighet"},"content":{"rendered":"\n<h2 id=\"hva-er-pornoavhengighet-problematisk-bruk-av-porno\"  class=\"wp-block-heading\" >Hva er&nbsp;pornoavhengighet\/problematisk bruk av porno?<\/h2>\n\n\n\n<p>Pornoavhengighet er ingen offisiell diagnose, men vi ser likevel at stadig flere opplever \u00e5 miste kontroll over m\u00e5ten de bruker porno p\u00e5 og at dette skaper problemer p\u00e5 flere livsomr\u00e5der. Vi har erfart at dette likner mye p\u00e5 mange andre former for avhengighet og at det ogs\u00e5 kan behandles p\u00e5 liknende m\u00e5ter.<\/p>\n\n\n\n<h2 id=\"kjennetegn-pa-problematisk-bruk-av-porno\"  class=\"wp-block-heading\" >Kjennetegn p\u00e5&nbsp;problematisk bruk av porno<\/h2>\n\n\n\n<ul class=\"wp-block-list\">\n<li>Problemene har vart mer enn seks m\u00e5neder<\/li>\n\n\n\n<li>Man har ikke klart \u00e5 slutte eller redusere bruken p\u00e5 egen h\u00e5nd selv om man \u00f8nsker det<\/li>\n\n\n\n<li>Man bruker&nbsp;s\u00e5 mye tid p\u00e5 porno at dette g\u00e5r utover andre viktige ting som jobb, skole eller andre aktiviteter.<\/li>\n\n\n\n<li>Man m\u00e5 se mer og grovere porno for \u00e5 kjenne p\u00e5 samme effekt.<\/li>\n\n\n\n<li>Man opplever at bruken g\u00e5r utover seksualiteten p\u00e5 negative m\u00e5ter.<\/li>\n\n\n\n<li>Man har stadig mer seksualiserte tanker og impulser i situasjoner der dette ikke passer seg.<\/li>\n\n\n\n<li>Man opplever at seksuelle interesser har endret seg mye fra hvordan de var i utgangspunktet p\u00e5 en negativ m\u00e5te.<\/li>\n\n\n\n<li>Man opplever at pornobruken g\u00e5r utover parforholdet p\u00e5 negative m\u00e5ter.<\/li>\n\n\n\n<li>Man lyver om pornobruken<\/li>\n<\/ul>\n\n\n\n<h2 id=\"behandling\"  class=\"wp-block-heading\" >Behandling<\/h2>\n\n\n\n<ul class=\"wp-block-list\">\n<li>Individualsamtaler som er individuelt tilpasset den enkeltes problem<\/li>\n\n\n\n<li>Mulighet for parsamtaler der problematikken ogs\u00e5 g\u00e5r utover partner<\/li>\n\n\n\n<li>Mulighet for ulike former for gruppebehandling eller kurs<\/li>\n<\/ul>\n\n\n\n<h2 id=\"eksklusjonskriterier\"  class=\"wp-block-heading\" >Eksklusjonskriterier<\/h2>\n\n\n\n<ul class=\"wp-block-list\">\n<li>Uttalte parafiliforstyrrelser<\/li>\n\n\n\n<li>Moderat bruk av porno uten at dette g\u00e5r utover fungering i hverdagen<\/li>\n<\/ul>\n\n\n\n<h2 class=\"wp-block-heading\" id=\"hvordan-fa-hjelp-hos-oss\">Hvordan f\u00e5 hjelp hos oss?<\/h2>\n\n\n\n<p>Du trenger en <a href=\"https:\/\/www.blakors.no\/klinikk-oslo-sentrum\/for-helsepersonell\/\">henvisning<\/a>. Den f\u00e5r du for eksempel hos fastlege, psykolog eller NAV.<\/p>\n\n\n\n<h2 class=\"wp-block-heading\" id=\"kontakt-oss\">Kontakt oss<\/h2>\n\n\n\n<p>Har du sp\u00f8rsm\u00e5l, s\u00e5 ta gjerne ta kontakt med oss p\u00e5 telefon: 22 99 49 00.<\/p>\n","protected":false},"excerpt":{"rendered":"<p>Hva er&nbsp;pornoavhengighet\/problematisk bruk av porno? Pornoavhengighet er ingen offisiell diagnose, men vi ser likevel at stadig flere opplever \u00e5 miste kontroll over m\u00e5ten de bruker porno p\u00e5 og at dette skaper problemer p\u00e5 flere livsomr\u00e5der. Vi har erfart at dette likner mye p\u00e5 mange andre former for avhengighet og at det ogs\u00e5 kan behandles p\u00e5 [&hellip;]<\/p>\n","protected":false},"author":86,"featured_media":0,"parent":0,"menu_order":0,"comment_status":"closed","ping_status":"closed","template":"","meta":{"_acf_changed":false,"_relevanssi_hide_post":"","_relevanssi_hide_content":"","_relevanssi_pin_for_all":"","_relevanssi_pin_keywords":"","_relevanssi_unpin_keywords":"","_relevanssi_related_keywords":"","_relevanssi_related_include_ids":"","_relevanssi_related_exclude_ids":"","_relevanssi_related_no_append":"","_relevanssi_related_not_related":"","_relevanssi_related_posts":"","_relevanssi_noindex_reason":"","_custom_cards_description":"","footnotes":""},"class_list":["post-1538","page","type-page","status-publish","hentry"],"acf":[],"_links":{"self":[{"href":"https:\/\/www.blakors.no\/klinikk-oslo-sentrum\/wp-json\/wp\/v2\/pages\/1538","targetHints":{"allow":["GET"]}}],"collection":[{"href":"https:\/\/www.blakors.no\/klinikk-oslo-sentrum\/wp-json\/wp\/v2\/pages"}],"about":[{"href":"https:\/\/www.blakors.no\/klinikk-oslo-sentrum\/wp-json\/wp\/v2\/types\/page"}],"author":[{"embeddable":true,"href":"https:\/\/www.blakors.no\/klinikk-oslo-sentrum\/wp-json\/wp\/v2\/users\/86"}],"replies":[{"embeddable":true,"href":"https:\/\/www.blakors.no\/klinikk-oslo-sentrum\/wp-json\/wp\/v2\/comments?post=1538"}],"version-history":[{"count":5,"href":"https:\/\/www.blakors.no\/klinikk-oslo-sentrum\/wp-json\/wp\/v2\/pages\/1538\/revisions"}],"predecessor-version":[{"id":1841,"href":"https:\/\/www.blakors.no\/klinikk-oslo-sentrum\/wp-json\/wp\/v2\/pages\/1538\/revisions\/1841"}],"wp:attachment":[{"href":"https:\/\/www.blakors.no\/klinikk-oslo-sentrum\/wp-json\/wp\/v2\/media?parent=1538"}],"curies":[{"name":"wp","href":"https:\/\/api.w.org\/{rel}","templated":true}]}}