{"id":1594,"date":"2025-10-08T18:33:44","date_gmt":"2025-10-08T16:33:44","guid":{"rendered":"https:\/\/www.blakors.no\/klinikk-oslo-sentrum\/?page_id=1594"},"modified":"2025-10-08T18:34:34","modified_gmt":"2025-10-08T16:34:34","slug":"sekvensiell-behandling","status":"publish","type":"page","link":"https:\/\/www.blakors.no\/klinikk-oslo-sentrum\/sekvensiell-behandling\/","title":{"rendered":"Sekvensiell behandling\u00a0"},"content":{"rendered":"\n<p><\/p>\n\n\n\n<p>Bl\u00e5 Kors klinikk Oslo sentrum (poliklinikk) kan, i samarbeid med Bl\u00e5 Kors klinikk Oslo vest (d\u00f8gnklinikk), tilby et sekvensielt behandlingsforl\u00f8p.<\/p>\n\n\n\n<h2 id=\"en-styrking-av-den-polikliniske-behandlingen\"  class=\"wp-block-heading\" >En styrking av den polikliniske behandlingen<\/h2>\n\n\n\n<p>Et sekvensielt opphold betyr at pasienten kombinert med behandling i poliklinikk, f\u00e5r mulighet til kortere innleggelsesperioder ved d\u00f8gnklinikk. Poliklinikken samarbeider da tett med d\u00f8gnklinikken b\u00e5de f\u00f8r, under og etter oppholdene. Et slikt tilbud \u00f8nsker vi at skal fungere som en styrking av pasientens polikliniske behandling.&nbsp;<br>&nbsp;<\/p>\n\n\n\n<h2 id=\"tydelig-plan\"  class=\"wp-block-heading\" >Tydelig plan<\/h2>\n\n\n\n<p>Fordi oppholdene er korte, er det viktig at vi sammen har en tydelig plan f\u00f8r innleggelse. D\u00f8gnklinikken \u00f8nsker derfor en konkret bestilling p\u00e5 hva som skal v\u00e6re hovedfokus i oppholdet. Eksempler kan v\u00e6re:&nbsp;<\/p>\n\n\n\n<p>\u2022 utpr\u00f8ving eller justering av medisiner&nbsp;<\/p>\n\n\n\n<p>\u2022 kartlegging av ADL-ferdigheter&nbsp;<\/p>\n\n\n\n<p>\u2022 spesifikke kliniske observasjoner og vurderinger&nbsp;<\/p>\n\n\n\n<p>\u2022 oppstart med EMDR innenfor trygge d\u00f8gnrammer&nbsp;<\/p>\n\n\n\n<p>\u2022 skjerming fra rus i s\u00e5rbare perioder&nbsp;<\/p>\n\n\n\n<p>\u2022 sosialfaglig arbeid eller oppgaver som ikke lar seg gjennomf\u00f8re hjemme&nbsp;<\/p>\n\n\n\n<p>Pasienter i sekvensiell behandling deltar ikke i MBT-prosessgrupper, siden disse krever lengre opphold for \u00e5 f\u00e5 utbytte.&nbsp;<br>&nbsp;<\/p>\n\n\n\n<p>Vi fors\u00f8ker \u00e5 v\u00e6re fleksible n\u00e5r vi legger opp varigheten av hver innleggelsesperiode. Til sammen kan oppholdene utgj\u00f8re inntil tre m\u00e5neder. Etter endt sekvensielt forl\u00f8p kan pasienten ogs\u00e5 benytte brukerstyrt plass. Kombinasjonen av sekvensielle opphold og brukerstyrte opphold kan gi n\u00f8dvendig st\u00f8tte og rammer over en lengre periode.\u00a0<\/p>\n\n\n\n<h2 id=\"et-sekvensielt-opphold-kan-f-eks-se-slik-ut\"  class=\"wp-block-heading\" >&nbsp;<br>Et sekvensielt opphold kan f.eks se slik ut:\u202f&nbsp;<\/h2>\n\n\n\n<p>Poliklinisk behandling hvor det blir vurdert hensiktsmessig med et sekvensielt forl\u00f8p, 6 uker inneliggende, 4 uker poliklinikk, 4 uker inneliggende, 4 uker poliklinikk, 2 uker inneliggende, deretter poliklinisk behandling.<\/p>\n\n\n\n<p>Her kan du lese mer om v\u00e5r d\u00f8gnklinikk, <a href=\"https:\/\/www.blakors.no\/klinikk-oslo-vest\/\">Bl\u00e5 Kors Oslo vest<\/a><\/p>\n","protected":false},"excerpt":{"rendered":"<p>Bl\u00e5 Kors klinikk Oslo sentrum (poliklinikk) kan, i samarbeid med Bl\u00e5 Kors klinikk Oslo vest (d\u00f8gnklinikk), tilby et sekvensielt behandlingsforl\u00f8p. En styrking av den polikliniske behandlingen Et sekvensielt opphold betyr at pasienten kombinert med behandling i poliklinikk, f\u00e5r mulighet til kortere innleggelsesperioder ved d\u00f8gnklinikk. Poliklinikken samarbeider da tett med d\u00f8gnklinikken b\u00e5de f\u00f8r, under og etter [&hellip;]<\/p>\n","protected":false},"author":7,"featured_media":0,"parent":0,"menu_order":0,"comment_status":"closed","ping_status":"closed","template":"","meta":{"_acf_changed":false,"_relevanssi_hide_post":"","_relevanssi_hide_content":"","_relevanssi_pin_for_all":"","_relevanssi_pin_keywords":"","_relevanssi_unpin_keywords":"","_relevanssi_related_keywords":"","_relevanssi_related_include_ids":"","_relevanssi_related_exclude_ids":"","_relevanssi_related_no_append":"","_relevanssi_related_not_related":"","_relevanssi_related_posts":"","_relevanssi_noindex_reason":"","_custom_cards_description":"","footnotes":""},"class_list":["post-1594","page","type-page","status-publish","hentry"],"acf":[],"_links":{"self":[{"href":"https:\/\/www.blakors.no\/klinikk-oslo-sentrum\/wp-json\/wp\/v2\/pages\/1594","targetHints":{"allow":["GET"]}}],"collection":[{"href":"https:\/\/www.blakors.no\/klinikk-oslo-sentrum\/wp-json\/wp\/v2\/pages"}],"about":[{"href":"https:\/\/www.blakors.no\/klinikk-oslo-sentrum\/wp-json\/wp\/v2\/types\/page"}],"author":[{"embeddable":true,"href":"https:\/\/www.blakors.no\/klinikk-oslo-sentrum\/wp-json\/wp\/v2\/users\/7"}],"replies":[{"embeddable":true,"href":"https:\/\/www.blakors.no\/klinikk-oslo-sentrum\/wp-json\/wp\/v2\/comments?post=1594"}],"version-history":[{"count":2,"href":"https:\/\/www.blakors.no\/klinikk-oslo-sentrum\/wp-json\/wp\/v2\/pages\/1594\/revisions"}],"predecessor-version":[{"id":1597,"href":"https:\/\/www.blakors.no\/klinikk-oslo-sentrum\/wp-json\/wp\/v2\/pages\/1594\/revisions\/1597"}],"wp:attachment":[{"href":"https:\/\/www.blakors.no\/klinikk-oslo-sentrum\/wp-json\/wp\/v2\/media?parent=1594"}],"curies":[{"name":"wp","href":"https:\/\/api.w.org\/{rel}","templated":true}]}}