{"id":189,"date":"2020-11-03T23:31:57","date_gmt":"2020-11-03T22:31:57","guid":{"rendered":"https:\/\/www.blakors.no\/klinikk-oslo-sentrum\/?page_id=189"},"modified":"2025-11-04T08:47:46","modified_gmt":"2025-11-04T07:47:46","slug":"alkoholavhengighet","status":"publish","type":"page","link":"https:\/\/www.blakors.no\/klinikk-oslo-sentrum\/alkoholavhengighet\/","title":{"rendered":"Alkoholavhengighet"},"content":{"rendered":"<div class=\"custom-block-banner alignwide contenthalf\"><div class=\"banner-image\" style=\"background-image:url(https:\/\/www.blakors.no\/content\/uploads\/sites\/13\/2020\/06\/Individualterapi-Bla\u030a-Kors-Poliklinikk-Oslo-1024x682.jpg)\"><\/div><div class=\"banner-inner\"><div><h1 id=\"alkoholavhengighet\"  class=\"title large \" >Alkoholavhengighet<\/h1><p>Har du problemer knyttet til bruk av alkohol? Det er mulig \u00e5 f\u00e5 behandling og hjelp hos en av v\u00e5re terapeuter i poliklinikken. <\/p><\/div><\/div><\/div>\n\n\n<h2 class=\"wp-block-heading\" id=\"h-er-alkoholbruken-blitt-en-belastning\">Er alkoholbruken blitt en belastning?<\/h2>\n\n\n\n<p>Alkohol er det vanligste rusmiddelet i Norge. Mange har gode erfaringer med alkohol, men for noen blir alkoholbruken belastende. Grensen mellom risikofylt bruk av alkohol og avhengighet kan v\u00e6re glidende, &nbsp;og det er ikke alltid lett selv \u00e5 definere n\u00e5r man er avhengig. Noen drikker lite, men jevnt over tid &#8211; andre drikker store mengder. <\/p>\n\n\n\n<p>Alkoholinntaket kan g\u00e5 ut over kroppen, psykisk helse, relasjoner som familie og venner, jobben, eller viktige aktiviteter og interesser i livet.<\/p>\n\n\n\n<h2 class=\"wp-block-heading\" id=\"h-trenger-du-hjelp\">Trenger du hjelp?<\/h2>\n\n\n\n<p>Hos oss jobber det terapeuter med ulik utdanning og med ulike innfallsvinkler til behandling.<\/p>\n\n\n\n<p>Behandling for alkohol- eller andre rusproblemer skjer ved at man g\u00e5r i individuell terapi hos en terapeut som er behandlingsansvarlig. Men behandlingen kan ogs\u00e5 foreg\u00e5 p\u00e5 andre m\u00e5ter og med kombinasjon av flere andre tiln\u00e6rminger.<\/p>\n\n\n\n<p>Ta gjerne kontakt med oss om du tenker at du trenger behandling for ditt alkoholforbruk.<\/p>\n\n\n<div class=\"blakors-link-list aligncenter wp-block-blakors-link-list\">\n\t\t\t<h2 id=\"slik-foregar-rusbehandling\"  class=\"blakors-link-list__title\" >Slik foreg\u00e5r rusbehandling<\/h2>\n\t\t\t\n\t\t\t<div class=\"blakors-link-list__items\">\n\t\t\t\t\n<div class=\"blakors-link-list-item alignwide wp-block-blakors-link-list-item has-background\">\n\t\t\t<a\n\t\t\t\tclass=\"blakors-link-list-item__holder\"\n\t\t\t\thref=\"https:\/\/www.blakors.no\/klinikk-oslo-sentrum\/individualterapi\/\"\n\t\t\t\trel=\"\"\n\t\t\t\t\n\t\t\t>\n\t\t\t\t<div class=\"blakors-link-list-item__content\">\n\t\t\t\t\t<div class=\"blakors-link-list-item__content-inner\">\n\t\t\t\t\t\t<div class=\"title-wrap\">\n\t\t\t\t\t\t\t<h3 class=\"blakors-link-list-item__title\">\n\t\t\t\t\t\t\t\tIndividualterapi\n\t\t\t\t\t\t\t<\/h3>\n\t\t\t\t\t\t\t<svg\n\t\t\t\t\t\t\t\txmlns=\"http:\/\/www.w3.org\/2000\/svg\"\n\t\t\t\t\t\t\t\twidth=\"14\"\n\t\t\t\t\t\t\t\theight=\"12.92\"\n\t\t\t\t\t\t\t\tviewBox=\"0 0 14 12.92\"\n\t\t\t\t\t\t\t>\n\t\t\t\t\t\t\t\t<path\n\t\t\t\t\t\t\t\t\td=\"M7.14-6.58,1.34-.12-.4-1.62,1.84-4.06A8.352,8.352,0,0,1,3.56-5.52H-6.86V-7.64H3.54a7.7,7.7,0,0,1-.84-.61,10.977,10.977,0,0,1-.86-.85L-.4-11.54l1.74-1.5Z\"\n\t\t\t\t\t\t\t\t\ttransform=\"translate(6.86 13.04)\"\n\t\t\t\t\t\t\t\t\tfill=\"#0d76bc\"\n\t\t\t\t\t\t\t\t\/>\n\t\t\t\t\t\t\t<\/svg>\n\t\t\t\t\t\t<\/div>\n\t\t\t\t\t\t\n\t\t\t\t\t<\/div>\n\t\t\t\t<\/div>\n\t\t\t<\/a>\n\t\t<\/div>\n\n<div class=\"blakors-link-list-item alignwide wp-block-blakors-link-list-item has-background\">\n\t\t\t<a\n\t\t\t\tclass=\"blakors-link-list-item__holder\"\n\t\t\t\thref=\"https:\/\/www.blakors.no\/klinikk-oslo-sentrum\/gruppeterapi\/\"\n\t\t\t\trel=\"\"\n\t\t\t\t\n\t\t\t>\n\t\t\t\t<div class=\"blakors-link-list-item__content\">\n\t\t\t\t\t<div class=\"blakors-link-list-item__content-inner\">\n\t\t\t\t\t\t<div class=\"title-wrap\">\n\t\t\t\t\t\t\t<h3 class=\"blakors-link-list-item__title\">\n\t\t\t\t\t\t\t\tGruppeterapi\n\t\t\t\t\t\t\t<\/h3>\n\t\t\t\t\t\t\t<svg\n\t\t\t\t\t\t\t\txmlns=\"http:\/\/www.w3.org\/2000\/svg\"\n\t\t\t\t\t\t\t\twidth=\"14\"\n\t\t\t\t\t\t\t\theight=\"12.92\"\n\t\t\t\t\t\t\t\tviewBox=\"0 0 14 12.92\"\n\t\t\t\t\t\t\t>\n\t\t\t\t\t\t\t\t<path\n\t\t\t\t\t\t\t\t\td=\"M7.14-6.58,1.34-.12-.4-1.62,1.84-4.06A8.352,8.352,0,0,1,3.56-5.52H-6.86V-7.64H3.54a7.7,7.7,0,0,1-.84-.61,10.977,10.977,0,0,1-.86-.85L-.4-11.54l1.74-1.5Z\"\n\t\t\t\t\t\t\t\t\ttransform=\"translate(6.86 13.04)\"\n\t\t\t\t\t\t\t\t\tfill=\"#0d76bc\"\n\t\t\t\t\t\t\t\t\/>\n\t\t\t\t\t\t\t<\/svg>\n\t\t\t\t\t\t<\/div>\n\t\t\t\t\t\t\n\t\t\t\t\t<\/div>\n\t\t\t\t<\/div>\n\t\t\t<\/a>\n\t\t<\/div>\n\n<div class=\"blakors-link-list-item alignwide wp-block-blakors-link-list-item has-background\">\n\t\t\t<a\n\t\t\t\tclass=\"blakors-link-list-item__holder\"\n\t\t\t\thref=\"https:\/\/www.blakors.no\/klinikk-oslo-sentrum\/par-og-familiebehandling\/\"\n\t\t\t\trel=\"\"\n\t\t\t\t\n\t\t\t>\n\t\t\t\t<div class=\"blakors-link-list-item__content\">\n\t\t\t\t\t<div class=\"blakors-link-list-item__content-inner\">\n\t\t\t\t\t\t<div class=\"title-wrap\">\n\t\t\t\t\t\t\t<h3 class=\"blakors-link-list-item__title\">\n\t\t\t\t\t\t\t\tPar-og familiebehandling\n\t\t\t\t\t\t\t<\/h3>\n\t\t\t\t\t\t\t<svg\n\t\t\t\t\t\t\t\txmlns=\"http:\/\/www.w3.org\/2000\/svg\"\n\t\t\t\t\t\t\t\twidth=\"14\"\n\t\t\t\t\t\t\t\theight=\"12.92\"\n\t\t\t\t\t\t\t\tviewBox=\"0 0 14 12.92\"\n\t\t\t\t\t\t\t>\n\t\t\t\t\t\t\t\t<path\n\t\t\t\t\t\t\t\t\td=\"M7.14-6.58,1.34-.12-.4-1.62,1.84-4.06A8.352,8.352,0,0,1,3.56-5.52H-6.86V-7.64H3.54a7.7,7.7,0,0,1-.84-.61,10.977,10.977,0,0,1-.86-.85L-.4-11.54l1.74-1.5Z\"\n\t\t\t\t\t\t\t\t\ttransform=\"translate(6.86 13.04)\"\n\t\t\t\t\t\t\t\t\tfill=\"#0d76bc\"\n\t\t\t\t\t\t\t\t\/>\n\t\t\t\t\t\t\t<\/svg>\n\t\t\t\t\t\t<\/div>\n\t\t\t\t\t\t\n\t\t\t\t\t<\/div>\n\t\t\t\t<\/div>\n\t\t\t<\/a>\n\t\t<\/div>\n\n\t\t\t<\/div>\n\t\t<\/div>\n\n\n<h2 id=\"vi-tilbyr-ogsa\"  class=\"wp-block-heading\" >Vi tilbyr ogs\u00e5<\/h2>\n\n\n\n<p><strong>Kurs om s\u00f8vn, angst og mindfullness<\/strong><br><br>Vi har flere ulike tilbud med kurs og grupper. Kursene er ment \u00e5 gi kunnskap som gj\u00f8r det lettere for deltakerne \u00e5 mestre problemet sitt, og forebygge tilbakefall. Kursene best\u00e5r av undervisning og \u00f8velser. Det er ikke en forventning om at deltakerne skal dele sine historier.<\/p>\n\n\n\n<p>Vi tilbyr blant annet kurs ved angstproblematikk, ved s\u00f8vnvansker og vi har et introduksjonskurs om mindfulness.<\/p>\n\n\n\n<p><strong>Oppf\u00f8lging av tannhelse<\/strong><\/p>\n\n\n\n<p>Alle som har psykiske lidelser og\/eller rusmiddelproblemer b\u00f8r regelmessig f\u00f8lges opp av tannhelsepersonell. Tilstanden din utredes og vi gir r\u00e5d og veiledning sammen med NAV om dekning av utgifter etter folketrygdens regler.<\/p>\n\n\n\n\t\t<div class=\"wp-block-lib-accentuated-link\">\n\t\t\t<a\n\t\t\t\tclass=\"lib-link__link\"\n\t\t\t\thref=\"https:\/\/www.blakors.no\/klinikk-oslo-vest\/tannhelse\/\"\n\t\t\t\ttarget=\"\"\n\t\t\t\trel=\"\"\n\t\t\t>\n\t\t\t\t\n\t\t\t\t<div class=\"lib-link__text-content\">\n\t\t\t\t\t<span class=\"lib-link__tagline\">\n\t\t\t\t\t\tLES MER om\n\t\t\t\t\t<\/span>\n\n\t\t\t\t\t<h3 class=\"lib-link__title\">\n\t\t\t\t\t\tTannhelse\n\t\t\t\t\t<\/h3>\n\n\t\t\t\t\t\n\t\t\t\t<\/div>\n\t\t\t<\/a>\n\t\t<\/div>\n\n\n<h2 id=\"kontakt-oss\"  class=\"wp-block-heading\" >Kontakt oss<\/h2>\n\n\n\n<p>Behandling hos Bl\u00e5 Kors klinikk Oslo sentrum krever<a href=\"https:\/\/www.blakors.no\/klinikk-oslo-sentrum\/for-helsepersonell\/\"> henvisning<\/a> fra lege, psykolog eller NAV.<\/p>\n\n\n\n<p><a href=\"https:\/\/www.blakors.no\/klinikk-oslo-sentrum\/kontakt-oss\/\">Ta gjerne kontakt <\/a>med oss f\u00f8rst for mer informasjon.<\/p>\n\n\n\n<p><\/p>\n","protected":false},"excerpt":{"rendered":"<p>Er alkoholbruken blitt en belastning? Alkohol er det vanligste rusmiddelet i Norge. Mange har gode erfaringer med alkohol, men for noen blir alkoholbruken belastende. Grensen mellom risikofylt bruk av alkohol og avhengighet kan v\u00e6re glidende, &nbsp;og det er ikke alltid lett selv \u00e5 definere n\u00e5r man er avhengig. Noen drikker lite, men jevnt over tid [&hellip;]<\/p>\n","protected":false},"author":23,"featured_media":38,"parent":0,"menu_order":0,"comment_status":"closed","ping_status":"closed","template":"","meta":{"_acf_changed":false,"_relevanssi_hide_post":"","_relevanssi_hide_content":"","_relevanssi_pin_for_all":"on","_relevanssi_pin_keywords":"Alkoholavhengighet, avhengig av alkohol, alkohol, behandling for alkoholavhengighet, alkoholavhengighet poliklinikken","_relevanssi_unpin_keywords":"","_relevanssi_related_keywords":"","_relevanssi_related_include_ids":"","_relevanssi_related_exclude_ids":"","_relevanssi_related_no_append":"","_relevanssi_related_not_related":"","_relevanssi_related_posts":"1","_relevanssi_noindex_reason":"","_custom_cards_description":"","footnotes":""},"class_list":["post-189","page","type-page","status-publish","has-post-thumbnail","hentry"],"acf":[],"_links":{"self":[{"href":"https:\/\/www.blakors.no\/klinikk-oslo-sentrum\/wp-json\/wp\/v2\/pages\/189","targetHints":{"allow":["GET"]}}],"collection":[{"href":"https:\/\/www.blakors.no\/klinikk-oslo-sentrum\/wp-json\/wp\/v2\/pages"}],"about":[{"href":"https:\/\/www.blakors.no\/klinikk-oslo-sentrum\/wp-json\/wp\/v2\/types\/page"}],"author":[{"embeddable":true,"href":"https:\/\/www.blakors.no\/klinikk-oslo-sentrum\/wp-json\/wp\/v2\/users\/23"}],"replies":[{"embeddable":true,"href":"https:\/\/www.blakors.no\/klinikk-oslo-sentrum\/wp-json\/wp\/v2\/comments?post=189"}],"version-history":[{"count":4,"href":"https:\/\/www.blakors.no\/klinikk-oslo-sentrum\/wp-json\/wp\/v2\/pages\/189\/revisions"}],"predecessor-version":[{"id":1654,"href":"https:\/\/www.blakors.no\/klinikk-oslo-sentrum\/wp-json\/wp\/v2\/pages\/189\/revisions\/1654"}],"wp:featuredmedia":[{"embeddable":true,"href":"https:\/\/www.blakors.no\/klinikk-oslo-sentrum\/wp-json\/wp\/v2\/media\/38"}],"wp:attachment":[{"href":"https:\/\/www.blakors.no\/klinikk-oslo-sentrum\/wp-json\/wp\/v2\/media?parent=189"}],"curies":[{"name":"wp","href":"https:\/\/api.w.org\/{rel}","templated":true}]}}