{"id":254,"date":"2020-11-07T13:01:43","date_gmt":"2020-11-07T12:01:43","guid":{"rendered":"https:\/\/www.blakors.no\/klinikk-oslo-sentrum\/?page_id=254"},"modified":"2022-03-02T21:44:09","modified_gmt":"2022-03-02T20:44:09","slug":"psykomotorisk-fysioterapi","status":"publish","type":"page","link":"https:\/\/www.blakors.no\/klinikk-oslo-sentrum\/psykomotorisk-fysioterapi\/","title":{"rendered":"Psykomotorisk fysioterapi"},"content":{"rendered":"<div class=\"custom-block-banner alignwide contenthalf\"><div class=\"banner-image\" style=\"background-image:url(https:\/\/www.blakors.no\/content\/uploads\/sites\/13\/2020\/11\/Psykomotorisk-fysioterapi-1024x576.jpg)\"><\/div><div class=\"banner-inner\"><div><h1 id=\"psykomotorisk-fysioterapi\"  class=\"title small \" >Psykomotorisk fysioterapi<\/h1><p>Bl\u00e5 Kors klinikk Oslo sentrum har tilbud om psykomotorisk fysioterapi, som tar utgangspunkt i sammenhengen mellom f\u00f8lelser, pust og muskelspenninger.<\/p><\/div><\/div><\/div>\n\n\n<h2 class=\"wp-block-heading\" id=\"h-nar-folelser-leves-i-kroppen\">N\u00e5r f\u00f8lelser leves i kroppen<\/h2>\n\n\n\n<p>Dersom du er pasient hos oss og \u00f8nsker\/ har behov for psykomotorisk fysioterapi (PMF) som et ledd i behandlingen din, er dette mulig i poliklinikken. PMF tar utgangspunkt i sammenhengen mellom f\u00f8lelser, pust og muskelspenninger. Langvarige belastninger, sykdom eller traumatiske hendelser p\u00e5virker kroppen p\u00e5 ulike m\u00e5ter. PMF kan derfor v\u00e6re et nyttig supplement til samtaleterapi.<\/p>\n\n\n\n<h2 class=\"wp-block-heading\" id=\"h-behandlingen\">Behandlingen<\/h2>\n\n\n\n<p>Behandlingen inneb\u00e6rer samtale og ulike former for bevegelse, ber\u00f8ring, massasje og sansestimulering. Gjennom samtale og refleksjoner rundt det du opplever i behandlingen, kan det bli enklere \u00e5 legge merke til hvor og n\u00e5r kroppen er anspent. P\u00e5 den m\u00e5ten blir det en  mulighet for \u00e5 endre p\u00e5 en u\u00f8nsket spenningstilstand\/uro i kroppen.<\/p>\n\n\n\n<div class=\"custom-block-factbox\">\n\t<p><!-- wp:paragraph --><\/p>\n<ul>\n<li>F\u00f8lelser leves i kroppen.<\/li>\n<li>F\u00f8lelser kan v\u00e6re vanskelige. Vi holder pusten, biter tennene sammen mens hjertet dunker i brystet.<\/li>\n<li>F\u00f8lelser kan ogs\u00e5 v\u00e6re kilde til vitalitet og livskraft. <em>kilde: Fysioterapiforbundet<\/em><\/li>\n<\/ul>\n<p><!-- \/wp:paragraph --><\/p>\n<\/div>\n","protected":false},"excerpt":{"rendered":"<p>N\u00e5r f\u00f8lelser leves i kroppen Dersom du er pasient hos oss og \u00f8nsker\/ har behov for psykomotorisk fysioterapi (PMF) som et ledd i behandlingen din, er dette mulig i poliklinikken. PMF tar utgangspunkt i sammenhengen mellom f\u00f8lelser, pust og muskelspenninger. Langvarige belastninger, sykdom eller traumatiske hendelser p\u00e5virker kroppen p\u00e5 ulike m\u00e5ter. PMF kan derfor v\u00e6re [&hellip;]<\/p>\n","protected":false},"author":23,"featured_media":279,"parent":0,"menu_order":0,"comment_status":"closed","ping_status":"closed","template":"","meta":{"_acf_changed":false,"_relevanssi_hide_post":"","_relevanssi_hide_content":"","_relevanssi_pin_for_all":"on","_relevanssi_pin_keywords":"Psykomotorisk fysioterapi","_relevanssi_unpin_keywords":"","_relevanssi_related_keywords":"","_relevanssi_related_include_ids":"","_relevanssi_related_exclude_ids":"","_relevanssi_related_no_append":"","_relevanssi_related_not_related":"","_relevanssi_related_posts":"1","_relevanssi_noindex_reason":"","_custom_cards_description":"","footnotes":""},"class_list":["post-254","page","type-page","status-publish","has-post-thumbnail","hentry"],"acf":[],"_links":{"self":[{"href":"https:\/\/www.blakors.no\/klinikk-oslo-sentrum\/wp-json\/wp\/v2\/pages\/254","targetHints":{"allow":["GET"]}}],"collection":[{"href":"https:\/\/www.blakors.no\/klinikk-oslo-sentrum\/wp-json\/wp\/v2\/pages"}],"about":[{"href":"https:\/\/www.blakors.no\/klinikk-oslo-sentrum\/wp-json\/wp\/v2\/types\/page"}],"author":[{"embeddable":true,"href":"https:\/\/www.blakors.no\/klinikk-oslo-sentrum\/wp-json\/wp\/v2\/users\/23"}],"replies":[{"embeddable":true,"href":"https:\/\/www.blakors.no\/klinikk-oslo-sentrum\/wp-json\/wp\/v2\/comments?post=254"}],"version-history":[{"count":24,"href":"https:\/\/www.blakors.no\/klinikk-oslo-sentrum\/wp-json\/wp\/v2\/pages\/254\/revisions"}],"predecessor-version":[{"id":996,"href":"https:\/\/www.blakors.no\/klinikk-oslo-sentrum\/wp-json\/wp\/v2\/pages\/254\/revisions\/996"}],"wp:featuredmedia":[{"embeddable":true,"href":"https:\/\/www.blakors.no\/klinikk-oslo-sentrum\/wp-json\/wp\/v2\/media\/279"}],"wp:attachment":[{"href":"https:\/\/www.blakors.no\/klinikk-oslo-sentrum\/wp-json\/wp\/v2\/media?parent=254"}],"curies":[{"name":"wp","href":"https:\/\/api.w.org\/{rel}","templated":true}]}}