{"id":37,"date":"2020-06-16T13:16:54","date_gmt":"2020-06-16T11:16:54","guid":{"rendered":"https:\/\/www.blakors.no\/klinikk-oslo-sentrum\/?page_id=37"},"modified":"2024-03-21T11:18:04","modified_gmt":"2024-03-21T10:18:04","slug":"individualterapi","status":"publish","type":"page","link":"https:\/\/www.blakors.no\/klinikk-oslo-sentrum\/individualterapi\/","title":{"rendered":"Individualterapi &#8211; Bl\u00e5 Kors klinikk Oslo sentrum"},"content":{"rendered":"<div class=\"custom-block-banner alignwide contenthalf\"><div class=\"banner-image\" style=\"background-image:url(https:\/\/www.blakors.no\/content\/uploads\/sites\/13\/2020\/10\/Terapi-Poliklinikk-Oslo-1024x683.jpg)\"><\/div><div class=\"banner-inner\"><div><h1 id=\"individualterapi\"  class=\"title large \" >Individualterapi<\/h1><p>Dette er en-til-en samtaler med terapeut. Temaene og m\u00e5lsettingene for individualsamtalene blir til i samarbeid mellom deg og din behandler.<\/p><\/div><\/div><\/div>\n\n\n<p>De f\u00f8rste samtalene vil fokusere p\u00e5 kartlegging av livssituasjon og problemet du s\u00f8ker hjelp for. Du og din behandler vil i samarbeid utarbeide en plan for behandlingen du f\u00e5r hos oss.<br><br>Vi har et helhetlig perspektiv. Det inneb\u00e6rer at vi ogs\u00e5  behandler psykiske problemer som angst, depresjon og relasjonelle vansker dersom det er aktuelt.<\/p>\n\n\n","protected":false},"excerpt":{"rendered":"<p>De f\u00f8rste samtalene vil fokusere p\u00e5 kartlegging av livssituasjon og problemet du s\u00f8ker hjelp for. Du og din behandler vil i samarbeid utarbeide en plan for behandlingen du f\u00e5r hos oss. Vi har et helhetlig perspektiv. Det inneb\u00e6rer at vi ogs\u00e5 behandler psykiske problemer som angst, depresjon og relasjonelle vansker dersom det er aktuelt.<\/p>\n","protected":false},"author":23,"featured_media":147,"parent":0,"menu_order":0,"comment_status":"closed","ping_status":"closed","template":"","meta":{"_acf_changed":false,"_relevanssi_hide_post":"","_relevanssi_hide_content":"","_relevanssi_pin_for_all":"","_relevanssi_pin_keywords":"","_relevanssi_unpin_keywords":"","_relevanssi_related_keywords":"","_relevanssi_related_include_ids":"","_relevanssi_related_exclude_ids":"","_relevanssi_related_no_append":"","_relevanssi_related_not_related":"","_relevanssi_related_posts":"1","_relevanssi_noindex_reason":"","_custom_cards_description":"","footnotes":""},"class_list":["post-37","page","type-page","status-publish","has-post-thumbnail","hentry"],"acf":[],"_links":{"self":[{"href":"https:\/\/www.blakors.no\/klinikk-oslo-sentrum\/wp-json\/wp\/v2\/pages\/37","targetHints":{"allow":["GET"]}}],"collection":[{"href":"https:\/\/www.blakors.no\/klinikk-oslo-sentrum\/wp-json\/wp\/v2\/pages"}],"about":[{"href":"https:\/\/www.blakors.no\/klinikk-oslo-sentrum\/wp-json\/wp\/v2\/types\/page"}],"author":[{"embeddable":true,"href":"https:\/\/www.blakors.no\/klinikk-oslo-sentrum\/wp-json\/wp\/v2\/users\/23"}],"replies":[{"embeddable":true,"href":"https:\/\/www.blakors.no\/klinikk-oslo-sentrum\/wp-json\/wp\/v2\/comments?post=37"}],"version-history":[{"count":5,"href":"https:\/\/www.blakors.no\/klinikk-oslo-sentrum\/wp-json\/wp\/v2\/pages\/37\/revisions"}],"predecessor-version":[{"id":1374,"href":"https:\/\/www.blakors.no\/klinikk-oslo-sentrum\/wp-json\/wp\/v2\/pages\/37\/revisions\/1374"}],"wp:featuredmedia":[{"embeddable":true,"href":"https:\/\/www.blakors.no\/klinikk-oslo-sentrum\/wp-json\/wp\/v2\/media\/147"}],"wp:attachment":[{"href":"https:\/\/www.blakors.no\/klinikk-oslo-sentrum\/wp-json\/wp\/v2\/media?parent=37"}],"curies":[{"name":"wp","href":"https:\/\/api.w.org\/{rel}","templated":true}]}}