{"id":491,"date":"2020-11-26T12:25:22","date_gmt":"2020-11-26T11:25:22","guid":{"rendered":"https:\/\/www.blakors.no\/klinikk-oslo-sentrum\/?page_id=491"},"modified":"2021-11-26T13:54:00","modified_gmt":"2021-11-26T12:54:00","slug":"kortidsterapi-for-spillavhengige","status":"publish","type":"page","link":"https:\/\/www.blakors.no\/klinikk-oslo-sentrum\/kortidsterapi-for-spillavhengige\/","title":{"rendered":"Kortidsterapi for spillavhengige"},"content":{"rendered":"<div class=\"custom-block-banner alignwide contenthalf\"><div class=\"banner-image\" style=\"background-image:url(https:\/\/www.blakors.no\/content\/uploads\/sites\/13\/2020\/10\/Terapi-Poliklinikk-Oslo-1024x683.jpg)\"><\/div><div class=\"banner-inner\"><div><h1 id=\"korttidsterapi-for-spillavhengige\"  class=\"title small \" >Korttidsterapi for spillavhengige<\/h1><p>Vi bruker anerkjente metoder for \u00e5 gi deg verkt\u00f8y som raskt gir deg \u00f8kt kontroll. Behandlingen best\u00e5r av 6-8 konsultasjoner p\u00e5 45 minutter med en av v\u00e5re behandlere.<\/p><\/div><\/div><\/div>\n\n\n<h2 class=\"wp-block-heading\" id=\"noen-av-temaene-i-behandling-er\"><strong>Noen av temaene i behandling er:<\/strong><\/h2>\n\n\n\n<ul class=\"wp-block-list\"><li>Forst\u00e5 spillets psykologi<\/li><li>H\u00e5ndtere spillelyst<\/li><li>Analyse av spillesituasjoner<\/li><li>Ta kontroll over situasjoner og gj\u00f8re bevisste valg<\/li><li>Takle stress og ubehag ved hjelp av mindfulness<\/li><\/ul>\n\n\n\n<h2 class=\"wp-block-heading\" id=\"hvem-passer-tilbudet-for\">Hvem passer tilbudet for?<\/h2>\n\n\n\n<p>Korttidsterapi passer for deg som \u00f8nsker \u00e5 jobbe med fokusert behandling for spilleproblemet, og som ikke har omfattende tilleggsproblematikk. Vi har et eget behandlingstilbud til deg som i tillegg har psykiske lidelser og\/eller rusmiddelavhengighet. Vi forutsetter at du er villig til \u00e5 l\u00e6re mer om deg selv, pr\u00f8ve nye ting og jobbe med hjemmeoppgaver mellom timene.<\/p>\n","protected":false},"excerpt":{"rendered":"<p>Noen av temaene i behandling er: Forst\u00e5 spillets psykologi H\u00e5ndtere spillelyst Analyse av spillesituasjoner Ta kontroll over situasjoner og gj\u00f8re bevisste valg Takle stress og ubehag ved hjelp av mindfulness Hvem passer tilbudet for? Korttidsterapi passer for deg som \u00f8nsker \u00e5 jobbe med fokusert behandling for spilleproblemet, og som ikke har omfattende tilleggsproblematikk. Vi har [&hellip;]<\/p>\n","protected":false},"author":7,"featured_media":0,"parent":0,"menu_order":0,"comment_status":"closed","ping_status":"closed","template":"","meta":{"_acf_changed":false,"_relevanssi_hide_post":"","_relevanssi_hide_content":"","_relevanssi_pin_for_all":"","_relevanssi_pin_keywords":"","_relevanssi_unpin_keywords":"","_relevanssi_related_keywords":"","_relevanssi_related_include_ids":"","_relevanssi_related_exclude_ids":"","_relevanssi_related_no_append":"","_relevanssi_related_not_related":"","_relevanssi_related_posts":"1","_relevanssi_noindex_reason":"","_custom_cards_description":"","footnotes":""},"class_list":["post-491","page","type-page","status-publish","hentry"],"acf":[],"_links":{"self":[{"href":"https:\/\/www.blakors.no\/klinikk-oslo-sentrum\/wp-json\/wp\/v2\/pages\/491","targetHints":{"allow":["GET"]}}],"collection":[{"href":"https:\/\/www.blakors.no\/klinikk-oslo-sentrum\/wp-json\/wp\/v2\/pages"}],"about":[{"href":"https:\/\/www.blakors.no\/klinikk-oslo-sentrum\/wp-json\/wp\/v2\/types\/page"}],"author":[{"embeddable":true,"href":"https:\/\/www.blakors.no\/klinikk-oslo-sentrum\/wp-json\/wp\/v2\/users\/7"}],"replies":[{"embeddable":true,"href":"https:\/\/www.blakors.no\/klinikk-oslo-sentrum\/wp-json\/wp\/v2\/comments?post=491"}],"version-history":[{"count":7,"href":"https:\/\/www.blakors.no\/klinikk-oslo-sentrum\/wp-json\/wp\/v2\/pages\/491\/revisions"}],"predecessor-version":[{"id":916,"href":"https:\/\/www.blakors.no\/klinikk-oslo-sentrum\/wp-json\/wp\/v2\/pages\/491\/revisions\/916"}],"wp:attachment":[{"href":"https:\/\/www.blakors.no\/klinikk-oslo-sentrum\/wp-json\/wp\/v2\/media?parent=491"}],"curies":[{"name":"wp","href":"https:\/\/api.w.org\/{rel}","templated":true}]}}