{"id":5,"date":"2020-06-12T11:35:43","date_gmt":"2020-06-12T09:35:43","guid":{"rendered":"https:\/\/www.blakors.no\/klinikk-oslo-sentrum\/?page_id=5"},"modified":"2021-01-12T10:13:43","modified_gmt":"2021-01-12T09:13:43","slug":"sok-behandling","status":"publish","type":"page","link":"https:\/\/www.blakors.no\/klinikk-oslo-sentrum\/sok-behandling\/","title":{"rendered":"Hvordan s\u00f8ke behandling?"},"content":{"rendered":"\n<ul class=\"wp-block-list\"><li><strong>Henvisning: <\/strong>Du trenger&nbsp;henvisning&nbsp;f\u00f8r du kan f\u00e5 helsehjelp i spesialisthelsetjenesten. For \u00e5 f\u00e5 dette, ta kontakt med fastlegen\/lege, psykolog eller NAV.<\/li><li><strong>Tilbakemelding:<\/strong> N\u00e5r vi har f\u00e5tt henvisningen behandler vi den innen 10 virkedager. Du f\u00e5r da en tilbakemelding om du har f\u00e5tt plass hos oss og n\u00e5r behandlingen kan starte.<\/li><li><strong>Egenandel:<\/strong> N\u00e5r du g\u00e5r til behandling i poliklinikken m\u00e5 du betale egenandel etter samme regler som andre helsetjenester. Etter at du har f\u00e5tt frikort er all behandling gratis.<br><\/li><li><strong>Dine rettigheter: <\/strong>Hvis<strong>&nbsp;<\/strong> vi ikke klarer \u00e5 holde fristen vi har gitt deg for n\u00e5r helsehjelpen senest skal starte, vil HELFO kontakte deg for \u00e5 h\u00f8re om du er interessert i et tilsvarende tilbud fra et annet behandlingssted. <\/li><\/ul>\n\n\n\n<h2 id=\"kontakt\"  class=\"wp-block-heading\" >Kontakt<\/h2>\n\n\n\n<p>Har du sp\u00f8rsm\u00e5l om henvisning eller \u00f8nsker \u00e5 komme i kontakt med oss:<\/p>\n\n\n\n<p>Ring oss p\u00e5 telefon 22 99 49 00 og sp\u00f8r etter forl\u00f8pskoordinator.<\/p>\n","protected":false},"excerpt":{"rendered":"<p>Henvisning: Du trenger&nbsp;henvisning&nbsp;f\u00f8r du kan f\u00e5 helsehjelp i spesialisthelsetjenesten. For \u00e5 f\u00e5 dette, ta kontakt med fastlegen\/lege, psykolog eller NAV. Tilbakemelding: N\u00e5r vi har f\u00e5tt henvisningen behandler vi den innen 10 virkedager. Du f\u00e5r da en tilbakemelding om du har f\u00e5tt plass hos oss og n\u00e5r behandlingen kan starte. Egenandel: N\u00e5r du g\u00e5r til behandling [&hellip;]<\/p>\n","protected":false},"author":23,"featured_media":0,"parent":0,"menu_order":0,"comment_status":"closed","ping_status":"closed","template":"","meta":{"_acf_changed":false,"_relevanssi_hide_post":"","_relevanssi_hide_content":"","_relevanssi_pin_for_all":"","_relevanssi_pin_keywords":"","_relevanssi_unpin_keywords":"","_relevanssi_related_keywords":"","_relevanssi_related_include_ids":"","_relevanssi_related_exclude_ids":"","_relevanssi_related_no_append":"","_relevanssi_related_not_related":"","_relevanssi_related_posts":"1","_relevanssi_noindex_reason":"","_custom_cards_description":"","footnotes":""},"class_list":["post-5","page","type-page","status-publish","hentry"],"acf":[],"_links":{"self":[{"href":"https:\/\/www.blakors.no\/klinikk-oslo-sentrum\/wp-json\/wp\/v2\/pages\/5","targetHints":{"allow":["GET"]}}],"collection":[{"href":"https:\/\/www.blakors.no\/klinikk-oslo-sentrum\/wp-json\/wp\/v2\/pages"}],"about":[{"href":"https:\/\/www.blakors.no\/klinikk-oslo-sentrum\/wp-json\/wp\/v2\/types\/page"}],"author":[{"embeddable":true,"href":"https:\/\/www.blakors.no\/klinikk-oslo-sentrum\/wp-json\/wp\/v2\/users\/23"}],"replies":[{"embeddable":true,"href":"https:\/\/www.blakors.no\/klinikk-oslo-sentrum\/wp-json\/wp\/v2\/comments?post=5"}],"version-history":[{"count":14,"href":"https:\/\/www.blakors.no\/klinikk-oslo-sentrum\/wp-json\/wp\/v2\/pages\/5\/revisions"}],"predecessor-version":[{"id":682,"href":"https:\/\/www.blakors.no\/klinikk-oslo-sentrum\/wp-json\/wp\/v2\/pages\/5\/revisions\/682"}],"wp:attachment":[{"href":"https:\/\/www.blakors.no\/klinikk-oslo-sentrum\/wp-json\/wp\/v2\/media?parent=5"}],"curies":[{"name":"wp","href":"https:\/\/api.w.org\/{rel}","templated":true}]}}