{"id":803,"date":"2021-05-27T13:32:03","date_gmt":"2021-05-27T11:32:03","guid":{"rendered":"https:\/\/www.blakors.no\/klinikk-oslo-sentrum\/?page_id=803"},"modified":"2022-03-02T22:08:21","modified_gmt":"2022-03-02T21:08:21","slug":"hvordan-snakke-om-spilleproblemer","status":"publish","type":"page","link":"https:\/\/www.blakors.no\/klinikk-oslo-sentrum\/hvordan-snakke-om-spilleproblemer\/","title":{"rendered":"Hvordan snakke om spilleproblemer"},"content":{"rendered":"\n<div class=\"wp-block-lib-header alignfull hide\"><div class=\"image-wrapper\"><img decoding=\"async\" src=\"https:\/\/www.blakors.no\/content\/uploads\/sites\/13\/2021\/12\/Bla\u030akors-spilling-Kveld-9136-scaled.jpg\"\/><\/div><div class=\"header-innercontent\"><\/div><\/div>\n\n\n<div class=\"custom-block-banner alignwide contenthalf\"><div class=\"banner-image\" style=\"background-image:url(https:\/\/www.blakors.no\/content\/uploads\/sites\/13\/2021\/12\/Parkrangel-pa\u030a-grunn-av-regninger-1024x719.jpg)\"><\/div><div class=\"banner-inner\"><div><h1 id=\"hvordan-snakke-om-spilleproblemer\"  class=\"title small \" >Hvordan snakke om spilleproblemer?<\/h1><p>P\u00e5r\u00f8rende til personer med spilleproblemer opplever ofte at kommunikasjonen har brutt helt sammen, og at alle fors\u00f8k p\u00e5 \u00e5 ta opp spillingen ender med konflikt.<\/p><\/div><\/div><\/div>\n\n\n<p>Det er helt naturlig og lov og f\u00f8le seg sint, trist og sviktet. Det er ogs\u00e5 helt naturlig at man gir uttrykk for det til spilleren, og at man ikke akkurat uttrykker det diplomatisk. Det er selvf\u00f8lgelig helt rimelig, og noe de fleste vil gj\u00f8re i en slik situasjon.<\/p>\n\n\n\n<h2 class=\"wp-block-heading\" id=\"h-innsikt-i-parorendes-tanker-og-folelser-kan-skape-endring-hos-spilleren\">Innsikt i p\u00e5r\u00f8rendes tanker og f\u00f8lelser kan skape endring hos spilleren<\/h2>\n\n\n\n<p>Vi vet at dersom spilleren tar inn over seg hvordan p\u00e5r\u00f8rende har det, kan det gj\u00f8re de motivert for \u00e5 redusere eller slutte med spillingen. MEN hvis konfliktniv\u00e5et er h\u00f8yt og kommunikasjonen er brutt sammen, s\u00e5 er det vanskeligere for spilleren \u00e5 ta dette inn over seg. Det kan bli til at man havner i forsvar, og ikke tar den andres perspektiv.<\/p>\n\n\n\n<h2 class=\"wp-block-heading\" id=\"h-hva-kan-parorende-gjore\">Hva kan p\u00e5r\u00f8rende gj\u00f8re?<\/h2>\n\n\n\n<p>P\u00e5r\u00f8rende kan fors\u00f8ke \u00e5 kommunisere p\u00e5 en litt annen m\u00e5te for \u00e5 pr\u00f8ve \u00e5 bryte m\u00f8nsteret og f\u00e5 i gang en slags dialog igjen.<\/p>\n\n\n\n<p>Det betyr ikke at det er feil \u00e5 v\u00e6re sint og reagere med sterke f\u00f8lelser.<\/p>\n\n\n\n<div class=\"wp-block-image\"><figure class=\"aligncenter size-large is-resized\"><img loading=\"lazy\" decoding=\"async\" src=\"https:\/\/www.blakors.no\/content\/uploads\/sites\/13\/2021\/12\/Bla\u030akors-spilling-Kveld-9136-1024x734.jpg\" alt=\"En mann sitter p\u00e5 kj\u00f8kkenbenken med regninger rundt seg som f\u00f8lger av spillavhengighet. Kj\u00e6resten titter opp p\u00e5 han mens hun legger en tr\u00f8stende arm p\u00e5 skulderen hans.\" class=\"wp-image-926\" width=\"820\" height=\"587\" srcset=\"https:\/\/www.blakors.no\/content\/uploads\/sites\/13\/2021\/12\/Bla\u030akors-spilling-Kveld-9136-1024x734.jpg 1024w, https:\/\/www.blakors.no\/content\/uploads\/sites\/13\/2021\/12\/Bla\u030akors-spilling-Kveld-9136-300x215.jpg 300w, https:\/\/www.blakors.no\/content\/uploads\/sites\/13\/2021\/12\/Bla\u030akors-spilling-Kveld-9136-768x551.jpg 768w, https:\/\/www.blakors.no\/content\/uploads\/sites\/13\/2021\/12\/Bla\u030akors-spilling-Kveld-9136-1536x1102.jpg 1536w, https:\/\/www.blakors.no\/content\/uploads\/sites\/13\/2021\/12\/Bla\u030akors-spilling-Kveld-9136-scaled.jpg 2048w\" sizes=\"auto, (max-width: 820px) 100vw, 820px\" \/><figcaption><meta charset=\"utf-8\">P\u00e5r\u00f8rende kan fors\u00f8ke \u00e5 kommunisere p\u00e5 en litt annen m\u00e5te for \u00e5 pr\u00f8ve \u00e5 bryte m\u00f8nsteret og f\u00e5 i gang en slags dialog igjen. Illustrasjonsfoto: Bl\u00e5 Kors<\/figcaption><\/figure><\/div>\n\n\n\n<h2 class=\"wp-block-heading\" id=\"h-hvordan-apne-opp-for-dialog\">Hvordan \u00e5pne opp for dialog?<\/h2>\n\n\n\n<ul class=\"wp-block-list\"><li>P\u00e5pek det som er positive handlinger, ikke bare det negative.<\/li><li>Snakk om dine egne reaksjoner &#8211; bruk jeg-utsagn.<\/li><li>Pr\u00f8v \u00e5 gi uttrykk for forst\u00e5else for spillerens opplevelser.<\/li><li>Vis vilje til \u00e5 endre p\u00e5 deg selv ogs\u00e5.<\/li><\/ul>\n\n\n\n<div class=\"custom-block-factbox\">\n\t<p>Vurder \u00e5 bruke utsagn som \u00e5pner opp for kommunikasjon, lukket utsagn kan fort f\u00f8re til at dialogen blir fastl\u00e5st.<\/p>\n<p><strong>\u00c5pne utsagn:\u00a0<\/strong><\/p>\n<ul>\n<li>Det er hyggelig at vi kan gj\u00f8re noe sammen.<\/li>\n<li>Jeg blir redd for hvordan det skal g\u00e5 med oss n\u00e5r det g\u00e5r s\u00e5 mye penger til spill.<\/li>\n<li>Jeg skj\u00f8nner at det ikke er s\u00e5 lett \u00e5 kutte ut noe som du har hatt s\u00e5 mye glede av.<\/li>\n<li>Jeg skal fors\u00f8ke \u00e5 la v\u00e6re \u00e5 la frustrasjonen min g\u00e5 ut over deg, hvis vi kan s\u00f8ke hjelp og ta tak i problemene.<\/li>\n<\/ul>\n<p><strong>Lukket utsagn:\u00a0<\/strong><\/p>\n<ul>\n<li>Du bare spiller hele tiden, du bryr deg ikke om oss.<\/li>\n<li>Du har kastet bort alle pengene v\u00e5re p\u00e5 spill.<\/li>\n<li>Hvordan kunne du gj\u00f8re dette mot oss?<\/li>\n<\/ul>\n<p>Utsagn som begynner med \u00abdu\u00bb handler ofte om at man definerer den andre. Det kan f\u00f8re til at den andre parten havner i forsvarsposisjon. Dersom man \u00f8nsker \u00e5 \u00e5pne opp og forst\u00e5 mer kan det v\u00e6re lurt \u00e5 stille sp\u00f8rsm\u00e5l mer n\u00f8ytralt: \u00abHva er det spillingen gir deg?\u00bb<\/p>\n<\/div>\n\n\n\n<div class=\"custom-block-cta\">\n\t<div class=\"icon\"> <svg xmlns=\"http:\/\/www.w3.org\/2000\/svg\" width=\"48\" height=\"68\" viewBox=\"0 0 48 68\"><g transform=\"translate(-280 -772)\"><g transform=\"translate(280 772.357)\"><g><g><g><g><g><path d=\"M14.893,54.073l-.328-.257-.145.395c-.149-.191-.247-.322-.351-.448-.308-.376-.614-.752-.93-1.121a.229.229,0,0,0-.192-.075c-.489.206-.7-.207-.811-.48A19.99,19.99,0,0,0,10.69,49.84c-.449-.792-.978-1.538-1.419-2.334-.45-.813-.831-1.664-1.251-2.494-.093-.184-.238-.343-.332-.527a.92.92,0,0,1-.076-.364c0-.041.076-.087.117-.131l.118.166.14-.056c-.12-.325-.263-.643-.352-.976a6.628,6.628,0,0,1-.112-.873c-.77-.086-.566-.97-.905-1.4a1.912,1.912,0,0,1-.418-.108c-.023-.011.07-.194.049-.284a.477.477,0,0,0-.179-.3c-.276-.148-.324-.376-.047-.645a1.32,1.32,0,0,1-.275.074.6.6,0,0,1-.181-.049c.03-.152.047-.279.08-.4s.085-.243.121-.366a.112.112,0,0,0-.024-.1.579.579,0,0,0-.232-.117c-.178-.017-.358-.005-.564-.005l-.04.223L4.5,37.871l.076-.072c.084.057.167.117.253.17s.191.106.287.159c.019-.091.072-.191.051-.272-.062-.235-.153-.463-.266-.788l-.165.537-.059,0v-.685L3.83,36.1l.056-.081.263.079.112-.066a1.49,1.49,0,0,1-.538-1.966l-.34.306a10.818,10.818,0,0,1-1.138-3.7c-.289.076-.356-.086-.381-.331a10.183,10.183,0,0,0-.184-1.4,15.087,15.087,0,0,0-.5-1.443l.073.028a6.505,6.505,0,0,1-.034-1.409,2.577,2.577,0,0,0,.149-.954c-.006-.031.055-.1.053-.1-.531-.345-.074-.947-.375-1.357-.531-.043-.554-.1-.375-1l-.252.171a2.342,2.342,0,0,1-.022-1.519.286.286,0,0,0-.011-.217c-.462-.8-.2-1.685-.288-2.526-.1-.933-.058-1.88-.071-2.821a1.886,1.886,0,0,1,.067-.368l.43.088L.2,15.228C.135,14.934,0,14.688.062,14.5s-.268-.629.172-.576a9.65,9.65,0,0,1-.172-1.017c-.006-.084.179-.183.322-.319l-.138-.863c.782-.339.213-1.009.362-1.468a1.8,1.8,0,0,0,.339-.348,2.018,2.018,0,0,0,.132-.489l.153.006L.845,8.8l.325-.053c.084-.53.378-.817.858-.81l-.059-.63.962-.783-.2-.08a3.353,3.353,0,0,0,.225-.366c.108-.237.217-.352.451-.071L3.31,5.672a4.173,4.173,0,0,1,1.039-.627c.394-.066.784-.16,1.291-.267l-.453-.112-.062-.114c.232-.162.467-.452.695-.447.192,0,.377.352.537.52l.138-.217-.3-.482L6.3,3.812l.623.348c.2-.3.411-.607.614-.922.012-.018-.054-.075-.06-.118a.8.8,0,0,1-.01-.263c.24-.059.485-.095.846-.156l-.319.4.062.078c.182-.131.46-.225.528-.4a.321.321,0,0,1,.569-.127c.26.321.569.184.842.155.424-.045.834-.243,1.264,0,.07.04.216-.052.368-.095l.158.336a2.487,2.487,0,0,1,1.878.13c.358.194.751.318,1.127.475a6.107,6.107,0,0,1,1.164.685c.453.324.439.343.052.736-.051.052-.1.11-.2.226l-.216-.452c-.091.069-.293.155-.291.235a2.834,2.834,0,0,0,.172.654c.657-.646.828-.565,1.138.335.2.092.345.115.419.2.221.244.406.521.624.768.264.3.54.587.83.86a1.113,1.113,0,0,0,.341.161L19.2,9l-.584-.475-.237.21.279.243-.271.368.088.1.264-.2.384.323q.034-.269.068-.539a.281.281,0,0,0,0-.044,4.852,4.852,0,0,1,.943.716,1.883,1.883,0,0,1,.577,1.224c0,.088.157.179.241.269l-.315.241.045-.388-.262.193.072.708c.292-.479.534.019.885.156l-.046-.443a.53.53,0,0,1,.207.747.849.849,0,0,0-.1.308c0,.011.142.083.167.063a.812.812,0,0,0,.228-.263,1.6,1.6,0,0,0,.066-.39c.217.641.3.649.762.416.23-.115.209-.225.165-.411a1.219,1.219,0,0,1,0-.607l.128.337a1.636,1.636,0,0,1,.171-.373c.054-.062.164-.076.31-.137l-.3-.227.648-1.55.5.67.1-.056-.305-.542.411-.305-.116-.157.555-.121-.267-.442.445-.179a7.534,7.534,0,0,1,.911-.723c.357-.21.405-.3.151-.63a.405.405,0,0,1-.055-.355c.044-.086.209-.109.355-.176a.845.845,0,0,1,.291-1.214c.358-.193.441-.516.678-.737.825-.772,1.7-1.5,2.565-2.22a4.792,4.792,0,0,1,.819-.507c.083-.045.211-.007.367-.007l.171-.42.176.376a.816.816,0,0,1,1.117-.688c.144-.373.251-.417.406-.227a3.329,3.329,0,0,1,.628-.3C34.338.465,35.022.395,35.667.2A5.524,5.524,0,0,1,37.936.22c.2.02.437-.241.64-.219a5.688,5.688,0,0,1,1.585.336A4.508,4.508,0,0,0,41.24.744,12.709,12.709,0,0,1,43,1.273l-.064.588.36-.257.913,1.046-.072.049c.122.044.286.051.359.137.264.307.5.641.742.964l-.091.076-.219-.053-.106.129L45.03,4c.5.112.7.506.88.921a.284.284,0,0,0,.122.145.745.745,0,0,1,.493.852c-.006.052.1.113.152.174.063.079.169.163.171.247.013.691.551,1.231.541,1.922a2.98,2.98,0,0,1-.093.5c.748.323-.123.444-.092.75l.477.319.109,1.113-.157.017-.081-.839c-.222.092-.395.159-.206.456a2.429,2.429,0,0,1,.158.573.351.351,0,0,0,.135.193c.367.206.385.4.126.6a14.023,14.023,0,0,1,.137,4.27l-.486-.286.058.59.255-.237c.053.075.148.149.15.226.01.317-.007.635-.017.953,0,.028-.007.073-.025.082-.088.043-.181.076-.272.112.069.089.2.184.2.265-.07.761-.162,1.521-.254,2.28-.02.169-.066.335-.1.5l-.527-.289-.128.11a2.2,2.2,0,0,0,.209.407c.025.032.174-.032.292-.058.02.07.085.169.059.226-.177.389.075.9-.341,1.217a.156.156,0,0,0-.046.122,6.564,6.564,0,0,1-.743,3.159c-.106.269-.138.566-.226.844-.13.413-.273.823-.424,1.23a1.546,1.546,0,0,1-.245.458c-.136.161-.411.222-.152.531.119.143-.328.829-.543.935a1.3,1.3,0,0,0-.218.181c.295.007.307.109.2.34-.263.586-.492,1.188-.735,1.782l-.1-.121c-.051.1-.173.235-.143.29.313.577-.183.994-.288,1.482a5.872,5.872,0,0,1-.449,1.135,2.04,2.04,0,0,1-.3.37l-.5-.3-.183.071.16.5-.129.049.062.131.6-.306v.492l-.221-.07a2.926,2.926,0,0,0-.1.491,1.584,1.584,0,0,1-.035.543l-.234-.475-.295.265-.152-.225-.116.037.122.506-.652-.446-.3.466.326.08L40.3,38.133l.473-.253.085.051-.584.793c-.027-.648-.4-.4-.691-.343l.547.253c-.247.161-.442.273-.618.41-.072.056-.165.2-.14.247.225.4-.147.644-.2.915l.221.4-.1.076L39,40.545l-.481.4.335.475-.059.03.51.251-.039.1.4-.055c-.262.253-.446.441-.127.767.1.1.023.426-.036.63a2.838,2.838,0,0,1-.338.763,5.921,5.921,0,0,1-.632.754,3.973,3.973,0,0,0-1.158,2.01,2.043,2.043,0,0,0-.529-.409,1.8,1.8,0,0,0-.624.026l.018.157.414-.046a3.5,3.5,0,0,0,.005.417.33.33,0,0,0,.111.191c.276.235.254.411-.043.632a5.757,5.757,0,0,0-.668.692V47.5l-.138-.013c-.029.2-.066.405-.084.609-.022.255-.026.512-.032.643-.245.064-.444.063-.473.132-.1.243-.261.517.024.8l.061-.283.119.074c-.072.107-.146.213-.216.321-.04.061-.116.133-.105.185.091.422-.253.586-.441.862a7.035,7.035,0,0,0-.373,1.078c-.174.387-.425.738-.625,1.114a11.132,11.132,0,0,0-.685,1.392c-.128.352-.323.522-.644.358-.225-.115-.445-.239-.7-.377l-.392.741-.034-.02a2.518,2.518,0,0,1-.251.456,3.732,3.732,0,0,1-.455.4,5.173,5.173,0,0,1,.813.906c.091.161-.072.494-.167.729-.386.951-1.156,1.674-1.6,2.585-.381.79-1.114,1.32-1.453,2.132-.052.124-.278.207-.44.248-.77.194-1.031.815-1.313,1.454a3.267,3.267,0,0,1-.594.786c-.311.35-.495.663-.075,1.084.225.226.383.581-.012.8-.165.093-.425.015-.7.015l.332.479-.046.057c-.169-.092-.344-.173-.505-.277-.372-.24-.732-.5-1.11-.732-.091-.055-.3.017-.341-.043-.264-.415-.8-.32-1.094-.579A12.266,12.266,0,0,1,20.9,64.027a2.312,2.312,0,0,1-.236-.712l.279-.051.013-.069-.5-.158-.074.295-.083-.01c.005-.082.005-.165.017-.246.032-.229.1-.477-.3-.354-.058.018-.178-.087-.237-.16q-1.171-1.467-2.327-2.945a2.811,2.811,0,0,1-.243-.471h.14l-.2-.737-.265.384-.484-.726c.285-.156.373-.219.056-.509a4.269,4.269,0,0,1-.725-1.288c-.024-.048.1-.232.119-.227a.514.514,0,0,1,.3.155c.174.266.3.567.476.827a7.07,7.07,0,0,0,.563.643l.194-.114a3.509,3.509,0,0,0-.268-.87,10.3,10.3,0,0,0-.779-.942,1.729,1.729,0,0,1-.17-.375c-.2-.442-.594-.451-.994-.449l.007.009a5.565,5.565,0,0,0,.079-.672c0-.273-.119-.382-.369-.18M17.6,49.765l-.17.335c.336.142.474.735.963.442l-.016-.349A7.184,7.184,0,0,1,19.626,52.5l.106.017.032.369-.648-.276v.414l.513.436c.178.2.215.587.412.7.421.246.367.573.375.941a3.487,3.487,0,0,0,.149.685.9.9,0,0,1,.538-.118c.044.011.044.193.064.3a6.913,6.913,0,0,0,.8,1.072c.032.038.01.118.035.167.13.257.268.51.4.765l.183-.062.04-.636.41.4.232-.587a.969.969,0,0,1-.206-.52,1.563,1.563,0,0,1,.07-.46c.022-.093.053-.234.117-.258.5-.193.581-.582.5-1.072.464.016.469-.244.333-.617.326-.024.563-.144.469-.524-.008-.033.031-.079.053-.117.2-.341.412-.674.589-1.025.087-.174.063-.41.165-.57a6.274,6.274,0,0,0,.7-1.189,16.833,16.833,0,0,1,.784-1.564c.134-.272.241-.558.324-.752a2.019,2.019,0,0,0,.314-.395c.087-.213.07-.492.2-.658a12.065,12.065,0,0,1,.977-.981l-.113-.292a2.137,2.137,0,0,0,.689-2.188c.813-.371,1.193-1.069.875-1.683l.855-.487-.356-.194.324-.47.452.313-.125-.226c.1-.24.174-.421.26-.594a3.17,3.17,0,0,1,.22-.355c.189-.279.381-.555.585-.852l-.26-.215a4.77,4.77,0,0,0,.5-.569.909.909,0,0,0,.19-.753c-.037-.146.108-.339.184-.545-.153-.095-.151-.129.062-.312.17-.146.394-.285.467-.475.144-.376.19-.788.3-1.18a.943.943,0,0,1,.2-.282c.052-.067.136-.12.164-.2.276-.738.549-1.477.81-2.22.062-.177.032-.4.123-.551a9.627,9.627,0,0,0,.639-1.875c.127-.367.116-.872.528-1l.111-.657.218.308.133-.039c-.033-.262-.071-.524-.1-.786-.013-.13-.059-.311.006-.384a2.648,2.648,0,0,0,.436-.973c.246-.7.561-1.376.837-2.038h.406c0-.023,0-.046,0-.069l-.317-.089c.069-.245.128-.48.2-.711.2-.625.415-1.245.606-1.873.141-.465.244-.941.383-1.407a1.083,1.083,0,0,1,.22-.412c.588.175.285-.151.213-.355a.314.314,0,0,1,0-.176c.111-.408.22-.818.345-1.222.143-.462.293-.923.46-1.377a6.491,6.491,0,0,1,.338-.665.26.26,0,0,1-.073-.154,15.443,15.443,0,0,1-.008-1.545c.064-.878.2-1.752.253-2.631a8.384,8.384,0,0,0-.1-1.569c-.058-.431-.223-.848-.279-1.279a.536.536,0,0,0-.53-.522l-.258-.7c-.338.263-.576.075-.773-.154a6.1,6.1,0,0,0-.527-.714c-.289-.246-.562-.064-.786.177-.016.017-.056.01,0,0l-.462-.483-.1.067v.408a1.834,1.834,0,0,0-.485-.078c-.476.06-.947.2-1.423.215-.455.016-.709.341-1.017.555A13,13,0,0,0,32.9,8.96c-.145.132-.342.243-.418.409-.186.4-.31.819-.8,1-.158.058-.244.314-.362.478l-.429-.238c-.072.27.11.594-.3.608-.02,0-.025.135-.056.2-.078.154-.186.295-.25.453a2.11,2.11,0,0,1-.755.87c-.1.076-.07.32-.1.5-.039,0-.181-.022-.2.016a1.486,1.486,0,0,0-.226.608c0,.259-.041.383-.318.4a.356.356,0,0,0-.238.19,11.547,11.547,0,0,1-.667,1.5,4.4,4.4,0,0,0-.444,1.273c-.086.3.057.931-.631.835-.034,0-.081.062-.116.1-.133.153-.264.308-.375.439l.288.515h-.481c-.038.466-.1.533-.552.608-.039.006-.1.044-.1.069-.007.319,0,.638,0,.942h.292c-.12.606.205.643.584.528-.034.511-.052,1.009-.11,1.5a1.333,1.333,0,0,1-.228.422l-.157-.131-.321.372-.567-1.245c-.153.2-.379.366-.4.552-.053.516-.321.48-.777.308a10.887,10.887,0,0,0-.437,1.586c-.061.478-.144.873-.626,1.022a.5.5,0,0,0-.306-.007c-.155.026-.312.046-.468.069-.007-.385-.316-.168-.381-.216l-.338.52-1.56-2.684.487-.264a1.283,1.283,0,0,1-.307,0,3.333,3.333,0,0,1-.184-.8.844.844,0,0,0-.439-.785c-.082-.047-.207-.1-.221-.173-.072-.345-.117-.69-.52-.83-.037-.013-.06-.126-.055-.19a1.448,1.448,0,0,0-.664-1.606.24.24,0,0,1-.079-.22c.18-.351-.108-.553-.284-.708-.615-.54-.74-.974-.449-1.475-.04-.329-.059-.531-.091-.731a.284.284,0,0,0-.085-.183c-.262-.162-.5-.406-.861-.263-.011,0-.04-.035-.076-.066l.032-.242-.663-.855.418-.145-.029-.159-.9.048v-.359l-.41-.113.247-.435c-.215-.139-.476-.252-.2-.439-.183-.281-.338-.538-.515-.78a2.489,2.489,0,0,0-.316-.3,9,9,0,0,1-.855-.835c-.221-.277-.353-.64-.85-.262l.083-.447-.077.034L11.3,9c-.247.03-.5-.573-.892-.039a.441.441,0,0,0-.073-.732,2.293,2.293,0,0,0-.714-.249c-.572.262-.931.926-1.66.822a1.389,1.389,0,0,1,.069.392,2.434,2.434,0,0,1-.146.465c-.058.169-.119.338-.178.507l-.062-.142-.283.022.066,1.034H7.29a1.309,1.309,0,0,0,.052-.3c0-.069-.067-.136-.1-.2-.026.052-.04.12-.081.153-.2.16-.407.312-.563.43l.1.44-.231-.053-.239-.306-.042.011-.49-.621-.1.065.388.905.5-.068.058.461a3.662,3.662,0,0,0-.056.5c0,.07.1.136.1.205,0,.392-.388.593-.477.964.4.172.76.383.655.919.553.281.079.762.309,1.12l-.561-.156c.049.161.132.291.221.3.321.018.267.2.31.438.088.478-.208.947.013,1.426.029.062-.2.243-.359.426l.347.736-.128.123a2.463,2.463,0,0,0-.565-.207c-.332-.038-.14.312-.265.42a.89.89,0,0,0-.131.967c-.09.264-.312.635-.231.723.281.3-.024.434-.084.635-.033.109-.1.234-.068.325.019.056.19.066.295.084a1.2,1.2,0,0,0,.227-.009l-.239.263.318.258.207-.123-.161.649.409-.154c.251.513.251.513.419.287.065.158.125.319.2.473a2.613,2.613,0,0,0,.171.271l-.361.09.07.49v0l-.42-.069c.04.157.083.314.121.472.045.188.087.377.149.647l.515.025-.2.285.3.233-.136.086c.039.073.061.184.121.211.354.159.368.236.076.481.141.435.753.688.457,1.281-.01.019.014.055.024.083q.291.827.583,1.654a.323.323,0,0,0,.08.155,3.541,3.541,0,0,1,1.057,1.693c.047.108.08.3.022.362-.326.33-.115.643-.032.979l.33-.149a.939.939,0,0,1,.062,1.257c-.295.4-.041.564.08.829.182.4.344.8.532,1.2.145.3.312.6.477.889.038.067.138.106.16.175.126.393.237.791.352,1.187l.09-.026.081-.314.268.446-.47.116a2.371,2.371,0,0,1,.658.374,2.566,2.566,0,0,1,.363.743c.019.047-.121.151-.106.207.022.082.117.145.182.214a.3.3,0,0,1-.137.521,2.366,2.366,0,0,1-.293.066l.156.144.386.155c-.23.665-.193,1.05.178,1.257l-.093-.936c.4.53.8,1.023,1.152,1.553.339.514.3.762-.048.99l.6.247-.123.192c.221.133.51.206.607.383.409.75.767,1.528,1.129,2.3a2.9,2.9,0,0,1,.133.548l.184-.071a1.45,1.45,0,0,1,.452,1.211c.016.212-.08.408.231.48.055.013.062.236.091.362l.1.209M46.7,10.653l.111-.041a2.308,2.308,0,0,1-.1-.25c-.034-.121-.1-.339-.072-.356.324-.171.145-.271-.034-.381L46.071,9.3l-.2.224.47.21-.2.443.557.48m.251,1.717-.368-.877-.12.034v1.039l.487-.2m-40.631,3.3-.435-.351.365-.412L5.67,14.8a3.249,3.249,0,0,1,.068.624c-.044.478.163.478.578.246M4.95,5.465l.418.69.149-.42-.193-.362-.374.091M45.624,22.91l-.465.347-.167.11.358.293.219-.4.416.268L46,23.457l-.378-.547M20.775,62.279l-.161.483a3.192,3.192,0,0,0,.475-.006c.084-.013.158-.092.237-.142a2.133,2.133,0,0,0-.26-.328c-.045-.04-.154-.007-.29-.007M47.407,13.027l.091-.013v-.961l-.5-.287-.183.206c.1.02.235.006.295.067a.83.83,0,0,1,.2.365,5.619,5.619,0,0,1,.1.624M7.9,9.177l-.28-1.008c-.318.2-.2.73.28,1.008M44.666,24.985l-.071.01.094.548-.307.125.033.128.562-.1-.311-.713M21.645,62.93c-.081.194-.611-.122-.483.346.038.139.266.226.381.317l.1-.663M47.232,11.311l-.214-.754-.279.436c.292-.025.172.193.078.382l.415-.064M6.39,14.374l-.555-.795c.121.851.191.932.555.795\" transform=\"translate(0 0.001)\" fill=\"#4f2c49\"><\/path><path d=\"M143.254,552.17l-.11.278-.616.2-.493-.8.065-.052.237.207.033-.274.094-.015.129.332c.357-.075-.176-.6.316-.608l.352.739Z\" transform=\"translate(-128.078 -497.254)\" fill=\"#4f2c49\"><\/path><path d=\"M416.6,383.1l.533-1.068c.223.371-.165.645-.246.973-.011.044-.157.055-.288.1\" transform=\"translate(-375.664 -344.491)\" fill=\"#4f2c49\"><\/path><path d=\"M179,502.615a1.163,1.163,0,0,0-.789-.441l-.1-.209c.142-.131.393.406.465-.256l.424.906\" transform=\"translate(-160.607 -452.409)\" fill=\"#4f2c49\"><\/path><path d=\"M67.079,132.958a4.245,4.245,0,0,1,.174-.647c.028-.063.185-.068.3-.106l-.19.841-.285-.087\" transform=\"translate(-60.488 -119.214)\" fill=\"#4f2c49\"><\/path><path d=\"M72.378,247.4l.282-.135c0,.2,0,.466-.01.727a.98.98,0,0,1-.224.036c-.02-.134-.088-.37-.053-.386.209-.1.185-.159.005-.245,0,0,0,0,0,0\" transform=\"translate(-65.252 -222.967)\" fill=\"#4f2c49\"><\/path><\/g><\/g><\/g><\/g><\/g><\/g><\/g><\/svg> <\/div><div class=\"text-button-container\"><div class=\"text\">Lever du n\u00e6r en person som spiller for mye? Vi har ulike tilbud til p\u00e5r\u00f8rende<\/div><div class=\"wp-block-button is-style-primary\"><a class=\"wp-block-button__link\" href=\"https:\/\/www.blakors.no\/poliklinikk-oslo\/parorende-til-en-med-spilleproblemer\/\" target=\"\">Kontakt oss<\/a><\/div><\/div><\/div>\n","protected":false},"excerpt":{"rendered":"<p>Det er helt naturlig og lov og f\u00f8le seg sint, trist og sviktet. Det er ogs\u00e5 helt naturlig at man gir uttrykk for det til spilleren, og at man ikke akkurat uttrykker det diplomatisk. Det er selvf\u00f8lgelig helt rimelig, og noe de fleste vil gj\u00f8re i en slik situasjon. Innsikt i p\u00e5r\u00f8rendes tanker og f\u00f8lelser [&hellip;]<\/p>\n","protected":false},"author":23,"featured_media":926,"parent":0,"menu_order":0,"comment_status":"closed","ping_status":"closed","template":"","meta":{"_acf_changed":false,"_relevanssi_hide_post":"","_relevanssi_hide_content":"","_relevanssi_pin_for_all":"on","_relevanssi_pin_keywords":"Hvordan snakke om spilleproblemer, spilleproblemer, p\u00e5r\u00f8rende, \u00e5pen dialog, hvordan snakke om spilleproblemer","_relevanssi_unpin_keywords":"","_relevanssi_related_keywords":"","_relevanssi_related_include_ids":"","_relevanssi_related_exclude_ids":"","_relevanssi_related_no_append":"","_relevanssi_related_not_related":"","_relevanssi_related_posts":"1","_relevanssi_noindex_reason":"","_custom_cards_description":"","footnotes":""},"class_list":["post-803","page","type-page","status-publish","has-post-thumbnail","hentry"],"acf":[],"_links":{"self":[{"href":"https:\/\/www.blakors.no\/klinikk-oslo-sentrum\/wp-json\/wp\/v2\/pages\/803","targetHints":{"allow":["GET"]}}],"collection":[{"href":"https:\/\/www.blakors.no\/klinikk-oslo-sentrum\/wp-json\/wp\/v2\/pages"}],"about":[{"href":"https:\/\/www.blakors.no\/klinikk-oslo-sentrum\/wp-json\/wp\/v2\/types\/page"}],"author":[{"embeddable":true,"href":"https:\/\/www.blakors.no\/klinikk-oslo-sentrum\/wp-json\/wp\/v2\/users\/23"}],"replies":[{"embeddable":true,"href":"https:\/\/www.blakors.no\/klinikk-oslo-sentrum\/wp-json\/wp\/v2\/comments?post=803"}],"version-history":[{"count":12,"href":"https:\/\/www.blakors.no\/klinikk-oslo-sentrum\/wp-json\/wp\/v2\/pages\/803\/revisions"}],"predecessor-version":[{"id":1028,"href":"https:\/\/www.blakors.no\/klinikk-oslo-sentrum\/wp-json\/wp\/v2\/pages\/803\/revisions\/1028"}],"wp:featuredmedia":[{"embeddable":true,"href":"https:\/\/www.blakors.no\/klinikk-oslo-sentrum\/wp-json\/wp\/v2\/media\/926"}],"wp:attachment":[{"href":"https:\/\/www.blakors.no\/klinikk-oslo-sentrum\/wp-json\/wp\/v2\/media?parent=803"}],"curies":[{"name":"wp","href":"https:\/\/api.w.org\/{rel}","templated":true}]}}