{"id":813,"date":"2021-05-31T22:02:45","date_gmt":"2021-05-31T20:02:45","guid":{"rendered":"https:\/\/www.blakors.no\/klinikk-oslo-sentrum\/?page_id=813"},"modified":"2022-03-02T22:02:36","modified_gmt":"2022-03-02T21:02:36","slug":"har-du-kontroll-pa-spillingen","status":"publish","type":"page","link":"https:\/\/www.blakors.no\/klinikk-oslo-sentrum\/har-du-kontroll-pa-spillingen\/","title":{"rendered":"Har du kontroll p\u00e5 spillingen?"},"content":{"rendered":"\n<div class=\"wp-block-lib-header alignfull hide\"><div class=\"header-innercontent\"><\/div><\/div>\n\n\n\n<p><strong>Hvordan skiller vi mellom normal spilleglede og begynnende tap av kontroll p\u00e5 spilling?<\/strong><\/p>\n\n\n\n<p>Online pengespill har blitt en vanlig underholdning for sv\u00e6rt mange mennesker. <strong>De vanligste spillene er nettpoker, oddsspill og kasinospill.<\/strong> Mange spiller slike spill helt greit, men for noen utvikler spillingen seg fra vanlig engasjement og spilleglede til \u00e5 bli et problem. Ofte er det en glidende overgang mellom det som er grei bruk av spill til problematisk bruk.<\/p>\n\n\n\n<p>Det ser dessverre ut til at nettpengespill oftere skaper problemer for de som spiller enn andre pengespill. Hvorfor er det slik?<\/p>\n\n\n\n<h2 class=\"wp-block-heading\" id=\"h-derfor-skaper-nettpengespill-problemer\">Derfor skaper nettpengespill problemer: <\/h2>\n\n\n\n<ul class=\"wp-block-list\"><li>Spillene er lett tilgjengelige &#8211; hele d\u00f8gnet hjemme hos deg selv<\/li><li>Spillene er raske &#8211; du f\u00e5r rask tilbakemelding p\u00e5 tap og gevinst<\/li><li>Det er lett \u00e5 betale og pengene kjennes ikke ekte<\/li><li>Det er lett \u00e5 miste seg selv &#8211; glemme tid og sted<\/li><li>Du kan delta i flere spill samtidig<\/li><li>Det er lettere \u00e5 spille for gevinsten enn \u00e5 ta den ut<\/li><\/ul>\n\n\n\n<p>Hvordan vet man at man har kontroll, eller om man er i ferd med \u00e5 miste kontroll? Det er ikke alltid lett \u00e5 vite. Det handler ikke n\u00f8dvendigvis om hvor mye tid og penger som g\u00e5r med p\u00e5 spill. En del mennesker har jo b\u00e5de ledig tid og penger til \u00e5 bruke p\u00e5 spill, uten at det utgj\u00f8r noe problem.<\/p>\n\n\n\n<h2 class=\"wp-block-heading\" id=\"h-kjennetegn-pa-at-du-er-i-ferd-med-a-miste-kontroll\">Kjennetegn p\u00e5 at du er i ferd med \u00e5 miste kontroll:<\/h2>\n\n\n\n<ul class=\"wp-block-list\"><li>Pr\u00f8ver \u00e5 vinne tilbake tapte penger.<\/li><li>Spiller sv\u00e6rt mye i perioder.<\/li><li>Spiller mer og mer (tid og penger).<\/li><li>Skiftende innsats &#8211; h\u00f8ye og lave stakes.<\/li><li>Spiller flere forskjeliige pengespill.<\/li><li>Reload (fyller p\u00e5 penger underveis under spille\u00f8kten).<\/li><li>Har flere forskjellige VISA eller Mastercard som brukes til spill.<\/li><li>Aggressiv ved chatting.<\/li><li>Klager ofte til kundeservice.<\/li><\/ul>\n\n\n\n<p>De fleste som spiller vil nok ha gjort noe av dette, men problemspillere vil ha gjort flere av disse tingene og oftere enn andre.<\/p>\n\n\n\n<div class=\"custom-block-factbox\">\n\t<h2 id=\"behandling-for-spillavhengighet\" class=\"blakors-link-list__title\">\u00d8nsker du behandling for spillavhengighet?<\/h2>\n<p class=\"blakors-link-list__description\">Behandling for pengespillavhengighet skjer ved at man g\u00e5r i individuell terapi hos en terapeut som er behandlingsansvarlig. Men behandlingen kan ogs\u00e5 foreg\u00e5 p\u00e5 andre m\u00e5ter og med kombinasjon av flere andre tiln\u00e6rminger.\u00a0<a href=\"https:\/\/www.blakors.no\/poliklinikk-oslo\/pengespillavhengighet\/\">Les mer.\u00a0<\/a><\/p>\n<\/div>\n","protected":false},"excerpt":{"rendered":"<p>Hvordan skiller vi mellom normal spilleglede og begynnende tap av kontroll p\u00e5 spilling? Online pengespill har blitt en vanlig underholdning for sv\u00e6rt mange mennesker. De vanligste spillene er nettpoker, oddsspill og kasinospill. Mange spiller slike spill helt greit, men for noen utvikler spillingen seg fra vanlig engasjement og spilleglede til \u00e5 bli et problem. Ofte [&hellip;]<\/p>\n","protected":false},"author":23,"featured_media":0,"parent":0,"menu_order":0,"comment_status":"closed","ping_status":"closed","template":"","meta":{"_acf_changed":false,"_relevanssi_hide_post":"","_relevanssi_hide_content":"","_relevanssi_pin_for_all":"","_relevanssi_pin_keywords":"","_relevanssi_unpin_keywords":"","_relevanssi_related_keywords":"","_relevanssi_related_include_ids":"","_relevanssi_related_exclude_ids":"","_relevanssi_related_no_append":"","_relevanssi_related_not_related":"","_relevanssi_related_posts":"1","_relevanssi_noindex_reason":"","_custom_cards_description":"","footnotes":""},"class_list":["post-813","page","type-page","status-publish","hentry"],"acf":[],"_links":{"self":[{"href":"https:\/\/www.blakors.no\/klinikk-oslo-sentrum\/wp-json\/wp\/v2\/pages\/813","targetHints":{"allow":["GET"]}}],"collection":[{"href":"https:\/\/www.blakors.no\/klinikk-oslo-sentrum\/wp-json\/wp\/v2\/pages"}],"about":[{"href":"https:\/\/www.blakors.no\/klinikk-oslo-sentrum\/wp-json\/wp\/v2\/types\/page"}],"author":[{"embeddable":true,"href":"https:\/\/www.blakors.no\/klinikk-oslo-sentrum\/wp-json\/wp\/v2\/users\/23"}],"replies":[{"embeddable":true,"href":"https:\/\/www.blakors.no\/klinikk-oslo-sentrum\/wp-json\/wp\/v2\/comments?post=813"}],"version-history":[{"count":11,"href":"https:\/\/www.blakors.no\/klinikk-oslo-sentrum\/wp-json\/wp\/v2\/pages\/813\/revisions"}],"predecessor-version":[{"id":1019,"href":"https:\/\/www.blakors.no\/klinikk-oslo-sentrum\/wp-json\/wp\/v2\/pages\/813\/revisions\/1019"}],"wp:attachment":[{"href":"https:\/\/www.blakors.no\/klinikk-oslo-sentrum\/wp-json\/wp\/v2\/media?parent=813"}],"curies":[{"name":"wp","href":"https:\/\/api.w.org\/{rel}","templated":true}]}}