{"id":832,"date":"2021-06-04T12:34:59","date_gmt":"2021-06-04T10:34:59","guid":{"rendered":"https:\/\/www.blakors.no\/klinikk-oslo-sentrum\/?page_id=832"},"modified":"2023-10-03T10:37:12","modified_gmt":"2023-10-03T08:37:12","slug":"parorende-til-en-med-spilleproblemer","status":"publish","type":"page","link":"https:\/\/www.blakors.no\/klinikk-oslo-sentrum\/parorende-til-en-med-spilleproblemer\/","title":{"rendered":"P\u00e5r\u00f8rende til en med spilleproblemer"},"content":{"rendered":"\n<div class=\"wp-block-lib-header alignfull hide\"><div class=\"image-wrapper\"><img decoding=\"async\" src=\"https:\/\/www.blakors.no\/content\/uploads\/sites\/13\/2021\/12\/Bla\u030akors-spilling-Kveld-9136-scaled.jpg\"\/><\/div><div class=\"header-innercontent\">\n\n<\/div><\/div>\n\n\n<div class=\"custom-block-banner alignwide contenthalf\"><div class=\"banner-image\" style=\"background-image:url(https:\/\/www.blakors.no\/content\/uploads\/sites\/13\/2021\/12\/Bla\u030akors-spilling-Kveld-9136-1024x734.jpg)\"><\/div><div class=\"banner-inner\"><div><h1 id=\"parorende-til-en-med-spilleproblemer\"  class=\"title small \" >P\u00e5r\u00f8rende til en med spilleproblemer<\/h1><p>Avhengighet p\u00e5virker relasjoner. Lever du n\u00e6r en person som spiller\/gamer mye? Vi har ulike tilbud til p\u00e5r\u00f8rende.<\/p><\/div><\/div><\/div>\n\n\n<p>N\u00e5r p\u00e5r\u00f8rende til mennesker med avhengighetslidelse f\u00e5r delta i behandlingen, bedrer det muligheten for at pasienten f\u00e5r til endringer som varer. P\u00e5r\u00f8rende f\u00e5r ogs\u00e5 bedre mulighet til \u00e5 ivareta seg selv.<\/p>\n\n\n\n<h2 class=\"wp-block-heading\" id=\"delta-i-samtaler-sammen-med-pasienten\">Delta i samtaler sammen med pasienten<\/h2>\n\n\n\n<p>Den som er pasient hos oss, kan invitere deg med til time hos sin behandler. Dere kan ogs\u00e5 komme sammen til par- eller familiesamtaler i familieteamet v\u00e5rt. Vi inviterer alle v\u00e5re pasienter til \u00e5 involvere familiemedlemmene sine i behandlingen.<\/p>\n\n\n\n<h2 id=\"hvem-har-ansvaret\"  class=\"wp-block-heading\" >Hvem har ansvaret?<\/h2>\n\n\n\n<p>Vi mener at ansvaret for \u00e5 gj\u00f8re noe med spilleproblemet f\u00f8rst og fremst ligger hos spilleren selv. Samtidig f\u00e5r vi ofte sp\u00f8rsm\u00e5l fra p\u00e5r\u00f8rende som \u00f8nsker \u00e5 vite hva de kan gj\u00f8re. Vi velger derfor \u00e5 gi r\u00e5d om hva p\u00e5r\u00f8rende til spillere <em>kan gj\u00f8re<\/em> for \u00e5 bedre sin situasjon, selv om vi mener at hovedansvaret for \u00e5 endre p\u00e5 spilleproblemet ligger hos spilleren.<\/p>\n\n\n\n<figure class=\"wp-block-embed dekode-gtm-iframe-preview is-type-video is-provider-youtube wp-block-embed-youtube wp-embed-aspect-16-9 wp-has-aspect-ratio\"><div class=\"wp-block-embed__wrapper\">\n<iframe title=\"P\u00e5r\u00f8rende - spilleproblem\" width=\"500\" height=\"281\" data-cookieconsent=\"marketing\" data-cookieblock-src=\"https:\/\/www.youtube.com\/embed\/fg5BSFmkrjc?list=PLUzMw58yw93bDxdbkJuKPC5x1tXqVK_y5\"  allow=\"accelerometer; autoplay; clipboard-write; encrypted-media; gyroscope; picture-in-picture; web-share\" referrerpolicy=\"strict-origin-when-cross-origin\" allowfullscreen sandbox=\"allow-scripts allow-same-origin allow-popups allow-presentation allow-popups-to-escape-sandbox\"><\/iframe>\n\t\t<div class=\"cookieconsent-optout-marketing dekode-gtm-cookie-consent-video-placeholder\">\n\t\t\t<div class=\"dekode-gtm-cookie-consent is-block-core-embed is-provider-youtube\">\n\t\t\t\t\n\t\t\t<img decoding=\"async\" src=\"https:\/\/i.ytimg.com\/vi\/fg5BSFmkrjc\/hqdefault.jpg\" alt=\"youtube\" \/>\n\t\t\t\t<div class=\"overlay\">\n\t\t\t\t\t<div class=\"cookie-info\">\n\t\t\t\t\t\t<h2 id=\"her-ligger-det-medieinnhold-fra-en-ekstern-kilde\"  >Her ligger det medieinnhold fra en ekstern kilde. <\/h2> \n\n<p>For \u00e5 se innholdet, m\u00e5 du endre samtykket ditt.<\/p>\n\n<p>Les mer om hvordan dataen din blir behandlet av eksterne kilder i personvernerkl\u00e6ringen v\u00e5r.<\/p>\n\t\t\t\t\t\t<p>\n\t\t\t\t\t\t\t<a title=\"Endre samtykke\" class=\"dekode-gtm-cookiebot-renew\" href=\"#\">Endre samtykke<\/a>\n\t\t\t\t\t\t\t\n\t\t\t\t\t\t<\/p>\n\t\t\t\t\t<\/div>\n\t\t\t\t<\/div>\n\t\t\t<\/div>\n\t\t<\/div>\n<\/div><figcaption class=\"wp-element-caption\"> H\u00f8r psykolog Oddvar Jordheim Tyssen som har gode r\u00e5d til p\u00e5r\u00f8rende. <\/figcaption><\/figure>\n\n\n<div class=\"blakors-link-list aligncenter wp-block-blakors-link-list\">\n\t\t\t\n\t\t\t\n\t\t\t<div class=\"blakors-link-list__items\">\n\t\t\t\t\n<div class=\"blakors-link-list-item alignwide wp-block-blakors-link-list-item has-background\">\n\t\t\t<a\n\t\t\t\tclass=\"blakors-link-list-item__holder\"\n\t\t\t\thref=\"https:\/\/www.blakors.no\/klinikk-oslo-sentrum\/hvordan-snakke-om-spilleproblemer\/\"\n\t\t\t\trel=\"\"\n\t\t\t\t\n\t\t\t>\n\t\t\t\t<div class=\"blakors-link-list-item__content\">\n\t\t\t\t\t<div class=\"blakors-link-list-item__content-inner\">\n\t\t\t\t\t\t<div class=\"title-wrap\">\n\t\t\t\t\t\t\t<h3 class=\"blakors-link-list-item__title\">\n\t\t\t\t\t\t\t\tHvordan snakke om spilleproblemer?\n\t\t\t\t\t\t\t<\/h3>\n\t\t\t\t\t\t\t<svg\n\t\t\t\t\t\t\t\txmlns=\"http:\/\/www.w3.org\/2000\/svg\"\n\t\t\t\t\t\t\t\twidth=\"14\"\n\t\t\t\t\t\t\t\theight=\"12.92\"\n\t\t\t\t\t\t\t\tviewBox=\"0 0 14 12.92\"\n\t\t\t\t\t\t\t>\n\t\t\t\t\t\t\t\t<path\n\t\t\t\t\t\t\t\t\td=\"M7.14-6.58,1.34-.12-.4-1.62,1.84-4.06A8.352,8.352,0,0,1,3.56-5.52H-6.86V-7.64H3.54a7.7,7.7,0,0,1-.84-.61,10.977,10.977,0,0,1-.86-.85L-.4-11.54l1.74-1.5Z\"\n\t\t\t\t\t\t\t\t\ttransform=\"translate(6.86 13.04)\"\n\t\t\t\t\t\t\t\t\tfill=\"#0d76bc\"\n\t\t\t\t\t\t\t\t\/>\n\t\t\t\t\t\t\t<\/svg>\n\t\t\t\t\t\t<\/div>\n\t\t\t\t\t\t\n\t\t\t\t\t<\/div>\n\t\t\t\t<\/div>\n\t\t\t<\/a>\n\t\t<\/div>\n\n<div class=\"blakors-link-list-item alignwide wp-block-blakors-link-list-item has-background\">\n\t\t\t<a\n\t\t\t\tclass=\"blakors-link-list-item__holder\"\n\t\t\t\thref=\"https:\/\/www.blakors.no\/klinikk-oslo-sentrum\/hvordan-hjelpe-spilleren\/\"\n\t\t\t\trel=\"\"\n\t\t\t\t\n\t\t\t>\n\t\t\t\t<div class=\"blakors-link-list-item__content\">\n\t\t\t\t\t<div class=\"blakors-link-list-item__content-inner\">\n\t\t\t\t\t\t<div class=\"title-wrap\">\n\t\t\t\t\t\t\t<h3 class=\"blakors-link-list-item__title\">\n\t\t\t\t\t\t\t\tHvordan hjelpe spilleren?\n\t\t\t\t\t\t\t<\/h3>\n\t\t\t\t\t\t\t<svg\n\t\t\t\t\t\t\t\txmlns=\"http:\/\/www.w3.org\/2000\/svg\"\n\t\t\t\t\t\t\t\twidth=\"14\"\n\t\t\t\t\t\t\t\theight=\"12.92\"\n\t\t\t\t\t\t\t\tviewBox=\"0 0 14 12.92\"\n\t\t\t\t\t\t\t>\n\t\t\t\t\t\t\t\t<path\n\t\t\t\t\t\t\t\t\td=\"M7.14-6.58,1.34-.12-.4-1.62,1.84-4.06A8.352,8.352,0,0,1,3.56-5.52H-6.86V-7.64H3.54a7.7,7.7,0,0,1-.84-.61,10.977,10.977,0,0,1-.86-.85L-.4-11.54l1.74-1.5Z\"\n\t\t\t\t\t\t\t\t\ttransform=\"translate(6.86 13.04)\"\n\t\t\t\t\t\t\t\t\tfill=\"#0d76bc\"\n\t\t\t\t\t\t\t\t\/>\n\t\t\t\t\t\t\t<\/svg>\n\t\t\t\t\t\t<\/div>\n\t\t\t\t\t\t\n\t\t\t\t\t<\/div>\n\t\t\t\t<\/div>\n\t\t\t<\/a>\n\t\t<\/div>\n\n\t\t\t<\/div>\n\t\t<\/div>\n\n\n<h2 class=\"wp-block-heading\" id=\"page-title\">Ta vare p\u00e5 deg selv<\/h2>\n\n\n\n<p>Konsekvensene av \u00e5 strekke seg for langt kan bli enormt store, og til slutt ogs\u00e5 sl\u00e5 tilbake p\u00e5 den du \u00f8nsker \u00e5 hjelpe. \u00c5 ta vare p\u00e5 deg selv er ogs\u00e5 \u00e5 ta vare p\u00e5 dine n\u00e6rmeste.<\/p>\n\n\n\n<p><strong>Hva kan du gj\u00f8re?<\/strong><\/p>\n\n\n\n<ul class=\"wp-block-list\">\n<li>Bel\u00f8nn deg selv. Det kan v\u00e6re helt enkle ting som \u00e5 si noe hyggelig til seg selv, til st\u00f8rre ting som krever tid og penger, som \u00e5 spandere p\u00e5 seg en fin ting eller g\u00e5 ut og spise.<\/li>\n\n\n\n<li>Ta kontakt med folk! Dessverre er det slik at det blir naturlig \u00e5 trekke seg unna familie og venner n\u00e5r man har problemer. Dette er un\u00f8dvendig og gj\u00f8r ting verre. Ikke v\u00e6r redd for \u00e5 bruke nettverket ditt.<\/li>\n\n\n\n<li>Be om hjelp. V\u00e6r direkte og tydelig p\u00e5 hva du har behov for, heller enn \u00e5 hinte og forvente at folk forst\u00e5r.<\/li>\n<\/ul>\n\n\n\n<h2 id=\"be-om-hjelp\"  class=\"wp-block-heading\" >Be om hjelp<\/h2>\n\n\n\n<p>V\u00e6r direkte og tydelig p\u00e5 hva du har behov for, heller enn \u00e5 hinte og forvente at folk forst\u00e5r. \u00c5 be om hjelp er ofte vanskelig. Det kan v\u00e6re flere grunner til det, man vil ikke v\u00e6re til bry, man vil ordne opp selv eller man \u00f8nsker ikke \u00e5 involvere andre i problemet. <br><br>Kanskje kunne man \u00f8nsket at andre skulle se at man strever, og bry seg uten at en trengte \u00e5 sp\u00f8rre om hjelp. Det viser seg at dette ofte er vanskelig, folk er redd for \u00e5 involvere seg fordi de ikke vet hva de skal si eller gj\u00f8re. V\u00e5r anbefaling er derfor at hvis du kan si noe direkte om hva andre kan hjelpe til med er det lettere for folk \u00e5 tilby hjelp.<\/p>\n\n\n\n<h2 class=\"wp-block-heading\" id=\"egen-behandling\">Egen behandling<\/h2>\n\n\n\n<p>Hvis belastningene p\u00e5 deg som p\u00e5r\u00f8rende p\u00e5virker din daglige fungering, kan du ha nytte av behandling for egen del. Be fastlegen din om egen henvisning til behandling hos oss. Du kan da bli henvist selv om personen med avhengighetsproblemet ikke er i behandling. Behandlingen vil kunne hjelpe deg med \u00e5 forst\u00e5 egne reaksjoner og ivareta deg selv s\u00e5 godt som mulig.<\/p>\n\n\n\n<div class=\"custom-block-factbox\">\n\t<h2 id=\"kontakt-oss\">Har du sp\u00f8rsm\u00e5l om p\u00e5r\u00f8rendetilbudet?<\/h2>\n<p>Ta kontakt med oss via v\u00e5rt sentralbord p\u00e5 telefon 22 99 49 00, og be om \u00e5 f\u00e5 snakke med en av behandlerne i familieteamet.<\/p>\n<\/div>\n\n\n<div class=\"blakors-link-list aligncenter wp-block-blakors-link-list\">\n\t\t\t<h2 id=\"nyttige-lenker-om-pengespill\"  class=\"blakors-link-list__title\" >Nyttige lenker om pengespill<\/h2>\n\t\t\t\n\t\t\t<div class=\"blakors-link-list__items\">\n\t\t\t\t\n<div class=\"blakors-link-list-item alignwide wp-block-blakors-link-list-item has-background\">\n\t\t\t<a class=\"blakors-link-list-item__holder\" href=\"https:\/\/hjelpelinjen.no\/\" rel=\"noopener\" target=\"_blank\">\n\t\t\t\t<div class=\"blakors-link-list-item__content\">\n\t\t\t\t\t<div class=\"blakors-link-list-item__content-inner\">\n\t\t\t\t\t\t<div class=\"title-wrap\">\n\t\t\t\t\t\t\t<h3 class=\"blakors-link-list-item__title\">\n\t\t\t\t\t\t\t\tHjelpelinjen\n\t\t\t\t\t\t\t<\/h3>\n\t\t\t\t\t\t\t<svg\n\t\t\t\t\t\t\t\txmlns=\"http:\/\/www.w3.org\/2000\/svg\"\n\t\t\t\t\t\t\t\twidth=\"14\"\n\t\t\t\t\t\t\t\theight=\"12.92\"\n\t\t\t\t\t\t\t\tviewBox=\"0 0 14 12.92\"\n\t\t\t\t\t\t\t>\n\t\t\t\t\t\t\t\t<path\n\t\t\t\t\t\t\t\t\td=\"M7.14-6.58,1.34-.12-.4-1.62,1.84-4.06A8.352,8.352,0,0,1,3.56-5.52H-6.86V-7.64H3.54a7.7,7.7,0,0,1-.84-.61,10.977,10.977,0,0,1-.86-.85L-.4-11.54l1.74-1.5Z\"\n\t\t\t\t\t\t\t\t\ttransform=\"translate(6.86 13.04)\"\n\t\t\t\t\t\t\t\t\tfill=\"#0d76bc\"\n\t\t\t\t\t\t\t\t\/>\n\t\t\t\t\t\t\t<\/svg>\n\t\t\t\t\t\t<\/div>\n\t\t\t\t\t\t\n\t\t\t\t\t<\/div>\n\t\t\t\t<\/div>\n\t\t\t<\/a>\n\t\t<\/div>\n\n<div class=\"blakors-link-list-item alignwide wp-block-blakors-link-list-item has-background\">\n\t\t\t<a class=\"blakors-link-list-item__holder\" href=\"https:\/\/www.spillavhengighet.no\/\" rel=\"noopener\" target=\"_blank\">\n\t\t\t\t<div class=\"blakors-link-list-item__content\">\n\t\t\t\t\t<div class=\"blakors-link-list-item__content-inner\">\n\t\t\t\t\t\t<div class=\"title-wrap\">\n\t\t\t\t\t\t\t<h3 class=\"blakors-link-list-item__title\">\n\t\t\t\t\t\t\t\tSpilleavhengighet.no\n\t\t\t\t\t\t\t<\/h3>\n\t\t\t\t\t\t\t<svg\n\t\t\t\t\t\t\t\txmlns=\"http:\/\/www.w3.org\/2000\/svg\"\n\t\t\t\t\t\t\t\twidth=\"14\"\n\t\t\t\t\t\t\t\theight=\"12.92\"\n\t\t\t\t\t\t\t\tviewBox=\"0 0 14 12.92\"\n\t\t\t\t\t\t\t>\n\t\t\t\t\t\t\t\t<path\n\t\t\t\t\t\t\t\t\td=\"M7.14-6.58,1.34-.12-.4-1.62,1.84-4.06A8.352,8.352,0,0,1,3.56-5.52H-6.86V-7.64H3.54a7.7,7.7,0,0,1-.84-.61,10.977,10.977,0,0,1-.86-.85L-.4-11.54l1.74-1.5Z\"\n\t\t\t\t\t\t\t\t\ttransform=\"translate(6.86 13.04)\"\n\t\t\t\t\t\t\t\t\tfill=\"#0d76bc\"\n\t\t\t\t\t\t\t\t\/>\n\t\t\t\t\t\t\t<\/svg>\n\t\t\t\t\t\t<\/div>\n\t\t\t\t\t\t\n\t\t\t\t\t<\/div>\n\t\t\t\t<\/div>\n\t\t\t<\/a>\n\t\t<\/div>\n\n<div class=\"blakors-link-list-item alignwide wp-block-blakors-link-list-item has-background\">\n\t\t\t<a class=\"blakors-link-list-item__holder\" href=\"https:\/\/nfsp.no\/\" rel=\"noopener\" target=\"_blank\">\n\t\t\t\t<div class=\"blakors-link-list-item__content\">\n\t\t\t\t\t<div class=\"blakors-link-list-item__content-inner\">\n\t\t\t\t\t\t<div class=\"title-wrap\">\n\t\t\t\t\t\t\t<h3 class=\"blakors-link-list-item__title\">\n\t\t\t\t\t\t\t\tNorsk forening for spillproblematikk\n\t\t\t\t\t\t\t<\/h3>\n\t\t\t\t\t\t\t<svg\n\t\t\t\t\t\t\t\txmlns=\"http:\/\/www.w3.org\/2000\/svg\"\n\t\t\t\t\t\t\t\twidth=\"14\"\n\t\t\t\t\t\t\t\theight=\"12.92\"\n\t\t\t\t\t\t\t\tviewBox=\"0 0 14 12.92\"\n\t\t\t\t\t\t\t>\n\t\t\t\t\t\t\t\t<path\n\t\t\t\t\t\t\t\t\td=\"M7.14-6.58,1.34-.12-.4-1.62,1.84-4.06A8.352,8.352,0,0,1,3.56-5.52H-6.86V-7.64H3.54a7.7,7.7,0,0,1-.84-.61,10.977,10.977,0,0,1-.86-.85L-.4-11.54l1.74-1.5Z\"\n\t\t\t\t\t\t\t\t\ttransform=\"translate(6.86 13.04)\"\n\t\t\t\t\t\t\t\t\tfill=\"#0d76bc\"\n\t\t\t\t\t\t\t\t\/>\n\t\t\t\t\t\t\t<\/svg>\n\t\t\t\t\t\t<\/div>\n\t\t\t\t\t\t\n\t\t\t\t\t<\/div>\n\t\t\t\t<\/div>\n\t\t\t<\/a>\n\t\t<\/div>\n\n<div class=\"blakors-link-list-item alignwide wp-block-blakors-link-list-item has-background\">\n\t\t\t<a class=\"blakors-link-list-item__holder\" href=\"https:\/\/akan.no\/\" rel=\"noopener\" target=\"_blank\">\n\t\t\t\t<div class=\"blakors-link-list-item__content\">\n\t\t\t\t\t<div class=\"blakors-link-list-item__content-inner\">\n\t\t\t\t\t\t<div class=\"title-wrap\">\n\t\t\t\t\t\t\t<h3 class=\"blakors-link-list-item__title\">\n\t\t\t\t\t\t\t\tAkan \u2013 Arbeidslivets kompetansesenter for rus- og avhengighetsproblematikk\n\t\t\t\t\t\t\t<\/h3>\n\t\t\t\t\t\t\t<svg\n\t\t\t\t\t\t\t\txmlns=\"http:\/\/www.w3.org\/2000\/svg\"\n\t\t\t\t\t\t\t\twidth=\"14\"\n\t\t\t\t\t\t\t\theight=\"12.92\"\n\t\t\t\t\t\t\t\tviewBox=\"0 0 14 12.92\"\n\t\t\t\t\t\t\t>\n\t\t\t\t\t\t\t\t<path\n\t\t\t\t\t\t\t\t\td=\"M7.14-6.58,1.34-.12-.4-1.62,1.84-4.06A8.352,8.352,0,0,1,3.56-5.52H-6.86V-7.64H3.54a7.7,7.7,0,0,1-.84-.61,10.977,10.977,0,0,1-.86-.85L-.4-11.54l1.74-1.5Z\"\n\t\t\t\t\t\t\t\t\ttransform=\"translate(6.86 13.04)\"\n\t\t\t\t\t\t\t\t\tfill=\"#0d76bc\"\n\t\t\t\t\t\t\t\t\/>\n\t\t\t\t\t\t\t<\/svg>\n\t\t\t\t\t\t<\/div>\n\t\t\t\t\t\t\n\t\t\t\t\t<\/div>\n\t\t\t\t<\/div>\n\t\t\t<\/a>\n\t\t<\/div>\n\n\t\t\t<\/div>\n\t\t<\/div>","protected":false},"excerpt":{"rendered":"<p>N\u00e5r p\u00e5r\u00f8rende til mennesker med avhengighetslidelse f\u00e5r delta i behandlingen, bedrer det muligheten for at pasienten f\u00e5r til endringer som varer. P\u00e5r\u00f8rende f\u00e5r ogs\u00e5 bedre mulighet til \u00e5 ivareta seg selv. Delta i samtaler sammen med pasienten Den som er pasient hos oss, kan invitere deg med til time hos sin behandler. Dere kan ogs\u00e5 [&hellip;]<\/p>\n","protected":false},"author":23,"featured_media":926,"parent":0,"menu_order":0,"comment_status":"closed","ping_status":"closed","template":"","meta":{"_acf_changed":false,"_relevanssi_hide_post":"","_relevanssi_hide_content":"","_relevanssi_pin_for_all":"on","_relevanssi_pin_keywords":"p\u00e5r\u00f8rende til en med spilleproblemer, p\u00e5r\u00f8rende spill, p\u00e5r\u00f8rende gaming og spill","_relevanssi_unpin_keywords":"","_relevanssi_related_keywords":"","_relevanssi_related_include_ids":"","_relevanssi_related_exclude_ids":"","_relevanssi_related_no_append":"","_relevanssi_related_not_related":"","_relevanssi_related_posts":"1","_relevanssi_noindex_reason":"","_custom_cards_description":"","footnotes":""},"class_list":["post-832","page","type-page","status-publish","has-post-thumbnail","hentry"],"acf":[],"_links":{"self":[{"href":"https:\/\/www.blakors.no\/klinikk-oslo-sentrum\/wp-json\/wp\/v2\/pages\/832","targetHints":{"allow":["GET"]}}],"collection":[{"href":"https:\/\/www.blakors.no\/klinikk-oslo-sentrum\/wp-json\/wp\/v2\/pages"}],"about":[{"href":"https:\/\/www.blakors.no\/klinikk-oslo-sentrum\/wp-json\/wp\/v2\/types\/page"}],"author":[{"embeddable":true,"href":"https:\/\/www.blakors.no\/klinikk-oslo-sentrum\/wp-json\/wp\/v2\/users\/23"}],"replies":[{"embeddable":true,"href":"https:\/\/www.blakors.no\/klinikk-oslo-sentrum\/wp-json\/wp\/v2\/comments?post=832"}],"version-history":[{"count":5,"href":"https:\/\/www.blakors.no\/klinikk-oslo-sentrum\/wp-json\/wp\/v2\/pages\/832\/revisions"}],"predecessor-version":[{"id":1333,"href":"https:\/\/www.blakors.no\/klinikk-oslo-sentrum\/wp-json\/wp\/v2\/pages\/832\/revisions\/1333"}],"wp:featuredmedia":[{"embeddable":true,"href":"https:\/\/www.blakors.no\/klinikk-oslo-sentrum\/wp-json\/wp\/v2\/media\/926"}],"wp:attachment":[{"href":"https:\/\/www.blakors.no\/klinikk-oslo-sentrum\/wp-json\/wp\/v2\/media?parent=832"}],"curies":[{"name":"wp","href":"https:\/\/api.w.org\/{rel}","templated":true}]}}