{"id":85,"date":"2020-06-16T14:15:25","date_gmt":"2020-06-16T12:15:25","guid":{"rendered":"https:\/\/www.blakors.no\/klinikk-oslo-sentrum\/?page_id=85"},"modified":"2025-09-11T14:09:52","modified_gmt":"2025-09-11T12:09:52","slug":"for-helsepersonell","status":"publish","type":"page","link":"https:\/\/www.blakors.no\/klinikk-oslo-sentrum\/for-helsepersonell\/","title":{"rendered":"Henvisning"},"content":{"rendered":"\n\t<div style=\"--t2-hero-dim:0;\" class=\"t2-hero t2-hero-content-position-center-left t2-hero-has-dim-0 alignfull wp-block-t2-hero has-background has-blue-light-background-color\">\n\t\t\n\t\t<div class=\"t2-hero__header\"><div class=\"t2-hero__header__content\">\n\n<h1 id=\"henvisning\"  class=\"wp-block-heading\" >Henvisning<\/h1>\n\n\n\n<p>Henvisningen merkes med \u00f8nsket behandlingssted og sendes til vurdering i helseforetaket (sykehuset).<\/p>\n\n<\/div><\/div>\n\t<\/div>\n\n\n<h2 id=\"hvem-kan-henvise\"  class=\"wp-block-heading\" >Hvem kan henvise?<\/h2>\n\n\n\n<p>For \u00e5 f\u00e5 utredning og\/eller behandling for ditt rus- og avhengighetsproblem i TSB, trenger du en henvisning. Dette kan du f\u00e5 fra lege, psykolog, sosialtjenesten eller annet helsepersonell som har rett til \u00e5 henvise til TSB.<\/p>\n\n\n\n<h2 id=\"hvordan-henvise\"  class=\"wp-block-heading\" >Hvordan henvise?<\/h2>\n\n\n\n<p>Mennesker som \u00f8nsker behandling ved Bl\u00e5 Kors klinikk Oslo sentrum m\u00e5 henvises til spesialisthelsetjenesten ved det helseforetaket (sykehuset) hen tilh\u00f8rer. Helseforetaket vurderer retten til behandling, og setter frist for oppstart i behandling.<\/p>\n\n\n\n<p>Henvisningen videresendes deretter til Bl\u00e5 Kors som tilbyr behandlingen dersom det <strong><em>fremkommer i henvisningen at behandlingen \u00f8nskes gjennomf\u00f8rt ved Bl\u00e5 Kors klinikk Oslo sentrum<\/em><\/strong><em>.<\/em><\/p>\n\n\n\n<h2 id=\"innhold-i-henvisningen\"  class=\"wp-block-heading\" >Innhold i henvisningen<\/h2>\n\n\n\n<p>Behandlingen ved Bl\u00e5 Kors klinikk Oslo sentrum starter p\u00e5 mange m\u00e5ter allerede n\u00e5r v\u00e5rt tverrfaglige inntaksteam mottar henvisningen. Vi \u00f8nsker tydelige henvisninger som gj\u00f8r rede for pasientens behandlings\u00f8nsker og hva som er \u00f8nsket utredningsfokus fra pasient og henviser. Dette er en viktig forberedelse b\u00e5de for pasienten og teamet som skal f\u00f8lge opp pasienten.<\/p>\n\n\n\n<p>Under et opphold kan det gj\u00f8res ulike kartlegginger og utredninger, f.eks. av psykisk eller somatisk helse, kognitiv fungering, ADL ferdigheter, hverdagskompetanse, s\u00f8vn e.l.<\/p>\n\n\n\n<h3 id=\"liste-over-punkter-som-vi-onsker-at-henvisningen-skal-inneholde\"  class=\"wp-block-heading\" >Liste over punkter som vi \u00f8nsker at henvisningen skal inneholde<\/h3>\n\n\n\n<ul class=\"wp-block-list\">\n<li>Personopplysninger: Navn, personnr, adresse, telefon<\/li>\n\n\n\n<li>Diagnose\/ tentativ diagnose<\/li>\n\n\n\n<li>Tydelig beskrivelse av problemet:\n<ul class=\"wp-block-list\">\n<li>Rusmiddelavhengighet: Aktuell situasjon, hvilke rusmidler brukes, omfang og varighet, m\u00e5ten det inntas p\u00e5.<\/li>\n\n\n\n<li>Psykisk og fysisk helse<\/li>\n<\/ul>\n<\/li>\n\n\n\n<li>Pasientens behandlingsm\u00e5l og evt. forslag til \u00f8nsket type behandlingstiltak<\/li>\n\n\n\n<li>Aktuell situasjon: familie, nettverk og sosiale forhold som bolig, arbeid\/skole, \u00f8konomi<\/li>\n\n\n\n<li>Barn, alder og deres omsorgssituasjon<\/li>\n\n\n\n<li>Tidligere behandlingserfaring og nytte<\/li>\n\n\n\n<li>Resultater av relevante unders\u00f8kelser og utredninger<\/li>\n\n\n\n<li>Aktuell medisinering<\/li>\n\n\n\n<li>Voldsrisikovurdering og suicidrisikovurdering m\u00e5 alltid foreligge<\/li>\n\n\n\n<li>Aktuelle samarbeidspartnere<\/li>\n\n\n\n<li>Beskrivelse og vurdering av pasientens motivasjon for behandling<\/li>\n<\/ul>\n\n\n\n<h2 id=\"kontakt\"  class=\"wp-block-heading\" >Kontakt<\/h2>\n\n\n\n<p>Telefon: <a href=\"tel:22994900\">22 99 49 00<\/a><\/p>\n","protected":false},"excerpt":{"rendered":"<p>Hvem kan henvise? For \u00e5 f\u00e5 utredning og\/eller behandling for ditt rus- og avhengighetsproblem i TSB, trenger du en henvisning. Dette kan du f\u00e5 fra lege, psykolog, sosialtjenesten eller annet helsepersonell som har rett til \u00e5 henvise til TSB. Hvordan henvise? Mennesker som \u00f8nsker behandling ved Bl\u00e5 Kors klinikk Oslo sentrum m\u00e5 henvises til spesialisthelsetjenesten [&hellip;]<\/p>\n","protected":false},"author":23,"featured_media":0,"parent":0,"menu_order":0,"comment_status":"closed","ping_status":"closed","template":"","meta":{"_acf_changed":false,"_relevanssi_hide_post":"","_relevanssi_hide_content":"","_relevanssi_pin_for_all":"","_relevanssi_pin_keywords":"","_relevanssi_unpin_keywords":"","_relevanssi_related_keywords":"","_relevanssi_related_include_ids":"","_relevanssi_related_exclude_ids":"","_relevanssi_related_no_append":"","_relevanssi_related_not_related":"","_relevanssi_related_posts":"1","_relevanssi_noindex_reason":"","_custom_cards_description":"","footnotes":""},"class_list":["post-85","page","type-page","status-publish","hentry"],"acf":[],"_links":{"self":[{"href":"https:\/\/www.blakors.no\/klinikk-oslo-sentrum\/wp-json\/wp\/v2\/pages\/85","targetHints":{"allow":["GET"]}}],"collection":[{"href":"https:\/\/www.blakors.no\/klinikk-oslo-sentrum\/wp-json\/wp\/v2\/pages"}],"about":[{"href":"https:\/\/www.blakors.no\/klinikk-oslo-sentrum\/wp-json\/wp\/v2\/types\/page"}],"author":[{"embeddable":true,"href":"https:\/\/www.blakors.no\/klinikk-oslo-sentrum\/wp-json\/wp\/v2\/users\/23"}],"replies":[{"embeddable":true,"href":"https:\/\/www.blakors.no\/klinikk-oslo-sentrum\/wp-json\/wp\/v2\/comments?post=85"}],"version-history":[{"count":5,"href":"https:\/\/www.blakors.no\/klinikk-oslo-sentrum\/wp-json\/wp\/v2\/pages\/85\/revisions"}],"predecessor-version":[{"id":1541,"href":"https:\/\/www.blakors.no\/klinikk-oslo-sentrum\/wp-json\/wp\/v2\/pages\/85\/revisions\/1541"}],"wp:attachment":[{"href":"https:\/\/www.blakors.no\/klinikk-oslo-sentrum\/wp-json\/wp\/v2\/media?parent=85"}],"curies":[{"name":"wp","href":"https:\/\/api.w.org\/{rel}","templated":true}]}}