{"id":12,"date":"2020-06-30T12:54:23","date_gmt":"2020-06-30T10:54:23","guid":{"rendered":"https:\/\/www.blakors.no\/klinikk-oslo-vest\/?page_id=12"},"modified":"2026-05-07T14:39:36","modified_gmt":"2026-05-07T12:39:36","slug":"behandlingstilbud","status":"publish","type":"page","link":"https:\/\/www.blakors.no\/klinikk-oslo-vest\/behandlingstilbud\/","title":{"rendered":"Behandlingstilbudet"},"content":{"rendered":"<div class=\"custom-block-banner alignwide contenthalf\"><div class=\"banner-image\" style=\"background-image:url(https:\/\/www.blakors.no\/content\/uploads\/sites\/15\/2020\/10\/Samtaleterapi-hos-Bla\u030a-Kors-Behandlingssenter-Slemdal.-1024x722.jpg)\"><\/div><div class=\"banner-inner\"><div><h1 id=\"dognbehandling-inntil-3-maneder\"  class=\"title small \" >D\u00f8gnbehandling inntil 3 m\u00e5neder<\/h1><p>Vi tilbyr innleggelser inntil 3 m\u00e5neder. Vi har ogs\u00e5 mulighet for sekvensiell behandling. Etter fullf\u00f8rt d\u00f8gnopphold kan du benytte brukerstyrt plass.<\/p><\/div><\/div><\/div>\n\n\n<div class=\"wp-block-lib-header alignfull hide\"><div class=\"image-wrapper\"><img decoding=\"async\" src=\"https:\/\/www.blakors.no\/content\/uploads\/sites\/15\/2020\/10\/Samtaleterapi-hos-Bla\u030a-Kors-Behandlingssenter-Slemdal..jpg\" alt=\"header\"\/><\/div><div class=\"header-innercontent\"><\/div><\/div>\n\n\n\n<p><\/p>\n\n\n\n<h2 id=\"grupper-og-individuelle-samtaler\"  class=\"wp-block-heading\" ><strong>Grupper og individuelle samtaler<\/strong><\/h2>\n\n\n\n<p>3 m\u00e5neder er begrenset med tid, og behandlingen starter fra f\u00f8rste dag. Forl\u00f8pet starter med psykoedukative MBT-grupper ( mentaliseringsbasert terapi). <\/p>\n\n\n\n<p>Etter to uker( fire gruppetimer) f\u00e5r du mulighet til \u00e5 g\u00e5 videre i det vi kaller en MBT-prosessgruppe. Ogs\u00e5 dette holdes to ganger i uken. I prosessgruppene jobber du sammen med andre for \u00e5 bedre forst\u00e5 og h\u00e5ndtere personlige utfordringer som bidrar til ditt rusmiddelbruk.<\/p>\n\n\n\n<p>I tillegg til gruppebehandling f\u00e5r du ukentlige samtaler med b\u00e5de prim\u00e6rkontakt og psykolog. Psykolog og prim\u00e6rkontakt er begge del av det tverrfaglige teamet. N\u00e5r det ikke er grupper tilbys fellesaktiviteter, med s\u00e6rlig vekt p\u00e5 fysisk aktivitet.<\/p>\n\n\n\n<h2 id=\"evaluering-og-justering\"  class=\"wp-block-heading\" ><strong>Evaluering og justering<\/strong><\/h2>\n\n\n\n<p>Behandlingsforl\u00f8pet blir evaluert jevnlig i m\u00f8te mellom deg og teamet, med justering av m\u00e5l og tiltak. Vi har ogs\u00e5 ansvarsgruppem\u00f8ter.<\/p>\n\n\n\n<h2 id=\"parorende\"  class=\"wp-block-heading\" ><strong>P\u00e5r\u00f8rende<\/strong><\/h2>\n\n\n\n<p>Som del av tilbudet arrangerer klinikken p\u00e5r\u00f8rendekvelder hver 3.m\u00e5ned, slik at du har mulighet til \u00e5 invitere dine p\u00e5r\u00f8rende i l\u00f8pet av oppholdet.<\/p>\n\n\n\n<blockquote class=\"wp-block-quote is-layout-flow wp-block-quote-is-layout-flow\">\n<p>Behandlingsforl\u00f8pet blir evaluert jevnlig i m\u00f8te mellom deg og teamet, med justering av m\u00e5l og tiltak.<\/p>\n<\/blockquote>\n\n\n\n<h2 id=\"sekvensiell-behandling\"  class=\"wp-block-heading\" >Sekvensiell behandling<\/h2>\n\n\n\n<p>Et sekvensielt opphold betyr at du f\u00e5r flere kortere innleggelsesperioder ved klinikken. For \u00e5 benytte deg av dette tilbudet m\u00e5 du allerede v\u00e6re etablert i poliklinikk eller et annet behandlingstilbud som f\u00f8lger deg opp mellom og etter innleggelsene.<\/p>\n\n\n\n<p>Klinikken og henviser samarbeider tett b\u00e5de f\u00f8r, under og etter oppholdene for \u00e5 sikre en trygg og mest mulig s\u00f8ml\u00f8s behandling. Ved sekvensiell behandling er det viktig at du har et sted \u00e5 bo i periodene mellom og etter innleggelsene.<\/p>\n\n\n\n<p>Dette er et tilbud til deg som g\u00e5r i poliklinisk behandling, men som i perioder kan ha nytte av tettere oppf\u00f8lging. M\u00e5let er at oppholdene hos oss skal styrke det polikliniske behandlingsforl\u00f8pet ditt.<\/p>\n\n\n\n<p>Dette kan inneb\u00e6re \u00e5:<\/p>\n\n\n\n<ul class=\"wp-block-list\">\n<li>gjennomf\u00f8re kartlegginger eller utredninger som er vanskelig \u00e5 gj\u00f8re poliklinisk<\/li>\n\n\n\n<li>f\u00e5 ekstra struktur og st\u00f8tte i en periode for bedre \u00e5 kunne f\u00f8lge opp videre behandling<\/li>\n\n\n\n<li>gjennomf\u00f8re medisinendringer som b\u00f8r gj\u00f8res under innleggelse<\/li>\n<\/ul>\n\n\n\n<p>Dersom du har behov for avrusning f\u00f8r ett eller flere opphold, er det poliklinisk behandler\/henviser som henviser til dette i forkant.<\/p>\n\n\n\n<blockquote class=\"wp-block-quote is-layout-flow wp-block-quote-is-layout-flow\">\n<p>Et sekvensielt opphold betyr at du f\u00e5r flere kortere innleggelsesperioder ved klinikken.<\/p>\n<\/blockquote>\n\n\n\n<h2 id=\"en-tydelig-plan\"  class=\"wp-block-heading\" ><strong>En tydelig plan<\/strong><\/h2>\n\n\n\n<p>Fordi oppholdene er korte, er det viktig med en tydelig plan f\u00f8r innleggelse, gjerne beskrevet allerede i henvisningen. Sammen med deg og henviser utarbeider vi en konkret plan for oppholdet.<\/p>\n\n\n\n<p>Eksempler p\u00e5 hva som kan v\u00e6re hovedfokus:<\/p>\n\n\n\n<ul class=\"wp-block-list\">\n<li>utpr\u00f8ving eller justering av medisiner (for eksempel oppstart av ADHD-medisin)<\/li>\n\n\n\n<li>kartlegging av ADL-ferdigheter<\/li>\n\n\n\n<li>spesifikke kliniske observasjoner og vurderinger<\/li>\n\n\n\n<li>spisset utredning av avhengighetslidelse, psykisk lidelse og\/eller kognitiv fungering<br><em>(ved behov for fullstendig og bred utredning anbefales lengre innleggelse, for eksempel tre m\u00e5neder)<\/em><\/li>\n\n\n\n<li>kartlegging av s\u00f8vnvansker som insomni eller forsinket d\u00f8gnrytmeforstyrrelse, med kontaktl\u00f8s s\u00f8vnmonitorering (Guardian H10)<\/li>\n\n\n\n<li>oppstart av traumebehandling (EMDR) i trygge d\u00f8gnrammer<\/li>\n\n\n\n<li>skjerming fra rus i s\u00e5rbare perioder<\/li>\n\n\n\n<li>sosialfaglig arbeid med oppgaver som er vanskelig \u00e5 gjennomf\u00f8re hjemme<\/li>\n<\/ul>\n\n\n\n<p>Som pasient kan du ha \u00e9n eller flere sekvenser. Samlet kan disse utgj\u00f8re opptil tre m\u00e5neder med innleggelse.<\/p>\n\n\n\n<p>Pasienter i sekvensiell behandling f\u00e5r et tverrfaglig team og f\u00f8lger tilbudet p\u00e5 klinikken med aktiviteter og individualsamtaler. Du deltar ikke i MBT-prosessgrupper, da dette krever lengre sammenhengende opphold for \u00e5 gi tilstrekkelig utbytte.<\/p>\n\n\n\n<h2 id=\"fleksibel-varighet\"  class=\"wp-block-heading\" ><strong>Fleksibel varighet<\/strong><\/h2>\n\n\n\n<p>Vi fors\u00f8ker \u00e5 v\u00e6re fleksible n\u00e5r det gjelder varighet av hver innleggelsesperiode. Oppholdene kan tilsammen utgj\u00f8re inntil 3 m\u00e5neder. Etter endt sekvensielt forl\u00f8p kan du ogs\u00e5 benytte brukerstyrt plass. En kombinasjon av sekvensielle opphold og brukerstyrt plass kan gi n\u00f8dvendig st\u00f8tte og rammer for en lengre periode.<\/p>\n\n\n\n<p>Et sekvensielt opphold kan for eksempel se slik ut:<br>6 uker inneliggende, 4 uker poliklinikk, 4 uker inneliggende, 4 uker poliklinikk, 2 uker inneliggende. <\/p>\n\n\n\n<blockquote class=\"wp-block-quote is-layout-flow wp-block-quote-is-layout-flow\">\n<p>En kombinasjon av sekvensielle opphold og brukerstyrt plass kan gi n\u00f8dvendig st\u00f8tte og rammer for en lengre periode.<\/p>\n<\/blockquote>\n\n\n\n<h2 id=\"behov-for-avrusning\"  class=\"wp-block-heading\" ><strong>Behov for avrusning<\/strong><\/h2>\n\n\n\n<p>Dersom det er har behov for avrusning f\u00f8r innleggelse, \u00f8nsker vi at henviser tilrettelegger dette.<\/p>\n\n\n\n\t\t<div class=\"wp-block-lib-accentuated-link\">\n\t\t\t<a\n\t\t\t\tclass=\"lib-link__link\"\n\t\t\t\thref=\"https:\/\/www.blakors.no\/klinikk-oslo-vest\/tannhelse\/\"\n\t\t\t\ttarget=\"\"\n\t\t\t\trel=\"\"\n\t\t\t>\n\t\t\t\t\n\t\t\t\t<div class=\"lib-link__text-content\">\n\t\t\t\t\t<span class=\"lib-link__tagline\">\n\t\t\t\t\t\tLes MER\n\t\t\t\t\t<\/span>\n\n\t\t\t\t\t<h3 class=\"lib-link__title\">\n\t\t\t\t\t\tSlik ivaretar vi pasientens tannhelse\n\t\t\t\t\t<\/h3>\n\n\t\t\t\t\t\n\t\t\t\t<\/div>\n\t\t\t<\/a>\n\t\t<\/div>\n\n\n<h2 id=\"brukerstyrt-plass\"  class=\"wp-block-heading\" >Brukerstyrt plass<\/h2>\n\n\n\n<p>Klinikken tilbyr brukerstyrt plass til pasienter som har fullf\u00f8rt et ordin\u00e6rt eller sekvensielt opphold. Innleggelser avtales prim\u00e6rt direkte mellom pasient og klinikken, men oppf\u00f8lgende instans kan ogs\u00e5 ta kontakt.<\/p>\n\n\n\n<p>Pasienten deltar under oppholdet i klinikkens aktiviteter og milj\u00f8terapeutiske tilbud men f\u00e5r ikke tilbud om psykologsamtaler eller deltagelse i grupper.<\/p>\n\n\n\n<p>Et brukerstyrt opphold varer vanligvis 4-7 dager og forutsetter at du er rusfri ved innleggelse.<\/p>\n\n\n\n<h2 id=\"onsker-du-a-vite-mer\"  class=\"wp-block-heading\" >\u00d8nsker du \u00e5 vite mer?<\/h2>\n\n\n\n<p>Ta gjerne kontakt med:<\/p>\n\n\n<div class=\"no-image wp-block-blakors-person-cards\">\n\t\t\t\n<div class=\"t2-featured-single-post compact-card-template t2-featured-content is-post-type-person compact-card-template wp-block-t2-featured-single-post\"><figure style=\"--t2-focal-point: 50% 50%;\" class=\"t2-post-featured-image has-image-ratio-1-1 wp-block-t2-post-featured-image\"><img loading=\"lazy\" decoding=\"async\" width=\"1600\" height=\"1052\" src=\"https:\/\/www.blakors.no\/content\/uploads\/sites\/15\/2020\/10\/Bla\u030akors-Slemdal-20-2706corr-1600px.jpg\" class=\"attachment-post-thumbnail size-post-thumbnail wp-post-image\" alt=\"\" srcset=\"https:\/\/www.blakors.no\/content\/uploads\/sites\/15\/2020\/10\/Bla\u030akors-Slemdal-20-2706corr-1600px.jpg 1600w, https:\/\/www.blakors.no\/content\/uploads\/sites\/15\/2020\/10\/Bla\u030akors-Slemdal-20-2706corr-1600px-300x197.jpg 300w, https:\/\/www.blakors.no\/content\/uploads\/sites\/15\/2020\/10\/Bla\u030akors-Slemdal-20-2706corr-1600px-1024x673.jpg 1024w, https:\/\/www.blakors.no\/content\/uploads\/sites\/15\/2020\/10\/Bla\u030akors-Slemdal-20-2706corr-1600px-768x505.jpg 768w, https:\/\/www.blakors.no\/content\/uploads\/sites\/15\/2020\/10\/Bla\u030akors-Slemdal-20-2706corr-1600px-1536x1010.jpg 1536w\" sizes=\"auto, (min-width: 782px) 768px, 100vw\" \/><\/figure>\n\n<div class=\"wp-block-group alignfull is-layout-flow wp-block-group-is-layout-flow\">\n\t<div class=\"t2-post-dynamic-part is-source-filter filter-person_card_meta post-meta wp-block-t2-post-dynamic-part\"><div class=\"title\"><h2 id=\"karl-anthony-eknes\"  class=\"t2-post-title wp-block-t2-post-title\" >Karl Anthony Eknes<\/h2><p class=\"position\">inntaksansvarlig\/samhandlingskonsulent<\/p><\/div><div class=\"contact-info\"><p class=\"phone\"><a href=\"tel:+4794016987\">+47 940 16 987<\/a><\/p><p class=\"email\"><a href=\"mailto:karl.eknes@blakors.no\">karl.eknes@blakors.no<\/a><\/p><\/div><\/div>\n<\/div>\n\n<\/div>\n\n\t\t<\/div>\n\n<div class=\"no-image wp-block-blakors-person-cards\">\n\t\t\t\n\n\n\t\t<\/div>\n\n\n<h2 id=\"noen-bildeglimt\"  class=\"wp-block-heading\" >Noen bildeglimt<\/h2>\n\n\n\t<div class=\"custom-block-gallery\" data-pswp-uid=\"6a055043db1b3\">\n\t\t<ul class=\"gallery\">\n\t\t\t\t\t\t\t<li class=\"gallery-item\" data-pswp-pid=\"0\">\n\t\t\t\t\t<img loading=\"lazy\" decoding=\"async\" src=\"https:\/\/www.blakors.no\/content\/uploads\/sites\/15\/2020\/10\/Sykler-Bla\u030a-Kors-Behandlingssenter-Slemdal.-768x1173.jpg\" alt=\"\" width=\"671\" height=\"1024\" \/>\n\t\t\t\t\t\t\t\t\t<\/li>\n\t\t\t\t\t\t\t\t<li class=\"gallery-item\" data-pswp-pid=\"1\">\n\t\t\t\t\t<img loading=\"lazy\" decoding=\"async\" src=\"https:\/\/www.blakors.no\/content\/uploads\/sites\/15\/2020\/10\/Spisesal-Bla\u030a-Kors-Behandlingssenter-Slemdal.-768x512.jpg\" alt=\"\" width=\"1024\" height=\"683\" \/>\n\t\t\t\t\t\t\t\t\t<\/li>\n\t\t\t\t\t\t\t\t<li class=\"gallery-item\" data-pswp-pid=\"2\">\n\t\t\t\t\t<img loading=\"lazy\" decoding=\"async\" src=\"https:\/\/www.blakors.no\/content\/uploads\/sites\/15\/2020\/10\/Spiller-musikk-Bla\u030a-Kors-Behandlingssenter-Slemdal.-768x494.jpg\" alt=\"musikk samspill gitar og piano\" width=\"1024\" height=\"659\" \/>\n\t\t\t\t\t\t\t\t\t<\/li>\n\t\t\t\t\t\t\t\t<li class=\"gallery-item\" data-pswp-pid=\"3\">\n\t\t\t\t\t<img loading=\"lazy\" decoding=\"async\" src=\"https:\/\/www.blakors.no\/content\/uploads\/sites\/15\/2020\/10\/Samlet-rundt-bordet-Bla\u030a-Kors-Behandlingssenter-Slemdal.-768x512.jpg\" alt=\"flere personer sitter sammen utend\u00f8rs rundt et bord\" width=\"1024\" height=\"683\" \/>\n\t\t\t\t\t\t\t\t\t<\/li>\n\t\t\t\t\t\t\t\t<li class=\"gallery-item\" data-pswp-pid=\"4\">\n\t\t\t\t\t<img loading=\"lazy\" decoding=\"async\" src=\"https:\/\/www.blakors.no\/content\/uploads\/sites\/15\/2020\/10\/Rer-opp-seng-Bla\u030a-Kors-Behandlingssenter-Slemdal.-768x488.jpg\" alt=\"\" width=\"1024\" height=\"651\" \/>\n\t\t\t\t\t\t\t\t\t<\/li>\n\t\t\t\t\t\t\t\t<li class=\"gallery-item\" data-pswp-pid=\"5\">\n\t\t\t\t\t<img loading=\"lazy\" decoding=\"async\" src=\"https:\/\/www.blakors.no\/content\/uploads\/sites\/15\/2020\/10\/Kokkene-Bla\u030a-Kors-Behandlingssenter-Slemdal.-768x1152.jpg\" alt=\"\" width=\"683\" height=\"1024\" \/>\n\t\t\t\t\t\t\t\t\t<\/li>\n\t\t\t\t\t\t\t\t<li class=\"gallery-item\" data-pswp-pid=\"6\">\n\t\t\t\t\t<img loading=\"lazy\" decoding=\"async\" src=\"https:\/\/www.blakors.no\/content\/uploads\/sites\/15\/2020\/10\/Aktiviteter-hos-Bla\u030a-Kors-Behandlingssenter-Slemdal.-768x475.jpg\" alt=\"\" width=\"1024\" height=\"634\" \/>\n\t\t\t\t\t\t\t\t\t<\/li>\n\t\t\t\t\t\t<\/ul>\n\t<\/div>\n","protected":false},"excerpt":{"rendered":"<p>Grupper og individuelle samtaler 3 m\u00e5neder er begrenset med tid, og behandlingen starter fra f\u00f8rste dag. Forl\u00f8pet starter med psykoedukative MBT-grupper ( mentaliseringsbasert terapi). Etter to uker( fire gruppetimer) f\u00e5r du mulighet til \u00e5 g\u00e5 videre i det vi kaller en MBT-prosessgruppe. Ogs\u00e5 dette holdes to ganger i uken. I prosessgruppene jobber du sammen med [&hellip;]<\/p>\n","protected":false},"author":23,"featured_media":89,"parent":0,"menu_order":0,"comment_status":"closed","ping_status":"closed","template":"","meta":{"_acf_changed":false,"_relevanssi_hide_post":"","_relevanssi_hide_content":"","_relevanssi_pin_for_all":"on","_relevanssi_pin_keywords":"alkoholavhengighet, behandling for rusavhengighet, rusbehandling Oslo, alkoholavhengighet oslo","_relevanssi_unpin_keywords":"","_relevanssi_related_keywords":"","_relevanssi_related_include_ids":"","_relevanssi_related_exclude_ids":"","_relevanssi_related_no_append":"","_relevanssi_related_not_related":"","_relevanssi_related_posts":"1","_relevanssi_noindex_reason":"","_custom_cards_description":"","footnotes":""},"class_list":["post-12","page","type-page","status-publish","has-post-thumbnail","hentry"],"acf":[],"_links":{"self":[{"href":"https:\/\/www.blakors.no\/klinikk-oslo-vest\/wp-json\/wp\/v2\/pages\/12","targetHints":{"allow":["GET"]}}],"collection":[{"href":"https:\/\/www.blakors.no\/klinikk-oslo-vest\/wp-json\/wp\/v2\/pages"}],"about":[{"href":"https:\/\/www.blakors.no\/klinikk-oslo-vest\/wp-json\/wp\/v2\/types\/page"}],"author":[{"embeddable":true,"href":"https:\/\/www.blakors.no\/klinikk-oslo-vest\/wp-json\/wp\/v2\/users\/23"}],"replies":[{"embeddable":true,"href":"https:\/\/www.blakors.no\/klinikk-oslo-vest\/wp-json\/wp\/v2\/comments?post=12"}],"version-history":[{"count":5,"href":"https:\/\/www.blakors.no\/klinikk-oslo-vest\/wp-json\/wp\/v2\/pages\/12\/revisions"}],"predecessor-version":[{"id":1423,"href":"https:\/\/www.blakors.no\/klinikk-oslo-vest\/wp-json\/wp\/v2\/pages\/12\/revisions\/1423"}],"wp:featuredmedia":[{"embeddable":true,"href":"https:\/\/www.blakors.no\/klinikk-oslo-vest\/wp-json\/wp\/v2\/media\/89"}],"wp:attachment":[{"href":"https:\/\/www.blakors.no\/klinikk-oslo-vest\/wp-json\/wp\/v2\/media?parent=12"}],"curies":[{"name":"wp","href":"https:\/\/api.w.org\/{rel}","templated":true}]}}