{"id":14,"date":"2020-06-30T12:54:43","date_gmt":"2020-06-30T10:54:43","guid":{"rendered":"https:\/\/www.blakors.no\/klinikk-oslo-vest\/?page_id=14"},"modified":"2025-07-30T08:23:20","modified_gmt":"2025-07-30T06:23:20","slug":"sok-behandling","status":"publish","type":"page","link":"https:\/\/www.blakors.no\/klinikk-oslo-vest\/sok-behandling\/","title":{"rendered":"S\u00f8k behandling"},"content":{"rendered":"<div class=\"custom-block-banner alignwide contenthalf\"><div class=\"banner-image\" style=\"background-image:url(https:\/\/www.blakors.no\/content\/uploads\/sites\/15\/2020\/10\/Bygget-til-Bla\u030a-Kors-Behandlingssenter-Slemdal-1024x683.jpg)\"><\/div><div class=\"banner-inner\"><div><h1 id=\"hvordan-soke-behandling\"  class=\"title small \" >Hvordan s\u00f8ke behandling?<\/h1><p>Trenger du hjelp for rusproblemer eller annen avhengighet?\r\nSlik g\u00e5r du fram for \u00e5 s\u00f8ke om behandlingsplass hos oss.\r\n<\/p><\/div><\/div><\/div>\n\n\n<p>Bl\u00e5 Kors klinikk Oslo vest er en del av spesialisthelsetjenesten, og tilbyr d\u00f8gnbehandling innen tverrfaglig spesialisert rusbehandling(TSB). Det koster ikke noe \u00e5 f\u00e5 behandling hos oss, men alle pasienter m\u00e5 ha en henvisning for \u00e5 s\u00f8ke seg inn.<\/p>\n\n\n\n<ol class=\"wp-block-list\">\n<li>Sosialtjeneste\/NAV, fastlege eller annen spesialisthelsetjeneste kan henvise pasienter til  behandling. Det kan ogs\u00e5 leger i fengselshelsetjenesten. <a href=\"https:\/\/www.blakors.no\/klinikk-oslo-vest\/for-helsepersonell\/\">Les mer om henvisningen<\/a> og hvilke opplysninger som er viktig \u00e5 ha med.<br><\/li>\n\n\n\n<li>Henvisningen\u00a0sendes til en\u00a0enhet som har\u00a0vurderingskompetanse. De tar i mot henvisningen og skal gj\u00f8re en vurdering om behandling i spesialisthelsetjenesten er n\u00f8dvendig  og nyttig for pasienten. De skal ogs\u00e5\u00a0fastsette tidsfristen for n\u00e5r du kan begynne behandlingen.<br><\/li>\n\n\n\n<li>Du f\u00e5r beskjed innen 10 virkedager om du har f\u00e5tt rett til behandling og f\u00e5 beskjed om oppm\u00f8te og tidspunkt for behandlingsstart. Du vil f\u00e5 en  invitasjon til en avklaringssamtale i forbindelse med en eventuell innleggelse hos oss.<\/li>\n<\/ol>\n\n\n\n<p><\/p>\n\n\n\n<ul class=\"wp-block-list\">\n<li>Hvis\u00a0<strong>ikke behandlingsstedet klarer \u00e5 holde fristen<\/strong>\u00a0de har gitt deg for n\u00e5r helsehjelpen senest skal starte, vil HELFO kontakte deg for \u00e5 h\u00f8re om du er interessert i et tilsvarende tilbud fra et annet behandlingssted. <a href=\"https:\/\/helsenorge.no\/rettigheter\/brudd-pa-behandlingsfrist\" target=\"_blank\" rel=\"noopener\">Les mer om dine rettigheter ved fristbrudd<\/a>.<\/li>\n<\/ul>\n\n\n\n<h2 id=\"vil-du-vite-mer-kontakt\"  class=\"wp-block-heading\" >Vil du vite mer, kontakt: <\/h2>\n\n\n<div class=\"wp-block-blakors-person-cards\">\n\t\t\t\n<div class=\"t2-featured-single-post compact-card-template t2-featured-content is-post-type-person compact-card-template wp-block-t2-featured-single-post\"><figure style=\"--t2-focal-point: 50% 50%;\" class=\"t2-post-featured-image has-image-ratio-1-1 wp-block-t2-post-featured-image\"><img loading=\"lazy\" decoding=\"async\" width=\"1600\" height=\"1052\" src=\"https:\/\/www.blakors.no\/content\/uploads\/sites\/15\/2020\/10\/Bla\u030akors-Slemdal-20-2706corr-1600px.jpg\" class=\"attachment-post-thumbnail size-post-thumbnail wp-post-image\" alt=\"\" srcset=\"https:\/\/www.blakors.no\/content\/uploads\/sites\/15\/2020\/10\/Bla\u030akors-Slemdal-20-2706corr-1600px.jpg 1600w, https:\/\/www.blakors.no\/content\/uploads\/sites\/15\/2020\/10\/Bla\u030akors-Slemdal-20-2706corr-1600px-300x197.jpg 300w, https:\/\/www.blakors.no\/content\/uploads\/sites\/15\/2020\/10\/Bla\u030akors-Slemdal-20-2706corr-1600px-1024x673.jpg 1024w, https:\/\/www.blakors.no\/content\/uploads\/sites\/15\/2020\/10\/Bla\u030akors-Slemdal-20-2706corr-1600px-768x505.jpg 768w, https:\/\/www.blakors.no\/content\/uploads\/sites\/15\/2020\/10\/Bla\u030akors-Slemdal-20-2706corr-1600px-1536x1010.jpg 1536w\" sizes=\"auto, (min-width: 782px) 768px, 100vw\" \/><\/figure>\n\n<div class=\"wp-block-group alignfull is-layout-flow wp-block-group-is-layout-flow\">\n\t<div class=\"t2-post-dynamic-part is-source-filter filter-person_card_meta post-meta wp-block-t2-post-dynamic-part\"><div class=\"title\"><h2 id=\"karl-anthony-eknes\"  class=\"t2-post-title wp-block-t2-post-title\" >Karl Anthony Eknes<\/h2><p class=\"position\">inntaksansvarlig\/samhandlingskonsulent<\/p><\/div><div class=\"contact-info\"><p class=\"phone\"><a href=\"tel:+4794016987\">+47 940 16 987<\/a><\/p><p class=\"email\"><a href=\"mailto:karl.eknes@blakors.no\">karl.eknes@blakors.no<\/a><\/p><\/div><\/div>\n<\/div>\n\n<\/div>\n\n\t\t<\/div>","protected":false},"excerpt":{"rendered":"<p>Bl\u00e5 Kors klinikk Oslo vest er en del av spesialisthelsetjenesten, og tilbyr d\u00f8gnbehandling innen tverrfaglig spesialisert rusbehandling(TSB). Det koster ikke noe \u00e5 f\u00e5 behandling hos oss, men alle pasienter m\u00e5 ha en henvisning for \u00e5 s\u00f8ke seg inn. Vil du vite mer, kontakt:<\/p>\n","protected":false},"author":23,"featured_media":82,"parent":0,"menu_order":0,"comment_status":"closed","ping_status":"closed","template":"","meta":{"_acf_changed":false,"_relevanssi_hide_post":"","_relevanssi_hide_content":"","_relevanssi_pin_for_all":"on","_relevanssi_pin_keywords":"Rusbehandling, s\u00f8k rusbehandling","_relevanssi_unpin_keywords":"","_relevanssi_related_keywords":"","_relevanssi_related_include_ids":"","_relevanssi_related_exclude_ids":"","_relevanssi_related_no_append":"","_relevanssi_related_not_related":"","_relevanssi_related_posts":"1","_relevanssi_noindex_reason":"","_custom_cards_description":"","footnotes":""},"class_list":["post-14","page","type-page","status-publish","has-post-thumbnail","hentry"],"acf":[],"_links":{"self":[{"href":"https:\/\/www.blakors.no\/klinikk-oslo-vest\/wp-json\/wp\/v2\/pages\/14","targetHints":{"allow":["GET"]}}],"collection":[{"href":"https:\/\/www.blakors.no\/klinikk-oslo-vest\/wp-json\/wp\/v2\/pages"}],"about":[{"href":"https:\/\/www.blakors.no\/klinikk-oslo-vest\/wp-json\/wp\/v2\/types\/page"}],"author":[{"embeddable":true,"href":"https:\/\/www.blakors.no\/klinikk-oslo-vest\/wp-json\/wp\/v2\/users\/23"}],"replies":[{"embeddable":true,"href":"https:\/\/www.blakors.no\/klinikk-oslo-vest\/wp-json\/wp\/v2\/comments?post=14"}],"version-history":[{"count":5,"href":"https:\/\/www.blakors.no\/klinikk-oslo-vest\/wp-json\/wp\/v2\/pages\/14\/revisions"}],"predecessor-version":[{"id":942,"href":"https:\/\/www.blakors.no\/klinikk-oslo-vest\/wp-json\/wp\/v2\/pages\/14\/revisions\/942"}],"wp:featuredmedia":[{"embeddable":true,"href":"https:\/\/www.blakors.no\/klinikk-oslo-vest\/wp-json\/wp\/v2\/media\/82"}],"wp:attachment":[{"href":"https:\/\/www.blakors.no\/klinikk-oslo-vest\/wp-json\/wp\/v2\/media?parent=14"}],"curies":[{"name":"wp","href":"https:\/\/api.w.org\/{rel}","templated":true}]}}