{"id":31,"date":"2020-06-30T12:58:15","date_gmt":"2020-06-30T10:58:15","guid":{"rendered":"https:\/\/www.blakors.no\/klinikk-oslo-vest\/?page_id=31"},"modified":"2025-03-26T13:38:52","modified_gmt":"2025-03-26T12:38:52","slug":"ledige-stillinger","status":"publish","type":"page","link":"https:\/\/www.blakors.no\/klinikk-oslo-vest\/ledige-stillinger\/","title":{"rendered":"Ledige stillinger hos Bl\u00e5 Kors klinikk Oslo vest"},"content":{"rendered":"\n<p>N\u00e5r vi har ledig en fast stilling\/engasjement lyses stillingene ut via portalen Varbi og de bli publisert hos oss i <a href=\"https:\/\/www.blakors.no\/ledige-stillinger\/\">Bl\u00e5 Kors.<\/a><\/p>\n\n\n\n<p>Vi har fra tid til annen ogs\u00e5 behov for ekstravakter\/helgestillinger og lignende. Informasjon om dette legger vi ut p\u00e5 denne siden.<\/p>\n\n\n\n<p>Har du sp\u00f8rsm\u00e5l? Kontakt enhetsleder Eivind Flinder Pedersen: <a href=\"mailto:eivind.pedersen@blakors.no\">eivind.pedersen@blakors.no<\/a><\/p>\n","protected":false},"excerpt":{"rendered":"<p>N\u00e5r vi har ledig en fast stilling\/engasjement lyses stillingene ut via portalen Varbi og de bli publisert hos oss i Bl\u00e5 Kors. Vi har fra tid til annen ogs\u00e5 behov for ekstravakter\/helgestillinger og lignende. Informasjon om dette legger vi ut p\u00e5 denne siden. Har du sp\u00f8rsm\u00e5l? Kontakt enhetsleder Eivind Flinder Pedersen: eivind.pedersen@blakors.no<\/p>\n","protected":false},"author":23,"featured_media":0,"parent":0,"menu_order":0,"comment_status":"closed","ping_status":"closed","template":"","meta":{"_acf_changed":false,"_relevanssi_hide_post":"","_relevanssi_hide_content":"","_relevanssi_pin_for_all":"","_relevanssi_pin_keywords":"","_relevanssi_unpin_keywords":"","_relevanssi_related_keywords":"","_relevanssi_related_include_ids":"","_relevanssi_related_exclude_ids":"","_relevanssi_related_no_append":"","_relevanssi_related_not_related":"","_relevanssi_related_posts":"1","_relevanssi_noindex_reason":"","_custom_cards_description":"","footnotes":""},"class_list":["post-31","page","type-page","status-publish","hentry"],"acf":[],"_links":{"self":[{"href":"https:\/\/www.blakors.no\/klinikk-oslo-vest\/wp-json\/wp\/v2\/pages\/31","targetHints":{"allow":["GET"]}}],"collection":[{"href":"https:\/\/www.blakors.no\/klinikk-oslo-vest\/wp-json\/wp\/v2\/pages"}],"about":[{"href":"https:\/\/www.blakors.no\/klinikk-oslo-vest\/wp-json\/wp\/v2\/types\/page"}],"author":[{"embeddable":true,"href":"https:\/\/www.blakors.no\/klinikk-oslo-vest\/wp-json\/wp\/v2\/users\/23"}],"replies":[{"embeddable":true,"href":"https:\/\/www.blakors.no\/klinikk-oslo-vest\/wp-json\/wp\/v2\/comments?post=31"}],"version-history":[{"count":5,"href":"https:\/\/www.blakors.no\/klinikk-oslo-vest\/wp-json\/wp\/v2\/pages\/31\/revisions"}],"predecessor-version":[{"id":620,"href":"https:\/\/www.blakors.no\/klinikk-oslo-vest\/wp-json\/wp\/v2\/pages\/31\/revisions\/620"}],"wp:attachment":[{"href":"https:\/\/www.blakors.no\/klinikk-oslo-vest\/wp-json\/wp\/v2\/media?parent=31"}],"curies":[{"name":"wp","href":"https:\/\/api.w.org\/{rel}","templated":true}]}}