{"id":35,"date":"2020-06-30T12:58:40","date_gmt":"2020-06-30T10:58:40","guid":{"rendered":"https:\/\/www.blakors.no\/klinikk-oslo-vest\/?page_id=35"},"modified":"2025-07-29T15:33:57","modified_gmt":"2025-07-29T13:33:57","slug":"pakkeforlop","status":"publish","type":"page","link":"https:\/\/www.blakors.no\/klinikk-oslo-vest\/pakkeforlop\/","title":{"rendered":"Nasjonale pasientforl\u00f8p"},"content":{"rendered":"\n<p>Nasjonale pasientforl\u00f8p er et standardisert forl\u00f8p for behandling. Helsedirektoratet er ansvarlig for \u00e5 utarbeide&nbsp;retningslinjer for implementering.<\/p>\n\n\n\n<p>Personer som  er henvist til tverrfaglig spesialisert behandling for sine rusmiddelproblemer f\u00e5r tilbud om dette. Dette gjelder ogs\u00e5 annen avhengighetsproblematikk som spillproblematikk og bruk av anabole androgene steroider.<\/p>\n\n\n\n<h2 class=\"wp-block-heading\" id=\"malsetting-for-innforingen\">M\u00e5lsetting :<\/h2>\n\n\n\n<p>Overordnet m\u00e5lsetting er tilgjengelighet og forutsigbarhet.<\/p>\n\n\n\n<p><strong>Nasjonale pasientforl\u00f8p skal sikre<\/strong>:<\/p>\n\n\n\n<ul class=\"wp-block-list\">\n<li>\u00d8kt brukermedvirkning og brukertilfredshet<\/li>\n\n\n\n<li>Sammenhengende og koordinerte pasientforl\u00f8p<\/li>\n\n\n\n<li>Unng\u00e5 un\u00f8dig ventetid<\/li>\n\n\n\n<li>Likeverdig tilbud til pasienter og p\u00e5r\u00f8rende uavhengig av hvor i landet de bor<\/li>\n\n\n\n<li>Bedre ivaretakelse av somatisk helse og gode levevaner<\/li>\n<\/ul>\n\n\n\n<div class=\"wp-block-file\"><a id=\"wp-block-file--media-6157ecee-b5f8-4e88-a394-cb3aae9234b8\" href=\"https:\/\/www.blakors.no\/content\/uploads\/sites\/15\/2020\/11\/Pakkeforl\u00f8p-for-psykisk-helse-og-rus-flytskjema.pdf\">Flytskjema <\/a><a href=\"https:\/\/www.blakors.no\/content\/uploads\/sites\/15\/2020\/11\/Pakkeforl\u00f8p-for-psykisk-helse-og-rus-flytskjema.pdf\" class=\"wp-block-file__button wp-element-button\" download aria-describedby=\"wp-block-file--media-6157ecee-b5f8-4e88-a394-cb3aae9234b8\">Download<\/a><\/div>\n\n\n<div class=\"blakors-link-list aligncenter wp-block-blakors-link-list\">\n\t\t\t<h2 id=\"forlopet-er-definert-inn-i-5-trinn\"  class=\"blakors-link-list__title\" >Forl\u00f8pet er definert inn i 5 trinn:<\/h2>\n\t\t\t\n\t\t\t<div class=\"blakors-link-list__items\">\n\t\t\t\t\n<div class=\"blakors-link-list-item alignwide wp-block-blakors-link-list-item has-background\">\n\t\t\t<a class=\"blakors-link-list-item__holder\" href=\"https:\/\/www.helsedirektoratet.no\/pakkeforlop\/rusbehandling-tsb\/henvisning-og-start-rusbehandling-tsb-pakkeforlop#grunnlag-for-henvisning\" rel=\"noopener\" target=\"_blank\">\n\t\t\t\t<div class=\"blakors-link-list-item__content\">\n\t\t\t\t\t<div class=\"blakors-link-list-item__content-inner\">\n\t\t\t\t\t\t<div class=\"title-wrap\">\n\t\t\t\t\t\t\t<h3 class=\"blakors-link-list-item__title\">\n\t\t\t\t\t\t\t\tHenvisning og start\n\t\t\t\t\t\t\t<\/h3>\n\t\t\t\t\t\t\t<svg\n\t\t\t\t\t\t\t\txmlns=\"http:\/\/www.w3.org\/2000\/svg\"\n\t\t\t\t\t\t\t\twidth=\"14\"\n\t\t\t\t\t\t\t\theight=\"12.92\"\n\t\t\t\t\t\t\t\tviewBox=\"0 0 14 12.92\"\n\t\t\t\t\t\t\t>\n\t\t\t\t\t\t\t\t<path\n\t\t\t\t\t\t\t\t\td=\"M7.14-6.58,1.34-.12-.4-1.62,1.84-4.06A8.352,8.352,0,0,1,3.56-5.52H-6.86V-7.64H3.54a7.7,7.7,0,0,1-.84-.61,10.977,10.977,0,0,1-.86-.85L-.4-11.54l1.74-1.5Z\"\n\t\t\t\t\t\t\t\t\ttransform=\"translate(6.86 13.04)\"\n\t\t\t\t\t\t\t\t\tfill=\"#0d76bc\"\n\t\t\t\t\t\t\t\t\/>\n\t\t\t\t\t\t\t<\/svg>\n\t\t\t\t\t\t<\/div>\n\t\t\t\t\t\t\n\t\t\t\t\t<\/div>\n\t\t\t\t<\/div>\n\t\t\t<\/a>\n\t\t<\/div>\n\n<div class=\"blakors-link-list-item alignwide wp-block-blakors-link-list-item has-background\">\n\t\t\t<a class=\"blakors-link-list-item__holder\" href=\"https:\/\/www.helsedirektoratet.no\/pakkeforlop\/rusbehandling-tsb\/henvisning-og-start-rusbehandling-tsb-pakkeforlop#kartlegging-og-henvisning\" rel=\"noopener\" target=\"_blank\">\n\t\t\t\t<div class=\"blakors-link-list-item__content\">\n\t\t\t\t\t<div class=\"blakors-link-list-item__content-inner\">\n\t\t\t\t\t\t<div class=\"title-wrap\">\n\t\t\t\t\t\t\t<h3 class=\"blakors-link-list-item__title\">\n\t\t\t\t\t\t\t\tKartlegging og utredning\n\t\t\t\t\t\t\t<\/h3>\n\t\t\t\t\t\t\t<svg\n\t\t\t\t\t\t\t\txmlns=\"http:\/\/www.w3.org\/2000\/svg\"\n\t\t\t\t\t\t\t\twidth=\"14\"\n\t\t\t\t\t\t\t\theight=\"12.92\"\n\t\t\t\t\t\t\t\tviewBox=\"0 0 14 12.92\"\n\t\t\t\t\t\t\t>\n\t\t\t\t\t\t\t\t<path\n\t\t\t\t\t\t\t\t\td=\"M7.14-6.58,1.34-.12-.4-1.62,1.84-4.06A8.352,8.352,0,0,1,3.56-5.52H-6.86V-7.64H3.54a7.7,7.7,0,0,1-.84-.61,10.977,10.977,0,0,1-.86-.85L-.4-11.54l1.74-1.5Z\"\n\t\t\t\t\t\t\t\t\ttransform=\"translate(6.86 13.04)\"\n\t\t\t\t\t\t\t\t\tfill=\"#0d76bc\"\n\t\t\t\t\t\t\t\t\/>\n\t\t\t\t\t\t\t<\/svg>\n\t\t\t\t\t\t<\/div>\n\t\t\t\t\t\t\n\t\t\t\t\t<\/div>\n\t\t\t\t<\/div>\n\t\t\t<\/a>\n\t\t<\/div>\n\n<div class=\"blakors-link-list-item alignwide wp-block-blakors-link-list-item has-background\">\n\t\t\t<a class=\"blakors-link-list-item__holder\" href=\"https:\/\/www.helsedirektoratet.no\/pakkeforlop\/rusbehandling-tsb\/behandling-og-oppfolging-rusbehandling-tsb-pakkeforlop#behandling-i-tsb\" rel=\"noopener\" target=\"_blank\">\n\t\t\t\t<div class=\"blakors-link-list-item__content\">\n\t\t\t\t\t<div class=\"blakors-link-list-item__content-inner\">\n\t\t\t\t\t\t<div class=\"title-wrap\">\n\t\t\t\t\t\t\t<h3 class=\"blakors-link-list-item__title\">\n\t\t\t\t\t\t\t\tBehandling og oppf\u00f8lging\n\t\t\t\t\t\t\t<\/h3>\n\t\t\t\t\t\t\t<svg\n\t\t\t\t\t\t\t\txmlns=\"http:\/\/www.w3.org\/2000\/svg\"\n\t\t\t\t\t\t\t\twidth=\"14\"\n\t\t\t\t\t\t\t\theight=\"12.92\"\n\t\t\t\t\t\t\t\tviewBox=\"0 0 14 12.92\"\n\t\t\t\t\t\t\t>\n\t\t\t\t\t\t\t\t<path\n\t\t\t\t\t\t\t\t\td=\"M7.14-6.58,1.34-.12-.4-1.62,1.84-4.06A8.352,8.352,0,0,1,3.56-5.52H-6.86V-7.64H3.54a7.7,7.7,0,0,1-.84-.61,10.977,10.977,0,0,1-.86-.85L-.4-11.54l1.74-1.5Z\"\n\t\t\t\t\t\t\t\t\ttransform=\"translate(6.86 13.04)\"\n\t\t\t\t\t\t\t\t\tfill=\"#0d76bc\"\n\t\t\t\t\t\t\t\t\/>\n\t\t\t\t\t\t\t<\/svg>\n\t\t\t\t\t\t<\/div>\n\t\t\t\t\t\t\n\t\t\t\t\t<\/div>\n\t\t\t\t<\/div>\n\t\t\t<\/a>\n\t\t<\/div>\n\n<div class=\"blakors-link-list-item alignwide wp-block-blakors-link-list-item has-background\">\n\t\t\t<a class=\"blakors-link-list-item__holder\" href=\"https:\/\/www.helsedirektoratet.no\/pakkeforlop\/rusbehandling-tsb\/avslutning-og-videre-oppfolging-rusbehandling-tsb-pakkeforlop#samhandling-ved-avslutning-av-forl%C3%B8pet\" rel=\"noopener\" target=\"_blank\">\n\t\t\t\t<div class=\"blakors-link-list-item__content\">\n\t\t\t\t\t<div class=\"blakors-link-list-item__content-inner\">\n\t\t\t\t\t\t<div class=\"title-wrap\">\n\t\t\t\t\t\t\t<h3 class=\"blakors-link-list-item__title\">\n\t\t\t\t\t\t\t\tAvslutning og videre oppf\u00f8lging\n\t\t\t\t\t\t\t<\/h3>\n\t\t\t\t\t\t\t<svg\n\t\t\t\t\t\t\t\txmlns=\"http:\/\/www.w3.org\/2000\/svg\"\n\t\t\t\t\t\t\t\twidth=\"14\"\n\t\t\t\t\t\t\t\theight=\"12.92\"\n\t\t\t\t\t\t\t\tviewBox=\"0 0 14 12.92\"\n\t\t\t\t\t\t\t>\n\t\t\t\t\t\t\t\t<path\n\t\t\t\t\t\t\t\t\td=\"M7.14-6.58,1.34-.12-.4-1.62,1.84-4.06A8.352,8.352,0,0,1,3.56-5.52H-6.86V-7.64H3.54a7.7,7.7,0,0,1-.84-.61,10.977,10.977,0,0,1-.86-.85L-.4-11.54l1.74-1.5Z\"\n\t\t\t\t\t\t\t\t\ttransform=\"translate(6.86 13.04)\"\n\t\t\t\t\t\t\t\t\tfill=\"#0d76bc\"\n\t\t\t\t\t\t\t\t\/>\n\t\t\t\t\t\t\t<\/svg>\n\t\t\t\t\t\t<\/div>\n\t\t\t\t\t\t\n\t\t\t\t\t<\/div>\n\t\t\t\t<\/div>\n\t\t\t<\/a>\n\t\t<\/div>\n\n\t\t\t<\/div>\n\t\t<\/div>\n\n\n<ul class=\"wp-block-list\">\n<li><strong>Videre oppf\u00f8lging i kommunen:<\/strong><br>For pasienter med behov for koordinerte og samtidige tjenester skal kommunen sikre n\u00f8dvendig oppf\u00f8lging f\u00f8r, under og etter behandling i spesialisthelsetjenesten. Kommunen bestemmer selv hvordan arbeidet med koordinering skal organiseres og hvilken instans som skal ha dette ansvaret.<\/li>\n<\/ul>\n\n\n\n\t\t<div class=\"wp-block-lib-accentuated-link\">\n\t\t\t<a class=\"lib-link__link\" href=\"https:\/\/www.helsedirektoratet.no\/pakkeforlop\/rusbehandling-tsb\/forlopstider-rusbehandling-tsb-pakkeforlop\" target=\"\" rel=\"noopener\">\n\t\t\t\t\n\t\t\t\t<div class=\"lib-link__text-content\">\n\t\t\t\t\t<span class=\"lib-link__tagline\">\n\t\t\t\t\t\tles ogs\u00e5\n\t\t\t\t\t<\/span>\n\n\t\t\t\t\t<h3 class=\"lib-link__title\">\n\t\t\t\t\t\tForl\u00f8pstider\n\t\t\t\t\t<\/h3>\n\n\t\t\t\t\t\n\t\t\t<span class=\"lib-link__link-source\">\n\t\t\t\twww.helsedirektoratet.no\n\t\t\t\t<svg xmlns=\"http:\/\/www.w3.org\/2000\/svg\" viewBox=\"0 0 24 24\" height=\"24\" width=\"24\" class=\"t2-icon t2-icon-linkexternal\" aria-hidden=\"true\" focusable=\"false\"><path d=\"M5 21c-.5 0-1-.2-1.4-.6S3 19.6 3 19V5c0-.6.2-1 .6-1.4S4.5 3 5 3h6c.3 0 .5.1.7.3.2.2.3.4.3.7 0 .3-.1.5-.3.7-.2.2-.4.3-.7.3H5v14h14v-6c0-.3.1-.5.3-.7.2-.2.4-.3.7-.3s.5.1.7.3c.2.2.3.4.3.7v6c0 .6-.2 1-.6 1.4s-.8.6-1.4.6H5zm4-6c-.2-.2-.3-.4-.3-.7s.1-.5.3-.7L17.6 5H15c-.3 0-.5-.1-.7-.3-.2-.2-.3-.4-.3-.7 0-.3.1-.5.3-.7.2-.2.4-.3.7-.3h5c.3 0 .5.1.7.3.2.2.3.4.3.7v5c0 .3-.1.5-.3.7-.2.2-.4.3-.7.3s-.5-.1-.7-.3c-.2-.2-.3-.4-.3-.7V6.4L10.4 15c-.2.2-.4.3-.7.3s-.5-.1-.7-.3z\" fill=\"currentColor\" \/><\/svg>\n\t\t\t<\/span>\n\t\t\t\t<\/div>\n\t\t\t<\/a>\n\t\t<\/div>\n\n\n<h2 class=\"wp-block-heading\" id=\"vare-forlopskoordinatorer\">V\u00e5r forl\u00f8pskoordinator<\/h2>\n\n\n<div class=\"wp-block-blakors-person-cards\">\n\t\t\t\n<div class=\"t2-featured-single-post compact-card-template t2-featured-content is-post-type-person compact-card-template wp-block-t2-featured-single-post\"><figure style=\"--t2-focal-point: 50% 50%;\" class=\"t2-post-featured-image has-image-ratio-1-1 wp-block-t2-post-featured-image\"><img loading=\"lazy\" decoding=\"async\" width=\"1600\" height=\"1052\" src=\"https:\/\/www.blakors.no\/content\/uploads\/sites\/15\/2020\/10\/Bla\u030akors-Slemdal-20-2706corr-1600px.jpg\" class=\"attachment-post-thumbnail size-post-thumbnail wp-post-image\" alt=\"\" srcset=\"https:\/\/www.blakors.no\/content\/uploads\/sites\/15\/2020\/10\/Bla\u030akors-Slemdal-20-2706corr-1600px.jpg 1600w, https:\/\/www.blakors.no\/content\/uploads\/sites\/15\/2020\/10\/Bla\u030akors-Slemdal-20-2706corr-1600px-300x197.jpg 300w, https:\/\/www.blakors.no\/content\/uploads\/sites\/15\/2020\/10\/Bla\u030akors-Slemdal-20-2706corr-1600px-1024x673.jpg 1024w, https:\/\/www.blakors.no\/content\/uploads\/sites\/15\/2020\/10\/Bla\u030akors-Slemdal-20-2706corr-1600px-768x505.jpg 768w, https:\/\/www.blakors.no\/content\/uploads\/sites\/15\/2020\/10\/Bla\u030akors-Slemdal-20-2706corr-1600px-1536x1010.jpg 1536w\" sizes=\"auto, (min-width: 782px) 768px, 100vw\" \/><\/figure>\n\n<div class=\"wp-block-group alignfull is-layout-flow wp-block-group-is-layout-flow\">\n\t<div class=\"t2-post-dynamic-part is-source-filter filter-person_card_meta post-meta wp-block-t2-post-dynamic-part\"><div class=\"title\"><h2 id=\"karl-anthony-eknes\"  class=\"t2-post-title wp-block-t2-post-title\" >Karl Anthony Eknes<\/h2><p class=\"position\">inntaksansvarlig\/samhandlingskonsulent<\/p><\/div><div class=\"contact-info\"><p class=\"phone\"><a href=\"tel:+4794016987\">+47 940 16 987<\/a><\/p><p class=\"email\"><a href=\"mailto:karl.eknes@blakors.no\">karl.eknes@blakors.no<\/a><\/p><\/div><\/div>\n<\/div>\n\n<\/div>\n\n\t\t<\/div>","protected":false},"excerpt":{"rendered":"<p>Nasjonale pasientforl\u00f8p er et standardisert forl\u00f8p for behandling. Helsedirektoratet er ansvarlig for \u00e5 utarbeide&nbsp;retningslinjer for implementering. Personer som er henvist til tverrfaglig spesialisert behandling for sine rusmiddelproblemer f\u00e5r tilbud om dette. Dette gjelder ogs\u00e5 annen avhengighetsproblematikk som spillproblematikk og bruk av anabole androgene steroider. M\u00e5lsetting : Overordnet m\u00e5lsetting er tilgjengelighet og forutsigbarhet. Nasjonale pasientforl\u00f8p skal [&hellip;]<\/p>\n","protected":false},"author":23,"featured_media":0,"parent":0,"menu_order":0,"comment_status":"closed","ping_status":"closed","template":"","meta":{"_acf_changed":false,"_relevanssi_hide_post":"","_relevanssi_hide_content":"","_relevanssi_pin_for_all":"","_relevanssi_pin_keywords":"","_relevanssi_unpin_keywords":"","_relevanssi_related_keywords":"","_relevanssi_related_include_ids":"","_relevanssi_related_exclude_ids":"","_relevanssi_related_no_append":"","_relevanssi_related_not_related":"","_relevanssi_related_posts":"1","_relevanssi_noindex_reason":"","_custom_cards_description":"","footnotes":""},"class_list":["post-35","page","type-page","status-publish","hentry"],"acf":[],"_links":{"self":[{"href":"https:\/\/www.blakors.no\/klinikk-oslo-vest\/wp-json\/wp\/v2\/pages\/35","targetHints":{"allow":["GET"]}}],"collection":[{"href":"https:\/\/www.blakors.no\/klinikk-oslo-vest\/wp-json\/wp\/v2\/pages"}],"about":[{"href":"https:\/\/www.blakors.no\/klinikk-oslo-vest\/wp-json\/wp\/v2\/types\/page"}],"author":[{"embeddable":true,"href":"https:\/\/www.blakors.no\/klinikk-oslo-vest\/wp-json\/wp\/v2\/users\/23"}],"replies":[{"embeddable":true,"href":"https:\/\/www.blakors.no\/klinikk-oslo-vest\/wp-json\/wp\/v2\/comments?post=35"}],"version-history":[{"count":5,"href":"https:\/\/www.blakors.no\/klinikk-oslo-vest\/wp-json\/wp\/v2\/pages\/35\/revisions"}],"predecessor-version":[{"id":916,"href":"https:\/\/www.blakors.no\/klinikk-oslo-vest\/wp-json\/wp\/v2\/pages\/35\/revisions\/916"}],"wp:attachment":[{"href":"https:\/\/www.blakors.no\/klinikk-oslo-vest\/wp-json\/wp\/v2\/media?parent=35"}],"curies":[{"name":"wp","href":"https:\/\/api.w.org\/{rel}","templated":true}]}}