{"id":597,"date":"2025-03-26T11:22:55","date_gmt":"2025-03-26T10:22:55","guid":{"rendered":"https:\/\/www.blakors.no\/klinikk-oslo-vest\/?page_id=597"},"modified":"2025-03-26T11:22:56","modified_gmt":"2025-03-26T10:22:56","slug":"miljopolicy","status":"publish","type":"page","link":"https:\/\/www.blakors.no\/klinikk-oslo-vest\/miljopolicy\/","title":{"rendered":"Milj\u00f8policy"},"content":{"rendered":"\n<p>Bl\u00e5 Kors klinikk Oslo vest er en sertifisert milj\u00f8fyrt\u00e5rn-bedrift. Dette inneb\u00e6rer at vi arbeider for en milj\u00f8vennlig drift og har rutiner som st\u00e5r i samsvar til v\u00e5re milj\u00f8krav.<br><br>Vi har fokus p\u00e5 milj\u00f8 i arbeidsoppgavene og har klimatiltak for \u00e5 redusere utslipp og forurensning. <\/p>\n\n\n\n<p>Vi har gjort en milj\u00f8analyse og laget en handlingsplan. Analysen tar for seg disse omr\u00e5dene:<\/p>\n\n\n\n<ul class=\"wp-block-list\">\n<li>systemkriterier og internkontroll<\/li>\n\n\n\n<li>arbeidsmilj\u00f8<\/li>\n\n\n\n<li>innkj\u00f8p<\/li>\n\n\n\n<li>energi<\/li>\n\n\n\n<li>transport<\/li>\n\n\n\n<li>avfall<\/li>\n\n\n\n<li>andre milj\u00f8aspekter<\/li>\n<\/ul>\n\n\n\n<p>For \u00e5 kunne oppfylle milj\u00f8kravene trenger ansatte og ledelse p\u00e5 klinikk Oslo vest \u00e5 ha godt samarbeid og god informasjonsflyt. Derfor skal alle ansatte v\u00e6re kjent med milj\u00f8arbeidet.<\/p>\n\n\n\n<p>Vi gir ut en \u00e5rlig klimarapport. Vi vil gjerne forbedre oss, s\u00e5 kom gjerne med innspill. \u00d8nsker du tilgang til rapporten , eller har andre sp\u00f8rsm\u00e5l relatert til dette, kan du ta kontakt med oss p\u00e5 epost: <a href=\"mailto:klinikkOslovest@blakors.no\">klinikkOslovest@blakors.no<\/a> <\/p>\n","protected":false},"excerpt":{"rendered":"<p>Bl\u00e5 Kors klinikk Oslo vest er en sertifisert milj\u00f8fyrt\u00e5rn-bedrift. Dette inneb\u00e6rer at vi arbeider for en milj\u00f8vennlig drift og har rutiner som st\u00e5r i samsvar til v\u00e5re milj\u00f8krav. Vi har fokus p\u00e5 milj\u00f8 i arbeidsoppgavene og har klimatiltak for \u00e5 redusere utslipp og forurensning. Vi har gjort en milj\u00f8analyse og laget en handlingsplan. Analysen tar [&hellip;]<\/p>\n","protected":false},"author":7,"featured_media":0,"parent":0,"menu_order":0,"comment_status":"closed","ping_status":"closed","template":"","meta":{"_acf_changed":false,"_relevanssi_hide_post":"","_relevanssi_hide_content":"","_relevanssi_pin_for_all":"","_relevanssi_pin_keywords":"","_relevanssi_unpin_keywords":"","_relevanssi_related_keywords":"","_relevanssi_related_include_ids":"","_relevanssi_related_exclude_ids":"","_relevanssi_related_no_append":"","_relevanssi_related_not_related":"","_relevanssi_related_posts":"1","_relevanssi_noindex_reason":"","_custom_cards_description":"","footnotes":""},"class_list":["post-597","page","type-page","status-publish","hentry"],"acf":[],"_links":{"self":[{"href":"https:\/\/www.blakors.no\/klinikk-oslo-vest\/wp-json\/wp\/v2\/pages\/597","targetHints":{"allow":["GET"]}}],"collection":[{"href":"https:\/\/www.blakors.no\/klinikk-oslo-vest\/wp-json\/wp\/v2\/pages"}],"about":[{"href":"https:\/\/www.blakors.no\/klinikk-oslo-vest\/wp-json\/wp\/v2\/types\/page"}],"author":[{"embeddable":true,"href":"https:\/\/www.blakors.no\/klinikk-oslo-vest\/wp-json\/wp\/v2\/users\/7"}],"replies":[{"embeddable":true,"href":"https:\/\/www.blakors.no\/klinikk-oslo-vest\/wp-json\/wp\/v2\/comments?post=597"}],"version-history":[{"count":1,"href":"https:\/\/www.blakors.no\/klinikk-oslo-vest\/wp-json\/wp\/v2\/pages\/597\/revisions"}],"predecessor-version":[{"id":598,"href":"https:\/\/www.blakors.no\/klinikk-oslo-vest\/wp-json\/wp\/v2\/pages\/597\/revisions\/598"}],"wp:attachment":[{"href":"https:\/\/www.blakors.no\/klinikk-oslo-vest\/wp-json\/wp\/v2\/media?parent=597"}],"curies":[{"name":"wp","href":"https:\/\/api.w.org\/{rel}","templated":true}]}}