{"id":621,"date":"2025-03-26T13:55:43","date_gmt":"2025-03-26T12:55:43","guid":{"rendered":"https:\/\/www.blakors.no\/klinikk-oslo-vest\/?page_id=621"},"modified":"2025-06-24T13:39:32","modified_gmt":"2025-06-24T11:39:32","slug":"bli-frivillig","status":"publish","type":"page","link":"https:\/\/www.blakors.no\/klinikk-oslo-vest\/bli-frivillig\/","title":{"rendered":"Bli frivillig"},"content":{"rendered":"<div class=\"custom-block-banner alignwide contenthalf\"><div class=\"banner-image\" style=\"background-image:url(https:\/\/www.blakors.no\/content\/uploads\/sites\/15\/2025\/03\/frivillighet-1024x785.jpg)\"><\/div><div class=\"banner-inner\"><div><h1 id=\"gi-av-din-tid-og-bli-frivillig\"  class=\"title small \" >Gi av din tid og bli frivillig<\/h1><p>En tidgiver i Bl\u00e5 Kors er en person som jobber frivillig. Ved \u00e5 gi tid, vil du ogs\u00e5 oppleve mening, glede og fellesskap. Vi trenger akkurat deg!\r\nSom frivillig tidgiver utgj\u00f8r du en forskjell for pasientene v\u00e5re.<\/p><\/div><\/div><\/div>\n\n\n<h2 id=\"hvem-kan-bli-tidgiver\"  class=\"wp-block-heading\" >Hvem kan bli tidgiver?<\/h2>\n\n\n\n<p>Vi ser etter deg som er over 18 \u00e5r og som vil gi tid p\u00e5 ettermiddag og\/eller i helger. Du bestemmer selv hvor mye tid du vil gi.<\/p>\n\n\n\n<p>Det er viktig for oss at du selv har et avklart og stabilt forhold til rus ettersom pasientene hos oss trenger et trygt rusfritt milj\u00f8 under behandlingen.<\/p>\n\n\n\n<h2 id=\"hva-kan-du-jobbe-med-som-frivillig-tidgiver-pa-klinikk-oslo-vest\"  class=\"wp-block-heading\" >Hva kan du jobbe med som frivillig tidgiver p\u00e5 klinikk Oslo vest?<\/h2>\n\n\n\n<p>Som frivillig tidgiver kan du gj\u00f8re det du vanligvis liker \u00e5 gj\u00f8re \u2013 samtidig som det betyr noe for andre. Under kan du lese om hva vi for tiden \u00f8nsker tidgivere til p\u00e5 Bl\u00e5 Kors klinikk Oslo vest.<\/p>\n\n\n\n<h3 id=\"maltider\"  class=\"wp-block-heading\" ><strong>M\u00e5ltider<\/strong><\/h3>\n\n\n\n<p>Vi \u00f8nsker tidgivere som kan tilberede, severe og rydde fra m\u00e5ltider. Maten er planlagt og delvis tilberedt av v\u00e5re kokker f\u00f8r kvelden\/helgen.<\/p>\n\n\n\n<h3 id=\"pasientundervisning\"  class=\"wp-block-heading\" ><strong>Pasientundervisning<\/strong><\/h3>\n\n\n\n<p>Vi \u00f8nsker \u00e5 tilby pasienter (og evt. ansatte) undervisning p\u00e5 spesifikke temaer. Her \u00f8nsker vi gjerne innspill fra deg og kompetansen du besitter.<\/p>\n\n\n\n<h3 id=\"musikk-kunst-og-handverk\"  class=\"wp-block-heading\" ><strong>Musikk, kunst og h\u00e5ndverk<\/strong><\/h3>\n\n\n\n<p>Klinikken har gode fasiliteter for musikk- og uttrykksterapi og \u00f8nsker gjerne tidgivere med kompetanse og erfaring til \u00e5 dele med v\u00e5re pasienter.<\/p>\n\n\n\n<h3 id=\"aktiviteter\"  class=\"wp-block-heading\" ><strong>Aktiviteter<\/strong><\/h3>\n\n\n\n<p>Klinikken tilbyr en rekke kulturelle og fysiske aktiviteter gjennom uken. Men kanskje har du erfaringer med noe vi vanligvis ikke tilbyr?<\/p>\n\n\n\n<h3 id=\"yoga-mindfullness\"  class=\"wp-block-heading\" ><strong>Yoga\/Mindfullness<\/strong><\/h3>\n\n\n\n<p>Vi har erfaring med at Mindfullness og Yoga er et nyttig supplement til rusbehandling. Dette er noe pasientene har satt stor pris p\u00e5 i de periodene vi har kunnet tilby dette.<\/p>\n\n\n\n<h3 id=\"praktiske-oppgaver\"  class=\"wp-block-heading\" ><strong>Praktiske oppgaver<\/strong><\/h3>\n\n\n\n<p>Livet p\u00e5 en d\u00f8gnklinikk i en gammel villa byr p\u00e5 mange praktiske oppgaver. Har du sansen for orden eller ferdigheter som h\u00e5ndverker, kan det lett komme til glede og nytte for alle som oppholder seg p\u00e5 klinikken.<\/p>\n\n\n\n<h2 id=\"hvordan-bli-frivillig-tidgiver\"  class=\"wp-block-heading\" >Hvordan bli frivillig tidgiver<\/h2>\n\n\n<div class=\"blakors-process-tabs alignwide wp-block-blakors-process-tabs\">\n\t\t\t<div role=\"tablist\" aria-orientation=\"vertical\" class=\"blakors-process-tabs__buttons mobile\">\n\t\t\t\t\n\t\t\t<button aria-controls=\"blakors-process-tab-mobile\" id=\"blakors-process-tab-mobile-button\"  role=\"tab\" aria-selected=\"true\" class=\"blakors-process-tabs__button\">\n\t\t\t\tMeld deg p\u00e5 som frivillig\n\t\t\t<\/button><div class=\"blakors-process-tabs__panels mobile\" id=\"blakors-process-tab-mobile\" aria-labelledby=\"blakors-process-tab-mobile-button\"  tabindex=0 role=tabpanel>\n\t\t\t\t<div class=\"blakors-process-tab wp-block-blakors-process-tab\">\n\n<p>Fyll ut skjema p\u00e5 <a href=\"https:\/\/www.blakors.no\/frivillig\/klinikk\/\">denne siden<\/a><\/p>\n\n<\/div>\n\t\t\t<\/div>\n\t\t\t<button aria-controls=\"blakors-process-tab-mobile-1\" id=\"blakors-process-tab-mobile-1-button\"  role=\"tab\" aria-selected=\"false\" class=\"blakors-process-tabs__button\" tabindex=\"-1\">\n\t\t\t\tVi tar kontakt\n\t\t\t<\/button><div class=\"blakors-process-tabs__panels mobile\" id=\"blakors-process-tab-mobile-1\" aria-labelledby=\"blakors-process-tab-mobile-1-button\"  tabindex=0 role=tabpanel hidden=\"\">\n\t\t\t\t<div class=\"blakors-process-tab wp-block-blakors-process-tab\">\n\n<p>Vi kontakter deg for \u00e5 avtale en samtale. I samtalen blir vi kjent, snakker om forventninger og veien videre. Vi blir enige om oppgaver og tidsbruk.<\/p>\n\n<\/div>\n\t\t\t<\/div>\n\t\t\t<button aria-controls=\"blakors-process-tab-mobile-2\" id=\"blakors-process-tab-mobile-2-button\"  role=\"tab\" aria-selected=\"false\" class=\"blakors-process-tabs__button\" tabindex=\"-1\">\n\t\t\t\tSignering av kontrakt\n\t\t\t<\/button><div class=\"blakors-process-tabs__panels mobile\" id=\"blakors-process-tab-mobile-2\" aria-labelledby=\"blakors-process-tab-mobile-2-button\"  tabindex=0 role=tabpanel hidden=\"\">\n\t\t\t\t<div class=\"blakors-process-tab wp-block-blakors-process-tab\">\n\n<p>Signering av kontrakt, etiske retningslinjer og taushetserkl\u00e6ring<\/p>\n\n<\/div>\n\t\t\t<\/div>\n\t\t\t<button aria-controls=\"blakors-process-tab-mobile-3\" id=\"blakors-process-tab-mobile-3-button\"  role=\"tab\" aria-selected=\"false\" class=\"blakors-process-tabs__button\" tabindex=\"-1\">\n\t\t\t\tOppl\u00e6ring og velkommen til oss!\n\t\t\t<\/button><div class=\"blakors-process-tabs__panels mobile\" id=\"blakors-process-tab-mobile-3\" aria-labelledby=\"blakors-process-tab-mobile-3-button\"  tabindex=0 role=tabpanel hidden=\"\">\n\t\t\t\t<div class=\"blakors-process-tab wp-block-blakors-process-tab\">\n\n<p>Som tidgiver f\u00e5r du attest for alt frivillig arbeid du utf\u00f8rer.<\/p>\n\n<\/div>\n\t\t\t<\/div>\n\t\t\t<\/div>\n\t\t\t<div role=\"tablist\" class=\"blakors-process-tabs__buttons desktop\">\n\t\t\t\t\n\t\t\t<button aria-controls=\"blakors-process-tab-desktop\" id=\"blakors-process-tab-desktop-button\"  role=\"tab\" aria-selected=\"true\" class=\"blakors-process-tabs__button\">\n\t\t\t\tMeld deg p\u00e5 som frivillig\n\t\t\t<\/button>\n\t\t\t<button aria-controls=\"blakors-process-tab-desktop-1\" id=\"blakors-process-tab-desktop-1-button\"  role=\"tab\" aria-selected=\"false\" class=\"blakors-process-tabs__button\" tabindex=\"-1\">\n\t\t\t\tVi tar kontakt\n\t\t\t<\/button>\n\t\t\t<button aria-controls=\"blakors-process-tab-desktop-2\" id=\"blakors-process-tab-desktop-2-button\"  role=\"tab\" aria-selected=\"false\" class=\"blakors-process-tabs__button\" tabindex=\"-1\">\n\t\t\t\tSignering av kontrakt\n\t\t\t<\/button>\n\t\t\t<button aria-controls=\"blakors-process-tab-desktop-3\" id=\"blakors-process-tab-desktop-3-button\"  role=\"tab\" aria-selected=\"false\" class=\"blakors-process-tabs__button\" tabindex=\"-1\">\n\t\t\t\tOppl\u00e6ring og velkommen til oss!\n\t\t\t<\/button>\n\t\t\t<\/div>\n\t\t\t<div class=\"blakors-process-tabs__panels desktop\">\n\t\t\t\t<div id=\"blakors-process-tab-desktop\" aria-labelledby=\"blakors-process-tab-desktop-button\"  tabindex=0 role=tabpanel>\n\t\t\t\t<div class=\"blakors-process-tab wp-block-blakors-process-tab\">\n\n<p>Fyll ut skjema p\u00e5 <a href=\"https:\/\/www.blakors.no\/frivillig\/klinikk\/\">denne siden<\/a><\/p>\n\n<\/div>\n\t\t\t<\/div><div id=\"blakors-process-tab-desktop-1\" aria-labelledby=\"blakors-process-tab-desktop-1-button\"  tabindex=0 role=tabpanel hidden=\"\">\n\t\t\t\t<div class=\"blakors-process-tab wp-block-blakors-process-tab\">\n\n<p>Vi kontakter deg for \u00e5 avtale en samtale. I samtalen blir vi kjent, snakker om forventninger og veien videre. Vi blir enige om oppgaver og tidsbruk.<\/p>\n\n<\/div>\n\t\t\t<\/div><div id=\"blakors-process-tab-desktop-2\" aria-labelledby=\"blakors-process-tab-desktop-2-button\"  tabindex=0 role=tabpanel hidden=\"\">\n\t\t\t\t<div class=\"blakors-process-tab wp-block-blakors-process-tab\">\n\n<p>Signering av kontrakt, etiske retningslinjer og taushetserkl\u00e6ring<\/p>\n\n<\/div>\n\t\t\t<\/div><div id=\"blakors-process-tab-desktop-3\" aria-labelledby=\"blakors-process-tab-desktop-3-button\"  tabindex=0 role=tabpanel hidden=\"\">\n\t\t\t\t<div class=\"blakors-process-tab wp-block-blakors-process-tab\">\n\n<p>Som tidgiver f\u00e5r du attest for alt frivillig arbeid du utf\u00f8rer.<\/p>\n\n<\/div>\n\t\t\t<\/div>\n\t\t\t<\/div>\n\t\t<\/div>\n\n<ul class=\"t2-link-list has-1-items has-auto-columns wp-block-t2-link-list\">\n\t<li class=\"has-background has-green-light-background-color t2-link-list-item wp-block-t2-link-list-item\">\n\t\t<a\n\t\t\thref=\"https:\/\/www.blakors.no\/frivillig\/klinikk\/\"\n\t\t\tclass=\"t2-link-list-item__link t2-link-list__icon--right\"\n\t\t\t\t\t>\n\t\t\t<span class=\"t2-link-list-item__icon\"><span class=\"t2-link-list-item__icon-box\"><\/span><svg xmlns=\"http:\/\/www.w3.org\/2000\/svg\" viewBox=\"0 0 24 24\" height=\"24\" width=\"24\" class=\"t2-icon t2-icon-arrowforward\" aria-hidden=\"true\" focusable=\"false\"><path d=\"M11.3 19.3c-.2-.2-.3-.4-.3-.7 0-.3.1-.5.3-.7l4.9-4.9H5c-.3 0-.5-.1-.7-.3-.2-.2-.3-.4-.3-.7s.1-.5.3-.7c.2-.2.4-.3.7-.3h11.2l-4.9-4.9c-.2-.2-.3-.4-.3-.7 0-.3.1-.5.3-.7.2-.2.4-.3.7-.3s.5.1.7.3l6.6 6.6c.1.1.2.2.2.3 0 .1.1.3.1.4 0 .1 0 .3-.1.4 0 .1-.1.2-.2.3l-6.6 6.6c-.2.2-.4.3-.7.3s-.5-.1-.7-.3z\" fill=\"currentColor\" \/><\/svg><\/span>\t\t\t<div class=\"t2-link-list-item__content\">\n\n\t\t\t\t\n\t\t\t\t<span id=\"link-list-item-text\" class=\"t2-link-list-item__text\">\n\t\t\t\t\tMeld deg p\u00e5 som frivillig her\t\t\t\t<\/span>\n\t\t\t\t\t\t\t<\/div>\n\t\t<\/a>\n\t<\/li>\n\t\n<\/ul>\n\n\n<h2 id=\"frivillig-tidgiver-i-tsb\"  class=\"wp-block-heading\" >Frivillig tidgiver i TSB<\/h2>\n\n\n\n<p>Tidgivere er et supplement til de ansatte, ikke en erstatning. Ansatte og tidgivere har derfor ulike roller, funksjoner og ansvar. Tidgivere i d\u00f8gnbehandling TSB har ikke behandlingsansvar, men er et medmenneske og st\u00f8ttespiller.<\/p>\n\n\n\n\t\t<div class=\"wp-block-lib-accentuated-link\">\n\t\t\t<a\n\t\t\t\tclass=\"lib-link__link\"\n\t\t\t\thref=\"https:\/\/www.blakors.no\/frivillig\/\"\n\t\t\t\ttarget=\"\"\n\t\t\t\trel=\"\"\n\t\t\t>\n\t\t\t\t\n\t\t\t\t<div class=\"lib-link__text-content\">\n\t\t\t\t\t<span class=\"lib-link__tagline\">\n\t\t\t\t\t\tLes ogs\u00e5\n\t\t\t\t\t<\/span>\n\n\t\t\t\t\t<h3 class=\"lib-link__title\">\n\t\t\t\t\t\tFrivillighet i Bl\u00e5 Kors\n\t\t\t\t\t<\/h3>\n\n\t\t\t\t\t\n\t\t\t\t<\/div>\n\t\t\t<\/a>\n\t\t<\/div>","protected":false},"excerpt":{"rendered":"<p>Hvem kan bli tidgiver? Vi ser etter deg som er over 18 \u00e5r og som vil gi tid p\u00e5 ettermiddag og\/eller i helger. Du bestemmer selv hvor mye tid du vil gi. Det er viktig for oss at du selv har et avklart og stabilt forhold til rus ettersom pasientene hos oss trenger et trygt [&hellip;]<\/p>\n","protected":false},"author":7,"featured_media":0,"parent":0,"menu_order":0,"comment_status":"closed","ping_status":"closed","template":"","meta":{"_acf_changed":false,"_relevanssi_hide_post":"","_relevanssi_hide_content":"","_relevanssi_pin_for_all":"","_relevanssi_pin_keywords":"","_relevanssi_unpin_keywords":"","_relevanssi_related_keywords":"","_relevanssi_related_include_ids":"","_relevanssi_related_exclude_ids":"","_relevanssi_related_no_append":"","_relevanssi_related_not_related":"","_relevanssi_related_posts":"1","_relevanssi_noindex_reason":"","_custom_cards_description":"","footnotes":""},"class_list":["post-621","page","type-page","status-publish","hentry"],"acf":[],"_links":{"self":[{"href":"https:\/\/www.blakors.no\/klinikk-oslo-vest\/wp-json\/wp\/v2\/pages\/621","targetHints":{"allow":["GET"]}}],"collection":[{"href":"https:\/\/www.blakors.no\/klinikk-oslo-vest\/wp-json\/wp\/v2\/pages"}],"about":[{"href":"https:\/\/www.blakors.no\/klinikk-oslo-vest\/wp-json\/wp\/v2\/types\/page"}],"author":[{"embeddable":true,"href":"https:\/\/www.blakors.no\/klinikk-oslo-vest\/wp-json\/wp\/v2\/users\/7"}],"replies":[{"embeddable":true,"href":"https:\/\/www.blakors.no\/klinikk-oslo-vest\/wp-json\/wp\/v2\/comments?post=621"}],"version-history":[{"count":6,"href":"https:\/\/www.blakors.no\/klinikk-oslo-vest\/wp-json\/wp\/v2\/pages\/621\/revisions"}],"predecessor-version":[{"id":907,"href":"https:\/\/www.blakors.no\/klinikk-oslo-vest\/wp-json\/wp\/v2\/pages\/621\/revisions\/907"}],"wp:attachment":[{"href":"https:\/\/www.blakors.no\/klinikk-oslo-vest\/wp-json\/wp\/v2\/media?parent=621"}],"curies":[{"name":"wp","href":"https:\/\/api.w.org\/{rel}","templated":true}]}}