{"id":629,"date":"2025-03-26T14:37:41","date_gmt":"2025-03-26T13:37:41","guid":{"rendered":"https:\/\/www.blakors.no\/klinikk-oslo-vest\/?page_id=629"},"modified":"2025-10-08T13:23:23","modified_gmt":"2025-10-08T11:23:23","slug":"hvem-passer-behandlingstilbudet-vart-for","status":"publish","type":"page","link":"https:\/\/www.blakors.no\/klinikk-oslo-vest\/hvem-passer-behandlingstilbudet-vart-for\/","title":{"rendered":"Behandlingstilbudet"},"content":{"rendered":"\n<p>Bl\u00e5 Kors klinikk Oslo vest tilbyr behandling for pasienter av alle kj\u00f8nn og i alle aldre som har en eller flere avhengighetslidelser til rusmidler. Pasienter kan v\u00e6re her i frivillig behandling eller p\u00e5 \u00a712. Vi har mulighet for \u00e5 ha par samtidig i behandling, men tilbyr individuell terapi. Bl\u00e5 kors klinikk Oslo vest ligger en kort t-banetur fra Oslo sentrum.<\/p>\n\n\n\n<p>Vi \u00f8nsker pasienter med ulik kulturell, religi\u00f8s og spr\u00e5klig bakgrunn velkommen. Vi legger til rette for behov knyttet til tolketjenester, kost og religi\u00f8s ut\u00f8velse.<\/p>\n\n\n\n<p>Behandlingstilbudet er sammensatt av gruppebehandling, individualsamtaler med psykolog og prim\u00e6rkontakt, medisinskfaglig oppf\u00f8lging og et kulturelt og fysisk aktivitetstilbud. Hvert behandlingstilbud blir individuelt tilpasset. Pasientene tilbys utredning for avhengighet, psykiske lidelser og kognitiv fungering. Ut ifra problematikk tilbys de behandlingstiln\u00e6rminger som f.eks. MBT, EMDR, kognitiv atferdsterapi eller andre evidensbaserte behandlingsmetoder.<\/p>\n\n\n\n<p>For pasienter som \u00f8nsker \u00e5 st\u00e5 i jobb, arbeidstrening eller skole, tilrettelegger vi for dette s\u00e5 godt det lar seg gj\u00f8re i tr\u00e5d med behandlingsplanen og -tilbudet.<\/p>\n\n\n\n<p>Det serveres lunsj og middag hver dag, og det kan v\u00e6re mulighet for pasienter \u00e5 f\u00e5 erfaring med matlaging fra kokkene som jobber p\u00e5 klinikkens cafe.<\/p>\n\n\n\n<p>Under oppholdet har klinikken jevnlig bes\u00f8k av eksterne tilbydere som kan v\u00e6re aktuelle for pasientgruppen. Behandlingsteamet \u00f8nsker dialog med henviser og aktuelle samarbeidspartnere rundt pasienten under innleggelse, og s\u00e6rlig i avslutningsfasen for \u00e5 sikre gode overganger og ettervern. Etter fullf\u00f8rt behandlingsopphold kan pasienter f\u00e5 tilbud om brukerstyrt plass ved klinikken.<\/p>\n\n\n\n<p>Dessverre er det ikke mulighet for \u00e5 ha med seg dyr til klinikken.<\/p>\n","protected":false},"excerpt":{"rendered":"<p>Bl\u00e5 Kors klinikk Oslo vest tilbyr behandling for pasienter av alle kj\u00f8nn og i alle aldre som har en eller flere avhengighetslidelser til rusmidler. Pasienter kan v\u00e6re her i frivillig behandling eller p\u00e5 \u00a712. Vi har mulighet for \u00e5 ha par samtidig i behandling, men tilbyr individuell terapi. Bl\u00e5 kors klinikk Oslo vest ligger en [&hellip;]<\/p>\n","protected":false},"author":7,"featured_media":0,"parent":0,"menu_order":0,"comment_status":"closed","ping_status":"closed","template":"","meta":{"_acf_changed":false,"_relevanssi_hide_post":"","_relevanssi_hide_content":"","_relevanssi_pin_for_all":"","_relevanssi_pin_keywords":"","_relevanssi_unpin_keywords":"","_relevanssi_related_keywords":"","_relevanssi_related_include_ids":"","_relevanssi_related_exclude_ids":"","_relevanssi_related_no_append":"","_relevanssi_related_not_related":"","_relevanssi_related_posts":"1","_relevanssi_noindex_reason":"","_custom_cards_description":"","footnotes":""},"class_list":["post-629","page","type-page","status-publish","hentry"],"acf":[],"_links":{"self":[{"href":"https:\/\/www.blakors.no\/klinikk-oslo-vest\/wp-json\/wp\/v2\/pages\/629","targetHints":{"allow":["GET"]}}],"collection":[{"href":"https:\/\/www.blakors.no\/klinikk-oslo-vest\/wp-json\/wp\/v2\/pages"}],"about":[{"href":"https:\/\/www.blakors.no\/klinikk-oslo-vest\/wp-json\/wp\/v2\/types\/page"}],"author":[{"embeddable":true,"href":"https:\/\/www.blakors.no\/klinikk-oslo-vest\/wp-json\/wp\/v2\/users\/7"}],"replies":[{"embeddable":true,"href":"https:\/\/www.blakors.no\/klinikk-oslo-vest\/wp-json\/wp\/v2\/comments?post=629"}],"version-history":[{"count":3,"href":"https:\/\/www.blakors.no\/klinikk-oslo-vest\/wp-json\/wp\/v2\/pages\/629\/revisions"}],"predecessor-version":[{"id":1047,"href":"https:\/\/www.blakors.no\/klinikk-oslo-vest\/wp-json\/wp\/v2\/pages\/629\/revisions\/1047"}],"wp:attachment":[{"href":"https:\/\/www.blakors.no\/klinikk-oslo-vest\/wp-json\/wp\/v2\/media?parent=629"}],"curies":[{"name":"wp","href":"https:\/\/api.w.org\/{rel}","templated":true}]}}