{"id":101,"date":"2020-10-05T21:21:55","date_gmt":"2020-10-05T19:21:55","guid":{"rendered":"https:\/\/www.blakors.no\/borgestadklinikken\/?page_id=101"},"modified":"2025-09-01T12:20:01","modified_gmt":"2025-09-01T10:20:01","slug":"aktuelt","status":"publish","type":"page","link":"https:\/\/www.blakors.no\/klinikk-skien\/aktuelt\/","title":{"rendered":"Aktuelt hos Bl\u00e5 Kors klinikk Skien"},"content":{"rendered":"<div class=\"t2-featured-content-layout alignwide alignwide wp-block-blakors-multisite-query-loop wp-block-t2-featured-content-layout\" role=\"list\">\n\t\t\t\t<div class=\"t2-featured-single-post t2-featured-content-layout-col-4 t2-featured-content is-post-type-post category-ukategorisert t2-featured-content-layout-col-4 wp-block-t2-featured-single-post\"><a class=\"t2-post-link wp-block-t2-post-link\" href=\"https:\/\/www.blakors.no\/klinikk-skien\/nyheter\/vi-inviterer-til-parorendekafe\/\">\n<figure style=\"--t2-focal-point: 50% 50%;\" class=\"t2-post-featured-image has-image-ratio-16-9 wp-block-t2-post-featured-image\"><img loading=\"lazy\" decoding=\"async\" width=\"4032\" height=\"3024\" src=\"https:\/\/v.imgi.no\/blakors-4832-6762b4efecfd1263daa11556826bbd22-4032x3024\/2025_10_parorendekafe-1.webp\" class=\"attachment-post-thumbnail size-post-thumbnail wp-post-image\" alt=\"\" srcset=\"https:\/\/v.imgi.no\/blakors-4832-6762b4efecfd1263daa11556826bbd22-150x113\/2025_10_parorendekafe-1.webp 150w, https:\/\/v.imgi.no\/blakors-4832-6762b4efecfd1263daa11556826bbd22-300x225\/2025_10_parorendekafe-1.webp 300w, https:\/\/v.imgi.no\/blakors-4832-6762b4efecfd1263daa11556826bbd22-768x576\/2025_10_parorendekafe-1.webp 768w, https:\/\/v.imgi.no\/blakors-4832-6762b4efecfd1263daa11556826bbd22-1024x768\/2025_10_parorendekafe-1.webp 1024w, https:\/\/v.imgi.no\/blakors-4832-6762b4efecfd1263daa11556826bbd22-1536x1152\/2025_10_parorendekafe-1.webp 1536w, https:\/\/v.imgi.no\/blakors-4832-6762b4efecfd1263daa11556826bbd22-2048x1536\/2025_10_parorendekafe-1.webp 2048w, https:\/\/v.imgi.no\/blakors-4832-6762b4efecfd1263daa11556826bbd22-300x225\/2025_10_parorendekafe-1.webp 300w, https:\/\/v.imgi.no\/blakors-4832-6762b4efecfd1263daa11556826bbd22-450x338\/2025_10_parorendekafe-1.webp 450w, https:\/\/v.imgi.no\/blakors-4832-6762b4efecfd1263daa11556826bbd22-200x150\/2025_10_parorendekafe-1.webp 200w, https:\/\/v.imgi.no\/blakors-4832-6762b4efecfd1263daa11556826bbd22-1920x1440\/2025_10_parorendekafe-1.webp 1920w, https:\/\/v.imgi.no\/blakors-4832-6762b4efecfd1263daa11556826bbd22-300x225\/2025_10_parorendekafe-1.webp 300w, https:\/\/v.imgi.no\/blakors-4832-6762b4efecfd1263daa11556826bbd22-400x300\/2025_10_parorendekafe-1.webp 400w, https:\/\/v.imgi.no\/blakors-4832-6762b4efecfd1263daa11556826bbd22-600x450\/2025_10_parorendekafe-1.webp 600w\" sizes=\"auto, (min-width: 782px) 768px, 100vw\" \/><\/figure>\n\n<div class=\"wp-block-group alignfull is-layout-flow wp-block-group-is-layout-flow\">\n\t<h2 id=\"vi-inviterer-til-parorendekafe\"  class=\"t2-post-title wp-block-t2-post-title\" >Vi inviterer til p\u00e5r\u00f8rendekafe<\/h2>\n\t\n\t\t\t<div class=\"single-meta t2-post-excerpt card-description wp-block-blakors-meta-display\"><\/div>\n\t\n<\/div>\n\n<\/a>\n<\/div><div class=\"t2-featured-single-post t2-featured-content-layout-col-4 t2-featured-content is-post-type-post category-aktuelt t2-featured-content-layout-col-4 wp-block-t2-featured-single-post\"><a class=\"t2-post-link wp-block-t2-post-link\" href=\"https:\/\/www.blakors.no\/klinikk-skien\/nyheter\/nytt-behandlingstilbud-i-skien\/\">\n<figure style=\"--t2-focal-point: 50% 50%;\" class=\"t2-post-featured-image has-image-ratio-16-9 wp-block-t2-post-featured-image\"><img loading=\"lazy\" decoding=\"async\" width=\"4032\" height=\"3024\" src=\"https:\/\/v.imgi.no\/blakors-4052-280b09d503229dfc59bb182f75916ec7-4032x3024\/2025_07_linn-kjersti-og-lene.webp\" class=\"attachment-post-thumbnail size-post-thumbnail wp-post-image\" alt=\"to kvinner ser smilende i kamera\" srcset=\"https:\/\/v.imgi.no\/blakors-4052-280b09d503229dfc59bb182f75916ec7-150x113\/2025_07_linn-kjersti-og-lene.webp 150w, https:\/\/v.imgi.no\/blakors-4052-280b09d503229dfc59bb182f75916ec7-300x225\/2025_07_linn-kjersti-og-lene.webp 300w, https:\/\/v.imgi.no\/blakors-4052-280b09d503229dfc59bb182f75916ec7-768x576\/2025_07_linn-kjersti-og-lene.webp 768w, https:\/\/v.imgi.no\/blakors-4052-280b09d503229dfc59bb182f75916ec7-1024x768\/2025_07_linn-kjersti-og-lene.webp 1024w, https:\/\/v.imgi.no\/blakors-4052-280b09d503229dfc59bb182f75916ec7-1536x1152\/2025_07_linn-kjersti-og-lene.webp 1536w, https:\/\/v.imgi.no\/blakors-4052-280b09d503229dfc59bb182f75916ec7-2048x1536\/2025_07_linn-kjersti-og-lene.webp 2048w, https:\/\/v.imgi.no\/blakors-4052-280b09d503229dfc59bb182f75916ec7-300x225\/2025_07_linn-kjersti-og-lene.webp 300w, https:\/\/v.imgi.no\/blakors-4052-280b09d503229dfc59bb182f75916ec7-450x338\/2025_07_linn-kjersti-og-lene.webp 450w, https:\/\/v.imgi.no\/blakors-4052-280b09d503229dfc59bb182f75916ec7-200x150\/2025_07_linn-kjersti-og-lene.webp 200w, https:\/\/v.imgi.no\/blakors-4052-280b09d503229dfc59bb182f75916ec7-1920x1440\/2025_07_linn-kjersti-og-lene.webp 1920w, https:\/\/v.imgi.no\/blakors-4052-280b09d503229dfc59bb182f75916ec7-300x225\/2025_07_linn-kjersti-og-lene.webp 300w, https:\/\/v.imgi.no\/blakors-4052-280b09d503229dfc59bb182f75916ec7-400x300\/2025_07_linn-kjersti-og-lene.webp 400w, https:\/\/v.imgi.no\/blakors-4052-280b09d503229dfc59bb182f75916ec7-600x450\/2025_07_linn-kjersti-og-lene.webp 600w\" sizes=\"auto, (min-width: 782px) 768px, 100vw\" \/><\/figure>\n\n<div class=\"wp-block-group alignfull is-layout-flow wp-block-group-is-layout-flow\">\n\t<h2 id=\"nytt-behandlingstilbud-i-skien\"  class=\"t2-post-title wp-block-t2-post-title\" >Nytt behandlingstilbud i Skien<\/h2>\n\t<div class=\"wp-block-post-date__modified-date wp-block-post-date\"><time datetime=\"2025-07-25T12:11:15+02:00\">25. juli 2025<\/time><\/div>\n\t\t\t<div class=\"single-meta t2-post-excerpt card-description wp-block-blakors-meta-display\"><\/div>\n\t\n<\/div>\n\n<\/a>\n<\/div><div class=\"t2-featured-single-post t2-featured-content-layout-col-4 t2-featured-content is-post-type-post category-aktuelt t2-featured-content-layout-col-4 wp-block-t2-featured-single-post\"><a class=\"t2-post-link wp-block-t2-post-link\" href=\"https:\/\/www.blakors.no\/klinikk-skien\/nyheter\/kan-en-blodprove-av-alle-gravide-forebygge-alkoholrelaterte-fosterskader\/\">\n<figure style=\"--t2-focal-point: 50% 50%;\" class=\"t2-post-featured-image has-image-ratio-16-9 wp-block-t2-post-featured-image\"><img loading=\"lazy\" decoding=\"async\" width=\"1300\" height=\"650\" src=\"https:\/\/www.blakors.no\/content\/uploads\/sites\/16\/2020\/12\/borgestadklinikken-bilde-jordmorkontroll-2.jpg\" class=\"attachment-post-thumbnail size-post-thumbnail wp-post-image\" alt=\"jordmor unders\u00f8ker gravid rusavhengig Borgestadklinikken\" srcset=\"https:\/\/www.blakors.no\/content\/uploads\/sites\/16\/2020\/12\/borgestadklinikken-bilde-jordmorkontroll-2.jpg 1300w, https:\/\/www.blakors.no\/content\/uploads\/sites\/16\/2020\/12\/borgestadklinikken-bilde-jordmorkontroll-2-300x150.jpg 300w, https:\/\/www.blakors.no\/content\/uploads\/sites\/16\/2020\/12\/borgestadklinikken-bilde-jordmorkontroll-2-1024x512.jpg 1024w, https:\/\/www.blakors.no\/content\/uploads\/sites\/16\/2020\/12\/borgestadklinikken-bilde-jordmorkontroll-2-768x384.jpg 768w\" sizes=\"auto, (min-width: 782px) 768px, 100vw\" \/><\/figure>\n\n<div class=\"wp-block-group alignfull is-layout-flow wp-block-group-is-layout-flow\">\n\t<h2 id=\"kan-en-blodprove-av-alle-gravide-forebygge-alkoholrelaterte-fosterskader\"  class=\"t2-post-title wp-block-t2-post-title\" >Kan en blodpr\u00f8ve av alle gravide forebygge alkoholrelaterte fosterskader?<\/h2>\n\t\n\t\t\t<div class=\"single-meta t2-post-excerpt card-description wp-block-blakors-meta-display\"><\/div>\n\t\n<\/div>\n\n<\/a>\n<\/div><div class=\"t2-featured-single-post t2-featured-content-layout-col-4 t2-featured-content is-post-type-post category-aktuelt t2-featured-content-layout-col-4 wp-block-t2-featured-single-post\"><a class=\"t2-post-link wp-block-t2-post-link\" href=\"https:\/\/www.blakors.no\/klinikk-skien\/nyheter\/et-farvel-til-rusen\/\">\n<figure style=\"--t2-focal-point: 50% 50%;\" class=\"t2-post-featured-image has-image-ratio-16-9 wp-block-t2-post-featured-image\"><img loading=\"lazy\" decoding=\"async\" width=\"2316\" height=\"3088\" src=\"https:\/\/www.blakors.no\/content\/uploads\/sites\/16\/2024\/12\/christ-brigante.jpeg\" class=\"attachment-post-thumbnail size-post-thumbnail wp-post-image\" alt=\"\" srcset=\"https:\/\/www.blakors.no\/content\/uploads\/sites\/16\/2024\/12\/christ-brigante.jpeg 2316w, https:\/\/www.blakors.no\/content\/uploads\/sites\/16\/2024\/12\/christ-brigante-225x300.jpeg 225w, https:\/\/www.blakors.no\/content\/uploads\/sites\/16\/2024\/12\/christ-brigante-768x1024.jpeg 768w, https:\/\/www.blakors.no\/content\/uploads\/sites\/16\/2024\/12\/christ-brigante-1152x1536.jpeg 1152w, https:\/\/www.blakors.no\/content\/uploads\/sites\/16\/2024\/12\/christ-brigante-1536x2048.jpeg 1536w, https:\/\/www.blakors.no\/content\/uploads\/sites\/16\/2024\/12\/christ-brigante-1080x1440.jpeg 1080w\" sizes=\"auto, (min-width: 782px) 768px, 100vw\" \/><\/figure>\n\n<div class=\"wp-block-group alignfull is-layout-flow wp-block-group-is-layout-flow\">\n\t<h2 id=\"et-farvel-til-rusen\"  class=\"t2-post-title wp-block-t2-post-title\" >Et farvel til rusen<\/h2>\n\t<div class=\"wp-block-post-date__modified-date wp-block-post-date\"><time datetime=\"2024-12-30T09:29:25+01:00\">30. desember 2024<\/time><\/div>\n\t\t\t<div class=\"single-meta t2-post-excerpt card-description wp-block-blakors-meta-display\"><\/div>\n\t\n<\/div>\n\n<\/a>\n<\/div><div class=\"t2-featured-single-post t2-featured-content-layout-col-4 t2-featured-content is-post-type-post category-ukategorisert t2-featured-content-layout-col-4 wp-block-t2-featured-single-post\"><a class=\"t2-post-link wp-block-t2-post-link\" href=\"https:\/\/www.blakors.no\/klinikk-skien\/nyheter\/de-minste-barnas-juleonske\/\">\n<figure style=\"--t2-focal-point: 50% 50%;\" class=\"t2-post-featured-image has-image-ratio-16-9 wp-block-t2-post-featured-image\"><img loading=\"lazy\" decoding=\"async\" width=\"3000\" height=\"2000\" src=\"https:\/\/www.blakors.no\/content\/uploads\/sites\/16\/2023\/12\/COLOURBOX16866629.hjerte.jpg\" class=\"attachment-post-thumbnail size-post-thumbnail wp-post-image\" alt=\"r\u00f8dt t\u00f8yhjerte i hand\" srcset=\"https:\/\/www.blakors.no\/content\/uploads\/sites\/16\/2023\/12\/COLOURBOX16866629.hjerte.jpg 3000w, https:\/\/www.blakors.no\/content\/uploads\/sites\/16\/2023\/12\/COLOURBOX16866629.hjerte-300x200.jpg 300w, https:\/\/www.blakors.no\/content\/uploads\/sites\/16\/2023\/12\/COLOURBOX16866629.hjerte-1024x683.jpg 1024w, https:\/\/www.blakors.no\/content\/uploads\/sites\/16\/2023\/12\/COLOURBOX16866629.hjerte-768x512.jpg 768w, https:\/\/www.blakors.no\/content\/uploads\/sites\/16\/2023\/12\/COLOURBOX16866629.hjerte-1536x1024.jpg 1536w, https:\/\/www.blakors.no\/content\/uploads\/sites\/16\/2023\/12\/COLOURBOX16866629.hjerte-2048x1365.jpg 2048w\" sizes=\"auto, (min-width: 782px) 768px, 100vw\" \/><\/figure>\n\n<div class=\"wp-block-group alignfull is-layout-flow wp-block-group-is-layout-flow\">\n\t<h2 id=\"de-minste-barnas-juleonske\"  class=\"t2-post-title wp-block-t2-post-title\" >De minste barnas jule\u00f8nske<\/h2>\n\t\n\t\t\t<div class=\"single-meta t2-post-excerpt card-description wp-block-blakors-meta-display\"><\/div>\n\t\n<\/div>\n\n<\/a>\n<\/div><div class=\"t2-featured-single-post t2-featured-content-layout-col-4 t2-featured-content is-post-type-post category-ukategorisert t2-featured-content-layout-col-4 wp-block-t2-featured-single-post\"><a class=\"t2-post-link wp-block-t2-post-link\" href=\"https:\/\/www.blakors.no\/klinikk-skien\/nyheter\/frivillige-som-ressurs-i-behandlingshverdagen\/\">\n<figure style=\"--t2-focal-point: 50% 50%;\" class=\"t2-post-featured-image has-image-ratio-16-9 wp-block-t2-post-featured-image\"><img loading=\"lazy\" decoding=\"async\" width=\"3840\" height=\"2880\" src=\"https:\/\/www.blakors.no\/content\/uploads\/sites\/16\/2023\/11\/steg-for-steg-frivillige-nov-2023-scaled.jpeg\" class=\"attachment-post-thumbnail size-post-thumbnail wp-post-image\" alt=\"Tre kvinner sitter sammen og smiler mot kamera\" srcset=\"https:\/\/www.blakors.no\/content\/uploads\/sites\/16\/2023\/11\/steg-for-steg-frivillige-nov-2023-scaled.jpeg 3840w, https:\/\/www.blakors.no\/content\/uploads\/sites\/16\/2023\/11\/steg-for-steg-frivillige-nov-2023-300x225.jpeg 300w, https:\/\/www.blakors.no\/content\/uploads\/sites\/16\/2023\/11\/steg-for-steg-frivillige-nov-2023-1024x768.jpeg 1024w, https:\/\/www.blakors.no\/content\/uploads\/sites\/16\/2023\/11\/steg-for-steg-frivillige-nov-2023-768x576.jpeg 768w, https:\/\/www.blakors.no\/content\/uploads\/sites\/16\/2023\/11\/steg-for-steg-frivillige-nov-2023-1536x1152.jpeg 1536w, https:\/\/www.blakors.no\/content\/uploads\/sites\/16\/2023\/11\/steg-for-steg-frivillige-nov-2023-2048x1536.jpeg 2048w, https:\/\/www.blakors.no\/content\/uploads\/sites\/16\/2023\/11\/steg-for-steg-frivillige-nov-2023-1920x1440.jpeg 1920w\" sizes=\"auto, (min-width: 782px) 768px, 100vw\" \/><\/figure>\n\n<div class=\"wp-block-group alignfull is-layout-flow wp-block-group-is-layout-flow\">\n\t<h2 id=\"frivillige-som-ressurs-i-behandlingshverdagen\"  class=\"t2-post-title wp-block-t2-post-title\" >Frivillige som ressurs i behandlingshverdagen<\/h2>\n\t<div class=\"wp-block-post-date__modified-date wp-block-post-date\"><time datetime=\"2023-11-23T13:21:19+01:00\">23. november 2023<\/time><\/div>\n\t\t\t<div class=\"single-meta t2-post-excerpt card-description wp-block-blakors-meta-display\"><\/div>\n\t\n<\/div>\n\n<\/a>\n<\/div><div class=\"t2-featured-single-post t2-featured-content-layout-col-4 t2-featured-content is-post-type-post category-aktuelt t2-featured-content-layout-col-4 wp-block-t2-featured-single-post\"><a class=\"t2-post-link wp-block-t2-post-link\" href=\"https:\/\/www.blakors.no\/klinikk-skien\/nyheter\/gode-minner-fra-mammas-opphold-pa-klinikken\/\">\n<figure style=\"--t2-focal-point: 50% 50%;\" class=\"t2-post-featured-image has-image-ratio-16-9 wp-block-t2-post-featured-image\"><img loading=\"lazy\" decoding=\"async\" width=\"2048\" height=\"1536\" src=\"https:\/\/www.blakors.no\/content\/uploads\/sites\/16\/2023\/09\/foto-2-vigdis_kine_emilia_nettsak-sept-2023-foto-godkjent-scaled.jpeg\" class=\"attachment-post-thumbnail size-post-thumbnail wp-post-image\" alt=\"Tre kvinner st\u00e5r tett sammen\" srcset=\"https:\/\/www.blakors.no\/content\/uploads\/sites\/16\/2023\/09\/foto-2-vigdis_kine_emilia_nettsak-sept-2023-foto-godkjent-scaled.jpeg 2048w, https:\/\/www.blakors.no\/content\/uploads\/sites\/16\/2023\/09\/foto-2-vigdis_kine_emilia_nettsak-sept-2023-foto-godkjent-300x225.jpeg 300w, https:\/\/www.blakors.no\/content\/uploads\/sites\/16\/2023\/09\/foto-2-vigdis_kine_emilia_nettsak-sept-2023-foto-godkjent-1024x768.jpeg 1024w, https:\/\/www.blakors.no\/content\/uploads\/sites\/16\/2023\/09\/foto-2-vigdis_kine_emilia_nettsak-sept-2023-foto-godkjent-768x576.jpeg 768w, https:\/\/www.blakors.no\/content\/uploads\/sites\/16\/2023\/09\/foto-2-vigdis_kine_emilia_nettsak-sept-2023-foto-godkjent-1536x1152.jpeg 1536w\" sizes=\"auto, (min-width: 782px) 768px, 100vw\" \/><\/figure>\n\n<div class=\"wp-block-group alignfull is-layout-flow wp-block-group-is-layout-flow\">\n\t<h2 id=\"gode-minner-fra-mammas-opphold-pa-klinikken\"  class=\"t2-post-title wp-block-t2-post-title\" >Gode minner fra mammas opphold p\u00e5 klinikken<\/h2>\n\t\n\t\t\t<div class=\"single-meta t2-post-excerpt card-description wp-block-blakors-meta-display\"><\/div>\n\t\n<\/div>\n\n<\/a>\n<\/div><div class=\"t2-featured-single-post t2-featured-content-layout-col-4 t2-featured-content is-post-type-post category-aktuelt t2-featured-content-layout-col-4 wp-block-t2-featured-single-post\"><a class=\"t2-post-link wp-block-t2-post-link\" href=\"https:\/\/www.blakors.no\/klinikk-skien\/nyheter\/systematisk-brukerevaluering-setter-pasienten-i-forersetet-for-behandlingen\/\">\n<figure style=\"--t2-focal-point: 50% 50%;\" class=\"t2-post-featured-image has-image-ratio-16-9 wp-block-t2-post-featured-image\"><img loading=\"lazy\" decoding=\"async\" width=\"2048\" height=\"1536\" src=\"https:\/\/www.blakors.no\/content\/uploads\/sites\/16\/2023\/08\/pcoms_2023_Annette-og-pasient-scaled.jpeg\" class=\"attachment-post-thumbnail size-post-thumbnail wp-post-image\" alt=\"Behandler og pasient m\u00f8tes p\u00e5 kontoret og bruker nettbrett for \u00e5 evaluere.\" srcset=\"https:\/\/www.blakors.no\/content\/uploads\/sites\/16\/2023\/08\/pcoms_2023_Annette-og-pasient-scaled.jpeg 2048w, https:\/\/www.blakors.no\/content\/uploads\/sites\/16\/2023\/08\/pcoms_2023_Annette-og-pasient-300x225.jpeg 300w, https:\/\/www.blakors.no\/content\/uploads\/sites\/16\/2023\/08\/pcoms_2023_Annette-og-pasient-1024x768.jpeg 1024w, https:\/\/www.blakors.no\/content\/uploads\/sites\/16\/2023\/08\/pcoms_2023_Annette-og-pasient-768x576.jpeg 768w, https:\/\/www.blakors.no\/content\/uploads\/sites\/16\/2023\/08\/pcoms_2023_Annette-og-pasient-1536x1152.jpeg 1536w\" sizes=\"auto, (min-width: 782px) 768px, 100vw\" \/><\/figure>\n\n<div class=\"wp-block-group alignfull is-layout-flow wp-block-group-is-layout-flow\">\n\t<h2 id=\"systematisk-brukerevaluering-setter-pasienten-i-forersetet-for-behandlingen\"  class=\"t2-post-title wp-block-t2-post-title\" >Systematisk brukerevaluering setter pasienten i f\u00f8rersetet for behandlingen<\/h2>\n\t<div class=\"wp-block-post-date__modified-date wp-block-post-date\"><time datetime=\"2023-08-16T14:21:38+02:00\">16. august 2023<\/time><\/div>\n\t\t\t<div class=\"single-meta t2-post-excerpt card-description wp-block-blakors-meta-display\"><\/div>\n\t\n<\/div>\n\n<\/a>\n<\/div><div class=\"t2-featured-single-post t2-featured-content-layout-col-4 t2-featured-content is-post-type-post category-aktuelt t2-featured-content-layout-col-4 wp-block-t2-featured-single-post\"><a class=\"t2-post-link wp-block-t2-post-link\" href=\"https:\/\/www.blakors.no\/klinikk-skien\/nyheter\/livsmestring-og-hap\/\">\n<figure style=\"--t2-focal-point: 50% 50%;\" class=\"t2-post-featured-image has-image-ratio-16-9 wp-block-t2-post-featured-image\"><img loading=\"lazy\" decoding=\"async\" width=\"2048\" height=\"1536\" src=\"https:\/\/www.blakors.no\/content\/uploads\/sites\/16\/2023\/06\/anette-og-solvi-livsmestringsgruppe-2023-scaled.jpeg\" class=\"attachment-post-thumbnail size-post-thumbnail wp-post-image\" alt=\"\" srcset=\"https:\/\/www.blakors.no\/content\/uploads\/sites\/16\/2023\/06\/anette-og-solvi-livsmestringsgruppe-2023-scaled.jpeg 2048w, https:\/\/www.blakors.no\/content\/uploads\/sites\/16\/2023\/06\/anette-og-solvi-livsmestringsgruppe-2023-300x225.jpeg 300w, https:\/\/www.blakors.no\/content\/uploads\/sites\/16\/2023\/06\/anette-og-solvi-livsmestringsgruppe-2023-1024x768.jpeg 1024w, https:\/\/www.blakors.no\/content\/uploads\/sites\/16\/2023\/06\/anette-og-solvi-livsmestringsgruppe-2023-768x576.jpeg 768w, https:\/\/www.blakors.no\/content\/uploads\/sites\/16\/2023\/06\/anette-og-solvi-livsmestringsgruppe-2023-1536x1152.jpeg 1536w\" sizes=\"auto, (min-width: 782px) 768px, 100vw\" \/><\/figure>\n\n<div class=\"wp-block-group alignfull is-layout-flow wp-block-group-is-layout-flow\">\n\t<h2 id=\"livsmestring-og-hap\"  class=\"t2-post-title wp-block-t2-post-title\" >Livsmestring og h\u00e5p<\/h2>\n\t<div class=\"wp-block-post-date__modified-date wp-block-post-date\"><time datetime=\"2023-06-27T13:48:12+02:00\">27. juni 2023<\/time><\/div>\n\t\t\t<div class=\"single-meta t2-post-excerpt card-description wp-block-blakors-meta-display\"><\/div>\n\t\n<\/div>\n\n<\/a>\n<\/div>\n\t\t\t\t<div class=\"wp-block-button\">\n\t\t\t\t<button\n\t\t\t\t\tclass=\"blakors-load-more-button wp-block-button__link\"\n\t\t\t\t\tdata-query=\"{&quot;perPage&quot;:9,&quot;postType&quot;:[&quot;post&quot;],&quot;taxQuery&quot;:[],&quot;orderby&quot;:&quot;date&quot;,&quot;order&quot;:&quot;desc&quot;,&quot;sticky&quot;:&quot;ignore&quot;,&quot;exclude&quot;:[4830,3996,3576,3541,3406,3381,3255,3207,3059]}\"\n\t\t\t\t\tdata-loaded-posts=\"[4830,3996,3576,3541,3406,3381,3255,3207,3059]\"\n\t\t\t\t\tdata-site-id=\"16\"\n\t\t\t\t\tdata-columns=\"3\"\n\t\t\t\t\tdata-hide-image=\"\"\n\t\t\t\t>\n\t\t\t\t\tLast inn flere innlegg\n\t\t\t\t<\/button>\n\t\t\t<\/div>\n\t\t\t<\/div>","protected":false},"excerpt":{"rendered":"","protected":false},"author":7,"featured_media":0,"parent":0,"menu_order":0,"comment_status":"closed","ping_status":"closed","template":"","meta":{"_acf_changed":false,"_relevanssi_hide_post":"","_relevanssi_hide_content":"","_relevanssi_pin_for_all":"","_relevanssi_pin_keywords":"","_relevanssi_unpin_keywords":"","_relevanssi_related_keywords":"","_relevanssi_related_include_ids":"","_relevanssi_related_exclude_ids":"","_relevanssi_related_no_append":"","_relevanssi_related_not_related":"","_relevanssi_related_posts":"38,1","_relevanssi_noindex_reason":"","_custom_cards_description":"","footnotes":""},"class_list":["post-101","page","type-page","status-publish","hentry"],"acf":[],"_links":{"self":[{"href":"https:\/\/www.blakors.no\/klinikk-skien\/wp-json\/wp\/v2\/pages\/101","targetHints":{"allow":["GET"]}}],"collection":[{"href":"https:\/\/www.blakors.no\/klinikk-skien\/wp-json\/wp\/v2\/pages"}],"about":[{"href":"https:\/\/www.blakors.no\/klinikk-skien\/wp-json\/wp\/v2\/types\/page"}],"author":[{"embeddable":true,"href":"https:\/\/www.blakors.no\/klinikk-skien\/wp-json\/wp\/v2\/users\/7"}],"replies":[{"embeddable":true,"href":"https:\/\/www.blakors.no\/klinikk-skien\/wp-json\/wp\/v2\/comments?post=101"}],"version-history":[{"count":4,"href":"https:\/\/www.blakors.no\/klinikk-skien\/wp-json\/wp\/v2\/pages\/101\/revisions"}],"predecessor-version":[{"id":4683,"href":"https:\/\/www.blakors.no\/klinikk-skien\/wp-json\/wp\/v2\/pages\/101\/revisions\/4683"}],"wp:attachment":[{"href":"https:\/\/www.blakors.no\/klinikk-skien\/wp-json\/wp\/v2\/media?parent=101"}],"curies":[{"name":"wp","href":"https:\/\/api.w.org\/{rel}","templated":true}]}}