{"id":1100,"date":"2020-11-27T13:08:43","date_gmt":"2020-11-27T12:08:43","guid":{"rendered":"https:\/\/www.blakors.no\/borgestadklinikken\/?page_id=1100"},"modified":"2021-12-02T13:26:48","modified_gmt":"2021-12-02T12:26:48","slug":"individualterapi-for-parorende","status":"publish","type":"page","link":"https:\/\/www.blakors.no\/klinikk-skien\/individualterapi-for-parorende\/","title":{"rendered":"Individualterapi for p\u00e5r\u00f8rende"},"content":{"rendered":"\n<p>Som p\u00e5r\u00f8rende kan du ha mange roller. Vi vet at belastningene er s\u00e5 store for noen at de selv trenger behandling. Vi er spesialisthelsetjeneste og tilbyr behandling for deg som har utviklet moderate til alvorlige helseproblemer som f\u00f8lge av det \u00e5 v\u00e6re p\u00e5r\u00f8rende til en rusavhengig person.<\/p>\n\n\n\n<p>Behandlingen inneb\u00e6rer at du m\u00f8ter en terapeut til samtaler. Hvor lenge og hvor ofte er individuelt. <\/p>\n","protected":false},"excerpt":{"rendered":"<p>Som p\u00e5r\u00f8rende kan du ha mange roller. Vi vet at belastningene er s\u00e5 store for noen at de selv trenger behandling. Vi er spesialisthelsetjeneste og tilbyr behandling for deg som har utviklet moderate til alvorlige helseproblemer som f\u00f8lge av det \u00e5 v\u00e6re p\u00e5r\u00f8rende til en rusavhengig person. Behandlingen inneb\u00e6rer at du m\u00f8ter en terapeut til [&hellip;]<\/p>\n","protected":false},"author":7,"featured_media":0,"parent":0,"menu_order":0,"comment_status":"closed","ping_status":"closed","template":"","meta":{"_acf_changed":false,"_relevanssi_hide_post":"","_relevanssi_hide_content":"","_relevanssi_pin_for_all":"","_relevanssi_pin_keywords":"","_relevanssi_unpin_keywords":"","_relevanssi_related_keywords":"","_relevanssi_related_include_ids":"","_relevanssi_related_exclude_ids":"","_relevanssi_related_no_append":"","_relevanssi_related_not_related":"","_relevanssi_related_posts":"1,38","_relevanssi_noindex_reason":"","_custom_cards_description":"","footnotes":""},"class_list":["post-1100","page","type-page","status-publish","hentry"],"acf":[],"_links":{"self":[{"href":"https:\/\/www.blakors.no\/klinikk-skien\/wp-json\/wp\/v2\/pages\/1100","targetHints":{"allow":["GET"]}}],"collection":[{"href":"https:\/\/www.blakors.no\/klinikk-skien\/wp-json\/wp\/v2\/pages"}],"about":[{"href":"https:\/\/www.blakors.no\/klinikk-skien\/wp-json\/wp\/v2\/types\/page"}],"author":[{"embeddable":true,"href":"https:\/\/www.blakors.no\/klinikk-skien\/wp-json\/wp\/v2\/users\/7"}],"replies":[{"embeddable":true,"href":"https:\/\/www.blakors.no\/klinikk-skien\/wp-json\/wp\/v2\/comments?post=1100"}],"version-history":[{"count":4,"href":"https:\/\/www.blakors.no\/klinikk-skien\/wp-json\/wp\/v2\/pages\/1100\/revisions"}],"predecessor-version":[{"id":2066,"href":"https:\/\/www.blakors.no\/klinikk-skien\/wp-json\/wp\/v2\/pages\/1100\/revisions\/2066"}],"wp:attachment":[{"href":"https:\/\/www.blakors.no\/klinikk-skien\/wp-json\/wp\/v2\/media?parent=1100"}],"curies":[{"name":"wp","href":"https:\/\/api.w.org\/{rel}","templated":true}]}}